{"id":126757,"date":"2024-12-06T11:48:41","date_gmt":"2024-12-06T10:48:41","guid":{"rendered":"https:\/\/www.tatanka.nl\/?post_type=product&#038;p=126757"},"modified":"2025-06-27T12:48:44","modified_gmt":"2025-06-27T11:48:44","slug":"spirulina","status":"publish","type":"product","link":"https:\/\/www.tatanka.nl\/pl\/spirulina\/","title":{"rendered":"Spirulina"},"content":{"rendered":"<h2>Czym s\u0105 tabletki Spirulina?<\/h2>\n<p>Tabletki Spirulina to suplement diety pozyskiwany z organicznej spiruliny, wysoce od\u017cywczej niebiesko-zielonej algi. Spirulina jest uwa\u017cana za jeden z najbardziej bogatych w sk\u0142adniki od\u017cywcze pokarm\u00f3w, dostarczaj\u0105c imponuj\u0105c\u0105 gam\u0119 witamin, minera\u0142\u00f3w i niezb\u0119dnych aminokwas\u00f3w. Ka\u017cda tabletka zawiera proszek Spirulina, kt\u00f3ry jest bogaty w bia\u0142ko (stanowi\u0105ce 70% jego zawarto\u015bci), kwasy t\u0142uszczowe omega-3 i przeciwutleniacze. Spirulina jest znana z tego, \u017ce wspiera og\u00f3lne samopoczucie, zwi\u0119kszaj\u0105c energi\u0119, poprawiaj\u0105c wytrzyma\u0142o\u015b\u0107 i wzmacniaj\u0105c uk\u0142ad odporno\u015bciowy.<\/p>\n<p>Tabletki te s\u0105 szczeg\u00f3lnie popularne w\u015br\u00f3d sportowc\u00f3w, wegetarian i os\u00f3b prowadz\u0105cych aktywny tryb \u017cycia. Wysoka zawarto\u015b\u0107 aminokwas\u00f3w egzogennych w spirulinie, w tym wszystkich dziewi\u0119ciu aminokwas\u00f3w egzogennych, sprawia, \u017ce jest ona doskona\u0142ym \u017ar\u00f3d\u0142em bia\u0142ka pochodzenia ro\u015blinnego. Co wi\u0119cej, bogactwo witamin (takich jak witaminy z grupy B) i minera\u0142\u00f3w (w tym wapnia, \u017celaza i magnezu) pomaga promowa\u0107 optymalne zdrowie. Tabletki Spirulina to prosty i wygodny spos\u00f3b na w\u0142\u0105czenie tej pot\u0119\u017cnej super\u017cywno\u015bci do codziennej rutyny.<\/p>\n<h2>Historia tabletek ze spirulin\u0105<\/h2>\n<p>Stosowanie Spiruliny si\u0119ga czas\u00f3w staro\u017cytnych cywilizacji, w szczeg\u00f3lno\u015bci kultury Aztek\u00f3w, gdzie by\u0142a ona spo\u017cywana jako po\u017cywne \u017ar\u00f3d\u0142o po\u017cywienia. Jednak wsp\u00f3\u0142czesne zainteresowanie Spirulin\u0105 jako suplementem diety rozpocz\u0119\u0142o si\u0119 w po\u0142owie XX wieku, kiedy odkryto jej niezwyk\u0142e korzy\u015bci zdrowotne. Spirulina szybko zyska\u0142a popularno\u015b\u0107 w spo\u0142eczno\u015bci zajmuj\u0105cej si\u0119 zdrowiem i dobrym samopoczuciem, szczeg\u00f3lnie w\u015br\u00f3d sportowc\u00f3w i wegetarian, ze wzgl\u0119du na wysok\u0105 zawarto\u015b\u0107 bia\u0142ka i kompleksowy profil sk\u0142adnik\u00f3w od\u017cywczych.<\/p>\n<p>Opracowanie tabletek Spirulina u\u0142atwi\u0142o spo\u017cywanie tej bogatej w sk\u0142adniki od\u017cywcze super\u017cywno\u015bci, czyni\u0105c j\u0105 dost\u0119pn\u0105 dla szerszego grona odbiorc\u00f3w. Naukowcy intensywnie badali Spirulin\u0119, potwierdzaj\u0105c jej potencjalne korzy\u015bci dla wsparcia odporno\u015bci, energii i wytrzyma\u0142o\u015bci. Spirulina jest obecnie uznawana na ca\u0142ym \u015bwiecie za jeden z najlepiej przebadanych superfoods, a jej w\u0142\u0105czenie do tabletek zapewni\u0142o ludziom wygodny spos\u00f3b do\u015bwiadczania jej korzy\u015bci bez konieczno\u015bci przygotowywania jej w innych formach, takich jak proszek lub koktajle.<\/p>\n<h2>Jak stosowa\u0107 tabletki ze spirulin\u0105<\/h2>\n<p>Aby w pe\u0142ni wykorzysta\u0107 mo\u017cliwo\u015bci tabletek Spirulina, zaleca si\u0119 przyjmowanie 1-2 tabletek trzy razy dziennie, popijaj\u0105c wod\u0105 podczas posi\u0142k\u00f3w. Zapewni to organizmowi sta\u0142\u0105 poda\u017c sk\u0142adnik\u00f3w od\u017cywczych zawartych w Spirulinie przez ca\u0142y dzie\u0144. Dla os\u00f3b poszukuj\u0105cych bardziej znacz\u0105cych korzy\u015bci zdrowotnych, Spirulina mo\u017ce by\u0107 \u0142\u0105czona z innymi superfoods, takimi jak Chlorella, aby uzyska\u0107 lepszy efekt.<\/p>\n<p>Tabletki Spirulina s\u0105 doskona\u0142ym dodatkiem do zbilansowanej diety i aktywnego stylu \u017cycia. Pomagaj\u0105 zwi\u0119kszy\u0107 energi\u0119, wspieraj\u0105 uk\u0142ad odporno\u015bciowy i poprawiaj\u0105 wytrzyma\u0142o\u015b\u0107, dzi\u0119ki czemu s\u0105 idealnym suplementem dla sportowc\u00f3w lub ka\u017cdego, kto chce zwi\u0119kszy\u0107 swoj\u0105 wydajno\u015b\u0107 fizyczn\u0105 i psychiczn\u0105. Spirulina mo\u017ce by\u0107 r\u00f3wnie\u017c stosowana jako codzienny suplement diety, dostarczaj\u0105c niezb\u0119dnych sk\u0142adnik\u00f3w od\u017cywczych i wspieraj\u0105c og\u00f3lny stan zdrowia. Pami\u0119taj, aby przestrzega\u0107 zalecanego dawkowania i skonsultowa\u0107 si\u0119 z lekarzem, je\u015bli jeste\u015b w ci\u0105\u017cy, karmisz piersi\u0105 lub masz jakiekolwiek w\u0105tpliwo\u015bci zdrowotne.<\/p>\n<h2>Sk\u0142adniki tabletek spiruliny<\/h2>\n<p>Ka\u017cda tabletka Spirulina zawiera 100% organicznego proszku Spirulina, b\u0119d\u0105cego silnym \u017ar\u00f3d\u0142em sk\u0142adnik\u00f3w od\u017cywczych. Spirulina jest bogata w bia\u0142ko, zawieraj\u0105ce wszystkie dziewi\u0119\u0107 niezb\u0119dnych aminokwas\u00f3w, co czyni j\u0105 doskona\u0142ym ro\u015blinnym \u017ar\u00f3d\u0142em bia\u0142ka dla wegetarian i wegan. Jest r\u00f3wnie\u017c bogata w witaminy z grupy B, b\u0142onnik, przeciwutleniacze i kwasy t\u0142uszczowe omega-3, kt\u00f3re pomagaj\u0105 promowa\u0107 zdrowie uk\u0142adu sercowo-naczyniowego, funkcjonowanie m\u00f3zgu i og\u00f3lne samopoczucie.<\/p>\n<p>Opr\u00f3cz tych sk\u0142adnik\u00f3w od\u017cywczych, Spirulina znana jest z wysokiej zawarto\u015bci wapnia, kt\u00f3ra jest trzykrotnie wy\u017csza ni\u017c w pe\u0142nym mleku, co czyni j\u0105 doskona\u0142ym wyborem dla os\u00f3b poszukuj\u0105cych ro\u015blinnych \u017ar\u00f3de\u0142 wapnia. Spirulina zawiera r\u00f3wnie\u017c wa\u017cne minera\u0142y, takie jak \u017celazo, magnez i potas, kt\u00f3re wspieraj\u0105 r\u00f3\u017cne funkcje organizmu. Wysoka zawarto\u015b\u0107 przeciwutleniaczy pomaga chroni\u0107 organizm przed stresem oksydacyjnym, przyczyniaj\u0105c si\u0119 do lepszego funkcjonowania uk\u0142adu odporno\u015bciowego i og\u00f3lnego stanu zdrowia.<\/p>\n<p><strong>Ostrze\u017cenie:<\/strong> Przechowywa\u0107 w miejscu niedost\u0119pnym dla dzieci. Skonsultuj si\u0119 z lekarzem przed u\u017cyciem, je\u015bli jeste\u015b w ci\u0105\u017cy, karmisz piersi\u0105 lub masz jakiekolwiek schorzenia. Przechowywa\u0107 w temperaturze pokojowej w ciemnym miejscu.<\/p>\n<p>Tabletki Spirulina to prosty i skuteczny spos\u00f3b na dodanie do diety silnego \u017ar\u00f3d\u0142a sk\u0142adnik\u00f3w od\u017cywczych, kt\u00f3re wspieraj\u0105 energi\u0119, wytrzyma\u0142o\u015b\u0107 i zdrowie uk\u0142adu odporno\u015bciowego. Dzi\u0119ki imponuj\u0105cemu profilowi sk\u0142adnik\u00f3w od\u017cywczych, ten suplement superfood mo\u017ce pom\u00f3c w utrzymaniu zdrowego, aktywnego stylu \u017cycia.<\/p>","protected":false},"excerpt":{"rendered":"<p>Tabletki Spirulina s\u0105 wytwarzane z organicznego proszku spiruliny 100%, zielono-niebieskiej algi rosn\u0105cej w s\u0142odkiej wodzie. Spirulina, bogata w niezb\u0119dne aminokwasy, witaminy i minera\u0142y, jest pot\u0119\u017cn\u0105 super\u017cywno\u015bci\u0105, kt\u00f3ra wspiera poziom energii, funkcje odporno\u015bciowe i wytrzyma\u0142o\u015b\u0107. Idealne dla sportowc\u00f3w i os\u00f3b prowadz\u0105cych \u015bwiadomy tryb \u017cycia, tabletki Spirulina stanowi\u0105 naturalne \u017ar\u00f3d\u0142o bia\u0142ka, b\u0142onnika i przeciwutleniaczy, kt\u00f3re pomagaj\u0105 czu\u0107 si\u0119 jak najlepiej ka\u017cdego dnia.<\/p>","protected":false},"featured_media":126759,"template":"","meta":[],"product_brand":[],"product_cat":[598,297,475,482],"product_tag":[],"class_list":{"0":"post-126757","1":"product","2":"type-product","3":"status-publish","4":"has-post-thumbnail","6":"product_cat-fit4seasons","7":"product_cat-all-products","8":"product_cat-healthshop","9":"product_cat-vitamins","11":"first","12":"instock","13":"taxable","14":"shipping-taxable","15":"purchasable","16":"product-type-variable","17":"has-default-attributes"},"_links":{"self":[{"href":"https:\/\/www.tatanka.nl\/pl\/wp-json\/wp\/v2\/product\/126757","targetHints":{"allow":["GET"]}}],"collection":[{"href":"https:\/\/www.tatanka.nl\/pl\/wp-json\/wp\/v2\/product"}],"about":[{"href":"https:\/\/www.tatanka.nl\/pl\/wp-json\/wp\/v2\/types\/product"}],"wp:featuredmedia":[{"embeddable":true,"href":"https:\/\/www.tatanka.nl\/pl\/wp-json\/wp\/v2\/media\/126759"}],"wp:attachment":[{"href":"https:\/\/www.tatanka.nl\/pl\/wp-json\/wp\/v2\/media?parent=126757"}],"wp:term":[{"taxonomy":"product_brand","embeddable":true,"href":"https:\/\/www.tatanka.nl\/pl\/wp-json\/wp\/v2\/product_brand?post=126757"},{"taxonomy":"product_cat","embeddable":true,"href":"https:\/\/www.tatanka.nl\/pl\/wp-json\/wp\/v2\/product_cat?post=126757"},{"taxonomy":"product_tag","embeddable":true,"href":"https:\/\/www.tatanka.nl\/pl\/wp-json\/wp\/v2\/product_tag?post=126757"}],"curies":[{"name":"wp","href":"https:\/\/api.w.org\/{rel}","templated":true}]}}