{"id":126765,"date":"2024-12-06T12:05:00","date_gmt":"2024-12-06T11:05:00","guid":{"rendered":"https:\/\/www.tatanka.nl\/?post_type=product&#038;p=126765"},"modified":"2025-06-04T15:39:41","modified_gmt":"2025-06-04T14:39:41","slug":"all-in-one-kratom","status":"publish","type":"product","link":"https:\/\/www.tatanka.nl\/pl\/all-in-one-kratom\/","title":{"rendered":"All in One Kratom"},"content":{"rendered":"<h2>Co to jest Kratopia All in One Kratom?<\/h2>\n<p>Kratopia All in One Kratom to starannie opracowana mieszanka r\u00f3\u017cnych szczep\u00f3w Kratom, w tym Green, Red i White Vein, z domieszk\u0105 Maeng Da dla zwi\u0119kszenia si\u0142y dzia\u0142ania. Mieszanka ta zosta\u0142a zaprojektowana w celu zapewnienia szerokiego zakresu efekt\u00f3w, pozwalaj\u0105c u\u017cytkownikom do\u015bwiadczy\u0107 ulgi w b\u00f3lu, zastrzyku energii i relaksu. Po\u0142\u0105czenie tych r\u00f3\u017cnych szczep\u00f3w Kratom zapewnia zr\u00f3wnowa\u017cony efekt mieszanki, z mo\u017cliwo\u015bci\u0105 dostosowania intensywno\u015bci w oparciu o osobiste preferencje i dawkowanie. Unikalne cechy ka\u017cdego szczepu przyczyniaj\u0105 si\u0119 do bardziej dynamicznego do\u015bwiadczenia, dzi\u0119ki czemu Kratopia All in One Kratom jest wszechstronnym wyborem dla os\u00f3b poszukuj\u0105cych holistycznego do\u015bwiadczenia Kratom. W zale\u017cno\u015bci od czynnik\u00f3w takich jak wiek, kondycja cia\u0142a i dawkowanie, wp\u0142yw mieszanki mo\u017ce si\u0119 r\u00f3\u017cni\u0107, zapewniaj\u0105c za ka\u017cdym razem indywidualne doznania. Niezale\u017cnie od tego, czy chcesz zmniejszy\u0107 stres, poprawi\u0107 koncentracj\u0119, czy znale\u017a\u0107 ulg\u0119 w dyskomforcie, Kratopia All in One Kratom oferuje wszechstronne rozwi\u0105zanie.<\/p>\n<h2>Historia Kratopia All in One Kratom<\/h2>\n<p>Kratopia All in One Kratom \u0142\u0105czy w sobie najlepsze cechy r\u00f3\u017cnych tradycyjnych odmian Kratom, kt\u00f3re by\u0142y u\u017cywane od wiek\u00f3w. Kratom, naukowo znany jako <em>Mitragyna speciosa<\/em>Pochodzi z po\u0142udniowo-wschodniej Azji, gdzie od wiek\u00f3w stanowi podstaw\u0119 zio\u0142olecznictwa. R\u00f3\u017cne odmiany Vein Kratom - zielona, czerwona i bia\u0142a - maj\u0105 unikalne w\u0142a\u015bciwo\u015bci i by\u0142y wykorzystywane do r\u00f3\u017cnych cel\u00f3w. Green Vein Kratom znana jest ze swojego energetyzuj\u0105cego dzia\u0142ania, podczas gdy Red Vein jest bardziej relaksuj\u0105ca i cz\u0119sto stosowana w \u0142agodzeniu b\u00f3lu. Z kolei White Vein Kratom ma dzia\u0142anie pobudzaj\u0105ce i podnosz\u0105ce na duchu. Mieszaj\u0105c te odmiany, Kratopia All in One Kratom tworzy bardziej kompleksowy produkt, \u0142\u0105cz\u0105c pozytywne cechy ka\u017cdego szczepu w harmonijn\u0105 mieszank\u0119. Maeng Da, kolejny wysoko ceniony szczep znany ze swojej mocy, zosta\u0142 dodany w celu wzmocnienia og\u00f3lnych efekt\u00f3w. Mieszanka ta oferuje u\u017cytkownikom rozwini\u0119te do\u015bwiadczenie Kratom, kt\u00f3re obejmuje wiele korzy\u015bci i sta\u0142a si\u0119 popularnym wyborem dla os\u00f3b poszukuj\u0105cych wszechstronno\u015bci i r\u00f3wnowagi w konsumpcji Kratom.<\/p>\n<h2>Jak korzysta\u0107 z Kratopia All in One Kratom<\/h2>\n<p>Kratopia All in One Kratom mo\u017ce by\u0107 stosowany na wiele sposob\u00f3w, ale najpopularniejsz\u0105 metod\u0105 jest zaparzenie go w herbacie. Aby j\u0105 przygotowa\u0107, wystarczy rozpu\u015bci\u0107 4-5 gram\u00f3w proszku Kratom w fili\u017cance gor\u0105cej wody, a nast\u0119pnie doda\u0107 odrobin\u0119 miodu lub preferowanego s\u0142odzika do smaku. Jest to koj\u0105cy i przyjemny spos\u00f3b spo\u017cywania Kratom, pozwalaj\u0105cy na stopniowe rozpocz\u0119cie dzia\u0142ania. Pocz\u0105tkuj\u0105cym zaleca si\u0119 rozpocz\u0119cie od ni\u017cszej dawki, zw\u0142aszcza w przypadku mieszania r\u00f3\u017cnych szczep\u00f3w Kratom, takich jak te znajduj\u0105ce si\u0119 w Kratopia All in One Kratom. Dzia\u0142anie Kratom mo\u017ce r\u00f3\u017cni\u0107 si\u0119 w zale\u017cno\u015bci od masy cia\u0142a, wra\u017cliwo\u015bci i tolerancji, wi\u0119c dostosowanie dawki jest kluczem do osi\u0105gni\u0119cia po\u017c\u0105danego efektu. W przypadku bardziej do\u015bwiadczonych u\u017cytkownik\u00f3w mo\u017ce by\u0107 wymagana wy\u017csza dawka, aby poczu\u0107 pe\u0142ne korzy\u015bci. Wa\u017cne jest jednak, aby zawsze przestrzega\u0107 zalecanej dawki i unika\u0107 przekraczania limit\u00f3w, aby zapobiec niepo\u017c\u0105danym skutkom ubocznym.<\/p>\n<h2>Sk\u0142adniki Kratopia All in One Kratom<\/h2>\n<p>G\u0142\u00f3wnym sk\u0142adnikiem Kratopia All in One Kratom jest <em>Mitragyna speciosa<\/em>kt\u00f3ry jest powszechnie znany jako Kratom. Ro\u015blina ta zawiera kilka alkaloid\u00f3w, w tym mitragynin\u0119 i 7-hydroksymitragynin\u0119, kt\u00f3re s\u0105 odpowiedzialne za jej wszechstronne dzia\u0142anie. Mieszanka Green, Red i White Vein Kratom zapewnia zr\u00f3wnowa\u017cone po\u0142\u0105czenie efekt\u00f3w stymuluj\u0105cych i uspokajaj\u0105cych. Green Vein Kratom jest zwykle stosowany ze wzgl\u0119du na swoje w\u0142a\u015bciwo\u015bci poprawiaj\u0105ce nastr\u00f3j i zwi\u0119kszaj\u0105ce energi\u0119. Red Vein Kratom jest cz\u0119\u015bciej u\u017cywana do \u0142agodzenia b\u00f3lu i relaksu, podczas gdy White Vein Kratom jest znana z dzia\u0142ania energetyzuj\u0105cego i jasno\u015bci umys\u0142u. W\u0142\u0105czenie Maeng Da, silnego szczepu, dodatkowo zwi\u0119ksza og\u00f3ln\u0105 skuteczno\u015b\u0107 tego produktu. Po\u0142\u0105czenie tych szczep\u00f3w Kratom w Kratopia All in One Kratom zapewnia u\u017cytkownikom r\u00f3\u017cnorodne korzy\u015bci, w zale\u017cno\u015bci od dawki i indywidualnego stanu. Niezale\u017cnie od tego, czy szukasz relaksu, ulgi w b\u00f3lu, energii czy stresu, ta mieszanka oferuje wszechstronne i zr\u00f3wnowa\u017cone rozwi\u0105zanie.<\/p>\n<p><strong>Ostrze\u017cenie:<\/strong><\/p>\n<p>Sprzeda\u017c i u\u017cytkowanie Kratopia All in One Kratom s\u0105 zabronione dla os\u00f3b poni\u017cej 18 roku \u017cycia. Przechowywa\u0107 w ch\u0142odnym, suchym miejscu, z dala od dzieci. Zawsze przestrzegaj zalecanego dawkowania, aby zapewni\u0107 bezpieczne u\u017cytkowanie.<\/p>","protected":false},"excerpt":{"rendered":"<p>Kratopia All in One Kratom to zr\u00f3wnowa\u017cona i wszechstronna mieszanka Green, Red i White Vein Kratom, wzbogacona o Maeng Da. Ta pot\u0119\u017cna mieszanka oferuje szereg korzy\u015bci, od \u0142agodzenia b\u00f3lu i zwi\u0119kszonej energii po redukcj\u0119 stresu i relaks. Jej dzia\u0142anie r\u00f3\u017cni si\u0119 w zale\u017cno\u015bci od dawki i indywidualnych czynnik\u00f3w, zapewniaj\u0105c za ka\u017cdym razem wyj\u0105tkowe doznania.<\/p>","protected":false},"featured_media":126768,"template":"","meta":[],"product_brand":[],"product_cat":[599,297,477,511,476],"product_tag":[],"class_list":{"0":"post-126765","1":"product","2":"type-product","3":"status-publish","4":"has-post-thumbnail","6":"product_cat-kratopia","7":"product_cat-all-products","8":"product_cat-herbs","9":"product_cat-relax-herbs","10":"product_cat-smartshop","11":"product_shipping_class-not-allowed-group-1","13":"first","14":"instock","15":"taxable","16":"shipping-taxable","17":"purchasable","18":"product-type-variable","19":"has-default-attributes"},"_links":{"self":[{"href":"https:\/\/www.tatanka.nl\/pl\/wp-json\/wp\/v2\/product\/126765","targetHints":{"allow":["GET"]}}],"collection":[{"href":"https:\/\/www.tatanka.nl\/pl\/wp-json\/wp\/v2\/product"}],"about":[{"href":"https:\/\/www.tatanka.nl\/pl\/wp-json\/wp\/v2\/types\/product"}],"wp:featuredmedia":[{"embeddable":true,"href":"https:\/\/www.tatanka.nl\/pl\/wp-json\/wp\/v2\/media\/126768"}],"wp:attachment":[{"href":"https:\/\/www.tatanka.nl\/pl\/wp-json\/wp\/v2\/media?parent=126765"}],"wp:term":[{"taxonomy":"product_brand","embeddable":true,"href":"https:\/\/www.tatanka.nl\/pl\/wp-json\/wp\/v2\/product_brand?post=126765"},{"taxonomy":"product_cat","embeddable":true,"href":"https:\/\/www.tatanka.nl\/pl\/wp-json\/wp\/v2\/product_cat?post=126765"},{"taxonomy":"product_tag","embeddable":true,"href":"https:\/\/www.tatanka.nl\/pl\/wp-json\/wp\/v2\/product_tag?post=126765"}],"curies":[{"name":"wp","href":"https:\/\/api.w.org\/{rel}","templated":true}]}}