{"id":126770,"date":"2024-12-06T12:14:49","date_gmt":"2024-12-06T11:14:49","guid":{"rendered":"https:\/\/www.tatanka.nl\/?post_type=product&#038;p=126770"},"modified":"2025-06-04T15:39:51","modified_gmt":"2025-06-04T14:39:51","slug":"maeng-da-x-bali-kratom","status":"publish","type":"product","link":"https:\/\/www.tatanka.nl\/pl\/maeng-da-x-bali-kratom\/","title":{"rendered":"Maeng Da X Bali Kratom"},"content":{"rendered":"<h2>Czym jest Kratopia Maeng Da X Bali Kratom?<\/h2>\n<p>Kratopia Maeng Da X Bali Kratom to charakterystyczna mieszanka, kt\u00f3ra \u0142\u0105czy w sobie dwa najbardziej szanowane szczepy Kratom - Maeng Da i Bali. Maeng Da s\u0142ynie z wysokiej zawarto\u015bci alkaloid\u00f3w, zapewniaj\u0105c silny zastrzyk energii i zwi\u0119kszon\u0105 koncentracj\u0119, podczas gdy Bali Kratom s\u0142ynie z w\u0142a\u015bciwo\u015bci uspokajaj\u0105cych i przeciwb\u00f3lowych. Po\u0142\u0105czenie tych dw\u00f3ch szczep\u00f3w tworzy dobrze zaokr\u0105glone do\u015bwiadczenie Kratom, oferuj\u0105c u\u017cytkownikom zar\u00f3wno korzy\u015bci fizyczne, jak i psychiczne. Sk\u0142adnik Maeng Da zapewnia stymuluj\u0105ce efekty, podczas gdy Bali Kratom r\u00f3wnowa\u017cy to z uspokajaj\u0105cymi i koj\u0105cymi efektami, prowadz\u0105c do uczucia spokojnego relaksu. Mieszanka ta jest idealna dla os\u00f3b, kt\u00f3re chc\u0105 do\u015bwiadczy\u0107 po\u0142\u0105czenia energii, rado\u015bci i ulgi w b\u00f3lu, z dodatkow\u0105 korzy\u015bci\u0105 w postaci promowania jasno\u015bci umys\u0142u i witalno\u015bci fizycznej. Mieszanka Kratopia Maeng Da X Bali Kratom oferuje elastyczne doznania, kt\u00f3re mog\u0105 zaspokoi\u0107 r\u00f3\u017cne potrzeby, niezale\u017cnie od tego, czy jest u\u017cywana do wykonywania codziennych zada\u0144, czy te\u017c do odpr\u0119\u017cenia si\u0119 po d\u0142ugim dniu.<\/p>\n<h2>Historia Kratopia Maeng Da X Bali Kratom<\/h2>\n<p>Kratopia Maeng Da X Bali Kratom \u0142\u0105czy w sobie dwa najbardziej znane i cenione szczepy Kratom z Azji Po\u0142udniowo-Wschodniej. Odmiana Maeng Da Kratom wywodzi si\u0119 z Indonezji, gdzie rolnicy z Borneo i Sumatry od pokole\u0144 selektywnie hoduj\u0105 najlepsze drzewa Kratom. Ten staranny proces uprawy doprowadzi\u0142 do tego, \u017ce odmiana Maeng Da cieszy si\u0119 reputacj\u0105 najsilniejszej pod wzgl\u0119dem zawarto\u015bci alkaloid\u00f3w. Jest ona cz\u0119sto uwa\u017cana za \"z\u0142oty standard\" Kratom ze wzgl\u0119du na swoj\u0105 si\u0142\u0119 i skuteczno\u015b\u0107. Z drugiej strony, Bali Kratom jest u\u017cywana od wiek\u00f3w na Bali w Indonezji, znana ze swoich w\u0142a\u015bciwo\u015bci uspokajaj\u0105cych i \u0142agodz\u0105cych b\u00f3l. Po\u0142\u0105czenie tych dw\u00f3ch pot\u0119\u017cnych szczep\u00f3w Kratom skutkuje zr\u00f3wnowa\u017con\u0105 i wszechstronn\u0105 mieszank\u0105, kt\u00f3ra oferuje szeroki zakres korzy\u015bci. Mieszanka ta zyska\u0142a popularno\u015b\u0107 dzi\u0119ki swojej zdolno\u015bci do zaspokajania zar\u00f3wno fizycznych, jak i psychicznych potrzeb, zapewniaj\u0105c u\u017cytkownikom zastrzyk energii i dobre samopoczucie. Dodatkowo, mieszanka zawiera specjaln\u0105 odmian\u0119 Malaysian White Kratom, kt\u00f3ra dodatkowo wzmacnia dzia\u0142anie pobudzaj\u0105ce, tworz\u0105c unikalny i silny produkt Kratom.<\/p>\n<h2>Jak stosowa\u0107 Kratopia Maeng Da X Bali Kratom<\/h2>\n<p>Aby u\u017cy\u0107 Kratopia Maeng Da X Bali Kratom, najpopularniejsz\u0105 metod\u0105 jest zaparzenie go w herbacie. Zacznij od rozpuszczenia 4-5 gram\u00f3w proszku Kratom w fili\u017cance gor\u0105cej wody. Nast\u0119pnie mo\u017cna doda\u0107 mi\u00f3d lub dowolny wybrany s\u0142odzik, aby wzmocni\u0107 smak i uczyni\u0107 go przyjemniejszym. Kratom mo\u017cna przyjmowa\u0107 na inne sposoby, takie jak mieszanie go z koktajlem lub kapsu\u0142kami, ale herbata pozostaje najpopularniejsz\u0105 metod\u0105 dla wi\u0119kszo\u015bci u\u017cytkownik\u00f3w. Je\u015bli jeste\u015b nowym u\u017cytkownikiem Kratom lub tej konkretnej mieszanki, zaleca si\u0119 rozpocz\u0119cie od mniejszej dawki i stopniowe jej zwi\u0119kszanie w celu znalezienia optymalnego efektu. Dla tych, kt\u00f3rzy maj\u0105 wi\u0119ksze do\u015bwiadczenie z Kratom, wi\u0119ksza dawka mo\u017ce by\u0107 bardziej odpowiednia. Efekty dzia\u0142ania Kratopia Maeng Da X Bali Kratom mog\u0105 si\u0119 r\u00f3\u017cni\u0107 w zale\u017cno\u015bci od dawki, masy cia\u0142a i indywidualnej wra\u017cliwo\u015bci. Chocia\u017c jest on zwykle stosowany ze wzgl\u0119du na swoje dzia\u0142anie energetyzuj\u0105ce i uspokajaj\u0105ce, u\u017cytkownicy powinni pami\u0119ta\u0107 o swojej osobistej tolerancji i odpowiednio dostosowa\u0107 spo\u017cycie, aby unikn\u0105\u0107 potencjalnych skutk\u00f3w ubocznych. Zawsze nale\u017cy zachowa\u0107 ostro\u017cno\u015b\u0107 i zacz\u0105\u0107 od umiarkowanej dawki podczas wypr\u00f3bowywania nowej mieszanki Kratom.<\/p>\n<h2>Sk\u0142adniki Kratopia Maeng Da X Bali Kratom<\/h2>\n<p>G\u0142\u00f3wnymi sk\u0142adnikami Kratopia Maeng Da X Bali Kratom s\u0105 li\u015bcie <em>Mitragyna speciosa<\/em>powszechnie znany jako Kratom. Mieszanka ta zawiera po\u0142\u0105czenie Maeng Da Kratom, Bali Kratom i odrobiny Malaysian White Kratom. Ka\u017cdy z tych szczep\u00f3w Kratom ma swoje unikalne w\u0142a\u015bciwo\u015bci, przyczyniaj\u0105c si\u0119 do og\u00f3lnego efektu mieszanki. Odmiana Maeng Da Kratom znana jest z wysokiej zawarto\u015bci alkaloid\u00f3w, w szczeg\u00f3lno\u015bci mitragyniny, kt\u00f3ra zapewnia stymuluj\u0105ce efekty zwi\u0119kszaj\u0105ce energi\u0119 i koncentracj\u0119. Z kolei Bali Kratom znana jest ze swoich w\u0142a\u015bciwo\u015bci relaksuj\u0105cych i przeciwb\u00f3lowych, dzi\u0119ki czemu idealnie nadaje si\u0119 do \u0142agodzenia stresu i rozlu\u017aniania mi\u0119\u015bni. Dodatek Malaysian White Kratom wzmacnia og\u00f3lne energetyzuj\u0105ce dzia\u0142anie mieszanki, tworz\u0105c zr\u00f3wnowa\u017cone doznania, kt\u00f3re oferuj\u0105 zar\u00f3wno korzy\u015bci fizyczne, jak i psychiczne. Po\u0142\u0105czenie tych trzech szczep\u00f3w gwarantuje, \u017ce Kratopia Maeng Da X Bali Kratom to silny i wszechstronny produkt Kratom, idealny dla u\u017cytkownik\u00f3w poszukuj\u0105cych szerokiego zakresu efekt\u00f3w, od zwi\u0119kszonej witalno\u015bci po relaks i ulg\u0119 w b\u00f3lu.<\/p>\n<p><strong>Ostrze\u017cenie:<\/strong><\/p>\n<p>Sprzeda\u017c i stosowanie Kratopia Maeng Da X Bali Kratom jest zabronione dla os\u00f3b poni\u017cej 18 roku \u017cycia. Przechowywa\u0107 w ch\u0142odnym, suchym miejscu, z dala od dzieci. Aby zapewni\u0107 bezpieczne stosowanie, nale\u017cy zawsze przestrzega\u0107 zalecanego dawkowania.<\/p>","protected":false},"excerpt":{"rendered":"<p>Kratopia Maeng Da i Bali Kratom to pot\u0119\u017cna mieszanka, kt\u00f3ra \u0142\u0105czy energetyzuj\u0105ce dzia\u0142anie Maeng Da z uspokajaj\u0105cymi w\u0142a\u015bciwo\u015bciami Bali Kratom. Ta wyj\u0105tkowa mieszanka zapewnia zar\u00f3wno fizyczne, jak i psychiczne korzy\u015bci, w tym ulg\u0119 w b\u00f3lu, zwi\u0119kszon\u0105 witalno\u015b\u0107 i poczucie spokojnego relaksu. Idealna dla os\u00f3b poszukuj\u0105cych zr\u00f3wnowa\u017conej i skutecznej mieszanki Kratom.<\/p>","protected":false},"featured_media":126773,"template":"","meta":[],"product_brand":[],"product_cat":[599,297,477,479,511,476],"product_tag":[],"class_list":{"0":"post-126770","1":"product","2":"type-product","3":"status-publish","4":"has-post-thumbnail","6":"product_cat-kratopia","7":"product_cat-all-products","8":"product_cat-herbs","9":"product_cat-medicinal-herbs","10":"product_cat-relax-herbs","11":"product_cat-smartshop","12":"product_shipping_class-not-allowed-group-1","14":"first","15":"instock","16":"taxable","17":"shipping-taxable","18":"purchasable","19":"product-type-variable","20":"has-default-attributes"},"_links":{"self":[{"href":"https:\/\/www.tatanka.nl\/pl\/wp-json\/wp\/v2\/product\/126770","targetHints":{"allow":["GET"]}}],"collection":[{"href":"https:\/\/www.tatanka.nl\/pl\/wp-json\/wp\/v2\/product"}],"about":[{"href":"https:\/\/www.tatanka.nl\/pl\/wp-json\/wp\/v2\/types\/product"}],"wp:featuredmedia":[{"embeddable":true,"href":"https:\/\/www.tatanka.nl\/pl\/wp-json\/wp\/v2\/media\/126773"}],"wp:attachment":[{"href":"https:\/\/www.tatanka.nl\/pl\/wp-json\/wp\/v2\/media?parent=126770"}],"wp:term":[{"taxonomy":"product_brand","embeddable":true,"href":"https:\/\/www.tatanka.nl\/pl\/wp-json\/wp\/v2\/product_brand?post=126770"},{"taxonomy":"product_cat","embeddable":true,"href":"https:\/\/www.tatanka.nl\/pl\/wp-json\/wp\/v2\/product_cat?post=126770"},{"taxonomy":"product_tag","embeddable":true,"href":"https:\/\/www.tatanka.nl\/pl\/wp-json\/wp\/v2\/product_tag?post=126770"}],"curies":[{"name":"wp","href":"https:\/\/api.w.org\/{rel}","templated":true}]}}