{"id":126914,"date":"2024-12-13T09:56:39","date_gmt":"2024-12-13T08:56:39","guid":{"rendered":"https:\/\/www.tatanka.nl\/?post_type=product&#038;p=126914"},"modified":"2025-10-16T07:58:08","modified_gmt":"2025-10-16T06:58:08","slug":"cambodian-sporeprint","status":"publish","type":"product","link":"https:\/\/www.tatanka.nl\/pl\/cambodian-sporeprint\/","title":{"rendered":"Cambodian Sporeprint"},"content":{"rendered":"<h2>Co to jest Cambodian Sporeprint?<\/h2>\n<p>Odcisk zarodnik\u00f3w Cambodian od McSmart to wysokiej jako\u015bci, organiczny odcisk zarodnik\u00f3w okre\u015blonego szczepu magicznych grzyb\u00f3w, starannie wyselekcjonowany dla os\u00f3b z do\u015bwiadczeniem w psychodelikach. McSmart jest znany z oferowania najwy\u017cszej jako\u015bci kolekcji odcisk\u00f3w zarodnik\u00f3w, zapewniaj\u0105c hodowcom i entuzjastom grzyb\u00f3w narz\u0119dzia do odkrywania fascynuj\u0105cego \u015bwiata uprawy grzyb\u00f3w. Odciski zarodnik\u00f3w zawieraj\u0105 miliony \u017cywotnych zarodnik\u00f3w, kt\u00f3re w odpowiednich warunkach mog\u0105 przekszta\u0142ci\u0107 si\u0119 w dobrze prosperuj\u0105c\u0105 sie\u0107 grzybni.<\/p>\n<p>Ten konkretny odcisk zarodnika pochodzi ze szczepu Cambodian, kt\u00f3ry znany jest ze swojej mocy i silnego wzrostu. Jest on popularny zar\u00f3wno w\u015br\u00f3d u\u017cytkownik\u00f3w rekreacyjnych, jak i os\u00f3b zainteresowanych terapeutycznymi korzy\u015bciami p\u0142yn\u0105cymi z grzyb\u00f3w psychodelicznych. Sporeprint Cambodian oferuje mo\u017cliwo\u015b\u0107 nie tylko zbadania fizycznego wzrostu grzyb\u00f3w, ale tak\u017ce zag\u0142\u0119bienia si\u0119 w g\u0142\u0119bsze zrozumienie ukrytych wzorc\u00f3w natury. Jego skomplikowane szczeg\u00f3\u0142y i proces uprawy mog\u0105 zaoferowa\u0107 g\u0142\u0119bokie do\u015bwiadczenie, wzbogacaj\u0105c zar\u00f3wno wiedz\u0119 hodowcy, jak i jego zwi\u0105zek z kr\u00f3lestwem ro\u015blin.<\/p>\n<h2>Historia odcisku zarodnika Cambodian<\/h2>\n<p>Szczep magicznych grzyb\u00f3w Cambodian ma bogat\u0105 histori\u0119 zakorzenion\u0105 w Azji Po\u0142udniowo-Wschodniej, gdzie zosta\u0142 po raz pierwszy odkryty w tropikalnym klimacie Kambod\u017cy. Przez wieki rdzenni mieszka\u0144cy tego regionu wykorzystywali grzyby psychodeliczne w duchowych rytua\u0142ach, wierz\u0105c, \u017ce zapewniaj\u0105 one wgl\u0105d w natur\u0119 istnienia i kosmosu. Wraz ze wzrostem globalnego zainteresowania psychodelikami, odmiana Cambodian sta\u0142a si\u0119 dobrze znana ze swoich wyra\u017anych, silnych efekt\u00f3w, co doprowadzi\u0142o do jej szerokiej popularno\u015bci w spo\u0142eczno\u015bci hodowc\u00f3w.<\/p>\n<p>McSmart's Cambodian Sporeprint przenosi t\u0119 bogat\u0105 histori\u0119 w er\u0119 nowoczesno\u015bci, oferuj\u0105c entuzjastom autentyczny i niezawodny spos\u00f3b na upraw\u0119 w\u0142asnych magicznych grzyb\u00f3w w domu. Atrakcyjno\u015b\u0107 odmiany Cambodian polega na jej zr\u00f3wnowa\u017conych i silnych efektach psychodelicznych, co czyni j\u0105 ulubion\u0105 w\u015br\u00f3d tych, kt\u00f3rzy szukaj\u0105 zar\u00f3wno jasno\u015bci umys\u0142u, jak i g\u0142\u0119bszego, introspektywnego do\u015bwiadczenia. Z biegiem czasu metody uprawy uleg\u0142y poprawie, ale korzenie tej odmiany pozostaj\u0105 g\u0142\u0119boko zakorzenione w tradycji, zapewniaj\u0105c trwa\u0142e po\u0142\u0105czenie z jej kulturowym i duchowym znaczeniem.<\/p>\n<h2>Jak u\u017cywa\u0107 Cambodian Sporeprint<\/h2>\n<p><strong>Krok 1: Przygotowanie szalki Petriego<\/strong><br \/>\nZacznij od sterylnej p\u0142ytki Petriego zawieraj\u0105cej roztw\u00f3r agaru. Agar mo\u017cna przygotowa\u0107 samodzielnie lub kupi\u0107 gotowy. Wa\u017cne jest, aby otworzy\u0107 szalk\u0119 w sterylnym \u015brodowisku, aby unikn\u0105\u0107 jakiegokolwiek zanieczyszczenia.<\/p>\n<p><strong>Krok 2: Dodawanie zarodnik\u00f3w<\/strong><br \/>\nZa pomoc\u0105 sterylnej strzykawki pobra\u0107 p\u0142yn z fiolki z zarodnikami. Je\u015bli pracujesz z odbitk\u0105 zarodnik\u00f3w, delikatnie zeskrob kilka zarodnik\u00f3w z odbitki i pozw\u00f3l im spa\u015b\u0107 na powierzchni\u0119 agaru w szalce Petriego.<\/p>\n<p><strong>Krok 3: Inkubacja<\/strong><br \/>\nZamknij szalk\u0119 Petriego i umie\u015b\u0107 j\u0105 w odpowiednim, kontrolowanym \u015brodowisku, w kt\u00f3rym zarodniki mog\u0105 bez przeszk\u00f3d rozwija\u0107 si\u0119 w grzybni\u0119. Okres inkubacji mo\u017ce wynosi\u0107 od kilku dni do tygodni, w zale\u017cno\u015bci od warunk\u00f3w i rodzaju grzyba.<\/p>\n<p><strong>Krok 4: Oczyszczanie grzybni<\/strong><br \/>\nGdy grzybnia rozwinie si\u0119 wystarczaj\u0105co i pokryje du\u017c\u0105 cz\u0119\u015b\u0107 szalki Petriego, nadejdzie czas na jej oczyszczenie. Ostro\u017cnie wybierz zdrowy, w pe\u0142ni rozwini\u0119ty kawa\u0142ek grzybni do dalszego wykorzystania.<\/p>\n<p><strong>Krok 5: Ci\u0119cie grzybni<\/strong><br \/>\nZa pomoc\u0105 sterylnego skalpela wyci\u0105\u0107 niewielki fragment grzybni, oko\u0142o 6 x 6 mm. Kawa\u0142ek ten pos\u0142u\u017cy jako starter dla nowej, czystej kultury.<\/p>\n<p><strong>Krok 6: Inokulacja po\u017cywki wzrostowej<\/strong><br \/>\nPrzenie\u015b wyci\u0119ty kawa\u0142ek grzybni na \u015bwie\u017ce pod\u0142o\u017ce, takie jak nowa p\u0142ytka Petriego z agarem lub inne odpowiednie pod\u0142o\u017ce do dalszej hodowli. Upewnij si\u0119, \u017ce nowe pod\u0142o\u017ce jest przechowywane w sterylnych warunkach, aby zachowa\u0107 jego integralno\u015b\u0107.<\/p>\n<h2>Sk\u0142adniki Cambodian Sporeprint<\/h2>\n<p>Sporeprint Cambodian by McSmart sk\u0142ada si\u0119 g\u0142\u00f3wnie z zarodnik\u00f3w szczepu Cambodian Psilocybe cubensis. Zarodniki te zawieraj\u0105 materia\u0142 genetyczny potrzebny do uprawy magicznych grzyb\u00f3w zawieraj\u0105cych psychoaktywne zwi\u0105zki psilocybin\u0119 i psylocyn\u0119. Prawid\u0142owo uprawiane grzyby te wywo\u0142uj\u0105 silny efekt halucynogenny, kt\u00f3ry od wiek\u00f3w wykorzystywany jest w praktykach rozwoju duchowego i osobistego.<\/p>\n<p>Sam odcisk zarodnik\u00f3w zawiera miliony male\u0144kich, \u017cywotnych zarodnik\u00f3w, kt\u00f3re s\u0105 w stanie rozwin\u0105\u0107 si\u0119 w zdrowe kultury grzybni. Czysto\u015b\u0107 odcisku zarodnik\u00f3w McSmart Cambodian gwarantuje, \u017ce pracujesz z produktem wysokiej jako\u015bci, daj\u0105c ci najwi\u0119ksz\u0105 szans\u0119 na udan\u0105 upraw\u0119. Zarodniki s\u0105 starannie zbierane i konserwowane, aby zachowa\u0107 ich \u017cywotno\u015b\u0107, zapewniaj\u0105c, \u017ce mog\u0105 kie\u0142kowa\u0107 i rosn\u0105\u0107 po umieszczeniu w odpowiednich warunkach. To sprawia, \u017ce sporeprint jest idealnym narz\u0119dziem dla do\u015bwiadczonych hodowc\u00f3w poszukuj\u0105cych niezawodnego \u017ar\u00f3d\u0142a do uprawy grzyb\u00f3w.<\/p>\n<p><strong>Ostrze\u017cenie<\/strong><br \/>\nGrzyby magiczne naturalnie zawieraj\u0105 psylocybin\u0119 i psylocyn\u0119, zwi\u0105zki halucynogenne, kt\u00f3re mog\u0105 zmienia\u0107 \u015bwiadomo\u015b\u0107 i wywo\u0142ywa\u0107 halucynacje. Wa\u017cne jest, aby obchodzi\u0107 si\u0119 z tymi grzybami odpowiedzialnie, zw\u0142aszcza podczas ich uprawy i spo\u017cywania. Zawsze trzymaj je poza zasi\u0119giem dzieci i przestrzegaj odpowiednich \u015brodk\u00f3w ostro\u017cno\u015bci podczas obchodzenia si\u0119 z nimi lub ich u\u017cywania. Upewnij si\u0119, \u017ce jeste\u015b w bezpiecznym, kontrolowanym \u015brodowisku, je\u015bli spo\u017cywasz magiczne grzyby, i r\u00f3b to tylko z odpowiednim zrozumieniem i szacunkiem dla ich skutk\u00f3w.<\/p>","protected":false},"excerpt":{"rendered":"<p>Poznaj mistyczny \u015bwiat Cambodian Sporeprint by McSmart, zaprojektowany dla do\u015bwiadczonych entuzjast\u00f3w psychodelii. Ten odcisk zarodnika oferuje bram\u0119 do g\u0142\u0119bszej psychodelicznej eksploracji, pozwalaj\u0105c odkry\u0107 skomplikowane wzory genetyczne magicznych grzyb\u00f3w i odblokowa\u0107 nowe wymiary \u015bwiadomo\u015bci.<\/p>","protected":false},"featured_media":126917,"template":"","meta":[],"product_brand":[],"product_cat":[657,297,518,515,476],"product_tag":[662],"class_list":{"0":"post-126914","1":"product","2":"type-product","3":"status-publish","4":"has-post-thumbnail","6":"product_cat-magic-mushroom-spore-prints","7":"product_cat-all-products","8":"product_cat-mushrooms","9":"product_cat-shroomshop","10":"product_cat-smartshop","11":"product_tag-shrdeal","12":"product_shipping_class-creditcard-off","14":"first","15":"instock","16":"taxable","17":"shipping-taxable","18":"purchasable","19":"product-type-variable","20":"has-default-attributes"},"_links":{"self":[{"href":"https:\/\/www.tatanka.nl\/pl\/wp-json\/wp\/v2\/product\/126914","targetHints":{"allow":["GET"]}}],"collection":[{"href":"https:\/\/www.tatanka.nl\/pl\/wp-json\/wp\/v2\/product"}],"about":[{"href":"https:\/\/www.tatanka.nl\/pl\/wp-json\/wp\/v2\/types\/product"}],"wp:featuredmedia":[{"embeddable":true,"href":"https:\/\/www.tatanka.nl\/pl\/wp-json\/wp\/v2\/media\/126917"}],"wp:attachment":[{"href":"https:\/\/www.tatanka.nl\/pl\/wp-json\/wp\/v2\/media?parent=126914"}],"wp:term":[{"taxonomy":"product_brand","embeddable":true,"href":"https:\/\/www.tatanka.nl\/pl\/wp-json\/wp\/v2\/product_brand?post=126914"},{"taxonomy":"product_cat","embeddable":true,"href":"https:\/\/www.tatanka.nl\/pl\/wp-json\/wp\/v2\/product_cat?post=126914"},{"taxonomy":"product_tag","embeddable":true,"href":"https:\/\/www.tatanka.nl\/pl\/wp-json\/wp\/v2\/product_tag?post=126914"}],"curies":[{"name":"wp","href":"https:\/\/api.w.org\/{rel}","templated":true}]}}