{"id":126918,"date":"2024-12-13T10:09:47","date_gmt":"2024-12-13T09:09:47","guid":{"rendered":"https:\/\/www.tatanka.nl\/?post_type=product&#038;p=126918"},"modified":"2025-10-16T07:58:07","modified_gmt":"2025-10-16T06:58:07","slug":"thai-sporeprint","status":"publish","type":"product","link":"https:\/\/www.tatanka.nl\/pl\/thai-sporeprint\/","title":{"rendered":"Thai Sporeprint"},"content":{"rendered":"<h2>Co to jest Thai Sporeprint?<\/h2>\n<p>Thai Sporeprint by McSmart to starannie wykonany odcisk zarodnik\u00f3w renomowanej odmiany magicznych grzyb\u00f3w Thai. Znany ze swoich unikalnych w\u0142a\u015bciwo\u015bci i silnych efekt\u00f3w, Thai Sporeprint oferuje zar\u00f3wno do\u015bwiadczonym kultywatorom, jak i nowym odkrywcom szans\u0119 na wyhodowanie w\u0142asnych magicznych grzyb\u00f3w. Odciski zarodnik\u00f3w zawieraj\u0105 miliony \u017cywotnych zarodnik\u00f3w, kt\u00f3re mo\u017cna wykorzysta\u0107 do uprawy grzybni, co jest pierwszym krokiem do wyhodowania zdrowych grzyb\u00f3w.<\/p>\n<p>Thai Sporeprint zapewnia bezpo\u015brednie po\u0142\u0105czenie z naturalnym \u015bwiatem psychodelik\u00f3w, oferuj\u0105c g\u0142\u0119bsze zrozumienie tego, jak te fascynuj\u0105ce organizmy rosn\u0105 i rozwijaj\u0105 si\u0119. Niezale\u017cnie od tego, czy jeste\u015b zainteresowany eksploracj\u0105 psychodeliczn\u0105, czy upraw\u0105 grzyb\u00f3w, ten produkt otwiera drzwi zar\u00f3wno do do\u015bwiadcze\u0144 edukacyjnych, jak i duchowych. Sam szczep Thai jest znany ze swojej mocy i zdolno\u015bci do wytwarzania imponuj\u0105cych plon\u00f3w, gdy jest uprawiany w odpowiednich warunkach. McSmart zapewnia najwy\u017csz\u0105 jako\u015b\u0107 odcisk\u00f3w zarodnik\u00f3w, gwarantuj\u0105c udan\u0105 upraw\u0119 dla ka\u017cdego entuzjasty.<\/p>\n<h2>Historia odcisku zarodnika Thai<\/h2>\n<p>Odmiana grzyba magicznego Thai, znana r\u00f3wnie\u017c jako Psilocybe cubensis Thai, ma bogat\u0105 histori\u0119 zakorzenion\u0105 w Azji Po\u0142udniowo-Wschodniej. Odmiana ta zosta\u0142a po raz pierwszy odkryta w Thailandii, gdzie od wiek\u00f3w by\u0142a wykorzystywana w duchowych rytua\u0142ach i tradycyjnych praktykach leczniczych. Rdzenne kultury wierzy\u0142y, \u017ce grzyby te zapewniaj\u0105 wgl\u0105d w tajemnice wszech\u015bwiata, pomagaj\u0105c odblokowa\u0107 nowe postrzeganie \u015bwiadomo\u015bci i istnienia.<\/p>\n<p>Wraz ze wzrostem globalnego zainteresowania psychodelikami, odmiana Thai sta\u0142a si\u0119 popularnym wyborem w\u015br\u00f3d psychodelicznych odkrywc\u00f3w ze wzgl\u0119du na jej pot\u0119\u017cne efekty i duchowe powi\u0105zania. Odmiana ta znana jest z szybkiego wzrostu i silnych w\u0142a\u015bciwo\u015bci halucynogennych, co czyni j\u0105 ulubion\u0105 dla tych, kt\u00f3rzy chc\u0105 pog\u0142\u0119bi\u0107 swoje psychodeliczne do\u015bwiadczenia. McSmart's Thai Sporeprint przenosi ten historyczny szczep do wsp\u00f3\u0142czesnej uprawy, oferuj\u0105c niezawodny i wysokiej jako\u015bci produkt, kt\u00f3ry spe\u0142nia wymagania nawet najbardziej do\u015bwiadczonych hodowc\u00f3w grzyb\u00f3w.<\/p>\n<h2>Jak u\u017cywa\u0107 Thai Sporeprint<\/h2>\n<p><strong>Krok 1: Przygotowanie szalki Petriego<\/strong><br \/>\nZacznij od sterylnej p\u0142ytki Petriego zawieraj\u0105cej roztw\u00f3r agaru. Agar mo\u017cna przygotowa\u0107 samodzielnie lub kupi\u0107 gotowy. Wa\u017cne jest, aby otworzy\u0107 szalk\u0119 w sterylnym \u015brodowisku, aby unikn\u0105\u0107 jakiegokolwiek zanieczyszczenia.<\/p>\n<p><strong>Krok 2: Dodawanie zarodnik\u00f3w<\/strong><br \/>\nZa pomoc\u0105 sterylnej strzykawki pobra\u0107 p\u0142yn z fiolki z zarodnikami. Je\u015bli pracujesz z odbitk\u0105 zarodnik\u00f3w, delikatnie zeskrob kilka zarodnik\u00f3w z odbitki i pozw\u00f3l im spa\u015b\u0107 na powierzchni\u0119 agaru w szalce Petriego.<\/p>\n<p><strong>Krok 3: Inkubacja<\/strong><br \/>\nZamknij szalk\u0119 Petriego i umie\u015b\u0107 j\u0105 w odpowiednim, kontrolowanym \u015brodowisku, w kt\u00f3rym zarodniki mog\u0105 bez przeszk\u00f3d rozwija\u0107 si\u0119 w grzybni\u0119. Okres inkubacji mo\u017ce wynosi\u0107 od kilku dni do tygodni, w zale\u017cno\u015bci od warunk\u00f3w i rodzaju grzyba.<\/p>\n<p><strong>Krok 4: Oczyszczanie grzybni<\/strong><br \/>\nGdy grzybnia rozwinie si\u0119 wystarczaj\u0105co i pokryje du\u017c\u0105 cz\u0119\u015b\u0107 szalki Petriego, nadejdzie czas na jej oczyszczenie. Ostro\u017cnie wybierz zdrowy, w pe\u0142ni rozwini\u0119ty kawa\u0142ek grzybni do dalszego wykorzystania.<\/p>\n<p><strong>Krok 5: Ci\u0119cie grzybni<\/strong><br \/>\nZa pomoc\u0105 sterylnego skalpela wyci\u0105\u0107 niewielki fragment grzybni, oko\u0142o 6 x 6 mm. Kawa\u0142ek ten pos\u0142u\u017cy jako starter dla nowej, czystej kultury.<\/p>\n<p><strong>Krok 6: Inokulacja po\u017cywki wzrostowej<\/strong><br \/>\nPrzenie\u015b wyci\u0119ty kawa\u0142ek grzybni na \u015bwie\u017ce pod\u0142o\u017ce, takie jak nowa p\u0142ytka Petriego z agarem lub inne odpowiednie pod\u0142o\u017ce do dalszej hodowli. Upewnij si\u0119, \u017ce nowe pod\u0142o\u017ce jest przechowywane w sterylnych warunkach, aby zachowa\u0107 jego integralno\u015b\u0107.<\/p>\n<h2>Sk\u0142adniki Thai Sporeprint<\/h2>\n<p>Sporeprint Thai sk\u0142ada si\u0119 z milion\u00f3w zarodnik\u00f3w szczepu Thai Psilocybe cubensis, rodzaju grzyba psychodelicznego znanego z silnych w\u0142a\u015bciwo\u015bci halucynogennych. Zarodniki zawieraj\u0105 materia\u0142 genetyczny potrzebny do wzrostu grzybni, kt\u00f3ra ostatecznie rozwinie si\u0119 w dojrza\u0142e grzyby. Grzyby Psilocybe cubensis, w tym szczep Thai, naturalnie zawieraj\u0105 psylocybin\u0119 i psylocyn\u0119 - zwi\u0105zki halucynogenne, kt\u00f3re zmieniaj\u0105 \u015bwiadomo\u015b\u0107 i wywo\u0142uj\u0105 efekty psychodeliczne.<\/p>\n<p>Czysto\u015b\u0107 odcisku zarodnik\u00f3w McSmart Thai zapewnia, \u017ce ka\u017cdy zarodnik jest \u017cywotny i gotowy do uprawy, umo\u017cliwiaj\u0105c hodowl\u0119 grzyb\u00f3w ze sta\u0142ymi, wysokiej jako\u015bci wynikami. Sam odcisk zarodnik\u00f3w jest starannie konserwowany i przechowywany w celu zachowania integralno\u015bci zarodnik\u00f3w, zapewniaj\u0105c udany proces uprawy. Zaanga\u017cowanie McSmart w jako\u015b\u0107 sprawia, \u017ce ten odcisk zarodnik\u00f3w jest doskona\u0142ym wyborem zar\u00f3wno dla nowych, jak i do\u015bwiadczonych hodowc\u00f3w grzyb\u00f3w.<\/p>\n<p><strong>Ostrze\u017cenie<\/strong><br \/>\nGrzyby magiczne, w tym te wyhodowane z odcisku zarodnika Thai, naturalnie zawieraj\u0105 psylocybin\u0119 i psylocyn\u0119, kt\u00f3re s\u0105 substancjami halucynogennymi. Zwi\u0105zki te mog\u0105 zmienia\u0107 \u015bwiadomo\u015b\u0107 i powodowa\u0107 halucynacje. Wa\u017cne jest, aby obchodzi\u0107 si\u0119 z tymi grzybami odpowiedzialnie, upewniaj\u0105c si\u0119, \u017ce s\u0105 one przechowywane poza zasi\u0119giem dzieci i spo\u017cywane w bezpiecznym, kontrolowanym \u015brodowisku. Zawsze nale\u017cy by\u0107 \u015bwiadomym potencjalnych skutk\u00f3w i spo\u017cywa\u0107 je ostro\u017cnie.<\/p>","protected":false},"excerpt":{"rendered":"<p>Wejd\u017a do fascynuj\u0105cego \u015bwiata McSmart Thai Sporeprint, zaprojektowanego dla do\u015bwiadczonych entuzjast\u00f3w psychodelii. Idealny dla tych, kt\u00f3rzy s\u0105 ju\u017c zaznajomieni z cudami psychodelik\u00f3w, ten odcisk zarodnik\u00f3w oferuje mo\u017cliwo\u015b\u0107 odkrycia ukrytych wzor\u00f3w natury i wyhodowania w\u0142asnych magicznych grzyb\u00f3w. Ekskluzywna kolekcja McSmart zapewnia najwy\u017cszej jako\u015bci doznania, pozwalaj\u0105c odblokowa\u0107 nowe wymiary \u015bwiadomo\u015bci i odkrywa\u0107 tajemnice tej wyj\u0105tkowej odmiany grzyb\u00f3w.<\/p>","protected":false},"featured_media":126921,"template":"","meta":[],"product_brand":[],"product_cat":[657,297,518,515,476],"product_tag":[662],"class_list":{"0":"post-126918","1":"product","2":"type-product","3":"status-publish","4":"has-post-thumbnail","6":"product_cat-magic-mushroom-spore-prints","7":"product_cat-all-products","8":"product_cat-mushrooms","9":"product_cat-shroomshop","10":"product_cat-smartshop","11":"product_tag-shrdeal","12":"product_shipping_class-creditcard-off","14":"first","15":"instock","16":"taxable","17":"shipping-taxable","18":"purchasable","19":"product-type-variable","20":"has-default-attributes"},"_links":{"self":[{"href":"https:\/\/www.tatanka.nl\/pl\/wp-json\/wp\/v2\/product\/126918","targetHints":{"allow":["GET"]}}],"collection":[{"href":"https:\/\/www.tatanka.nl\/pl\/wp-json\/wp\/v2\/product"}],"about":[{"href":"https:\/\/www.tatanka.nl\/pl\/wp-json\/wp\/v2\/types\/product"}],"wp:featuredmedia":[{"embeddable":true,"href":"https:\/\/www.tatanka.nl\/pl\/wp-json\/wp\/v2\/media\/126921"}],"wp:attachment":[{"href":"https:\/\/www.tatanka.nl\/pl\/wp-json\/wp\/v2\/media?parent=126918"}],"wp:term":[{"taxonomy":"product_brand","embeddable":true,"href":"https:\/\/www.tatanka.nl\/pl\/wp-json\/wp\/v2\/product_brand?post=126918"},{"taxonomy":"product_cat","embeddable":true,"href":"https:\/\/www.tatanka.nl\/pl\/wp-json\/wp\/v2\/product_cat?post=126918"},{"taxonomy":"product_tag","embeddable":true,"href":"https:\/\/www.tatanka.nl\/pl\/wp-json\/wp\/v2\/product_tag?post=126918"}],"curies":[{"name":"wp","href":"https:\/\/api.w.org\/{rel}","templated":true}]}}