{"id":126929,"date":"2024-12-13T13:58:26","date_gmt":"2024-12-13T12:58:26","guid":{"rendered":"https:\/\/www.tatanka.nl\/?post_type=product&#038;p=126929"},"modified":"2025-10-16T07:58:06","modified_gmt":"2025-10-16T06:58:06","slug":"b-sporeprint","status":"publish","type":"product","link":"https:\/\/www.tatanka.nl\/pl\/b-sporeprint\/","title":{"rendered":"B+ Sporeprint"},"content":{"rendered":"<h2>Czym s\u0105 Sporeprinty B+?<\/h2>\n<p>B+ Sporeprint by McSmart to wysokiej jako\u015bci odcisk zarodnik\u00f3w pochodz\u0105cy ze szczepu B+ Psilocybe cubensis. Znany ze swojej wytrzyma\u0142ej natury i zdolno\u015bci adaptacyjnych, szczep B+ jest ulubionym w\u015br\u00f3d hodowc\u00f3w i psychodelicznych odkrywc\u00f3w. Zarodniki te s\u0105 wykorzystywane do uprawy grzyb\u00f3w, kt\u00f3re s\u0105 du\u017ce, atrakcyjne wizualnie i znane z g\u0142adkich, dobrze zaokr\u0105glonych efekt\u00f3w.<\/p>\n<p>Odcisk zarodnik\u00f3w zawiera miliony \u017cywych zarodnik\u00f3w, starannie zakonserwowanych w celu zachowania ich integralno\u015bci. Dzi\u0119ki B+ Sporeprint u\u017cytkownicy mog\u0105 wyruszy\u0107 w podr\u00f3\u017c wzrostu i odkrywania, uprawiaj\u0105c w\u0142asn\u0105 parti\u0119 magicznych grzyb\u00f3w od podstaw. Proces ten nie tylko zapewnia praktyczne do\u015bwiadczenie, ale tak\u017ce zapewnia g\u0142\u0119bsze zrozumienie nauki i sztuki stoj\u0105cej za mikologi\u0105.<\/p>\n<h2>Historia zarodnik\u00f3w B+<\/h2>\n<p>Odmiana B+ jest znana ze swojego pochodzenia i wszechstronno\u015bci, cz\u0119sto okre\u015blana jako jedna z najbardziej przyjaznych dla pocz\u0105tkuj\u0105cych odmian w \u015bwiecie Psilocybe cubensis. Jego dok\u0142adne pochodzenie pozostaje tajemnic\u0105, ale uwa\u017ca si\u0119, \u017ce zosta\u0142 odkryty w Stanach Zjednoczonych pod koniec XX wieku. Odmiana ta szybko zyska\u0142a popularno\u015b\u0107 ze wzgl\u0119du na swoj\u0105 odporno\u015b\u0107 i zdolno\u015b\u0107 do rozwoju w r\u00f3\u017cnych warunkach, dzi\u0119ki czemu jest dost\u0119pna zar\u00f3wno dla pocz\u0105tkuj\u0105cych, jak i do\u015bwiadczonych hodowc\u00f3w.<\/p>\n<p>Odmiana B+ znana jest z produkcji du\u017cych, karmelowych grzyb\u00f3w o \u0142agodnym, ale silnym dzia\u0142aniu psychodelicznym. Grzyby te s\u0105 cenione nie tylko za swoj\u0105 moc, ale tak\u017ce za zdolno\u015b\u0107 do wywo\u0142ywania uspokajaj\u0105cego i euforycznego stanu, dzi\u0119ki czemu nadaj\u0105 si\u0119 do szerokiego zakresu do\u015bwiadcze\u0144. B+ Sporeprint McSmart zachowuje dziedzictwo tej niezwyk\u0142ej odmiany, oferuj\u0105c niezawodny i autentyczny produkt dla entuzjast\u00f3w na ca\u0142ym \u015bwiecie.<\/p>\n<h2>Jak korzysta\u0107 z odcisk\u00f3w zarodnik\u00f3w B+<\/h2>\n<p><strong>Krok 1: Przygotowanie szalki Petriego<\/strong><br \/>\nZacznij od sterylnej p\u0142ytki Petriego zawieraj\u0105cej roztw\u00f3r agaru. Agar mo\u017cna przygotowa\u0107 samodzielnie lub kupi\u0107 gotowy. Wa\u017cne jest, aby otworzy\u0107 szalk\u0119 w sterylnym \u015brodowisku, aby unikn\u0105\u0107 jakiegokolwiek zanieczyszczenia.<\/p>\n<p><strong>Krok 2: Dodawanie zarodnik\u00f3w<\/strong><br \/>\nZa pomoc\u0105 sterylnej strzykawki pobra\u0107 p\u0142yn z fiolki z zarodnikami. Je\u015bli pracujesz z odbitk\u0105 zarodnik\u00f3w, delikatnie zeskrob kilka zarodnik\u00f3w z odbitki i pozw\u00f3l im spa\u015b\u0107 na powierzchni\u0119 agaru w szalce Petriego.<\/p>\n<p><strong>Krok 3: Inkubacja<\/strong><br \/>\nZamknij szalk\u0119 Petriego i umie\u015b\u0107 j\u0105 w odpowiednim, kontrolowanym \u015brodowisku, w kt\u00f3rym zarodniki mog\u0105 bez przeszk\u00f3d rozwija\u0107 si\u0119 w grzybni\u0119. Okres inkubacji mo\u017ce wynosi\u0107 od kilku dni do tygodni, w zale\u017cno\u015bci od warunk\u00f3w i rodzaju grzyba.<\/p>\n<p><strong>Krok 4: Oczyszczanie grzybni<\/strong><br \/>\nGdy grzybnia rozwinie si\u0119 wystarczaj\u0105co i pokryje du\u017c\u0105 cz\u0119\u015b\u0107 szalki Petriego, nadejdzie czas na jej oczyszczenie. Ostro\u017cnie wybierz zdrowy, w pe\u0142ni rozwini\u0119ty kawa\u0142ek grzybni do dalszego wykorzystania.<\/p>\n<p><strong>Krok 5: Ci\u0119cie grzybni<\/strong><br \/>\nZa pomoc\u0105 sterylnego skalpela wyci\u0105\u0107 niewielki fragment grzybni, oko\u0142o 6 x 6 mm. Kawa\u0142ek ten pos\u0142u\u017cy jako starter dla nowej, czystej kultury.<\/p>\n<p><strong>Krok 6: Inokulacja po\u017cywki wzrostowej<\/strong><br \/>\nPrzenie\u015b wyci\u0119ty kawa\u0142ek grzybni na \u015bwie\u017ce pod\u0142o\u017ce, takie jak nowa p\u0142ytka Petriego z agarem lub inne odpowiednie pod\u0142o\u017ce do dalszej hodowli. Upewnij si\u0119, \u017ce nowe pod\u0142o\u017ce jest przechowywane w sterylnych warunkach, aby zachowa\u0107 jego integralno\u015b\u0107.<\/p>\n<p><span style=\"font-size: 14.4px;\">Proces ten wymaga cierpliwo\u015bci i precyzji, ale nagrod\u0105 jest mo\u017cliwo\u015b\u0107 wyhodowania \u017cywych i zdrowych grzyb\u00f3w magicznych B+. Ka\u017cdy krok zapewnia cenny wgl\u0105d w fascynuj\u0105cy \u015bwiat uprawy grzyb\u00f3w, dzi\u0119ki czemu podr\u00f3\u017c jest r\u00f3wnie satysfakcjonuj\u0105ca, jak wynik.<\/span><\/p>\n<h2>Sk\u0142adniki B+ Sporeprints<\/h2>\n<p>B+ Sporeprint zawiera miliony zarodnik\u00f3w szczepu B+ Psilocybe cubensis. Te mikroskopijne zarodniki s\u0105 genetycznym planem do uprawy grzybni i ostatecznie dojrza\u0142ych grzyb\u00f3w. Znany ze swojej si\u0142y i zdolno\u015bci adaptacyjnych, szczep B+ produkuje grzyby o wyra\u017anych w\u0142a\u015bciwo\u015bciach fizycznych i psychoaktywnych.<\/p>\n<p>Ka\u017cdy odcisk zarodnika jest skrupulatnie konserwowany, aby zapewni\u0107 \u017cywotno\u015b\u0107 zarodnik\u00f3w. Grzyby Psilocybe cubensis, w tym odmiana B+, naturalnie zawieraj\u0105 aktywne zwi\u0105zki psylocybin\u0119 i psylocyn\u0119. Substancje te s\u0105 odpowiedzialne za g\u0142\u0119bokie efekty psychodeliczne do\u015bwiadczane podczas konsumpcji. Dzi\u0119ki B+ Sporeprint mo\u017cesz uprawia\u0107 t\u0119 niezwyk\u0142\u0105 odmian\u0119 i zdoby\u0107 do\u015bwiadczenie z pierwszej r\u0119ki z jej unikalnymi w\u0142a\u015bciwo\u015bciami.<\/p>\n<p><strong>Ostrze\u017cenie<\/strong><br \/>\nMagiczne grzyby wyhodowane z B+ Sporeprint zawieraj\u0105 psylocybin\u0119 i psylocyn\u0119, silne substancje halucynogenne. Zwi\u0105zki te mog\u0105 zmienia\u0107 percepcj\u0119, wywo\u0142ywa\u0107 halucynacje i g\u0142\u0119boko wp\u0142ywa\u0107 na \u015bwiadomo\u015b\u0107. Zawsze u\u017cywaj magicznych grzyb\u00f3w odpowiedzialnie, w bezpiecznym \u015brodowisku i z dala od dzieci. Zrozum efekty przed u\u017cyciem i szanuj moc tych naturalnych substancji.<\/p>","protected":false},"excerpt":{"rendered":"<p>Odkryj czaruj\u0105cy \u015bwiat B+ Sporeprint by McSmart, stworzony dla do\u015bwiadczonych entuzjast\u00f3w psychodelii. Ten najwy\u017cszej jako\u015bci odcisk zarodnik\u00f3w odblokowuje potencja\u0142 uprawy w\u0142asnych grzyb\u00f3w magicznych B+, znanych ze swojej odporno\u015bci i imponuj\u0105cych rozmiar\u00f3w. Idealny dla os\u00f3b poszukuj\u0105cych g\u0142\u0119bszego zrozumienia psychodelik\u00f3w, B+ Sporeprint zaprasza do odkrywania urzekaj\u0105cych wzor\u00f3w i tajemnic natury.<\/p>","protected":false},"featured_media":126931,"template":"","meta":[],"product_brand":[],"product_cat":[657,297,518,515,476],"product_tag":[662],"class_list":{"0":"post-126929","1":"product","2":"type-product","3":"status-publish","4":"has-post-thumbnail","6":"product_cat-magic-mushroom-spore-prints","7":"product_cat-all-products","8":"product_cat-mushrooms","9":"product_cat-shroomshop","10":"product_cat-smartshop","11":"product_tag-shrdeal","12":"product_shipping_class-creditcard-off","14":"first","15":"instock","16":"taxable","17":"shipping-taxable","18":"purchasable","19":"product-type-variable","20":"has-default-attributes"},"_links":{"self":[{"href":"https:\/\/www.tatanka.nl\/pl\/wp-json\/wp\/v2\/product\/126929","targetHints":{"allow":["GET"]}}],"collection":[{"href":"https:\/\/www.tatanka.nl\/pl\/wp-json\/wp\/v2\/product"}],"about":[{"href":"https:\/\/www.tatanka.nl\/pl\/wp-json\/wp\/v2\/types\/product"}],"wp:featuredmedia":[{"embeddable":true,"href":"https:\/\/www.tatanka.nl\/pl\/wp-json\/wp\/v2\/media\/126931"}],"wp:attachment":[{"href":"https:\/\/www.tatanka.nl\/pl\/wp-json\/wp\/v2\/media?parent=126929"}],"wp:term":[{"taxonomy":"product_brand","embeddable":true,"href":"https:\/\/www.tatanka.nl\/pl\/wp-json\/wp\/v2\/product_brand?post=126929"},{"taxonomy":"product_cat","embeddable":true,"href":"https:\/\/www.tatanka.nl\/pl\/wp-json\/wp\/v2\/product_cat?post=126929"},{"taxonomy":"product_tag","embeddable":true,"href":"https:\/\/www.tatanka.nl\/pl\/wp-json\/wp\/v2\/product_tag?post=126929"}],"curies":[{"name":"wp","href":"https:\/\/api.w.org\/{rel}","templated":true}]}}