{"id":126941,"date":"2024-12-13T14:19:43","date_gmt":"2024-12-13T13:19:43","guid":{"rendered":"https:\/\/www.tatanka.nl\/?post_type=product&#038;p=126941"},"modified":"2025-10-16T07:58:04","modified_gmt":"2025-10-16T06:58:04","slug":"mexican-sporeprint","status":"publish","type":"product","link":"https:\/\/www.tatanka.nl\/pl\/mexican-sporeprint\/","title":{"rendered":"Mexican Sporeprint"},"content":{"rendered":"<h2>Czym s\u0105 odciski zarodnik\u00f3w Mexican?<\/h2>\n<p>Odciski zarodnik\u00f3w Mexican to produkt premium przeznaczony do uprawy kultowego szczepu Psilocybe cubensis Mexican. Te odciski zarodnik\u00f3w, wykonane przez McSmart, zawieraj\u0105 miliony zarodnik\u00f3w starannie zebranych z dojrza\u0142ych grzyb\u00f3w Mexican, oferuj\u0105c niezawodny i autentyczny punkt wyj\u015bcia do uprawy.<\/p>\n<p>Znane ze swojego kulturowego i historycznego znaczenia grzyby Mexican od dawna s\u0105 cenione za swoj\u0105 rol\u0119 w duchowych i mistycznych do\u015bwiadczeniach. Zarodniki w Mexican Sporeprint s\u0105 przechowywane na sterylnym pod\u0142o\u017cu, co zapewnia ich jako\u015b\u0107 i u\u017cyteczno\u015b\u0107. Produkt ten jest idealny dla zaawansowanych u\u017cytkownik\u00f3w, kt\u00f3rzy chc\u0105 wyhodowa\u0107 w\u0142asne grzyby lub rozszerzy\u0107 swoje badania mikologiczne.<\/p>\n<p>Odcisk zarodnik\u00f3w Mexican to co\u015b wi\u0119cej ni\u017c narz\u0119dzie do uprawy; to brama do zrozumienia fascynuj\u0105cego cyklu \u017cycia grzyb\u00f3w. Niezale\u017cnie od tego, czy chodzi o rozw\u00f3j osobisty, czy eksploracj\u0119 naukow\u0105, ten odcisk zarodnik\u00f3w stanowi niezawodn\u0105 i wysokiej jako\u015bci podstaw\u0119 dla twoich przedsi\u0119wzi\u0119\u0107.<\/p>\n<h2>Historia zarodnik\u00f3w Mexican<\/h2>\n<p>Historia grzyba Mexican si\u0119ga tysi\u0119cy lat wstecz, g\u0142\u0119boko spleciona z rytua\u0142ami i tradycjami staro\u017cytnych kultur mezoameryka\u0144skich. Rdzenne grupy, takie jak Aztekowie i Mazatekowie, wykorzystywa\u0142y te grzyby ze wzgl\u0119du na ich w\u0142a\u015bciwo\u015bci psychoaktywne w \u015bwi\u0119tych ceremoniach. Okre\u015blali oni grzyby jako <em>teonan\u00e1catl<\/em>, co oznacza \"cia\u0142o bog\u00f3w\".<\/p>\n<p>W czasach wsp\u00f3\u0142czesnych ponowne odkrycie tych grzyb\u00f3w przez zachodnich badaczy, takich jak R. Gordon Wasson w po\u0142owie XX wieku, zwr\u00f3ci\u0142o globaln\u0105 uwag\u0119 na ich kulturowe i duchowe znaczenie. Doprowadzi\u0142o to do opracowania technik uprawy, w tym odcisk\u00f3w zarodnik\u00f3w, kt\u00f3re umo\u017cliwi\u0142y entuzjastom na ca\u0142ym \u015bwiecie badanie i upraw\u0119 tych fascynuj\u0105cych grzyb\u00f3w.<\/p>\n<p>Sporeprint Mexican przenosi t\u0119 bogat\u0105 histori\u0119, oferuj\u0105c po\u0142\u0105czenie z g\u0142\u0119bokim dziedzictwem szczepu Psilocybe cubensis Mexican. Uprawiaj\u0105c te grzyby, u\u017cytkownicy mog\u0105 uhonorowa\u0107 i odkrywa\u0107 trwa\u0142\u0105 mistyk\u0119 tego niezwyk\u0142ego gatunku.<\/p>\n<h2>Jak korzysta\u0107 z odcisk\u00f3w zarodnik\u00f3w Mexican<\/h2>\n<p><strong>Krok 1: Przygotowanie szalki Petriego<\/strong><br \/>\nZacznij od sterylnej p\u0142ytki Petriego zawieraj\u0105cej roztw\u00f3r agaru. Agar mo\u017cna przygotowa\u0107 samodzielnie lub kupi\u0107 gotowy. Wa\u017cne jest, aby otworzy\u0107 szalk\u0119 w sterylnym \u015brodowisku, aby unikn\u0105\u0107 jakiegokolwiek zanieczyszczenia.<\/p>\n<p><strong>Krok 2: Dodawanie zarodnik\u00f3w<\/strong><br \/>\nZa pomoc\u0105 sterylnej strzykawki pobra\u0107 p\u0142yn z fiolki z zarodnikami. Je\u015bli pracujesz z odbitk\u0105 zarodnik\u00f3w, delikatnie zeskrob kilka zarodnik\u00f3w z odbitki i pozw\u00f3l im spa\u015b\u0107 na powierzchni\u0119 agaru w szalce Petriego.<\/p>\n<p><strong>Krok 3: Inkubacja<\/strong><br \/>\nZamknij szalk\u0119 Petriego i umie\u015b\u0107 j\u0105 w odpowiednim, kontrolowanym \u015brodowisku, w kt\u00f3rym zarodniki mog\u0105 bez przeszk\u00f3d rozwija\u0107 si\u0119 w grzybni\u0119. Okres inkubacji mo\u017ce wynosi\u0107 od kilku dni do tygodni, w zale\u017cno\u015bci od warunk\u00f3w i rodzaju grzyba.<\/p>\n<p><strong>Krok 4: Oczyszczanie grzybni<\/strong><br \/>\nGdy grzybnia rozwinie si\u0119 wystarczaj\u0105co i pokryje du\u017c\u0105 cz\u0119\u015b\u0107 szalki Petriego, nadejdzie czas na jej oczyszczenie. Ostro\u017cnie wybierz zdrowy, w pe\u0142ni rozwini\u0119ty kawa\u0142ek grzybni do dalszego wykorzystania.<\/p>\n<p><strong>Krok 5: Ci\u0119cie grzybni<\/strong><br \/>\nZa pomoc\u0105 sterylnego skalpela wyci\u0105\u0107 niewielki fragment grzybni, oko\u0142o 6 x 6 mm. Kawa\u0142ek ten pos\u0142u\u017cy jako starter dla nowej, czystej kultury.<\/p>\n<p><strong>Krok 6: Inokulacja po\u017cywki wzrostowej<\/strong><br \/>\nPrzenie\u015b wyci\u0119ty kawa\u0142ek grzybni na \u015bwie\u017ce pod\u0142o\u017ce, takie jak nowa p\u0142ytka Petriego z agarem lub inne odpowiednie pod\u0142o\u017ce do dalszej hodowli. Upewnij si\u0119, \u017ce nowe pod\u0142o\u017ce jest przechowywane w sterylnych warunkach, aby zachowa\u0107 jego integralno\u015b\u0107.<\/p>\n<p>Proces ten wymaga cierpliwo\u015bci i precyzji, ale nagrod\u0105 jest mo\u017cliwo\u015b\u0107 wyhodowania \u017cywych i zdrowych grzyb\u00f3w magicznych Mexican. Ka\u017cdy krok zapewnia cenny wgl\u0105d w fascynuj\u0105cy \u015bwiat uprawy grzyb\u00f3w, dzi\u0119ki czemu podr\u00f3\u017c jest r\u00f3wnie satysfakcjonuj\u0105ca, jak jej wynik.<\/p>\n<h2>Sk\u0142adniki Mexican Sporeprints<\/h2>\n<p>Sporeprint Mexican sk\u0142ada si\u0119 z milion\u00f3w zarodnik\u00f3w pochodz\u0105cych z dojrza\u0142ych grzyb\u00f3w Psilocybe cubensis Mexican. Zarodniki te s\u0105 starannie zbierane i konserwowane na sterylnym pod\u0142o\u017cu, aby zapewni\u0107 ich czysto\u015b\u0107 i \u017cywotno\u015b\u0107.<\/p>\n<p>Podczas gdy sam odcisk zarodnika nie zawiera substancji psychoaktywnych, grzyby wyhodowane z tych zarodnik\u00f3w naturalnie wytwarzaj\u0105 zwi\u0105zki takie jak psylocybina i psylocyna. Zwi\u0105zki te s\u0105 odpowiedzialne za efekty halucynogenne, kt\u00f3re rozs\u0142awi\u0142y grzyby Mexican.<\/p>\n<p>Korzystaj\u0105c ze Sporeprint Mexican, hodowcy zyskuj\u0105 dost\u0119p do czystego i niezawodnego \u017ar\u00f3d\u0142a materia\u0142u genetycznego. Zapewnia to udany pocz\u0105tek procesu uprawy, zar\u00f3wno do u\u017cytku osobistego, jak i bada\u0144 naukowych.<\/p>\n<hr \/>\n<p><strong>Ostrze\u017cenie:<\/strong><br \/>\nGrzyby magiczne naturalnie zawieraj\u0105 psylocybin\u0119 i psylocyn\u0119, silne substancje psychoaktywne, kt\u00f3re mog\u0105 zmienia\u0107 percepcj\u0119 i wywo\u0142ywa\u0107 halucynacje. U\u017cywaj ich odpowiedzialnie i przechowuj poza zasi\u0119giem dzieci. Zawsze szanuj dzia\u0142anie tych zwi\u0105zk\u00f3w i przestrzegaj przepis\u00f3w prawnych obowi\u0105zuj\u0105cych w Twoim regionie.<\/p>","protected":false},"excerpt":{"rendered":"<p>Odkryj urzekaj\u0105cy \u015bwiat Mexican Sporeprint by McSmart, stworzony dla do\u015bwiadczonych entuzjast\u00f3w psychodelii. Poznaj skomplikowane wzory i unikalne cechy tego wysokiej jako\u015bci odcisku zarodnik\u00f3w, b\u0119d\u0105cego kamieniem w\u0119gielnym w uprawie grzyb\u00f3w i badaniach mykologicznych.<\/p>","protected":false},"featured_media":126943,"template":"","meta":[],"product_brand":[],"product_cat":[657,297,515,476],"product_tag":[662],"class_list":{"0":"post-126941","1":"product","2":"type-product","3":"status-publish","4":"has-post-thumbnail","6":"product_cat-magic-mushroom-spore-prints","7":"product_cat-all-products","8":"product_cat-shroomshop","9":"product_cat-smartshop","10":"product_tag-shrdeal","11":"product_shipping_class-creditcard-off","13":"first","14":"instock","15":"taxable","16":"shipping-taxable","17":"purchasable","18":"product-type-variable","19":"has-default-attributes"},"_links":{"self":[{"href":"https:\/\/www.tatanka.nl\/pl\/wp-json\/wp\/v2\/product\/126941","targetHints":{"allow":["GET"]}}],"collection":[{"href":"https:\/\/www.tatanka.nl\/pl\/wp-json\/wp\/v2\/product"}],"about":[{"href":"https:\/\/www.tatanka.nl\/pl\/wp-json\/wp\/v2\/types\/product"}],"wp:featuredmedia":[{"embeddable":true,"href":"https:\/\/www.tatanka.nl\/pl\/wp-json\/wp\/v2\/media\/126943"}],"wp:attachment":[{"href":"https:\/\/www.tatanka.nl\/pl\/wp-json\/wp\/v2\/media?parent=126941"}],"wp:term":[{"taxonomy":"product_brand","embeddable":true,"href":"https:\/\/www.tatanka.nl\/pl\/wp-json\/wp\/v2\/product_brand?post=126941"},{"taxonomy":"product_cat","embeddable":true,"href":"https:\/\/www.tatanka.nl\/pl\/wp-json\/wp\/v2\/product_cat?post=126941"},{"taxonomy":"product_tag","embeddable":true,"href":"https:\/\/www.tatanka.nl\/pl\/wp-json\/wp\/v2\/product_tag?post=126941"}],"curies":[{"name":"wp","href":"https:\/\/api.w.org\/{rel}","templated":true}]}}