{"id":126945,"date":"2024-12-13T14:23:37","date_gmt":"2024-12-13T13:23:37","guid":{"rendered":"https:\/\/www.tatanka.nl\/?post_type=product&#038;p=126945"},"modified":"2025-10-16T07:58:03","modified_gmt":"2025-10-16T06:58:03","slug":"golden-teacher-sporeprint","status":"publish","type":"product","link":"https:\/\/www.tatanka.nl\/pl\/golden-teacher-sporeprint\/","title":{"rendered":"Golden Teacher Sporeprint"},"content":{"rendered":"<h2>Czym s\u0105 odciski zarodnik\u00f3w Golden Teacher?<\/h2>\n<p>Odciski zarodnik\u00f3w Golden Teacher to kolekcje mikroskopijnych zarodnik\u00f3w grzyb\u00f3w starannie zebranych z grzyba Golden Teacher. Te odciski zarodnik\u00f3w s\u0105 wysoko cenione w\u015br\u00f3d entuzjast\u00f3w ze wzgl\u0119du na ich wyj\u0105tkow\u0105 jako\u015b\u0107 i potencja\u0142 do uprawy i badania magicznych grzyb\u00f3w. Ka\u017cdy odcisk zarodnika s\u0142u\u017cy jako wz\u00f3r genetyczny, zapewniaj\u0105c podstaw\u0119 do uprawy grzyb\u00f3w lub badania r\u00f3\u017cnorodno\u015bci mikologicznej.<\/p>\n<p>Grzyb Golden Teacher jest znany ze swojej z\u0142otej czapki i m\u0105drej reputacji w \u015bwiecie psychodelik\u00f3w. Jego odcisk zarodnika zawiera miliony zarodnik\u00f3w, kt\u00f3re przy prawid\u0142owym obchodzeniu si\u0119 z nimi mog\u0105 przekszta\u0142ci\u0107 si\u0119 w dobrze prosperuj\u0105c\u0105 grzybni\u0119. Niezale\u017cnie od tego, czy zag\u0142\u0119biasz si\u0119 w sztuk\u0119 uprawy grzyb\u00f3w, czy po prostu intryguje Ci\u0119 nauka stoj\u0105ca za tymi zarodnikami, odciski zarodnik\u00f3w Golden Teacher stanowi\u0105 bram\u0119 do fascynuj\u0105cego zjawiska naturalnego.<\/p>\n<h2>Historia odcisk\u00f3w zarodnik\u00f3w Golden Teacher<\/h2>\n<p>Pochodzenie grzyba Golden Teacher jest owiane tajemnic\u0105. Gatunek ten pojawi\u0142 si\u0119 po raz pierwszy w latach 80. i szybko zyska\u0142 uznanie ze wzgl\u0119du na swoje unikalne w\u0142a\u015bciwo\u015bci i hipnotyzuj\u0105cy wygl\u0105d. Nazwa \"Golden Teacher\" odzwierciedla z\u0142oty odcie\u0144 grzyba i jego reputacj\u0119 w zakresie przekazywania g\u0142\u0119bokich, introspekcyjnych do\u015bwiadcze\u0144.<\/p>\n<p>Przez dziesi\u0119ciolecia odciski zarodnik\u00f3w Golden Teacher sta\u0142y si\u0119 podstaw\u0105 dla entuzjast\u00f3w chc\u0105cych uprawia\u0107 lub bada\u0107 te grzyby. W przeciwie\u0144stwie do innych odmian, Golden Teacher s\u0105 podziwiane nie tylko za ich walory estetyczne i psychodeliczne, ale tak\u017ce za ich odporno\u015b\u0107 i zdolno\u015b\u0107 adaptacji. Odciski zarodnik\u00f3w uciele\u015bniaj\u0105 genetyczn\u0105 esencj\u0119 tego ukochanego grzyba, \u0142\u0105cz\u0105c wsp\u00f3\u0142czesnych hodowc\u00f3w z jego bogat\u0105 histori\u0105.<\/p>\n<h2>Jak korzysta\u0107 z odcisk\u00f3w zarodnik\u00f3w Golden Teacher<\/h2>\n<p><strong>Krok 1: Przygotowanie szalki Petriego<\/strong><br \/>\nZacznij od sterylnej p\u0142ytki Petriego zawieraj\u0105cej roztw\u00f3r agaru. Agar mo\u017cna przygotowa\u0107 samodzielnie lub kupi\u0107 gotowy. Wa\u017cne jest, aby otworzy\u0107 szalk\u0119 w sterylnym \u015brodowisku, aby unikn\u0105\u0107 jakiegokolwiek zanieczyszczenia.<\/p>\n<p><strong>Krok 2: Dodawanie zarodnik\u00f3w<\/strong><br \/>\nZa pomoc\u0105 sterylnej strzykawki pobra\u0107 p\u0142yn z fiolki z zarodnikami. Je\u015bli pracujesz z odbitk\u0105 zarodnik\u00f3w, delikatnie zeskrob kilka zarodnik\u00f3w z odbitki i pozw\u00f3l im spa\u015b\u0107 na powierzchni\u0119 agaru w szalce Petriego.<\/p>\n<p><strong>Krok 3: Inkubacja<\/strong><br \/>\nZamknij szalk\u0119 Petriego i umie\u015b\u0107 j\u0105 w odpowiednim, kontrolowanym \u015brodowisku, w kt\u00f3rym zarodniki mog\u0105 bez przeszk\u00f3d rozwija\u0107 si\u0119 w grzybni\u0119. Okres inkubacji mo\u017ce wynosi\u0107 od kilku dni do tygodni, w zale\u017cno\u015bci od warunk\u00f3w i rodzaju grzyba.<\/p>\n<p><strong>Krok 4: Oczyszczanie grzybni<\/strong><br \/>\nGdy grzybnia rozwinie si\u0119 wystarczaj\u0105co i pokryje du\u017c\u0105 cz\u0119\u015b\u0107 szalki Petriego, nadejdzie czas na jej oczyszczenie. Ostro\u017cnie wybierz zdrowy, w pe\u0142ni rozwini\u0119ty kawa\u0142ek grzybni do dalszego wykorzystania.<\/p>\n<p><strong>Krok 5: Ci\u0119cie grzybni<\/strong><br \/>\nZa pomoc\u0105 sterylnego skalpela wyci\u0105\u0107 niewielki fragment grzybni, oko\u0142o 6 x 6 mm. Kawa\u0142ek ten pos\u0142u\u017cy jako starter dla nowej, czystej kultury.<\/p>\n<p><strong>Krok 6: Inokulacja po\u017cywki wzrostowej<\/strong><br \/>\nPrzenie\u015b wyci\u0119ty kawa\u0142ek grzybni na \u015bwie\u017ce pod\u0142o\u017ce, takie jak nowa p\u0142ytka Petriego z agarem lub inne odpowiednie pod\u0142o\u017ce do dalszej hodowli. Upewnij si\u0119, \u017ce nowe pod\u0142o\u017ce jest przechowywane w sterylnych warunkach, aby zachowa\u0107 jego integralno\u015b\u0107.<\/p>\n<p>Proces ten wymaga cierpliwo\u015bci i precyzji, ale nagrod\u0105 jest mo\u017cliwo\u015b\u0107 wyhodowania \u017cywych i zdrowych grzyb\u00f3w magicznych Golden Teacher. Ka\u017cdy krok zapewnia cenny wgl\u0105d w fascynuj\u0105cy \u015bwiat uprawy grzyb\u00f3w, dzi\u0119ki czemu podr\u00f3\u017c jest r\u00f3wnie satysfakcjonuj\u0105ca, jak jej wynik.<\/p>\n<h2>Sk\u0142adniki Golden Teacher Sporeprints<\/h2>\n<p>Odciski zarodnik\u00f3w Golden Teacher zawieraj\u0105 miliony \u017cywotnych zarodnik\u00f3w zebranych z dojrza\u0142ych grzyb\u00f3w Golden Teacher. Zarodniki te zawieraj\u0105 kompletny sk\u0142ad genetyczny grzyba macierzystego, umo\u017cliwiaj\u0105c sp\u00f3jn\u0105 upraw\u0119. Nie zawieraj\u0105 \u017cadnych dodatk\u00f3w ani chemikali\u00f3w - ka\u017cdy odcisk zarodnika jest naturalnym produktem cyklu \u017cycia grzyba Golden Teacher.<\/p>\n<p>Zarodniki s\u0105 przechowywane na sterylnym pod\u0142o\u017cu, aby zachowa\u0107 ich integralno\u015b\u0107. Przy odpowiednim obchodzeniu si\u0119, odciski zarodnik\u00f3w mog\u0105 by\u0107 przechowywane przez d\u0142u\u017cszy czas bez utraty \u017cywotno\u015bci, co czyni je niezawodnym \u017ar\u00f3d\u0142em informacji dla entuzjast\u00f3w mikologii.<\/p>\n<p><strong>Ostrze\u017cenie<\/strong><br \/>\nGrzyby Golden Teacher zawieraj\u0105 psylocybin\u0119 i psylocyn\u0119, zwi\u0105zki o dzia\u0142aniu psychoaktywnym. Substancje te mog\u0105 wywo\u0142ywa\u0107 zmienione stany \u015bwiadomo\u015bci, w tym halucynacje. Nale\u017cy zawsze obchodzi\u0107 si\u0119 z nimi i spo\u017cywa\u0107 je w spos\u00f3b odpowiedzialny. Przechowuj produkty zawieraj\u0105ce te substancje poza zasi\u0119giem dzieci i przechowuj je w bezpieczny spos\u00f3b.<\/p>","protected":false},"excerpt":{"rendered":"<p>Odkryj czaruj\u0105cy Sporeprint Golden Teacher od McSmart, stworzony dla do\u015bwiadczonych entuzjast\u00f3w psychodelik\u00f3w. Odblokuj ukryte cuda natury dzi\u0119ki temu wysokiej jako\u015bci odciskowi zarodnik\u00f3w, zaprojektowanemu w celu nadania g\u0142\u0119bi i wgl\u0105du w psychodeliczn\u0105 eksploracj\u0119.<\/p>","protected":false},"featured_media":126947,"template":"","meta":[],"product_brand":[],"product_cat":[657,297,515,476],"product_tag":[662],"class_list":{"0":"post-126945","1":"product","2":"type-product","3":"status-publish","4":"has-post-thumbnail","6":"product_cat-magic-mushroom-spore-prints","7":"product_cat-all-products","8":"product_cat-shroomshop","9":"product_cat-smartshop","10":"product_tag-shrdeal","11":"product_shipping_class-creditcard-off","13":"first","14":"instock","15":"taxable","16":"shipping-taxable","17":"purchasable","18":"product-type-variable","19":"has-default-attributes"},"_links":{"self":[{"href":"https:\/\/www.tatanka.nl\/pl\/wp-json\/wp\/v2\/product\/126945","targetHints":{"allow":["GET"]}}],"collection":[{"href":"https:\/\/www.tatanka.nl\/pl\/wp-json\/wp\/v2\/product"}],"about":[{"href":"https:\/\/www.tatanka.nl\/pl\/wp-json\/wp\/v2\/types\/product"}],"wp:featuredmedia":[{"embeddable":true,"href":"https:\/\/www.tatanka.nl\/pl\/wp-json\/wp\/v2\/media\/126947"}],"wp:attachment":[{"href":"https:\/\/www.tatanka.nl\/pl\/wp-json\/wp\/v2\/media?parent=126945"}],"wp:term":[{"taxonomy":"product_brand","embeddable":true,"href":"https:\/\/www.tatanka.nl\/pl\/wp-json\/wp\/v2\/product_brand?post=126945"},{"taxonomy":"product_cat","embeddable":true,"href":"https:\/\/www.tatanka.nl\/pl\/wp-json\/wp\/v2\/product_cat?post=126945"},{"taxonomy":"product_tag","embeddable":true,"href":"https:\/\/www.tatanka.nl\/pl\/wp-json\/wp\/v2\/product_tag?post=126945"}],"curies":[{"name":"wp","href":"https:\/\/api.w.org\/{rel}","templated":true}]}}