{"id":126949,"date":"2024-12-13T14:28:54","date_gmt":"2024-12-13T13:28:54","guid":{"rendered":"https:\/\/www.tatanka.nl\/?post_type=product&#038;p=126949"},"modified":"2025-10-16T07:58:03","modified_gmt":"2025-10-16T06:58:03","slug":"mazatapec-sporeprint","status":"publish","type":"product","link":"https:\/\/www.tatanka.nl\/pl\/mazatapec-sporeprint\/","title":{"rendered":"Mazatapec Sporeprint"},"content":{"rendered":"<h2>Czym s\u0105 odciski zarodnik\u00f3w Mazatapec?<\/h2>\n<p>Odciski zarodnik\u00f3w Mazatapec to brama do fascynuj\u0105cego \u015bwiata uprawy magicznych grzyb\u00f3w. Te odciski zarodnik\u00f3w zawieraj\u0105 genetyczny plan grzyb\u00f3w Mazatapec, odmiany znanej ze swojego wyj\u0105tkowego wygl\u0105du i historycznego znaczenia w rdzennych rytua\u0142ach. Odcisk zarodnika to zasadniczo zbi\u00f3r zarodnik\u00f3w skrupulatnie zebranych na sterylnej powierzchni, umo\u017cliwiaj\u0105cy entuzjastom upraw\u0119 i badanie tych grzyb\u00f3w.<\/p>\n<p>Sporeprints oferuj\u0105 co\u015b wi\u0119cej ni\u017c tylko spos\u00f3b na upraw\u0119 grzyb\u00f3w; zapewniaj\u0105 g\u0142\u0119bsze po\u0142\u0105czenie z naturalnymi procesami stoj\u0105cymi za wzrostem grzyb\u00f3w. Dzi\u0119ki Mazatapec Sporeprints mo\u017cesz odkrywa\u0107 te intryguj\u0105ce wzory, jednocze\u015bnie odkrywaj\u0105c tajemnice mikologii. S\u0105 one idealne dla os\u00f3b z pasj\u0105 do natury, nauki lub sztuki psychodelicznej.<\/p>\n<h2>Historia zarodnik\u00f3w Mazatapec<\/h2>\n<p>Grzyb Mazatapec wywodzi si\u0119 z ludu Mazatec z Meksyku, kt\u00f3ry wykorzystywa\u0142 te grzyby w \u015bwi\u0119tych ceremoniach. Sama nazwa odzwierciedla to pochodzenie, \u0142\u0105cz\u0105c dziedzictwo kultury Mazatek\u00f3w z unikaln\u0105 to\u017csamo\u015bci\u0105 grzyba. Przez wieki grzyby te odgrywa\u0142y istotn\u0105 rol\u0119 w praktykach duchowych, s\u0142u\u017c\u0105c jako narz\u0119dzie do osi\u0105gania podwy\u017cszonych stan\u00f3w \u015bwiadomo\u015bci.<\/p>\n<p>We wsp\u00f3\u0142czesnej erze odkrycie i zachowanie grzyb\u00f3w Mazatapec zainspirowa\u0142o odrodzenie ich bada\u0144. Odciski zarodnik\u00f3w, takie jak te, pozwalaj\u0105 entuzjastom zaanga\u017cowa\u0107 si\u0119 w t\u0119 bogat\u0105 histori\u0119, zachowuj\u0105c dziedzictwo tych niezwyk\u0142ych grzyb\u00f3w, jednocze\u015bnie badaj\u0105c ich naukowe i kulturowe znaczenie.<\/p>\n<h2>Jak korzysta\u0107 z odcisk\u00f3w zarodnik\u00f3w Mazatapec<\/h2>\n<p><strong>Krok 1: Przygotowanie szalki Petriego<\/strong><br \/>\nZacznij od sterylnej p\u0142ytki Petriego zawieraj\u0105cej roztw\u00f3r agaru. Agar mo\u017cna przygotowa\u0107 samodzielnie lub kupi\u0107 gotowy. Wa\u017cne jest, aby otworzy\u0107 szalk\u0119 w sterylnym \u015brodowisku, aby unikn\u0105\u0107 jakiegokolwiek zanieczyszczenia.<\/p>\n<p><strong>Krok 2: Dodawanie zarodnik\u00f3w<\/strong><br \/>\nZa pomoc\u0105 sterylnej strzykawki pobra\u0107 p\u0142yn z fiolki z zarodnikami. Je\u015bli pracujesz z odbitk\u0105 zarodnik\u00f3w, delikatnie zeskrob kilka zarodnik\u00f3w z odbitki i pozw\u00f3l im spa\u015b\u0107 na powierzchni\u0119 agaru w szalce Petriego.<\/p>\n<p><strong>Krok 3: Inkubacja<\/strong><br \/>\nZamknij szalk\u0119 Petriego i umie\u015b\u0107 j\u0105 w odpowiednim, kontrolowanym \u015brodowisku, w kt\u00f3rym zarodniki mog\u0105 bez przeszk\u00f3d rozwija\u0107 si\u0119 w grzybni\u0119. Okres inkubacji mo\u017ce wynosi\u0107 od kilku dni do tygodni, w zale\u017cno\u015bci od warunk\u00f3w i rodzaju grzyba.<\/p>\n<p><strong>Krok 4: Oczyszczanie grzybni<\/strong><br \/>\nGdy grzybnia rozwinie si\u0119 wystarczaj\u0105co i pokryje du\u017c\u0105 cz\u0119\u015b\u0107 szalki Petriego, nadejdzie czas na jej oczyszczenie. Ostro\u017cnie wybierz zdrowy, w pe\u0142ni rozwini\u0119ty kawa\u0142ek grzybni do dalszego wykorzystania.<\/p>\n<p><strong>Krok 5: Ci\u0119cie grzybni<\/strong><br \/>\nZa pomoc\u0105 sterylnego skalpela wyci\u0105\u0107 niewielki fragment grzybni, oko\u0142o 6 x 6 mm. Kawa\u0142ek ten pos\u0142u\u017cy jako starter dla nowej, czystej kultury.<\/p>\n<p><strong>Krok 6: Inokulacja po\u017cywki wzrostowej<\/strong><br \/>\nPrzenie\u015b wyci\u0119ty kawa\u0142ek grzybni na \u015bwie\u017ce pod\u0142o\u017ce, takie jak nowa p\u0142ytka Petriego z agarem lub inne odpowiednie pod\u0142o\u017ce do dalszej hodowli. Upewnij si\u0119, \u017ce nowe pod\u0142o\u017ce jest przechowywane w sterylnych warunkach, aby zachowa\u0107 jego integralno\u015b\u0107.<\/p>\n<p>Proces ten wymaga cierpliwo\u015bci i precyzji, ale nagrod\u0105 jest mo\u017cliwo\u015b\u0107 wyhodowania \u017cywych i zdrowych grzyb\u00f3w magicznych Mazatapec. Ka\u017cdy krok zapewnia cenny wgl\u0105d w fascynuj\u0105cy \u015bwiat uprawy grzyb\u00f3w, dzi\u0119ki czemu podr\u00f3\u017c jest r\u00f3wnie satysfakcjonuj\u0105ca, jak jej wynik.<\/p>\n<h3>Sk\u0142adniki Mazatapec Sporeprints<\/h3>\n<p>Ka\u017cdy odcisk zarodnika Mazatapec zawiera miliony zarodnik\u00f3w, starannie zebranych i zakonserwowanych. Zarodniki te stanowi\u0105 materia\u0142 genetyczny potrzebny do wyhodowania gatunku grzyba Mazatapec. Odcisk zarodnik\u00f3w jest tworzony na sterylnej powierzchni, aby zachowa\u0107 czysto\u015b\u0107 i jako\u015b\u0107.<\/p>\n<p>Zarodniki s\u0105 mikroskopijne i mo\u017cna je szczeg\u00f3\u0142owo obserwowa\u0107 tylko pod mikroskopem. S\u0142u\u017c\u0105 one jako podstawa do rozwoju zdrowej sieci grzybni, co jest krytycznym krokiem w udanej uprawie grzyb\u00f3w. Przy odpowiedniej obs\u0142udze, Mazatapec Sporeprint stanowi doskona\u0142y punkt wyj\u015bcia do odkrywania fascynuj\u0105cego cyklu \u017cycia grzyb\u00f3w.<\/p>\n<p><strong>Ostrze\u017cenie<\/strong><br \/>\nGrzyby Mazatapec zawieraj\u0105 psylocybin\u0119 i psylocyn\u0119, zwi\u0105zki o dzia\u0142aniu psychoaktywnym. Substancje te mog\u0105 wywo\u0142ywa\u0107 zmienione stany \u015bwiadomo\u015bci, w tym halucynacje. Nale\u017cy zawsze obchodzi\u0107 si\u0119 z nimi i spo\u017cywa\u0107 je w spos\u00f3b odpowiedzialny. Przechowuj produkty zawieraj\u0105ce te substancje poza zasi\u0119giem dzieci i przechowuj je w bezpieczny spos\u00f3b.<\/p>","protected":false},"excerpt":{"rendered":"<p>Poznaj czaruj\u0105c\u0105 kolekcj\u0119 Mazatapec Sporeprint marki McSmart, stworzon\u0105 dla wytrawnych entuzjast\u00f3w. Zanurz si\u0119 w hipnotyzuj\u0105cych wzorach ukrytych cud\u00f3w natury i odkryj, dlaczego McSmart s\u0142ynie z kolekcji zarodnik\u00f3w premium, zaprojektowanych z my\u015bl\u0105 o wyrafinowanych preferencjach prawdziwych koneser\u00f3w.<\/p>","protected":false},"featured_media":126951,"template":"","meta":[],"product_brand":[],"product_cat":[657,297,518,515,476],"product_tag":[662],"class_list":{"0":"post-126949","1":"product","2":"type-product","3":"status-publish","4":"has-post-thumbnail","6":"product_cat-magic-mushroom-spore-prints","7":"product_cat-all-products","8":"product_cat-mushrooms","9":"product_cat-shroomshop","10":"product_cat-smartshop","11":"product_tag-shrdeal","12":"product_shipping_class-creditcard-off","14":"first","15":"instock","16":"taxable","17":"shipping-taxable","18":"purchasable","19":"product-type-variable","20":"has-default-attributes"},"_links":{"self":[{"href":"https:\/\/www.tatanka.nl\/pl\/wp-json\/wp\/v2\/product\/126949","targetHints":{"allow":["GET"]}}],"collection":[{"href":"https:\/\/www.tatanka.nl\/pl\/wp-json\/wp\/v2\/product"}],"about":[{"href":"https:\/\/www.tatanka.nl\/pl\/wp-json\/wp\/v2\/types\/product"}],"wp:featuredmedia":[{"embeddable":true,"href":"https:\/\/www.tatanka.nl\/pl\/wp-json\/wp\/v2\/media\/126951"}],"wp:attachment":[{"href":"https:\/\/www.tatanka.nl\/pl\/wp-json\/wp\/v2\/media?parent=126949"}],"wp:term":[{"taxonomy":"product_brand","embeddable":true,"href":"https:\/\/www.tatanka.nl\/pl\/wp-json\/wp\/v2\/product_brand?post=126949"},{"taxonomy":"product_cat","embeddable":true,"href":"https:\/\/www.tatanka.nl\/pl\/wp-json\/wp\/v2\/product_cat?post=126949"},{"taxonomy":"product_tag","embeddable":true,"href":"https:\/\/www.tatanka.nl\/pl\/wp-json\/wp\/v2\/product_tag?post=126949"}],"curies":[{"name":"wp","href":"https:\/\/api.w.org\/{rel}","templated":true}]}}