{"id":127323,"date":"2025-01-10T12:09:59","date_gmt":"2025-01-10T11:09:59","guid":{"rendered":"https:\/\/www.tatanka.nl\/?post_type=product&#038;p=127323"},"modified":"2025-05-16T14:49:19","modified_gmt":"2025-05-16T13:49:19","slug":"sogouda-soma-sacred-seeds","status":"publish","type":"product","link":"https:\/\/www.tatanka.nl\/pl\/sogouda-soma-sacred-seeds\/","title":{"rendered":"SoGouda - \u015awi\u0119te nasiona Soma"},"content":{"rendered":"<h2>Czym jest SoGouda?<\/h2>\n<p>SoGouda to wysokiej jako\u015bci odmiana konopi opracowana przez Soma Sacred Seeds. Ta szczeg\u00f3lna odmiana s\u0142ynie z unikalnego profilu smakowego, kt\u00f3ry \u0142\u0105czy pikantne, limonkowe nuty z soczystym posmakiem. Odmiana ta jest g\u0142\u00f3wnie Indica, dzi\u0119ki czemu idealnie nadaje si\u0119 do relaksu i spokojnych dozna\u0144. Dzi\u0119ki genetyce 80% Indica i 20% Sativa, SoGouda r\u00f3wnowa\u017cy zar\u00f3wno relaksuj\u0105ce cia\u0142o efekty Indica, jak i podnosz\u0105ce na duchu efekty Sativa.<\/p>\n<p>To, co wyr\u00f3\u017cnia SoGouda, to jej zdolno\u015b\u0107 do produkcji doskona\u0142ego haszyszu, produktu ubocznego, kt\u00f3ry entuzja\u015bci konopi naprawd\u0119 doceniaj\u0105 za jego bogaty i mocny smak. Przy prawid\u0142owej uprawie, SoGouda daje oko\u0142o 40 gram\u00f3w z ro\u015bliny, a czas kwitnienia wynosi 9-10 tygodni. Odmiana ta rozwija si\u0119 w optymalnych warunkach, zapewniaj\u0105c idealne po\u0142\u0105czenie smaku i mocy dla szerokiego grona u\u017cytkownik\u00f3w.<\/p>\n<hr \/>\n<h2>Historia SoGouda<\/h2>\n<p>Historia SoGouda si\u0119ga dedykowanych wysi\u0142k\u00f3w Soma Sacred Seeds, firmy znanej z zaanga\u017cowania w hodowl\u0119 najwy\u017cszej jako\u015bci odmian konopi. Celem Soma by\u0142o stworzenie szczepu, kt\u00f3ry nie tylko mia\u0142by wyra\u017any i przyjemny profil smakowy, ale tak\u017ce wyr\u00f3\u017cnia\u0142by si\u0119 produkcj\u0105 wysokiej jako\u015bci haszyszu. \u0141\u0105cz\u0105c starannie wyselekcjonowan\u0105 genetyk\u0119, Soma Sacred Seeds by\u0142a w stanie stworzy\u0107 SoGouda, odmian\u0119, kt\u00f3ra szybko sta\u0142a si\u0119 popularna w\u015br\u00f3d entuzjast\u00f3w konopi.<\/p>\n<p>SoGouda niesie ze sob\u0105 bogate dziedzictwo rzemios\u0142a Soma. Zesp\u00f3\u0142 hodowc\u00f3w skupi\u0142 si\u0119 na opracowaniu solidnej, wysokowydajnej odmiany, kt\u00f3ra pozosta\u0142a dost\u0119pna zar\u00f3wno dla pocz\u0105tkuj\u0105cych, jak i do\u015bwiadczonych hodowc\u00f3w. W rezultacie powsta\u0142a odmiana o doskona\u0142ym smaku i silnym dzia\u0142aniu, kt\u00f3ra sta\u0142a si\u0119 ulubion\u0105 w\u015br\u00f3d mi\u0142o\u015bnik\u00f3w konopi. Jej unikalne cechy wyr\u00f3\u017cniaj\u0105 j\u0105 na tle innych odmian, \u0142\u0105cz\u0105c wspania\u0142y smak z wyj\u0105tkowym potencja\u0142em do produkcji haszyszu.<\/p>\n<hr \/>\n<h2>Jak korzysta\u0107 z SoGouda<\/h2>\n<p>SoGouda to wszechstronna odmiana, kt\u00f3r\u0105 mo\u017cna cieszy\u0107 si\u0119 na r\u00f3\u017cne sposoby. Niezale\u017cnie od tego, czy jeste\u015b do\u015bwiadczonym u\u017cytkownikiem konopi, czy pocz\u0105tkuj\u0105cym, SoGouda mo\u017ce by\u0107 u\u017cywana zar\u00f3wno do cel\u00f3w rekreacyjnych, jak i leczniczych. Aby zmaksymalizowa\u0107 efekty, zaleca si\u0119 stosowanie jej z umiarem. Dla tych, kt\u00f3rzy chc\u0105 do\u015bwiadczy\u0107 jej pikantnego, limonkowego smaku, najcz\u0119\u015bciej stosowan\u0105 metod\u0105 jest palenie lub waporyzacja SoGouda. Mo\u017cna j\u0105 zwin\u0105\u0107 w jointa lub u\u017cy\u0107 w waporyzatorze, aby uzyska\u0107 g\u0142adkie i aromatyczne doznania.<\/p>\n<p>Dla tych, kt\u00f3rzy s\u0105 zainteresowani produkcj\u0105 haszyszu, SoGouda jest znana z produkcji wysokiej jako\u015bci haszyszu. Do produkcji haszyszu mo\u017cna u\u017cy\u0107 tradycyjnej metody, takiej jak przesiewanie na sucho lub ekstrakcja wod\u0105 z lodem. Bogate, lepkie trichomy SoGouda sprawiaj\u0105, \u017ce jest to doskona\u0142y kandydat do produkcji silnych koncentrat\u00f3w. Niezale\u017cnie od tego, czy chcesz zrelaksowa\u0107 si\u0119 w domu, czy cieszy\u0107 si\u0119 sesj\u0105 towarzysk\u0105, SoGouda zapewnia satysfakcjonuj\u0105ce wra\u017cenia dzi\u0119ki pe\u0142nym efektom i \u0142agodnemu smakowi.<\/p>\n<hr \/>\n<h2>Sk\u0142adniki SoGouda<\/h2>\n<p>Sk\u0142adniki SoGouda pochodz\u0105 ze starannie dobranej mieszanki genetyki konopi. Odmiana ta sk\u0142ada si\u0119 z 80% Indica i 20% Sativa, co wp\u0142ywa zar\u00f3wno na jej smak, jak i dzia\u0142anie. Genetyka z przewag\u0105 Indica przyczynia si\u0119 do koj\u0105cego i relaksuj\u0105cego haju, podczas gdy Sativa dodaje \u0142agodnego, podnosz\u0105cego na duchu akcentu, kt\u00f3ry wzmacnia og\u00f3lne doznania. Unikalne po\u0142\u0105czenie tych gen\u00f3w pozwala SoGouda zachowa\u0107 r\u00f3wnowag\u0119 efekt\u00f3w, dzi\u0119ki czemu nadaje si\u0119 na r\u00f3\u017cne okazje.<\/p>\n<p>Pod wzgl\u0119dem smaku SoGouda znana jest z pikantnych, limonkowych nut. Ten charakterystyczny profil smakowy jest wynikiem starannie wyhodowanych ro\u015blin konopi, kt\u00f3re podkre\u015blaj\u0105 bogactwo terpen\u00f3w. Terpeny te przyczyniaj\u0105 si\u0119 nie tylko do smaku, ale tak\u017ce do aromatycznego profilu odmiany. Terpeny w SoGouda odgrywaj\u0105 kluczow\u0105 rol\u0119 w og\u00f3lnym do\u015bwiadczeniu, z soczystym i g\u0142adkim posmakiem, kt\u00f3ry pozostawia u\u017cytkownik\u00f3w zadowolonych. Trichomy ro\u015bliny, kt\u00f3re s\u0105 \u017ar\u00f3d\u0142em kannabinoid\u00f3w i terpen\u00f3w, s\u0105 obfite, dzi\u0119ki czemu SoGouda jest doskona\u0142ym wyborem dla tych, kt\u00f3rzy ceni\u0105 sobie aromatyczn\u0105 i siln\u0105 odmian\u0119.<\/p>\n<hr \/>\n<p><strong>Ostrze\u017cenie:<\/strong><br \/>\nSoGouda, podobnie jak wszystkie odmiany konopi, powinna by\u0107 u\u017cywana w spos\u00f3b odpowiedzialny. Ze wzgl\u0119du na dominuj\u0105cy charakter Indica, mo\u017ce powodowa\u0107 relaksacj\u0119 i uspokojenie, przez co nie nadaje si\u0119 do czynno\u015bci wymagaj\u0105cych czujno\u015bci lub koncentracji. Zawsze spo\u017cywaj konopie indyjskie w bezpiecznym i kontrolowanym \u015brodowisku, zw\u0142aszcza je\u015bli nie znasz ich dzia\u0142ania. Przechowywa\u0107 poza zasi\u0119giem dzieci i zwierz\u0105t domowych.<\/p>","protected":false},"excerpt":{"rendered":"<p>SoGouda od Soma Sacred Seeds oferuje pikantny, limonkowo-zielony i soczysty profil smakowy, dzi\u0119ki czemu jest zachwycaj\u0105c\u0105 odmian\u0105 zar\u00f3wno dla koneser\u00f3w, jak i zwyk\u0142ych u\u017cytkownik\u00f3w. Znana ze swojego bogatego smaku, SoGouda produkuje r\u00f3wnie\u017c wyj\u0105tkowy haszysz, oferuj\u0105c satysfakcjonuj\u0105ce do\u015bwiadczenie dla tych, kt\u00f3rzy ceni\u0105 sobie wysokiej jako\u015bci konopie.<\/p>","protected":false},"featured_media":127328,"template":"","meta":[],"product_brand":[],"product_cat":[640,297,549,546],"product_tag":[],"class_list":{"0":"post-127323","1":"product","2":"type-product","3":"status-publish","4":"has-post-thumbnail","6":"product_cat-soma-sacred-seeds","7":"product_cat-all-products","8":"product_cat-feminized-seeds","9":"product_cat-seedshop","11":"first","12":"instock","13":"taxable","14":"shipping-taxable","15":"purchasable","16":"product-type-variable","17":"has-default-attributes"},"_links":{"self":[{"href":"https:\/\/www.tatanka.nl\/pl\/wp-json\/wp\/v2\/product\/127323","targetHints":{"allow":["GET"]}}],"collection":[{"href":"https:\/\/www.tatanka.nl\/pl\/wp-json\/wp\/v2\/product"}],"about":[{"href":"https:\/\/www.tatanka.nl\/pl\/wp-json\/wp\/v2\/types\/product"}],"wp:featuredmedia":[{"embeddable":true,"href":"https:\/\/www.tatanka.nl\/pl\/wp-json\/wp\/v2\/media\/127328"}],"wp:attachment":[{"href":"https:\/\/www.tatanka.nl\/pl\/wp-json\/wp\/v2\/media?parent=127323"}],"wp:term":[{"taxonomy":"product_brand","embeddable":true,"href":"https:\/\/www.tatanka.nl\/pl\/wp-json\/wp\/v2\/product_brand?post=127323"},{"taxonomy":"product_cat","embeddable":true,"href":"https:\/\/www.tatanka.nl\/pl\/wp-json\/wp\/v2\/product_cat?post=127323"},{"taxonomy":"product_tag","embeddable":true,"href":"https:\/\/www.tatanka.nl\/pl\/wp-json\/wp\/v2\/product_tag?post=127323"}],"curies":[{"name":"wp","href":"https:\/\/api.w.org\/{rel}","templated":true}]}}