{"id":127329,"date":"2025-01-10T12:23:11","date_gmt":"2025-01-10T11:23:11","guid":{"rendered":"https:\/\/www.tatanka.nl\/?post_type=product&#038;p=127329"},"modified":"2025-05-16T14:49:11","modified_gmt":"2025-05-16T13:49:11","slug":"amnesia-haze-autoflower-soma-sacred-seeds","status":"publish","type":"product","link":"https:\/\/www.tatanka.nl\/pl\/amnesia-haze-autoflower-soma-sacred-seeds\/","title":{"rendered":"Amnesia Haze Autoflower - Soma Sacred Seeds"},"content":{"rendered":"<h2>Co to jest Amnesia Haze Autoflower?<\/h2>\n<p>Amnesia Haze Autoflower to odmiana konopi, kt\u00f3ra \u0142\u0105czy w sobie najlepsz\u0105 genetyk\u0119 z Azji Po\u0142udniowo-Wschodniej, Jamajskiej Haze i odmian Afghani-Hawaiian. Ta hybrydowa odmiana, z 70% Sativa i 30% Indica, oferuje dobrze zbalansowany haj, kt\u00f3ry jest zar\u00f3wno podnosz\u0105cy na duchu, jak i relaksuj\u0105cy. Odmiana Amnesia Haze Autoflower wyr\u00f3\u017cnia si\u0119 silnym dzia\u0142aniem i \u017cywym smakiem, co czyni j\u0105 ulubion\u0105 w\u015br\u00f3d entuzjast\u00f3w konopi. Jest szczeg\u00f3lnie znana ze swojej zdolno\u015bci do dostarczania energetycznych i euforycznych dozna\u0144, idealnych w sytuacjach towarzyskich lub kreatywnych przedsi\u0119wzi\u0119ciach.<\/p>\n<p>Dzi\u0119ki okresowi kwitnienia wynosz\u0105cemu 9-10 tygodni i plonom si\u0119gaj\u0105cym 40 gram\u00f3w z ro\u015bliny, odmiana Amnesia Haze Autoflower jest doskona\u0142ym wyborem zar\u00f3wno dla do\u015bwiadczonych, jak i pocz\u0105tkuj\u0105cych hodowc\u00f3w. Jej automatycznie kwitn\u0105cy charakter sprawia, \u017ce jest \u0142atwa w uprawie, wymagaj\u0105c minimalnej uwagi przy jednoczesnym wytwarzaniu wysokiej jako\u015bci p\u0105k\u00f3w. Unikalna genetyka tej odmiany sprawia, \u017ce wyr\u00f3\u017cnia si\u0119 ona w \u015bwiecie konopi, z bogat\u0105 histori\u0105 i imponuj\u0105c\u0105 liczb\u0105 nagr\u00f3d, w tym wielokrotnymi zwyci\u0119stwami w High Times Cannabis Cup.<\/p>\n<hr \/>\n<h2>Historia automatycznie kwitn\u0105cej odmiany Amnesia Haze<\/h2>\n<p>Historia automatycznie kwitn\u0105cej odmiany Amnesia Haze si\u0119ga czas\u00f3w jej poprzedniczki, kultowej Amnesia Haze. Opracowana poprzez skrzy\u017cowanie r\u00f3\u017cnych mi\u0119dzynarodowych genetyk, Amnesia Haze szybko sta\u0142a si\u0119 znan\u0105 odmian\u0105 w spo\u0142eczno\u015bci konopnej. We wsp\u00f3\u0142pracy z wiod\u0105cymi hodowcami automatycznie kwitn\u0105cych odmian, Soma Sacred Seeds opracowa\u0142a wersj\u0119 automatycznie kwitn\u0105c\u0105, kt\u00f3ra zachowuje wszystkie cechy oryginalnej Amnesia Haze, oferuj\u0105c jednocze\u015bnie dodatkow\u0105 korzy\u015b\u0107 w postaci \u0142atwiejszej uprawy.<\/p>\n<p>Dziedzictwo Amnesia Haze Autoflower obejmuje zwyci\u0119stwo w presti\u017cowym High Times Cannabis Cup w 2012 roku, a tak\u017ce w trzech innych konkursach konopi w Holandii. Wyr\u00f3\u017cnienia te ugruntowa\u0142y status tej odmiany jako jednej z najlepszych w bran\u017cy. Amnesia Haze Autoflower sta\u0142a si\u0119 bestsellerem w Barney's Breakfast Bar, popularnym miejscu dla koneser\u00f3w konopi. Mieszanka genetyki Southeast Asian, Jamaican Haze i Afghani-Hawaiian sprawia, \u017ce jest to wszechstronna i poszukiwana odmiana dla u\u017cytkownik\u00f3w, kt\u00f3rzy ceni\u0105 sobie zar\u00f3wno smak, jak i moc.<\/p>\n<hr \/>\n<h2>Jak stosowa\u0107 Amnesia Haze Autoflower<\/h2>\n<p>Amnesia Haze Autoflower to wszechstronna odmiana, kt\u00f3r\u0105 mo\u017cna cieszy\u0107 si\u0119 na wiele sposob\u00f3w. Dla palaczy, najlepiej smakuje w joincie, fajce lub bongu, gdzie mo\u017cna w pe\u0142ni doceni\u0107 jej g\u0142adki i aromatyczny dym. Vaping jest r\u00f3wnie\u017c doskona\u0142\u0105 opcj\u0105, poniewa\u017c wzmacnia \u017cywy profil terpenowy szczepu. Odmiana Amnesia Haze Autoflower znana jest ze swoich podnosz\u0105cych na duchu i euforycznych efekt\u00f3w, dzi\u0119ki czemu idealnie nadaje si\u0119 do aktywno\u015bci towarzyskich, kreatywnych projekt\u00f3w lub po prostu relaksu z przyjaci\u00f3\u0142mi.<\/p>\n<p>Je\u015bli chodzi o medyczne zastosowanie tej odmiany, Amnesia Haze Autoflower jest cz\u0119sto wybierana ze wzgl\u0119du na swoje w\u0142a\u015bciwo\u015bci poprawiaj\u0105ce nastr\u00f3j. Osoby zmagaj\u0105ce si\u0119 ze stresem, l\u0119kiem lub depresj\u0105 mog\u0105 skorzysta\u0107 z jej zdolno\u015bci do poprawy nastroju i zapewnienia poczucia spokoju. Ponadto, ze wzgl\u0119du na zr\u00f3wnowa\u017cone dzia\u0142anie, mo\u017ce by\u0107 stosowana przez ca\u0142y dzie\u0144 bez powodowania nadmiernego uspokojenia. Hodowcom odmiana Amnesia Haze Autoflower oferuje prost\u0105 upraw\u0119, wymagaj\u0105c\u0105 minimalnej uwagi. Jest to idealna odmiana dla os\u00f3b poszukuj\u0105cych niewymagaj\u0105cej ro\u015bliny, kt\u00f3ra produkuje wysokiej jako\u015bci p\u0105ki w stosunkowo kr\u00f3tkim czasie.<\/p>\n<hr \/>\n<h2>Sk\u0142adniki automatycznie kwitn\u0105cej odmiany Amnesia Haze<\/h2>\n<p>Amnesia Haze Autoflower to odmiana hybrydowa z wyra\u017an\u0105 mieszank\u0105 gen\u00f3w, kt\u00f3re kszta\u0142tuj\u0105 zar\u00f3wno jej dzia\u0142anie, jak i smak. Stosunek Sativa 70% i Indica 30% zapewnia zr\u00f3wnowa\u017cony haj, z Sativ\u0105 przyczyniaj\u0105c\u0105 si\u0119 do jej podnosz\u0105cych na duchu i energetyzuj\u0105cych efekt\u00f3w, podczas gdy genetyka Indica zapewnia relaksuj\u0105ce i uspokajaj\u0105ce w\u0142a\u015bciwo\u015bci. Rodzicielstwo szczepu obejmuje odmiany Southeast Asian, Jamaican Haze i Afghani-Hawaiian, z kt\u00f3rych ka\u017cda wnosi swoje unikalne cechy do og\u00f3lnego do\u015bwiadczenia.<\/p>\n<p>Terpeny znajduj\u0105ce si\u0119 w Amnesia Haze Autoflower odgrywaj\u0105 znacz\u0105c\u0105 rol\u0119 w jej profilu smakowym. U\u017cytkownicy mog\u0105 spodziewa\u0107 si\u0119 z\u0142o\u017conej mieszanki nut ziemistych, cytrusowych i s\u0142odkich, z odrobin\u0105 pikanterii. Terpeny te nie tylko przyczyniaj\u0105 si\u0119 do przyjemnego smaku odmiany, ale tak\u017ce wzmacniaj\u0105 jej w\u0142a\u015bciwo\u015bci aromatyczne, zapewniaj\u0105c pe\u0142ne doznania sensoryczne. Wysoka zawarto\u015b\u0107 THC w Amnesia Haze Autoflower zapewnia silne efekty, oferuj\u0105c mocny i d\u0142ugotrwa\u0142y haj, kt\u00f3ry jest idealny dla os\u00f3b poszukuj\u0105cych niezwyk\u0142ych dozna\u0144 zwi\u0105zanych z konopiami indyjskimi. Automatycznie kwitn\u0105cy charakter tej odmiany sprawia, \u017ce jest ona atrakcyjn\u0105 opcj\u0105 dla hodowc\u00f3w, kt\u00f3rzy chc\u0105 bezproblemowego procesu uprawy, jednocze\u015bnie ciesz\u0105c si\u0119 wysokiej jako\u015bci produktem ko\u0144cowym.<\/p>\n<hr \/>\n<p><strong>Ostrze\u017cenie:<\/strong><br \/>\nAmnesia Haze Autoflower, podobnie jak wszystkie odmiany konopi, powinna by\u0107 u\u017cywana w spos\u00f3b odpowiedzialny. Ze wzgl\u0119du na silne dzia\u0142anie mo\u017ce powodowa\u0107 przyspieszenie akcji serca lub zawroty g\u0142owy u niekt\u00f3rych u\u017cytkownik\u00f3w, zw\u0142aszcza tych, kt\u00f3rzy dopiero zaczynaj\u0105 przygod\u0119 z konopiami indyjskimi. Zaleca si\u0119 rozpocz\u0119cie od ma\u0142ej dawki i stopniowe jej zwi\u0119kszanie w razie potrzeby. Zawsze spo\u017cywa\u0107 w bezpiecznym otoczeniu i unika\u0107 obs\u0142ugi ci\u0119\u017ckich maszyn lub anga\u017cowania si\u0119 w czynno\u015bci wymagaj\u0105ce pe\u0142nej uwagi po spo\u017cyciu. Przechowywa\u0107 poza zasi\u0119giem dzieci i zwierz\u0105t domowych.<\/p>","protected":false},"excerpt":{"rendered":"<p>Amnesia Haze Autoflower to niezwyk\u0142a odmiana konopi znana ze swoich wyj\u0105tkowych i silnych efekt\u00f3w. Stworzona we wsp\u00f3\u0142pracy z najlepszymi hodowcami automatycznie kwitn\u0105cych odmian, odmiana ta \u0142\u0105czy genetyk\u0119 Southeast Asian, Jamaican Haze i Afghani-Hawaiian, oferuj\u0105c naprawd\u0119 jedyne w swoim rodzaju doznania zwi\u0105zane z konopiami indyjskimi. Dzi\u0119ki wielokrotnie nagradzanemu dziedzictwu i wyj\u0105tkowemu profilowi smakowemu, Amnesia Haze Autoflower to pozycja obowi\u0105zkowa dla koneser\u00f3w.<\/p>","protected":false},"featured_media":127334,"template":"","meta":[],"product_brand":[],"product_cat":[640,297,547,546],"product_tag":[],"class_list":{"0":"post-127329","1":"product","2":"type-product","3":"status-publish","4":"has-post-thumbnail","6":"product_cat-soma-sacred-seeds","7":"product_cat-all-products","8":"product_cat-autoflowering-seeds","9":"product_cat-seedshop","11":"first","12":"instock","13":"taxable","14":"shipping-taxable","15":"purchasable","16":"product-type-variable","17":"has-default-attributes"},"_links":{"self":[{"href":"https:\/\/www.tatanka.nl\/pl\/wp-json\/wp\/v2\/product\/127329","targetHints":{"allow":["GET"]}}],"collection":[{"href":"https:\/\/www.tatanka.nl\/pl\/wp-json\/wp\/v2\/product"}],"about":[{"href":"https:\/\/www.tatanka.nl\/pl\/wp-json\/wp\/v2\/types\/product"}],"wp:featuredmedia":[{"embeddable":true,"href":"https:\/\/www.tatanka.nl\/pl\/wp-json\/wp\/v2\/media\/127334"}],"wp:attachment":[{"href":"https:\/\/www.tatanka.nl\/pl\/wp-json\/wp\/v2\/media?parent=127329"}],"wp:term":[{"taxonomy":"product_brand","embeddable":true,"href":"https:\/\/www.tatanka.nl\/pl\/wp-json\/wp\/v2\/product_brand?post=127329"},{"taxonomy":"product_cat","embeddable":true,"href":"https:\/\/www.tatanka.nl\/pl\/wp-json\/wp\/v2\/product_cat?post=127329"},{"taxonomy":"product_tag","embeddable":true,"href":"https:\/\/www.tatanka.nl\/pl\/wp-json\/wp\/v2\/product_tag?post=127329"}],"curies":[{"name":"wp","href":"https:\/\/api.w.org\/{rel}","templated":true}]}}