{"id":127347,"date":"2025-01-10T13:18:03","date_gmt":"2025-01-10T12:18:03","guid":{"rendered":"https:\/\/www.tatanka.nl\/?post_type=product&#038;p=127347"},"modified":"2025-05-16T14:47:56","modified_gmt":"2025-05-16T13:47:56","slug":"true-og-soma-sacred-seeds","status":"publish","type":"product","link":"https:\/\/www.tatanka.nl\/pl\/true-og-soma-sacred-seeds\/","title":{"rendered":"True OG - Soma Sacred Seeds"},"content":{"rendered":"<h2>Czym jest True OG?<\/h2>\n<p>True OG to wyr\u00f3\u017cniaj\u0105ca si\u0119 odmiana stworzona z popularnego OG Kush, maj\u0105ca swoje korzenie w po\u0142udniowej Kalifornii. Nazwa \"OG\" pierwotnie odnosi\u0142a si\u0119 do \"uprawy oceanicznej\", wskazuj\u0105c na pochodzenie ro\u015bliny wzd\u0142u\u017c przybrze\u017cnych region\u00f3w Kalifornii. True OG, z genetycznym sk\u0142adem 80% Indica i 20% Sativa, jest pot\u0119\u017cn\u0105 hybryd\u0105 znan\u0105 z relaksuj\u0105cych, \u0142agodnych efekt\u00f3w, po\u0142\u0105czonych z bardziej skoncentrowanym hajem. Odmiana ta zapewnia g\u0142adki, ziemisty profil smakowy, kt\u00f3ry jest idealny dla os\u00f3b poszukuj\u0105cych g\u0142\u0119bokiego relaksu bez silnego uspokojenia.<\/p>\n<p>Jedn\u0105 z kluczowych cech True OG jest jej wszechstronno\u015b\u0107 jako odmiany przyjaznej hodowcom. Niezale\u017cnie od tego, czy jest uprawiana w pomieszczeniach, czy na zewn\u0105trz, True OG rozwija si\u0119 w odpowiednich warunkach. Chocia\u017c odmiana ta jest bardziej odpowiednia do suchszych klimat\u00f3w ze wzgl\u0119du na podatno\u015b\u0107 na gnicie p\u0105k\u00f3w przy wysokiej wilgotno\u015bci, mo\u017ce by\u0107 r\u00f3wnie\u017c z powodzeniem uprawiana w kontrolowanych \u015brodowiskach wewn\u0119trznych. G\u0119ste, wype\u0142nione \u017cywic\u0105 p\u0105ki tej odmiany s\u0105 bardzo poszukiwane ze wzgl\u0119du na ich zdolno\u015b\u0107 do produkcji wysokiej jako\u015bci haszyszu, co czyni j\u0105 ulubion\u0105 zar\u00f3wno w\u015br\u00f3d u\u017cytkownik\u00f3w rekreacyjnych, jak i entuzjast\u00f3w haszyszu.<\/p>\n<h2>Historia True OG<\/h2>\n<p>True OG wywodzi si\u0119 z po\u0142udniowej Kalifornii, gdzie po raz pierwszy ukuto termin \"OG\", oznaczaj\u0105cy \"uprawiany na oceanie\". Oznacza\u0142o to szczepy uprawiane w pobli\u017cu wybrze\u017ca, korzystaj\u0105ce ze \u015bwie\u017cego oceanicznego powietrza i wyj\u0105tkowych warunk\u00f3w \u015brodowiskowych. Odmiana macierzysta, OG Kush, od dawna jest jedn\u0105 z najbardziej kultowych i wp\u0142ywowych odmian konopi, przyczyniaj\u0105c si\u0119 do silnego dzia\u0142ania i wyj\u0105tkowego smaku True OG. Z czasem ten konkretny fenotyp OG Kush zosta\u0142 wybrany ze wzgl\u0119du na wyj\u0105tkowy smak, moc i cechy wzrostu.<\/p>\n<p>Od momentu wprowadzenia na rynek, True OG jest preferowana zar\u00f3wno przez zwyk\u0142ych, jak i do\u015bwiadczonych u\u017cytkownik\u00f3w. Odmiana ta szybko zyska\u0142a popularno\u015b\u0107 dzi\u0119ki swojej niezwyk\u0142ej zdolno\u015bci do zapewnienia g\u0142adkiego, ziemistego smaku z relaksuj\u0105cymi, poprawiaj\u0105cymi nastr\u00f3j efektami. Soma Sacred Seeds uzyska\u0142a fenotyp True OG, kt\u00f3ry uprawia od 2008 roku i pozostaje on jednym z ich ulubionych szczep\u00f3w ze wzgl\u0119du na doskona\u0142e terpeny i potencja\u0142 produkcji haszyszu. Dzi\u015b True OG jest znana ze swojej zdolno\u015bci do oferowania zr\u00f3wnowa\u017conego haju, kt\u00f3ry relaksuje cia\u0142o i stymuluje umys\u0142, nie powoduj\u0105c przyt\u0142aczaj\u0105cego uspokojenia.<\/p>\n<h2>Jak korzysta\u0107 z True OG<\/h2>\n<p>True OG mo\u017cna stosowa\u0107 na r\u00f3\u017cne sposoby, w zale\u017cno\u015bci od preferencji. Podczas palenia odmiana ta zapewnia g\u0142adki i ziemisty smak, kt\u00f3ry wzmacnia og\u00f3lne doznania. Jej \u0142agodne, relaksuj\u0105ce dzia\u0142anie sprawia, \u017ce idealnie nadaje si\u0119 do stosowania wieczorem, oferuj\u0105c \u015bwietny spos\u00f3b na relaks po d\u0142ugim dniu bez uczucia nadmiernego uspokojenia. Zr\u00f3wnowa\u017cone dzia\u0142anie tej odmiany sprawia, \u017ce jest ona r\u00f3wnie\u017c dobr\u0105 opcj\u0105 w sytuacjach towarzyskich, poniewa\u017c zapewnia uspokajaj\u0105cy haj bez utraty jasno\u015bci umys\u0142u.<\/p>\n<p>Dla tych, kt\u00f3rzy wol\u0105 ekstrakty, True OG jest r\u00f3wnie\u017c znana z doskona\u0142ego potencja\u0142u do produkcji haszyszu. G\u0119ste p\u0105ki s\u0105 bogate w \u017cywic\u0119, dzi\u0119ki czemu idealnie nadaj\u0105 si\u0119 do produkcji aromatycznego i mocnego haszyszu. Niezale\u017cnie od tego, czy jest spo\u017cywana jako kwiat, czy w skoncentrowanej formie, True OG oferuje przyjemne, koj\u0105ce doznania. Uprawiaj\u0105c t\u0119 odmian\u0119, hodowcy powinni d\u0105\u017cy\u0107 do utrzymania optymalnych warunk\u00f3w temperaturowych w zakresie 18-29\u00b0C i zwraca\u0107 uwag\u0119 na poziom wilgotno\u015bci, poniewa\u017c True OG jest bardziej podatna na gnicie p\u0105k\u00f3w w wilgotnych warunkach.<\/p>\n<h2>Sk\u0142adniki True OG<\/h2>\n<p>Efekty i profil smakowy True OG s\u0105 w du\u017cej mierze zdeterminowane przez po\u0142\u0105czenie kannabinoid\u00f3w i terpen\u00f3w. G\u0142\u00f3wnym terpenem tej odmiany jest mircen, kt\u00f3ry przyczynia si\u0119 do jej ziemistego, zio\u0142owego aromatu i relaksuj\u0105cych w\u0142a\u015bciwo\u015bci. Limonen, kolejny kluczowy terpen w True OG, dodaje lekk\u0105 nut\u0119 cytrusow\u0105, wzmacniaj\u0105c og\u00f3lny smak i dodaj\u0105c podnosz\u0105cy na duchu sk\u0142adnik do haju. Pinen, r\u00f3wnie\u017c wyst\u0119puj\u0105cy w tej odmianie, oferuje orze\u017awiaj\u0105cy, sosnowy zapach, kt\u00f3ry r\u00f3wnowa\u017cy bardziej ziemiste nuty szczepu.<\/p>\n<p>Opr\u00f3cz terpen\u00f3w, True OG zawiera wysokie st\u0119\u017cenie THC, kt\u00f3re odpowiada za jej silne dzia\u0142anie. Genetyka 80% Indica i 20% Sativa sprawia, \u017ce True OG zapewnia relaksuj\u0105ce, \u0142agodne doznania z wyra\u017anym, skoncentrowanym hajem. Profil terpenowy szczepu, w po\u0142\u0105czeniu z zawarto\u015bci\u0105 THC, sprawia, \u017ce True OG jest doskona\u0142ym wyborem dla os\u00f3b poszukuj\u0105cych aromatycznego, \u0142agodz\u0105cego stres do\u015bwiadczenia. Unikalne po\u0142\u0105czenie kannabinoid\u00f3w i terpen\u00f3w sprawia, \u017ce True OG jest ulubion\u0105 odmian\u0105 wielu konsument\u00f3w konopi, zar\u00f3wno w celach rekreacyjnych, jak i leczniczych.<\/p>\n<p><strong>Ostrze\u017cenie:<\/strong><br \/>\nTrue OG to silna odmiana, a jej efekty mog\u0105 by\u0107 intensywne dla niekt\u00f3rych u\u017cytkownik\u00f3w. Nowicjusze lub osoby o ni\u017cszej tolerancji powinny zacz\u0105\u0107 od ma\u0142ej dawki, aby unikn\u0105\u0107 nadmiernego spo\u017cycia. Nale\u017cy r\u00f3wnie\u017c pami\u0119ta\u0107, \u017ce g\u0119ste p\u0105ki i bogata w \u017cywic\u0119 natura True OG sprawiaj\u0105, \u017ce jest ona idealna do produkcji haszyszu, wi\u0119c w\u0142a\u015bciwe obchodzenie si\u0119 z ni\u0105 podczas uprawy jest niezb\u0119dne, aby unikn\u0105\u0107 zanieczyszczenia lub gnicia. Konsumpcj\u0119 nale\u017cy zawsze prowadzi\u0107 odpowiedzialnie i zgodnie z lokalnymi przepisami.<\/p>","protected":false},"excerpt":{"rendered":"<p>True OG to silna hybryda z dominacj\u0105 Indica, kt\u00f3ra zapewnia ziemiste, aromatyczne doznania. Dzi\u0119ki genetyce 80% Indica i 20% Sativa oferuje d\u0142ugotrwa\u0142e, \u0142agodne efekty oraz skoncentrowany haj. Znana z doskona\u0142ego potencja\u0142u do tworzenia haszyszu, True OG rozwija si\u0119 zar\u00f3wno w pomieszczeniach, jak i na zewn\u0105trz, co czyni j\u0105 wszechstronn\u0105 opcj\u0105 dla hodowc\u00f3w. Bogate, g\u0119ste p\u0105ki i zachwycaj\u0105ce terpeny sprawiaj\u0105, \u017ce jest to ulubiona odmiana dla tych, kt\u00f3rzy ceni\u0105 sobie g\u0142adki, aromatyczny dym i d\u0142ugotrwa\u0142y relaks.<\/p>","protected":false},"featured_media":127352,"template":"","meta":[],"product_brand":[],"product_cat":[640,297,549,546],"product_tag":[],"class_list":{"0":"post-127347","1":"product","2":"type-product","3":"status-publish","4":"has-post-thumbnail","6":"product_cat-soma-sacred-seeds","7":"product_cat-all-products","8":"product_cat-feminized-seeds","9":"product_cat-seedshop","11":"first","12":"instock","13":"taxable","14":"shipping-taxable","15":"purchasable","16":"product-type-variable","17":"has-default-attributes"},"_links":{"self":[{"href":"https:\/\/www.tatanka.nl\/pl\/wp-json\/wp\/v2\/product\/127347","targetHints":{"allow":["GET"]}}],"collection":[{"href":"https:\/\/www.tatanka.nl\/pl\/wp-json\/wp\/v2\/product"}],"about":[{"href":"https:\/\/www.tatanka.nl\/pl\/wp-json\/wp\/v2\/types\/product"}],"wp:featuredmedia":[{"embeddable":true,"href":"https:\/\/www.tatanka.nl\/pl\/wp-json\/wp\/v2\/media\/127352"}],"wp:attachment":[{"href":"https:\/\/www.tatanka.nl\/pl\/wp-json\/wp\/v2\/media?parent=127347"}],"wp:term":[{"taxonomy":"product_brand","embeddable":true,"href":"https:\/\/www.tatanka.nl\/pl\/wp-json\/wp\/v2\/product_brand?post=127347"},{"taxonomy":"product_cat","embeddable":true,"href":"https:\/\/www.tatanka.nl\/pl\/wp-json\/wp\/v2\/product_cat?post=127347"},{"taxonomy":"product_tag","embeddable":true,"href":"https:\/\/www.tatanka.nl\/pl\/wp-json\/wp\/v2\/product_tag?post=127347"}],"curies":[{"name":"wp","href":"https:\/\/api.w.org\/{rel}","templated":true}]}}