{"id":127353,"date":"2025-01-10T13:24:09","date_gmt":"2025-01-10T12:24:09","guid":{"rendered":"https:\/\/www.tatanka.nl\/?post_type=product&#038;p=127353"},"modified":"2025-05-16T14:48:56","modified_gmt":"2025-05-16T13:48:56","slug":"buddhas-sister-soma-sacred-seeds","status":"publish","type":"product","link":"https:\/\/www.tatanka.nl\/pl\/buddhas-sister-soma-sacred-seeds\/","title":{"rendered":"Siostra Buddy - \u015bwi\u0119te nasiona Soma"},"content":{"rendered":"<h2>Czym jest siostra Buddy?<\/h2>\n<p>Buddha's Sister, pierwotnie znana jako Soma Skunk V+, to hybrydowa odmiana konopi, kt\u00f3ra sta\u0142a si\u0119 popularnym wyborem dla os\u00f3b poszukuj\u0105cych kreatywnego i m\u00f3zgowego haju. Jej nazwa zosta\u0142a zmieniona specjalnie z my\u015bl\u0105 o amsterdamskich coffeeshopach, gdzie szybko zyska\u0142a uznanie ze wzgl\u0119du na swoje unikalne w\u0142a\u015bciwo\u015bci i silne dzia\u0142anie. Odmiana ta jest krzy\u017c\u00f3wk\u0105 Siddhartha i Afghani Hawaiian, w wyniku czego powsta\u0142a ro\u015blina o imponuj\u0105cych plonach i cierpkim, wi\u015bniowym smaku. Buddha's Sister oferuje zr\u00f3wnowa\u017cone doznania dzi\u0119ki mieszance 60% Indica i 40% Sativa, dzi\u0119ki czemu jest idealna dla tych, kt\u00f3rzy chc\u0105 zar\u00f3wno relaksu, jak i stymulacji umys\u0142owej.<\/p>\n<p>Odmiana ta wyr\u00f3\u017cnia si\u0119 wysok\u0105 i chud\u0105 struktur\u0105, z du\u017c\u0105 ilo\u015bci\u0105 bocznych ga\u0142\u0119zi, kt\u00f3re sprawiaj\u0105, \u017ce lepiej nadaje si\u0119 do metody uprawy wieloga\u0142\u0119ziowej ni\u017c techniki Sea of Green (SOG). Buddha's Sister jest wysoce \u017cywiczna, dzi\u0119ki czemu doskonale nadaje si\u0119 do produkcji haszyszu, a jej p\u0105ki maj\u0105 jedwabist\u0105, \u015blisk\u0105 tekstur\u0119, kt\u00f3ra podkre\u015bla obfito\u015b\u0107 t\u0142ustej \u017cywicy. Chocia\u017c ma nieco mniej s\u0142odki smak ni\u017c jej rodze\u0144stwo, Reclining Buddha, Buddha's Sister jest nadal znana ze swoich w\u0142a\u015bciwo\u015bci leczniczych, zapewniaj\u0105c korzy\u015bci terapeutyczne obok pysznego profilu smakowego.<\/p>\n<h2>Historia siostry Buddy<\/h2>\n<p>Historia Buddha's Sister zaczyna si\u0119 od jej oryginalnej nazwy, Soma Skunk V+, szczepu wyhodowanego przez Soma Sacred Seeds. Ta hybryda by\u0142a pocz\u0105tkowo cz\u0119\u015bci\u0105 wysi\u0142k\u00f3w Soma zmierzaj\u0105cych do stworzenia szczep\u00f3w, kt\u00f3re oferowa\u0142yby zar\u00f3wno warto\u015b\u0107 lecznicz\u0105, jak i rekreacyjn\u0105. Po wypuszczeniu na rynek, odmiana ta szybko zyska\u0142a popularno\u015b\u0107 dzi\u0119ki silnemu dzia\u0142aniu i wyj\u0105tkowemu smakowi. Zmiana nazwy na Buddha's Sister pomog\u0142a zwi\u0119kszy\u0107 jej atrakcyjno\u015b\u0107, zw\u0142aszcza na amsterdamskiej scenie coffeeshop\u00f3w, gdzie sta\u0142a si\u0119 szybkim bestsellerem i by\u0142a regularnie wyprzedawana.<\/p>\n<p>Linia genetyczna szczepu jest zakorzeniona w po\u0142\u0105czeniu Siddhartha i Afghani Hawaiian, dw\u00f3ch odmian znanych z silnych efekt\u00f3w i bogatych smak\u00f3w. Hybrydyzacja tych dw\u00f3ch szczep\u00f3w zaowocowa\u0142a ro\u015blin\u0105 o zwi\u0119kszonej wydajno\u015bci, ale o mniejszej s\u0142odyczy ni\u017c jej odpowiednik, Reclining Buddha. Od tego czasu Buddha's Sister sta\u0142a si\u0119 podstaw\u0105 w spo\u0142eczno\u015bci konopnej, podziwian\u0105 za w\u0142a\u015bciwo\u015bci lecznicze i zdolno\u015b\u0107 do dostarczania kreatywnego, m\u00f3zgowego haju. W rezultacie pozostaje jedn\u0105 z najbardziej poszukiwanych odmian zar\u00f3wno na rynku marihuany leczniczej, jak i rekreacyjnej.<\/p>\n<h2>Jak korzysta\u0107 z Buddha's Sister<\/h2>\n<p>Buddha's Sister to wszechstronna odmiana, kt\u00f3r\u0105 mo\u017cna uprawia\u0107 w r\u00f3\u017cnych formach, w zale\u017cno\u015bci od preferencji. P\u0105ki Buddha's Sister maj\u0105 g\u0142adk\u0105, jedwabist\u0105 konsystencj\u0119, dzi\u0119ki czemu s\u0105 \u0142atwe w obr\u00f3bce i idealne do produkcji haszyszu. Wysoka zawarto\u015b\u0107 \u017cywicy w ro\u015blinie sprawia, \u017ce doskonale nadaje si\u0119 ona do tworzenia silnych i aromatycznych koncentrat\u00f3w. Dla tych, kt\u00f3rzy wol\u0105 j\u0105 pali\u0107, odmiana ta oferuje cierpki smak wi\u015bniowych cukierk\u00f3w, kt\u00f3ry zapewnia przyjemne i \u0142agodne doznania.<\/p>\n<p>Stosuj\u0105c Buddha's Sister, u\u017cytkownicy mog\u0105 spodziewa\u0107 si\u0119 pot\u0119\u017cnego, kreatywnego i m\u00f3zgowego haju, kt\u00f3ry jest idealny do stymulowania umys\u0142u i zwi\u0119kszania kreatywno\u015bci. Jest idealna dla tych, kt\u00f3rzy chc\u0105 zaanga\u017cowa\u0107 si\u0119 w dzia\u0142alno\u015b\u0107 artystyczn\u0105, burz\u0119 m\u00f3zg\u00f3w lub po prostu cieszy\u0107 si\u0119 relaksuj\u0105cym, podnosz\u0105cym na duchu do\u015bwiadczeniem. Odmiana ta jest r\u00f3wnie\u017c popularna w\u015br\u00f3d u\u017cytkownik\u00f3w leczniczych ze wzgl\u0119du na swoje dzia\u0142anie terapeutyczne, kt\u00f3re mo\u017ce pom\u00f3c w r\u00f3\u017cnych stanach, takich jak stres, niepok\u00f3j i przewlek\u0142y b\u00f3l. Niezale\u017cnie od tego, czy konsumujesz j\u0105 poprzez palenie, waporyzacj\u0119, czy koncentraty, Buddha's Sister oferuje wszechstronne i przyjemne doznania.<\/p>\n<h2>Sk\u0142adniki Buddha's Sister<\/h2>\n<p>Unikalny smak i dzia\u0142anie Buddha's Sister s\u0105 wynikiem z\u0142o\u017conej kombinacji kannabinoid\u00f3w i terpen\u00f3w. Dominuj\u0105ce terpeny tej odmiany to mircen, limonen i kariofilen. Mircen przyczynia si\u0119 do ziemistego, pi\u017cmowego aromatu i relaksuj\u0105cego dzia\u0142ania, podczas gdy limonen dodaje cytrusowej sk\u00f3rki do profilu smakowego. Kariofilen, znany z pieprznych i pikantnych nut, zapewnia dodatkow\u0105 warstw\u0119 z\u0142o\u017cono\u015bci zapachu i smaku tej odmiany.<\/p>\n<p>Opr\u00f3cz terpen\u00f3w, Buddha's Sister jest bogata w THC, kt\u00f3re odpowiada za jej silne dzia\u0142anie. Genetyka 60% Indica i 40% Sativa zapewnia dobrze zbalansowany haj, kt\u00f3ry jest zar\u00f3wno relaksuj\u0105cy fizycznie, jak i stymuluj\u0105cy psychicznie. To po\u0142\u0105czenie kannabinoid\u00f3w i terpen\u00f3w sprawia, \u017ce Buddha's Sister jest wyj\u0105tkow\u0105 odmian\u0105, idealn\u0105 dla os\u00f3b poszukuj\u0105cych zar\u00f3wno korzy\u015bci terapeutycznych, jak i kreatywnego pobudzenia. Niezale\u017cnie od tego, czy jest u\u017cywana do cel\u00f3w rekreacyjnych, czy leczniczych, sk\u0142adniki Buddha's Sister dzia\u0142aj\u0105 w harmonii, zapewniaj\u0105c wyj\u0105tkowe doznania zwi\u0105zane z konopiami indyjskimi.<\/p>\n<p><strong>Ostrze\u017cenie:<\/strong><br \/>\nBuddha's Sister to silna odmiana, a jej efekty moga byc intensywne dla niekt\u00f3rych uzytkownik\u00f3w. Je\u015bli dopiero zaczynasz przygod\u0119 z t\u0105 odmian\u0105, zaleca si\u0119 rozpocz\u0119cie od ma\u0142ej dawki, aby oceni\u0107 swoj\u0105 tolerancj\u0119. Bogate w \u017cywic\u0119 p\u0105ki tej odmiany wymagaj\u0105 r\u00f3wnie\u017c ostro\u017cnego obchodzenia si\u0119 z nimi podczas uprawy, aby unikn\u0105\u0107 ple\u015bni, zw\u0142aszcza w wilgotnym \u015brodowisku. Konsumpcj\u0119 nale\u017cy zawsze prowadzi\u0107 odpowiedzialnie i zgodnie z lokalnymi przepisami.<\/p>","protected":false},"excerpt":{"rendered":"<p>Buddha's Sister to aromatyczna i silna odmiana konopi znana ze swoich kreatywnych i m\u00f3zgowych efekt\u00f3w. Dzi\u0119ki genetyce 60% Indica i 40% Sativa oferuje pot\u0119\u017cny haj, kt\u00f3ry jest idealny dla os\u00f3b poszukuj\u0105cych inspiracji i relaksu. Odmiana ta, znana z wyj\u0105tkowego smaku cierpkich cukierk\u00f3w wi\u015bniowych, daje wysokie plony i obfit\u0105 \u017cywic\u0119, idealn\u0105 do produkcji haszyszu. Niezale\u017cnie od tego, czy jest uprawiana hydroponicznie, czy w glebie organicznej, Buddha's Sister rozwija si\u0119 w konfiguracji wieloga\u0142\u0119ziowej i zapewnia satysfakcjonuj\u0105ce wra\u017cenia zar\u00f3wno u\u017cytkownikom rekreacyjnym, jak i leczniczym.<\/p>","protected":false},"featured_media":127357,"template":"","meta":[],"product_brand":[],"product_cat":[640,297,549,546],"product_tag":[],"class_list":{"0":"post-127353","1":"product","2":"type-product","3":"status-publish","4":"has-post-thumbnail","6":"product_cat-soma-sacred-seeds","7":"product_cat-all-products","8":"product_cat-feminized-seeds","9":"product_cat-seedshop","11":"first","12":"instock","13":"taxable","14":"shipping-taxable","15":"purchasable","16":"product-type-variable","17":"has-default-attributes"},"_links":{"self":[{"href":"https:\/\/www.tatanka.nl\/pl\/wp-json\/wp\/v2\/product\/127353","targetHints":{"allow":["GET"]}}],"collection":[{"href":"https:\/\/www.tatanka.nl\/pl\/wp-json\/wp\/v2\/product"}],"about":[{"href":"https:\/\/www.tatanka.nl\/pl\/wp-json\/wp\/v2\/types\/product"}],"wp:featuredmedia":[{"embeddable":true,"href":"https:\/\/www.tatanka.nl\/pl\/wp-json\/wp\/v2\/media\/127357"}],"wp:attachment":[{"href":"https:\/\/www.tatanka.nl\/pl\/wp-json\/wp\/v2\/media?parent=127353"}],"wp:term":[{"taxonomy":"product_brand","embeddable":true,"href":"https:\/\/www.tatanka.nl\/pl\/wp-json\/wp\/v2\/product_brand?post=127353"},{"taxonomy":"product_cat","embeddable":true,"href":"https:\/\/www.tatanka.nl\/pl\/wp-json\/wp\/v2\/product_cat?post=127353"},{"taxonomy":"product_tag","embeddable":true,"href":"https:\/\/www.tatanka.nl\/pl\/wp-json\/wp\/v2\/product_tag?post=127353"}],"curies":[{"name":"wp","href":"https:\/\/api.w.org\/{rel}","templated":true}]}}