{"id":127363,"date":"2025-01-10T13:37:12","date_gmt":"2025-01-10T12:37:12","guid":{"rendered":"https:\/\/www.tatanka.nl\/?post_type=product&#038;p=127363"},"modified":"2025-05-16T14:48:41","modified_gmt":"2025-05-16T13:48:41","slug":"lavender-soma-sacred-seeds","status":"publish","type":"product","link":"https:\/\/www.tatanka.nl\/pl\/lavender-soma-sacred-seeds\/","title":{"rendered":"Lawenda - Soma Sacred Seeds"},"content":{"rendered":"<h2>Czym jest lawenda?<\/h2>\n<p>Lavender to urzekaj\u0105ca odmiana konopi, kt\u00f3ra wyr\u00f3\u017cnia si\u0119 nie tylko efektownym wygl\u0105dem, ale tak\u017ce z\u0142o\u017conym sk\u0142adem genetycznym. Jest to krzy\u017c\u00f3wka tr\u00f3jstronna, \u0142\u0105cz\u0105ca najlepsze cechy z r\u00f3\u017cnych region\u00f3w: Afganistanu, Hawaj\u00f3w, Korei, Stan\u00f3w Zjednoczonych i Europy. To zr\u00f3\u017cnicowane dziedzictwo genetyczne skutkuje ro\u015blin\u0105, kt\u00f3ra jest zar\u00f3wno osza\u0142amiaj\u0105ca wizualnie, jak i silna. Lavender jest szczeg\u00f3lnie znana ze swojego g\u0142\u0119bokiego fioletowego zabarwienia, kt\u00f3re mo\u017ce osi\u0105gn\u0105\u0107 prawie czarne odcienie na ko\u0144cach li\u015bci, co czyni j\u0105 jedn\u0105 z najbardziej uderzaj\u0105cych wizualnie dost\u0119pnych odmian.<\/p>\n<p>G\u0119ste p\u0105ki ro\u015bliny wydzielaj\u0105 pikantny aromat przypominaj\u0105cy afga\u0144ski haszysz, co dodatkowo zwi\u0119ksza jej atrakcyjno\u015b\u0107. Dzi\u0119ki wysokiemu stosunkowi kielicha do li\u015bci, Lavender jest stosunkowo \u0142atwa w piel\u0119gnacji, co czyni j\u0105 atrakcyjn\u0105 opcj\u0105 dla hodowc\u00f3w. Chocia\u017c mo\u017ce nie rosn\u0105\u0107 tak wysoko, jak odmiany Haze, Lavender mo\u017ce nadal osi\u0105ga\u0107 imponuj\u0105ce wysoko\u015bci, je\u015bli zapewni si\u0119 jej d\u0142u\u017cszy okres wegetacji. Jest wszechstronna i mo\u017ce rozwija\u0107 si\u0119 zar\u00f3wno w pomieszczeniach, jak i na zewn\u0105trz, oferuj\u0105c obfite plony i wyj\u0105tkow\u0105 jako\u015b\u0107. Niezale\u017cnie od tego, czy ro\u015bnie w morzu zieleni, czy jako ro\u015blina wielokrotnie rozga\u0142\u0119ziona, Lavender zapewnia przyjemne i silne doznania entuzjastom konopi.<\/p>\n<h2>Historia lawendy<\/h2>\n<p>Historia Lavender jest tak r\u00f3\u017cnorodna i bogata, jak jej rodow\u00f3d genetyczny. Odmiana ta \u0142\u0105czy w sobie genetyk\u0119 z wielu region\u00f3w, w tym z Afganistanu, Hawaj\u00f3w, Korei, Stan\u00f3w Zjednoczonych i Europy. Po\u0142\u0105czenie tych r\u00f3\u017cnych odmian konopi skutkuje odmian\u0105, kt\u00f3ra \u0142\u0105czy najlepsze cechy z ka\u017cdego regionu, tworz\u0105c z\u0142o\u017cony i bardzo poszukiwany produkt. Wp\u0142yw Afganistanu zapewnia Lavender charakterystyczny pikantny, podobny do haszyszu aromat, podczas gdy genetyka Hawaiian i USA przyczyniaj\u0105 si\u0119 do jej mocy i og\u00f3lnej atrakcyjno\u015bci.<\/p>\n<p>Unikalna genetyka Lavender zosta\u0142a starannie wyselekcjonowana w czasie, aby stworzy\u0107 odmian\u0119, kt\u00f3ra nie tylko oferuje doskona\u0142y haj, ale tak\u017ce rozwija si\u0119 w r\u00f3\u017cnych warunkach uprawy. Zdolno\u015b\u0107 ro\u015bliny do adaptacji i wyj\u0105tkowe plony sprawi\u0142y, \u017ce sta\u0142a si\u0119 ona ulubie\u0144cem zar\u00f3wno hodowc\u00f3w indoor, jak i outdoor. Charakterystyczne zabarwienie i smak lawendy sprawi\u0142y, \u017ce sta\u0142a si\u0119 ona wyj\u0105tkowa w \u015bwiecie konopi, przyci\u0105gaj\u0105c uwag\u0119 zar\u00f3wno swoim pi\u0119knem, jak i silnym, relaksuj\u0105cym dzia\u0142aniem. Dzi\u015b pozostaje popularnym wyborem dla koneser\u00f3w konopi poszukuj\u0105cych zr\u00f3wnowa\u017conych i koj\u0105cych dozna\u0144.<\/p>\n<h2>Jak stosowa\u0107 lawend\u0119<\/h2>\n<p>Lavender to wszechstronna odmiana, kt\u00f3r\u0105 mo\u017cna cieszy\u0107 si\u0119 na r\u00f3\u017cne sposoby, w zale\u017cno\u015bci od preferencji. Niezale\u017cnie od tego, czy wolisz pali\u0107, waporyzowa\u0107, czy u\u017cywa\u0107 koncentrat\u00f3w, Lavender zapewnia silne i relaksuj\u0105ce doznania, kt\u00f3re s\u0105 idealne do relaksu po d\u0142ugim dniu. Wyra\u017any smak odmiany, kt\u00f3ry bardzo przypomina afga\u0144ski haszysz, sprawia, \u017ce jest to doskona\u0142y wyb\u00f3r dla tych, kt\u00f3rzy lubi\u0105 bogate, pikantne i ziemiste nuty w konopiach indyjskich.<\/p>\n<p>Dla tych, kt\u00f3rzy dopiero zaczynaj\u0105 przygod\u0119 z t\u0105 odmian\u0105, zaleca si\u0119 rozpocz\u0119cie od ma\u0142ej dawki, aby oceni\u0107 jej dzia\u0142anie. Koj\u0105cy, \u0142agodny haj Lavender sprawia, \u017ce jest to idealny wyb\u00f3r na wiecz\u00f3r lub deszczowe dni, kiedy chcesz si\u0119 zrelaksowa\u0107 i odpr\u0119\u017cy\u0107. Uspokajaj\u0105ce dzia\u0142anie mo\u017ce pom\u00f3c z\u0142agodzi\u0107 stres i niepok\u00f3j, a niekt\u00f3rym mo\u017ce nawet pom\u00f3c w zasypianiu. Niezale\u017cnie od tego, czy jest u\u017cywana do relaksu, czy jako \u015brodek nasenny, Lavender zapewnia spokojne i przyjemne doznania, kt\u00f3re pozostawiaj\u0105 u\u017cytkownik\u00f3w zadowolonych i spokojnych.<\/p>\n<h2>Sk\u0142adniki lawendy<\/h2>\n<p>Efekty i profil smakowy Lavender s\u0105 wynikiem z\u0142o\u017conej kombinacji kannabinoid\u00f3w i terpen\u00f3w. Wysoka zawarto\u015b\u0107 THC w tej odmianie zapewnia silny i relaksuj\u0105cy haj, kt\u00f3ry jest idealny do odpr\u0119\u017cenia si\u0119. Opr\u00f3cz THC, Lavender zawiera inne kannabinoidy, takie jak CBD, kt\u00f3re przyczyniaj\u0105 si\u0119 do jej efekt\u00f3w terapeutycznych, takich jak \u0142agodzenie stresu i relaksacja.<\/p>\n<p>Terpeny zawarte w lawendzie r\u00f3wnie\u017c odgrywaj\u0105 kluczow\u0105 rol\u0119 w jej wyra\u017anym smaku i aromacie. Mircen, dominuj\u0105cy terpen, nadaje ziemiste i pi\u017cmowe nuty, podczas gdy limonen dodaje cytrusowej sk\u00f3rki do og\u00f3lnego profilu. Kariofilen nadaje pikantny, pieprzny aromat, kt\u00f3ry uzupe\u0142nia zapach przypominaj\u0105cy afga\u0144ski haszysz. Te terpeny wsp\u00f3\u0142pracuj\u0105 ze sob\u0105, tworz\u0105c unikalny, z\u0142o\u017cony smak, kt\u00f3ry wzmacnia og\u00f3lne wra\u017cenia z u\u017cywania Lavender. Po\u0142\u0105czenie tych sk\u0142adnik\u00f3w skutkuje odmian\u0105, kt\u00f3ra jest nie tylko koj\u0105ca, ale tak\u017ce aromatyczna, co czyni j\u0105 najlepszym wyborem dla entuzjast\u00f3w konopi.<\/p>\n<p><strong>Ostrze\u017cenie:<\/strong><br \/>\nLavender to silna odmiana, a jej uspokajaj\u0105ce dzia\u0142anie mo\u017ce by\u0107 intensywne dla niekt\u00f3rych u\u017cytkownik\u00f3w. Je\u015bli jeste\u015b nowym u\u017cytkownikiem tej odmiany lub masz nisk\u0105 tolerancj\u0119, zaleca si\u0119 rozpocz\u0119cie od ma\u0142ej dawki i stopniowe zwi\u0119kszanie jej w razie potrzeby. Relaksuj\u0105cy charakter Lavender sprawia, \u017ce najlepiej nadaje si\u0119 ona do stosowania wieczorem, poniewa\u017c mo\u017ce wywo\u0142ywa\u0107 senno\u015b\u0107. Nale\u017cy pami\u0119ta\u0107 o skutkach dzia\u0142ania tej odmiany i spo\u017cywa\u0107 j\u0105 odpowiedzialnie, zw\u0142aszcza gdy planuje si\u0119 wykonywanie czynno\u015bci wymagaj\u0105cych skupienia lub koncentracji. Podczas korzystania z produkt\u00f3w z konopi indyjskich nale\u017cy zawsze przestrzega\u0107 lokalnych przepis\u00f3w i regulacji.<\/p>","protected":false},"excerpt":{"rendered":"<p>Lavender to uderzaj\u0105ca i egzotyczna odmiana konopi o bogatej historii genetycznej, \u0142\u0105cz\u0105ca wp\u0142ywy z Afganistanu, Hawaj\u00f3w, Korei, USA i Europy. Znana z intensywnie fioletowego zabarwienia i g\u0119stych p\u0105k\u00f3w, odmiana ta oferuje pikantny, afga\u0144ski aromat przypominaj\u0105cy haszysz oraz uspokajaj\u0105cy, \u0142agodny haj. Lavender rozwija si\u0119 w klimacie umiarkowanym, daj\u0105c wyj\u0105tkowe plony przy uproszczonym procesie uprawy. Idealna do stosowania wieczorem, zapewnia relaksuj\u0105cy, koj\u0105cy efekt, kt\u00f3ry jest idealny do odpr\u0119\u017cenia lub wywo\u0142ania snu.<\/p>","protected":false},"featured_media":127367,"template":"","meta":[],"product_brand":[],"product_cat":[640,297,549,546],"product_tag":[],"class_list":{"0":"post-127363","1":"product","2":"type-product","3":"status-publish","4":"has-post-thumbnail","6":"product_cat-soma-sacred-seeds","7":"product_cat-all-products","8":"product_cat-feminized-seeds","9":"product_cat-seedshop","11":"first","12":"instock","13":"taxable","14":"shipping-taxable","15":"purchasable","16":"product-type-variable","17":"has-default-attributes"},"_links":{"self":[{"href":"https:\/\/www.tatanka.nl\/pl\/wp-json\/wp\/v2\/product\/127363","targetHints":{"allow":["GET"]}}],"collection":[{"href":"https:\/\/www.tatanka.nl\/pl\/wp-json\/wp\/v2\/product"}],"about":[{"href":"https:\/\/www.tatanka.nl\/pl\/wp-json\/wp\/v2\/types\/product"}],"wp:featuredmedia":[{"embeddable":true,"href":"https:\/\/www.tatanka.nl\/pl\/wp-json\/wp\/v2\/media\/127367"}],"wp:attachment":[{"href":"https:\/\/www.tatanka.nl\/pl\/wp-json\/wp\/v2\/media?parent=127363"}],"wp:term":[{"taxonomy":"product_brand","embeddable":true,"href":"https:\/\/www.tatanka.nl\/pl\/wp-json\/wp\/v2\/product_brand?post=127363"},{"taxonomy":"product_cat","embeddable":true,"href":"https:\/\/www.tatanka.nl\/pl\/wp-json\/wp\/v2\/product_cat?post=127363"},{"taxonomy":"product_tag","embeddable":true,"href":"https:\/\/www.tatanka.nl\/pl\/wp-json\/wp\/v2\/product_tag?post=127363"}],"curies":[{"name":"wp","href":"https:\/\/api.w.org\/{rel}","templated":true}]}}