{"id":127368,"date":"2025-01-10T13:43:19","date_gmt":"2025-01-10T12:43:19","guid":{"rendered":"https:\/\/www.tatanka.nl\/?post_type=product&#038;p=127368"},"modified":"2025-05-16T14:48:39","modified_gmt":"2025-05-16T13:48:39","slug":"new-york-city-diesel-soma-sacred-seeds","status":"publish","type":"product","link":"https:\/\/www.tatanka.nl\/pl\/new-york-city-diesel-soma-sacred-seeds\/","title":{"rendered":"New York City Diesel - Soma Sacred Seeds"},"content":{"rendered":"<h2>Czym jest New York City Diesel?<\/h2>\n<p>New York City Diesel, cz\u0119sto okre\u015blany jako NYC Diesel, to hybrydowa odmiana konopi o sk\u0142adzie 70% Sativa i 30% Indica. Mieszanka ta tworzy dynamiczny i zr\u00f3wnowa\u017cony efekt, kt\u00f3ry jest zar\u00f3wno pobudzaj\u0105cy, jak i relaksuj\u0105cy. Pochodz\u0105cy z Wielkiego Jab\u0142ka NYC Diesel zyska\u0142 s\u0142aw\u0119 dzi\u0119ki swoim unikalnym cechom i reputacji \"najlepszej trawki\", jak opisywali go jego pierwsi zwolennicy.<\/p>\n<p>Odmiana ta znana jest z wyra\u017anego aromatu, przypominaj\u0105cego dojrza\u0142e czerwone grejpfruty, kt\u00f3ry wype\u0142nia ka\u017cd\u0105 przestrze\u0144 orze\u017awiaj\u0105cym cytrusowym zapachem. Poza zapachem, NYC Diesel szczyci si\u0119 egzotycznym smakiem, kt\u00f3ry pozostawia niezatarte wra\u017cenie. Zapewnia podnosz\u0105cy na duchu haj, kt\u00f3ry stymuluje kreatywno\u015b\u0107, zachowuj\u0105c jednocze\u015bnie \u0142agodny ton, dzi\u0119ki czemu nadaje si\u0119 zar\u00f3wno do stosowania w ci\u0105gu dnia, jak i wieczorem. Dzi\u0119ki wyd\u0142u\u017conemu okresowi kwitnienia wynosz\u0105cemu 13 tygodni, odmiana ta nagradza hodowc\u00f3w obfitymi plonami wysokiej jako\u015bci p\u0105k\u00f3w.<\/p>\n<h2>Historia silnik\u00f3w wysokopr\u0119\u017cnych w Nowym Jorku<\/h2>\n<p>Pocz\u0105tki New York City Diesel s\u0105 r\u00f3wnie \u017cywe, jak jej efekty. Podr\u00f3\u017c tej odmiany rozpocz\u0119\u0142a si\u0119 w t\u0119tni\u0105cym \u017cyciem Nowym Jorku, gdzie jej nasiona zosta\u0142y przywiezione przez zaufanego przyjaciela znanego z wymagaj\u0105cego smaku konopi. Maj\u0105c swoje korzenie w Wielkim Jab\u0142ku, NYC Diesel szybko zyska\u0142 uznanie ze wzgl\u0119du na swoje wyj\u0105tkowe w\u0142a\u015bciwo\u015bci i sta\u0142 si\u0119 ulubie\u0144cem entuzjast\u00f3w konopi.<\/p>\n<p>NYC Diesel wyr\u00f3\u017cnia si\u0119 niezwyk\u0142ym aromatem i profilem smakowym. Jej owocowy zapach, przypominaj\u0105cy dojrza\u0142e czerwone grejpfruty, wyr\u00f3\u017cnia j\u0105 na tle innych odmian. Ta wyra\u017ana cecha przyczyni\u0142a si\u0119 do jej rosn\u0105cej popularno\u015bci nie tylko w Nowym Jorku, ale i na ca\u0142ym \u015bwiecie. Reputacja tej odmiany z czasem tylko si\u0119 umocni\u0142a, ugruntowuj\u0105c jej miejsce jako jednej z najbardziej egzotycznych i przyjemnych odmian konopi dost\u0119pnych na rynku.<\/p>\n<h2>Jak korzysta\u0107 z New York City Diesel<\/h2>\n<p>New York City Diesel mo\u017cna spo\u017cywa\u0107 na kilka sposob\u00f3w, co czyni j\u0105 wszechstronnym wyborem zar\u00f3wno dla pocz\u0105tkuj\u0105cych, jak i do\u015bwiadczonych u\u017cytkownik\u00f3w. Niezale\u017cnie od tego, czy jest palona, waporyzowana, czy stosowana w koncentratach, NYC Diesel zapewnia wyj\u0105tkowe doznania, kt\u00f3re \u0142\u0105cz\u0105 podnosz\u0105cy na duchu haj Sativa z uspokajaj\u0105cymi efektami Indica.<\/p>\n<p>Jego energetyzuj\u0105ce w\u0142a\u015bciwo\u015bci sprawiaj\u0105, \u017ce jest to doskona\u0142y wyb\u00f3r do codziennych zaj\u0119\u0107 lub kreatywnych projekt\u00f3w. Egzotyczny grejpfrutowy smak dodaje orze\u017awiaj\u0105cego akcentu, dzi\u0119ki czemu jest r\u00f3wnie przyjemny w smaku, jak i w odczuciu. Dla tych, kt\u00f3rzy szukaj\u0105 relaksu bez senno\u015bci, NYC Diesel jest r\u00f3wnie\u017c idealnym towarzyszem wieczornym, oferuj\u0105c r\u00f3wnowag\u0119 mi\u0119dzy stymulacj\u0105 umys\u0142ow\u0105 a fizycznym spokojem. Je\u015bli jeste\u015b nowym u\u017cytkownikiem tej odmiany, zawsze zaczynaj od ma\u0142ej dawki, aby oceni\u0107 jej dzia\u0142anie i odpowiednio dostosowa\u0107.<\/p>\n<h2>Sk\u0142adniki nowojorskiego oleju nap\u0119dowego<\/h2>\n<p>Si\u0142a i atrakcyjno\u015b\u0107 New York City Diesel tkwi w unikalnej kombinacji kannabinoid\u00f3w i terpen\u00f3w. Odmiana ta charakteryzuje si\u0119 wysok\u0105 zawarto\u015bci\u0105 THC, co przyczynia si\u0119 do jej podnosz\u0105cych na duchu i euforycznych efekt\u00f3w. Dominacja Sativy zapewnia jasne i energetyzuj\u0105ce doznania, podczas gdy wp\u0142yw Indica dodaje odrobin\u0119 relaksu, aby zr\u00f3wnowa\u017cy\u0107 haj.<\/p>\n<p>Terpeny odgrywaj\u0105 istotn\u0105 rol\u0119 w aromacie i smaku NYC Diesel. Dominuj\u0105cy terpen, limonen, odpowiada za cytrusowy zapach grejpfruta. Mircen dodaje ziemistych ton\u00f3w, a kariofilen wprowadza nut\u0119 pikanterii. Razem zwi\u0105zki te tworz\u0105 egzotyczny profil sensoryczny, kt\u00f3ry wyr\u00f3\u017cnia NYC Diesel. Po\u0142\u0105czenie to nie tylko wzmacnia doznania, ale tak\u017ce zapewnia potencjalne korzy\u015bci terapeutyczne, w tym \u0142agodzenie stresu i popraw\u0119 nastroju.<\/p>\n<p><strong>Ostrze\u017cenie:<\/strong><br \/>\nNew York City Diesel to silna odmiana, a jej efekty moga byc intensywne dla poczatkujacych. Zacznij od niewielkiej ilo\u015bci, aby oceni\u0107 swoj\u0105 tolerancj\u0119 i unikn\u0105\u0107 nadmiernego spo\u017cycia. Ze wzgl\u0119du na swoje w\u0142a\u015bciwo\u015bci energetyzuj\u0105ce, zaleca si\u0119 jej stosowanie w ci\u0105gu dnia lub wczesnym wieczorem, aby unikn\u0105\u0107 zak\u0142\u00f3cania snu. Zawsze spo\u017cywaj j\u0105 odpowiedzialnie i przestrzegaj lokalnych przepis\u00f3w dotycz\u0105cych u\u017cywania konopi indyjskich.<\/p>","protected":false},"excerpt":{"rendered":"<p>New York City Diesel to odmiana konopi znana z unikalnej mieszanki cech Sativa i Indica. Znana z dojrza\u0142ego aromatu czerwonego grejpfruta, egzotycznego smaku i podnosz\u0105cego na duchu haju, NYC Diesel jest idealna dla os\u00f3b poszukuj\u0105cych kreatywnych i energetyzuj\u0105cych wra\u017ce\u0144. Dzi\u0119ki pochodzeniu z Big Apple i \u017cywemu profilowi, odmiana ta oferuje niezapomnian\u0105 podr\u00f3\u017c dla zmys\u0142\u00f3w.<\/p>","protected":false},"featured_media":127372,"template":"","meta":[],"product_brand":[],"product_cat":[640,297,549,546],"product_tag":[],"class_list":{"0":"post-127368","1":"product","2":"type-product","3":"status-publish","4":"has-post-thumbnail","6":"product_cat-soma-sacred-seeds","7":"product_cat-all-products","8":"product_cat-feminized-seeds","9":"product_cat-seedshop","11":"first","12":"instock","13":"taxable","14":"shipping-taxable","15":"purchasable","16":"product-type-variable","17":"has-default-attributes"},"_links":{"self":[{"href":"https:\/\/www.tatanka.nl\/pl\/wp-json\/wp\/v2\/product\/127368","targetHints":{"allow":["GET"]}}],"collection":[{"href":"https:\/\/www.tatanka.nl\/pl\/wp-json\/wp\/v2\/product"}],"about":[{"href":"https:\/\/www.tatanka.nl\/pl\/wp-json\/wp\/v2\/types\/product"}],"wp:featuredmedia":[{"embeddable":true,"href":"https:\/\/www.tatanka.nl\/pl\/wp-json\/wp\/v2\/media\/127372"}],"wp:attachment":[{"href":"https:\/\/www.tatanka.nl\/pl\/wp-json\/wp\/v2\/media?parent=127368"}],"wp:term":[{"taxonomy":"product_brand","embeddable":true,"href":"https:\/\/www.tatanka.nl\/pl\/wp-json\/wp\/v2\/product_brand?post=127368"},{"taxonomy":"product_cat","embeddable":true,"href":"https:\/\/www.tatanka.nl\/pl\/wp-json\/wp\/v2\/product_cat?post=127368"},{"taxonomy":"product_tag","embeddable":true,"href":"https:\/\/www.tatanka.nl\/pl\/wp-json\/wp\/v2\/product_tag?post=127368"}],"curies":[{"name":"wp","href":"https:\/\/api.w.org\/{rel}","templated":true}]}}