{"id":127932,"date":"2025-02-04T16:29:33","date_gmt":"2025-02-04T15:29:33","guid":{"rendered":"https:\/\/www.tatanka.nl\/?post_type=product&#038;p=127932"},"modified":"2026-02-05T00:49:25","modified_gmt":"2026-02-04T23:49:25","slug":"love-caps-6-capsules","status":"publish","type":"product","link":"https:\/\/www.tatanka.nl\/pl\/love-caps-6-capsules\/","title":{"rendered":"Love Caps - 6 kapsu\u0142ek"},"content":{"rendered":"<p><strong>Ultimate69 Love Caps - 6 Capsules<\/strong><\/p>\n<p>Podnie\u015b swoje intymne chwile dzi\u0119ki Ultimate69 Love Caps, przeznaczonym zar\u00f3wno dla m\u0119\u017cczyzn, jak i kobiet. Te starannie wykonane kapsu\u0142ki zawieraj\u0105 silne ekstrakty zio\u0142owe, kt\u00f3re zwi\u0119kszaj\u0105 libido, energi\u0119 i wytrzyma\u0142o\u015b\u0107, zapewniaj\u0105c jednocze\u015bnie subtelne mrowienie. Do\u015bwiadcz zwi\u0119kszonej przyjemno\u015bci i wsp\u00f3lnie osi\u0105gnijcie nowy poziom satysfakcji!<\/p>\n<p><strong>Sk\u0142adniki:<\/strong><br \/>\n150 mg GABA, 100 mg L-argininy, 100 mg L-cytruliny, 100 mg ekstraktu z czarnej maca, 50 mg kanna, 50 mg ekstraktu z \u017ce\u0144-szenia, 50 mg ekstraktu z damiany, 50 mg ekstraktu z passiflory, 50 mg tauryny, 50 mg ekstraktu z kakao, 50 mg witaminy C, 25 mg ekstraktu z melisy, 10 mg niacyny, 10 mg cynku, 2 mg piperyny oraz skrobia ry\u017cowa jako substancja pomocnicza.<\/p>\n<p><strong>Dawkowanie:<\/strong><br \/>\nPrzyjmowa\u0107 jedn\u0105 kapsu\u0142k\u0119 na godzin\u0119 przed stosunkiem. W razie potrzeby przyj\u0105\u0107 drug\u0105 kapsu\u0142k\u0119 po 30 minutach. Nie przekracza\u0107 2 kapsu\u0142ek dziennie.<\/p>\n<p><strong>Ostrze\u017cenie:<\/strong><br \/>\nPrzechowywa\u0107 w miejscu niedost\u0119pnym dla dzieci. Skonsultuj si\u0119 z lekarzem przed u\u017cyciem, je\u015bli jeste\u015b w ci\u0105\u017cy, karmisz piersi\u0105 lub do\u015bwiadczasz problem\u00f3w zdrowotnych. Jest to suplement diety i powinien by\u0107 stosowany zgodnie z zaleceniami.<\/p>\n<p><strong>Przechowywanie:<\/strong><br \/>\nPrzechowywa\u0107 w ch\u0142odnym, ciemnym miejscu.<\/p>","protected":false},"excerpt":{"rendered":"<p>Wzmocnij swoje intymne chwile dzi\u0119ki Ultimate69 Love Caps, stworzonym zar\u00f3wno dla m\u0119\u017cczyzn, jak i kobiet. Kapsu\u0142ki te, nasycone najwy\u017cszej jako\u015bci ekstraktami zio\u0142owymi, zwi\u0119kszaj\u0105 libido, energi\u0119 i wytrzyma\u0142o\u015b\u0107, zapewniaj\u0105c jednocze\u015bnie subtelne mrowienie. Przyjmowa\u0107 jedn\u0105 kapsu\u0142k\u0119 na godzin\u0119 przed aktywno\u015bci\u0105 fizyczn\u0105, z opcj\u0105 drugiej kapsu\u0142ki w razie potrzeby. Maksymalnie 2 dziennie. Prze\u017cyjcie razem najwy\u017csz\u0105 przyjemno\u015b\u0107!<\/p>","protected":false},"featured_media":127936,"template":"","meta":[],"product_brand":[],"product_cat":[531,297,576,573,383,476],"product_tag":[],"class_list":{"0":"post-127932","1":"product","2":"type-product","3":"status-publish","4":"has-post-thumbnail","6":"product_cat-aphrodisiacs","7":"product_cat-all-products","8":"product_cat-sex-products-for-couples","9":"product_cat-sex-products-top-10","10":"product_cat-sex-shop","11":"product_cat-smartshop","13":"first","14":"instock","15":"taxable","16":"shipping-taxable","17":"purchasable","18":"product-type-variable","19":"has-default-attributes"},"_links":{"self":[{"href":"https:\/\/www.tatanka.nl\/pl\/wp-json\/wp\/v2\/product\/127932","targetHints":{"allow":["GET"]}}],"collection":[{"href":"https:\/\/www.tatanka.nl\/pl\/wp-json\/wp\/v2\/product"}],"about":[{"href":"https:\/\/www.tatanka.nl\/pl\/wp-json\/wp\/v2\/types\/product"}],"wp:featuredmedia":[{"embeddable":true,"href":"https:\/\/www.tatanka.nl\/pl\/wp-json\/wp\/v2\/media\/127936"}],"wp:attachment":[{"href":"https:\/\/www.tatanka.nl\/pl\/wp-json\/wp\/v2\/media?parent=127932"}],"wp:term":[{"taxonomy":"product_brand","embeddable":true,"href":"https:\/\/www.tatanka.nl\/pl\/wp-json\/wp\/v2\/product_brand?post=127932"},{"taxonomy":"product_cat","embeddable":true,"href":"https:\/\/www.tatanka.nl\/pl\/wp-json\/wp\/v2\/product_cat?post=127932"},{"taxonomy":"product_tag","embeddable":true,"href":"https:\/\/www.tatanka.nl\/pl\/wp-json\/wp\/v2\/product_tag?post=127932"}],"curies":[{"name":"wp","href":"https:\/\/api.w.org\/{rel}","templated":true}]}}