{"id":127937,"date":"2022-04-04T16:34:35","date_gmt":"2022-04-04T15:34:35","guid":{"rendered":"https:\/\/www.tatanka.nl\/?post_type=product&#038;p=127937"},"modified":"2025-12-08T00:48:28","modified_gmt":"2025-12-07T23:48:28","slug":"sex-on-the-beach-magic-truffles","status":"publish","type":"product","link":"https:\/\/www.tatanka.nl\/pl\/sex-on-the-beach-magic-truffles\/","title":{"rendered":"Sex on the Beach Magic Truffles"},"content":{"rendered":"<h2 dir=\"auto\">Czym s\u0105 Sex on the Beach Magic Truffles?<\/h2>\n<p dir=\"auto\">Sex on the Beach Magic Trufle, rodzaj sklerocji, to podziemne formacje nitek grzybni, kt\u00f3re przechowuj\u0105 sk\u0142adniki od\u017cywcze potrzebne do wzrostu grzyb\u00f3w. W przeciwie\u0144stwie do typowych grzyb\u00f3w, trufle te tworz\u0105 si\u0119 w okre\u015blonych warunkach temperatury i wilgotno\u015bci, tworz\u0105c silny, naturalny produkt. Znane ze swojej zdolno\u015bci do wzmacniania dozna\u0144 zmys\u0142owych i emocjonalnych, s\u0105 szczeg\u00f3lnie popularne w promowaniu intymno\u015bci i wi\u0119zi. Po spo\u017cyciu wywo\u0142uj\u0105 szereg efekt\u00f3w, od \u017cywych obraz\u00f3w po filozoficzne spostrze\u017cenia, w zale\u017cno\u015bci od dawki. Unikalny sk\u0142ad tych trufli oddzia\u0142uje z uk\u0142adem serotoninowym m\u00f3zgu, powoduj\u0105c halucynogenny \"trip\", kt\u00f3ry mo\u017ce by\u0107 magiczny i transformuj\u0105cy. Ka\u017cde opakowanie zawiera 15 gram\u00f3w, zaprojektowanych dla jednego u\u017cytkownika, aby zapewni\u0107 bezpieczne i kontrolowane doznania. Ich rosn\u0105ca popularno\u015b\u0107 wynika z ich zdolno\u015bci do oferowania g\u0142\u0119bokiej, osobistej podr\u00f3\u017cy, co czyni je poszukiwanym wyborem dla os\u00f3b badaj\u0105cych zmienione stany \u015bwiadomo\u015bci. Niezale\u017cnie od tego, czy s\u0105 u\u017cywane do odkrywania siebie, czy do wsp\u00f3lnych chwil, Sex on the Beach Magic Truffles zapewniaj\u0105 wszechstronne i pot\u0119\u017cne do\u015bwiadczenie dostosowane do sposobu my\u015blenia i \u015brodowiska u\u017cytkownika.<\/p>\n<h2 dir=\"auto\">Historia Sex on the Beach Magic Truffles<\/h2>\n<p dir=\"auto\">Wykorzystanie magicznych trufli, w tym Sex on the Beach Magic Truffles, si\u0119ga staro\u017cytnych kultur, kt\u00f3re czci\u0142y substancje psychoaktywne do cel\u00f3w duchowych i spo\u0142ecznych. Rdzenne grupy w Ameryce \u015arodkowej i Po\u0142udniowej u\u017cywa\u0142y podobnych grzyb\u00f3w w rytua\u0142ach, aby po\u0142\u0105czy\u0107 si\u0119 z bosko\u015bci\u0105 lub zbada\u0107 siebie. W dzisiejszych czasach sklerocja zyska\u0142a uwag\u0119 w Holandii, gdzie sta\u0142a si\u0119 legaln\u0105 alternatyw\u0105 dla magicznych grzyb\u00f3w po ich zakazie. Specyficzna mieszanka Sex on the Beach Magic Truffles zosta\u0142a opracowana z my\u015bl\u0105 o osobach poszukuj\u0105cych bardziej intymnych, skoncentrowanych na zmys\u0142ach dozna\u0144. Z biegiem lat post\u0119py w uprawie udoskonali\u0142y ich moc i konsystencj\u0119, czyni\u0105c je podstaw\u0105 w spo\u0142eczno\u015bci psychodelicznej. Wzrost ich popularno\u015bci odzwierciedla rosn\u0105ce zainteresowanie naturalnymi psychodelikami dla rozwoju osobistego i wi\u0119zi emocjonalnych. Dzi\u015b trufle te s\u0105 znane ze swojej zdolno\u015bci do tworzenia znacz\u0105cych, wsp\u00f3lnych do\u015bwiadcze\u0144, \u0142\u0105cz\u0105c staro\u017cytne tradycje ze wsp\u00f3\u0142czesnymi pragnieniami g\u0142\u0119bszych wi\u0119zi mi\u0119dzyludzkich. Ich unikalne efekty sprawi\u0142y, \u017ce sta\u0142y si\u0119 ulubionymi w\u015br\u00f3d tych, kt\u00f3rzy chc\u0105 odkrywa\u0107 zar\u00f3wno umys\u0142, jak i relacje w bezpieczny, kontrolowany spos\u00f3b.<\/p>\n<h2 dir=\"auto\">Jak u\u017cywa\u0107 Sex na pla\u017cy Magic Truffles<\/h2>\n<p dir=\"auto\">Aby bezpiecznie korzysta\u0107 z Sex on the Beach Magic Truffles, nale\u017cy spo\u017cywa\u0107 je w spokojnym, zaufanym otoczeniu, najlepiej z partnerem lub blisk\u0105 osob\u0105. Zacznij od po\u0142owy 15-gramowego opakowania, aby oceni\u0107 efekty, odczekuj\u0105c 30-45 minut przed podj\u0119ciem decyzji o spo\u017cyciu wi\u0119kszej ilo\u015bci. Dok\u0142adne \u017cucie zwi\u0119ksza ich moc, cho\u0107 mo\u017cna je r\u00f3wnie\u017c zaparzy\u0107 w herbacie lub zupie w celu \u0142atwiejszego spo\u017cycia. Aby uzyska\u0107 najlepsze wyniki, nale\u017cy stosowa\u0107 na pusty \u017co\u0142\u0105dek. Efekty zwykle osi\u0105gaj\u0105 szczyt w ci\u0105gu 1-3 godzin i ust\u0119puj\u0105 po 5-6 godzinach. Trufle nale\u017cy przechowywa\u0107 w ciemnym, ch\u0142odnym miejscu w temperaturze od 2\u00b0C do 4\u00b0C, aby zachowa\u0107 ich \u015bwie\u017co\u015b\u0107. Unikaj \u0142\u0105czenia z alkoholem, lekami lub innymi narkotykami i nie u\u017cywaj, je\u015bli jeste\u015b w ci\u0105\u017cy, karmisz piersi\u0105 lub masz do czynienia z chorobami psychicznymi lub fizycznymi, takimi jak depresja, choroby serca lub cukrzyca. Podczas stosowania surowo zabrania si\u0119 prowadzenia pojazd\u00f3w i obs\u0142ugiwania maszyn. Do\u015bwiadczenia mog\u0105 si\u0119 r\u00f3\u017cni\u0107, wi\u0119c nastaw si\u0119 na pozytywn\u0105, intymn\u0105 podr\u00f3\u017c. Relax, pozosta\u0144 nawodniony i pozw\u00f3l truflom poprowadzi\u0107 Ci\u0119 przez wyj\u0105tkow\u0105 zmys\u0142ow\u0105 przygod\u0119, wzmacniaj\u0105c emocje i percepcj\u0119, zapewniaj\u0105c niezapomniane wra\u017cenia.<\/p>\n<h2 dir=\"auto\">Sk\u0142adniki Sex on the Beach Magic Truffles<\/h2>\n<p dir=\"auto\">Sex on the Beach Magic Truffles zawieraj\u0105 naturaln\u0105 mieszank\u0119 sk\u0142adnik\u00f3w od\u017cywczych i zwi\u0105zk\u00f3w psychoaktywnych, g\u0142\u00f3wnie psylocybiny, kt\u00f3ra w organizmie przekszta\u0142ca si\u0119 w psylocyn\u0119, wywo\u0142uj\u0105c efekty halucynogenne. Na 100 gram\u00f3w dostarczaj\u0105 110,5 kcal, 13,2 gram\u00f3w w\u0119glowodan\u00f3w, 5,3 gram\u00f3w bia\u0142ka, 0,4 gram\u00f3w t\u0142uszczu i 16,7 gram\u00f3w b\u0142onnika pokarmowego. Zawieraj\u0105 r\u00f3wnie\u017c niezb\u0119dne minera\u0142y, takie jak 13,6 mg sodu, 169,3 mg fosforu, 210 mg potasu, 12,5 mg wapnia i 0,7 mg \u017celaza, a tak\u017ce 10 IU witaminy D. Te sk\u0142adniki od\u017cywcze wspieraj\u0105 funkcje energetyczne i regulacyjne organizmu, dzi\u0119ki czemu trufle s\u0105 wyj\u0105tkowym produktem konsumpcyjnym. Zawarto\u015b\u0107 psilocybiny jest odpowiedzialna za ich dzia\u0142anie zmieniaj\u0105ce umys\u0142, wp\u0142ywaj\u0105c na szlaki serotoninowe w celu poprawy nastroju, percepcji i intymno\u015bci. Uprawiane w kontrolowanych warunkach trufle s\u0105 wolne od sztucznych dodatk\u00f3w, opieraj\u0105c si\u0119 na naturalnych w\u0142a\u015bciwo\u015bciach sklerocji. Taka kompozycja nie tylko zasila organizm, ale tak\u017ce wywo\u0142uje g\u0142\u0119bokie doznania psychiczne, dzi\u0119ki czemu s\u0105 idealne dla os\u00f3b poszukuj\u0105cych zar\u00f3wno korzy\u015bci od\u017cywczych, jak i psychoaktywnych w jednym produkcie.<\/p>\n<p dir=\"auto\"><strong>Ostrze\u017cenie<\/strong><br \/>\nSex on the Beach Magic Truffles zawieraj\u0105 psylocybin\u0119 i psylocyn\u0119, naturalne halucynogeny, kt\u00f3re mog\u0105 znacz\u0105co zmienia\u0107 \u015bwiadomo\u015b\u0107 i wywo\u0142ywa\u0107 \u017cywe halucynacje. Substancje te mog\u0105 wp\u0142ywa\u0107 na stany psychiczne i emocjonalne, dlatego nale\u017cy ich u\u017cywa\u0107 ostro\u017cnie i tylko w bezpiecznym, kontrolowanym otoczeniu. Ze wzgl\u0119du na ich silne dzia\u0142anie nale\u017cy zawsze przechowywa\u0107 je poza zasi\u0119giem dzieci. Unikaj u\u017cywania, je\u015bli masz histori\u0119 problem\u00f3w ze zdrowiem psychicznym, jeste\u015b w ci\u0105\u017cy lub masz schorzenia, poniewa\u017c efekty mog\u0105 by\u0107 nieprzewidywalne. Odpowiedzialne stosowanie jest niezb\u0119dne do zapewnienia pozytywnych wra\u017ce\u0144.<\/p>","protected":false},"excerpt":{"rendered":"<p dir=\"auto\">Sex on the Beach Magic Truffles oferuj\u0105 intymne, pobudzaj\u0105ce zmys\u0142y doznania, zaprojektowane w celu pog\u0142\u0119bienia wi\u0119zi i zintensyfikowania przyjemno\u015bci. Idealne na romantyczn\u0105 ucieczk\u0119, te trufle tworz\u0105 wyj\u0105tkow\u0105, euforyczn\u0105 podr\u00f3\u017c dla Ciebie i Twojego partnera.<\/p>\n<p><strong>Pe\u0142ne do\u015bwiadczenie:<\/strong> Jedno pude\u0142ko na osob\u0119<\/p>","protected":false},"featured_media":127958,"template":"","meta":[],"product_brand":[],"product_cat":[516,297,515,519,476],"product_tag":[662],"class_list":{"0":"post-127937","1":"product","2":"type-product","3":"status-publish","4":"has-post-thumbnail","6":"product_cat-magic-truffles","7":"product_cat-all-products","8":"product_cat-shroomshop","9":"product_cat-shroomshop-top-10","10":"product_cat-smartshop","11":"product_tag-shrdeal","12":"product_shipping_class-creditcard-off","14":"first","15":"instock","16":"taxable","17":"shipping-taxable","18":"purchasable","19":"product-type-variable","20":"has-default-attributes"},"_links":{"self":[{"href":"https:\/\/www.tatanka.nl\/pl\/wp-json\/wp\/v2\/product\/127937","targetHints":{"allow":["GET"]}}],"collection":[{"href":"https:\/\/www.tatanka.nl\/pl\/wp-json\/wp\/v2\/product"}],"about":[{"href":"https:\/\/www.tatanka.nl\/pl\/wp-json\/wp\/v2\/types\/product"}],"wp:featuredmedia":[{"embeddable":true,"href":"https:\/\/www.tatanka.nl\/pl\/wp-json\/wp\/v2\/media\/127958"}],"wp:attachment":[{"href":"https:\/\/www.tatanka.nl\/pl\/wp-json\/wp\/v2\/media?parent=127937"}],"wp:term":[{"taxonomy":"product_brand","embeddable":true,"href":"https:\/\/www.tatanka.nl\/pl\/wp-json\/wp\/v2\/product_brand?post=127937"},{"taxonomy":"product_cat","embeddable":true,"href":"https:\/\/www.tatanka.nl\/pl\/wp-json\/wp\/v2\/product_cat?post=127937"},{"taxonomy":"product_tag","embeddable":true,"href":"https:\/\/www.tatanka.nl\/pl\/wp-json\/wp\/v2\/product_tag?post=127937"}],"curies":[{"name":"wp","href":"https:\/\/api.w.org\/{rel}","templated":true}]}}