{"id":129627,"date":"2025-05-09T08:20:26","date_gmt":"2025-05-09T07:20:26","guid":{"rendered":"https:\/\/www.tatanka.nl\/?post_type=product&#038;p=129627"},"modified":"2025-10-16T07:58:42","modified_gmt":"2025-10-16T06:58:42","slug":"cutting-monstrosus-25-29-cm","status":"publish","type":"product","link":"https:\/\/www.tatanka.nl\/pl\/cutting-monstrosus-25-29-cm\/","title":{"rendered":"Ci\u0119cie Monstrosus 25 - 29 cm"},"content":{"rendered":"<h2 class=\"\" data-start=\"474\" data-end=\"511\">Co to jest Cutting Monstrosus?<\/h2>\n<p class=\"\" data-start=\"513\" data-end=\"1495\">The <em data-start=\"517\" data-end=\"544\">Ci\u0119cie kaktusa Monstrosus<\/em> to specjalna i naturalnie zmutowana forma kaktusa zawieraj\u0105cego meskalin\u0119, cz\u0119sto uwa\u017cana za odmian\u0119 gatunk\u00f3w takich jak <em data-start=\"671\" data-end=\"694\">Trichocereus pachanoi<\/em> lub <em data-start=\"698\" data-end=\"723\">Trichocereus peruvianus<\/em>. Rozpoznawany ze wzgl\u0119du na swoje nieregularne, \"monstrualne\" wzory wzrostu, kaktus rozwija poskr\u0119cane i s\u0119kate formy, kt\u00f3re sprawiaj\u0105, \u017ce ka\u017cdy okaz jest wizualnie wyj\u0105tkowy. Opr\u00f3cz fascynuj\u0105cego wygl\u0105du, kaktus <em data-start=\"910\" data-end=\"937\">Ci\u0119cie kaktusa Monstrosus<\/em> ma znacz\u0105c\u0105 warto\u015b\u0107 duchow\u0105. Przez wieki by\u0142 u\u017cywany w rdzennych praktykach ze wzgl\u0119du na silne dzia\u0142anie psychoaktywne, przypisywane przede wszystkim zawarto\u015bci meskaliny. Po spo\u017cyciu kaktus mo\u017ce dzia\u0142a\u0107 jako narz\u0119dzie do g\u0142\u0119bokiej introspekcji, oczyszczania energetycznego i uzdrawiania emocjonalnego. Jako sadzonka, pozwala u\u017cytkownikom na przygotowanie w\u0142asnej dawki ceremonialnej lub propagowanie jej do wykorzystania w przysz\u0142o\u015bci. The <em data-start=\"1330\" data-end=\"1357\">Ci\u0119cie kaktusa Monstrosus<\/em> \u0142\u0105czy sfer\u0119 fizyczn\u0105 i duchow\u0105, pomagaj\u0105c tym, kt\u00f3rzy szukaj\u0105 po\u0142\u0105czenia, jasno\u015bci i odnowionego poczucia siebie za pomoc\u0105 naturalnych \u015brodk\u00f3w.<\/p>\n<h2 class=\"\" data-start=\"1502\" data-end=\"1540\">Historia ci\u0119cia Monstrosus<\/h2>\n<p class=\"\" data-start=\"1542\" data-end=\"2786\">The <em data-start=\"1546\" data-end=\"1573\">Ci\u0119cie kaktusa Monstrosus<\/em> ma swoje korzenie w staro\u017cytnych kulturach andyjskich, kt\u00f3re od dawna czci\u0142y bogate w meskalin\u0119 kaktusy jako \u015bwi\u0119te ro\u015bliny. Kaktusy te, cz\u0119sto spotykane w g\u00f3rzystych regionach Peru, Boliwii i p\u00f3\u0142nocnego Chile, by\u0142y tradycyjnie wykorzystywane w szama\u0144skich rytua\u0142ach maj\u0105cych na celu uzdrawianie, wr\u00f3\u017cenie i duchowe przebudzenie. Wariant \"monstrosus\" odnosi si\u0119 do unikalnej mutacji genetycznej, kt\u00f3ra powoduje nienormalny, nieliniowy wzrost, czyni\u0105c go symbolem transformacji i nieprzewidywalno\u015bci. Chocia\u017c nie jest pewne, kiedy dok\u0142adnie <em data-start=\"2072\" data-end=\"2099\">Ci\u0119cie kaktusa Monstrosus<\/em> Pojawi\u0142 si\u0119 po raz pierwszy, a jego u\u017cycie jest podobne do historii bardziej powszechnych kaktus\u00f3w ceremonialnych, takich jak San Pedro i Peruvian Torch. Szamani i przyw\u00f3dcy duchowi przygotowywali kaktusa jako sakrament, spo\u017cywany podczas ca\u0142onocnych rytua\u0142\u00f3w maj\u0105cych na celu uzyskanie dost\u0119pu do wy\u017cszych stan\u00f3w \u015bwiadomo\u015bci. We wsp\u00f3\u0142czesnych spo\u0142eczno\u015bciach duchowych <em data-start=\"2406\" data-end=\"2433\">Ci\u0119cie kaktusa Monstrosus<\/em> jest ceniony nie tylko ze wzgl\u0119du na swoj\u0105 rzadko\u015b\u0107, ale tak\u017ce ze wzgl\u0119du na swoj\u0105 zintensyfikowan\u0105 symbolik\u0119. Nieprzewidywalna forma kaktusa odzwierciedla ludzk\u0105 podr\u00f3\u017c - pi\u0119kn\u0105, chaotyczn\u0105 i g\u0142\u0119boko osobist\u0105. Jego reputacja stale ro\u015bnie we wsp\u00f3\u0142czesnych kr\u0119gach medycyny ro\u015blinnej, co czyni go bardzo poszukiwanym kaktusem dla tych, kt\u00f3rzy badaj\u0105 uzdrawianie oparte na ro\u015blinach i mistyczny wgl\u0105d.<\/p>\n<h2 class=\"\" data-start=\"2793\" data-end=\"2831\">Jak korzysta\u0107 z Cutting Monstrosus<\/h2>\n<p class=\"\" data-start=\"2833\" data-end=\"3374\">The <em data-start=\"2837\" data-end=\"2864\">Ci\u0119cie kaktusa Monstrosus<\/em> jest zwykle spo\u017cywany w kontek\u015bcie ceremonialnym lub medytacyjnym, ceniony za silne w\u0142a\u015bciwo\u015bci psychoaktywne. Przed spo\u017cyciem nale\u017cy ostro\u017cnie usun\u0105\u0107 zewn\u0119trzn\u0105 sk\u00f3rk\u0119 i kolce. Wewn\u0119trzny mi\u0105\u017csz jest krojony na kawa\u0142ki i cz\u0119sto gotowany w wodzie przez kilka godzin w celu uzyskania skoncentrowanej herbaty. Herbata ta znana jest z gorzkiego smaku, ale jest to najbardziej tradycyjna i skuteczna metoda spo\u017cywania kaktusa. Niekt\u00f3re osoby decyduj\u0105 si\u0119 r\u00f3wnie\u017c na spo\u017cywanie surowego mi\u0105\u017cszu, cho\u0107 jest bardziej prawdopodobne, \u017ce wywo\u0142a to nudno\u015bci.<\/p>\n<p class=\"\" data-start=\"3376\" data-end=\"4065\">Wa\u017cne jest, aby podej\u015b\u0107 do tego do\u015bwiadczenia z zamiarem i przygotowaniem. Efekty zaczynaj\u0105 si\u0119 zwykle od 1 do 2 godzin po spo\u017cyciu, osi\u0105gaj\u0105c szczyt po oko\u0142o 4 do 6 godzinach. Og\u00f3lne do\u015bwiadczenie mo\u017ce trwa\u0107 od 10 do 15 godzin. W tym czasie u\u017cytkownicy mog\u0105 do\u015bwiadcza\u0107 zjawisk wizualnych, podwy\u017cszonej \u015bwiadomo\u015bci emocjonalnej i silnego poczucia wzajemnych powi\u0105za\u0144 z natur\u0105 i samym sob\u0105. Istotne jest, aby spo\u017cywa\u0107 <em data-start=\"3779\" data-end=\"3806\">Ci\u0119cie kaktusa Monstrosus<\/em> w cichym, bezpiecznym otoczeniu, w obecno\u015bci trze\u017awego opiekuna. Odpowiednie nawodnienie, lekka dieta i odpoczynek po do\u015bwiadczeniu s\u0105 wysoce zalecane. Kaktus powinien by\u0107 traktowany jako \u015bwi\u0119ty przewodnik - nie dla rekreacji, ale dla uzdrowienia i duchowego zestrojenia.<\/p>\n<h2 class=\"\" data-start=\"4072\" data-end=\"4114\">Sk\u0142adniki Cutting Monstrosus<\/h2>\n<p class=\"\" data-start=\"4116\" data-end=\"4612\">The <em data-start=\"4120\" data-end=\"4147\">Ci\u0119cie kaktusa Monstrosus<\/em> zawiera szereg naturalnie wyst\u0119puj\u0105cych zwi\u0105zk\u00f3w, w szczeg\u00f3lno\u015bci <strong data-start=\"4212\" data-end=\"4225\">meskalina<\/strong>kt\u00f3ry jest odpowiedzialny za jej psychoaktywne i wizjonerskie dzia\u0142anie. Meskalina jest silnym enteogenem, kt\u00f3ry oddzia\u0142uje z receptorami serotoniny, wywo\u0142uj\u0105c zmienione stany \u015bwiadomo\u015bci, zwi\u0119kszon\u0105 percepcj\u0119 i g\u0142\u0119bok\u0105 introspekcj\u0119. Opr\u00f3cz meskaliny, kaktus mo\u017ce r\u00f3wnie\u017c zawiera\u0107 inne alkaloidy w mniejszych ilo\u015bciach, takie jak anhalonidyna i tyramina, kt\u00f3re mog\u0105 wspiera\u0107 jego og\u00f3lne dzia\u0142anie.<\/p>\n<p class=\"\" data-start=\"4614\" data-end=\"5349\">Pod wzgl\u0119dem sk\u0142adu fizycznego <em data-start=\"4652\" data-end=\"4679\">Ci\u0119cie kaktusa Monstrosus<\/em> sk\u0142ada si\u0119 z wysokiej zawarto\u015bci wody, w\u0142\u00f3knistej tkanki ro\u015blinnej i ochronnych warstw sk\u00f3ry. Nieregularna struktura wariantu \"monstrosus\" wynika z mutacji genetycznej, ale nie ma to wp\u0142ywu na jego moc. Podczas gdy ka\u017cde ci\u0119cie kaktusa mo\u017ce r\u00f3\u017cni\u0107 si\u0119 st\u0119\u017ceniem meskaliny w zale\u017cno\u015bci od wieku, wielko\u015bci i warunk\u00f3w wzrostu, g\u0142\u00f3wny sk\u0142adnik duchowy pozostaje nienaruszony. To sprawia, \u017ce <em data-start=\"5050\" data-end=\"5077\">Ci\u0119cie kaktusa Monstrosus<\/em> zar\u00f3wno biochemiczne, jak i symboliczne \u017ar\u00f3d\u0142o transformacji. Jego czysta, naturalna struktura pozwala na stosowanie go przy minimalnym przetwarzaniu. Dla tych, kt\u00f3rzy szukaj\u0105 naturalnego, ro\u015blinnego narz\u0119dzia do przebudzenia i uzdrawiania, <em data-start=\"5288\" data-end=\"5315\">Ci\u0119cie kaktusa Monstrosus<\/em> zapewnia g\u0142\u0119bok\u0105 i organiczn\u0105 \u015bcie\u017ck\u0119.<\/p>\n<p class=\"\" data-start=\"5356\" data-end=\"5817\"><strong data-start=\"5356\" data-end=\"5368\">Ostrze\u017cenie:<\/strong><br data-start=\"5368\" data-end=\"5371\" \/>Do <strong data-start=\"5374\" data-end=\"5381\">nie<\/strong> u\u017cywa\u0107 <em data-start=\"5390\" data-end=\"5417\">Ci\u0119cie kaktusa Monstrosus<\/em> je\u015bli jeste\u015b w ci\u0105\u017cy, karmisz piersi\u0105, masz mniej ni\u017c 18 lat lub cierpisz na jakiekolwiek schorzenia, takie jak choroby serca, zaburzenia ci\u015bnienia krwi lub zaburzenia psychiczne. Unikaj mieszania z alkoholem, lekami lub innymi substancjami. Zawsze spo\u017cywa\u0107 w bezpiecznym miejscu w obecno\u015bci trze\u017awego opiekuna. Nie prowad\u017a pojazd\u00f3w ani nie obs\u0142uguj maszyn pod wp\u0142ywem alkoholu. Szanuj kaktusa jako \u015bwi\u0119te lekarstwo, a nie narkotyk rekreacyjny.<\/p>","protected":false},"excerpt":{"rendered":"<p>Ci\u0119cie kaktusa Monstrosus to rzadka i szanowana ro\u015blina znana ze swojej pot\u0119\u017cnej duchowej g\u0142\u0119bi i naturalnej energii leczniczej. Tradycyjnie u\u017cywany w \u015bwi\u0119tych rytua\u0142ach i introspektywnych podr\u00f3\u017cach, kaktus ten oferuje unikaln\u0105 \u015bcie\u017ck\u0119 do emocjonalnej jasno\u015bci, samopoznania i po\u0142\u0105czenia z wszech\u015bwiatem.<\/p>","protected":false},"featured_media":129629,"template":"","meta":[],"product_brand":[],"product_cat":[536,297,476],"product_tag":[],"class_list":{"0":"post-129627","1":"product","2":"type-product","3":"status-publish","4":"has-post-thumbnail","6":"product_cat-mescaline-cacti","7":"product_cat-all-products","8":"product_cat-smartshop","9":"product_shipping_class-creditcard-off","11":"first","12":"instock","13":"taxable","14":"shipping-taxable","15":"purchasable","16":"product-type-variable","17":"has-default-attributes"},"_links":{"self":[{"href":"https:\/\/www.tatanka.nl\/pl\/wp-json\/wp\/v2\/product\/129627","targetHints":{"allow":["GET"]}}],"collection":[{"href":"https:\/\/www.tatanka.nl\/pl\/wp-json\/wp\/v2\/product"}],"about":[{"href":"https:\/\/www.tatanka.nl\/pl\/wp-json\/wp\/v2\/types\/product"}],"wp:featuredmedia":[{"embeddable":true,"href":"https:\/\/www.tatanka.nl\/pl\/wp-json\/wp\/v2\/media\/129629"}],"wp:attachment":[{"href":"https:\/\/www.tatanka.nl\/pl\/wp-json\/wp\/v2\/media?parent=129627"}],"wp:term":[{"taxonomy":"product_brand","embeddable":true,"href":"https:\/\/www.tatanka.nl\/pl\/wp-json\/wp\/v2\/product_brand?post=129627"},{"taxonomy":"product_cat","embeddable":true,"href":"https:\/\/www.tatanka.nl\/pl\/wp-json\/wp\/v2\/product_cat?post=129627"},{"taxonomy":"product_tag","embeddable":true,"href":"https:\/\/www.tatanka.nl\/pl\/wp-json\/wp\/v2\/product_tag?post=129627"}],"curies":[{"name":"wp","href":"https:\/\/api.w.org\/{rel}","templated":true}]}}