{"id":129631,"date":"2025-05-09T08:31:49","date_gmt":"2025-05-09T07:31:49","guid":{"rendered":"https:\/\/www.tatanka.nl\/?post_type=product&#038;p=129631"},"modified":"2025-10-16T07:58:42","modified_gmt":"2025-10-16T06:58:42","slug":"cutting-bridgesii-25-29-cm","status":"publish","type":"product","link":"https:\/\/www.tatanka.nl\/pl\/cutting-bridgesii-25-29-cm\/","title":{"rendered":"Mostki tn\u0105ce 25 - 29 cm"},"content":{"rendered":"<h2 class=\"\" data-start=\"540\" data-end=\"576\">Czym s\u0105 mostki tn\u0105ce?<\/h2>\n<p class=\"\" data-start=\"578\" data-end=\"1508\">The <em data-start=\"582\" data-end=\"608\">Ci\u0119cie kaktusa Bridgesii<\/em>-znany r\u00f3wnie\u017c jako <strong data-start=\"623\" data-end=\"650\">Echinopsis lageniformis<\/strong> lub <strong data-start=\"654\" data-end=\"672\">Boliwijska pochodnia<\/strong>-to szybko rosn\u0105cy, kolumnowy kaktus pochodz\u0105cy z Boliwii. Ze swoj\u0105 charakterystyczn\u0105 niebiesko-zielon\u0105 sk\u00f3r\u0105, d\u0142ugimi kolcami i \u017cebrowan\u0105 struktur\u0105, jest zar\u00f3wno efektowny wizualnie, jak i pot\u0119\u017cny duchowo. Kaktus ten jest ceniony za wysok\u0105 zawarto\u015b\u0107 meskaliny, co czyni go jednym z najsilniejszych psychoaktywnie gatunk\u00f3w z rodziny Trichocereus. Jako sadzonka oferuje elastyczny spos\u00f3b na rozmna\u017canie nowej ro\u015bliny lub przygotowanie ceremonialnej dawki do u\u017cytku duchowego. Znany z wywo\u0142ywania stan\u00f3w wizjonerskich, emocjonalnej klarowno\u015bci i g\u0142\u0119bokiego po\u0142\u0105czenia z samym sob\u0105 i natur\u0105, Trichocereus <em data-start=\"1216\" data-end=\"1242\">Ci\u0119cie kaktusa Bridgesii<\/em> sta\u0142a si\u0119 niezb\u0119dnym narz\u0119dziem dla os\u00f3b praktykuj\u0105cych \u015bwiadom\u0105 prac\u0119 wewn\u0119trzn\u0105. Niezale\u017cnie od tego, czy jest u\u017cywany w tradycyjnych ceremoniach, czy w nowoczesnych ustawieniach uzdrawiania <em data-start=\"1386\" data-end=\"1412\">Ci\u0119cie kaktusa Bridgesii<\/em> s\u0142u\u017cy jako ro\u015blinny sprzymierzeniec zdolny do poprowadzenia jednostek przez g\u0142\u0119bok\u0105 osobist\u0105 transformacj\u0119.<\/p>\n<h2 class=\"\" data-start=\"1515\" data-end=\"1552\">Historia ci\u0119cia most\u00f3w<\/h2>\n<p class=\"\" data-start=\"1554\" data-end=\"2080\">The <em data-start=\"1558\" data-end=\"1584\">Ci\u0119cie kaktusa Bridgesii<\/em> ma swoje korzenie w wysoko po\u0142o\u017conych regionach Boliwii, gdzie by\u0142 u\u017cywany od wiek\u00f3w przez rdzenne kultury andyjskie. Uzdrowiciele i szamani tradycyjnie spo\u017cywali ten kaktus podczas \u015bwi\u0119tych ceremonii, aby uzyska\u0107 dost\u0119p do duchowych wskaz\u00f3wek, u\u0142atwi\u0107 uzdrowienie i komunikowa\u0107 si\u0119 ze \u015bwiatem duch\u00f3w. Pochodnia boliwijska jest cz\u0119sto wymieniana obok innych kaktus\u00f3w ceremonialnych, takich jak San Pedro i pejotl, chocia\u017c <em data-start=\"1989\" data-end=\"2015\">Ci\u0119cie kaktusa Bridgesii<\/em> s\u0142ynie ze szczeg\u00f3lnie intensywnych i wizjonerskich do\u015bwiadcze\u0144.<\/p>\n<p class=\"\" data-start=\"2082\" data-end=\"2687\">Jej nazwa honoruje XIX-wiecznego botanika Thomasa Bridgesa, a od czasu jej odkrycia trafi\u0142a poza Ameryk\u0119 Po\u0142udniow\u0105 do kr\u0119g\u00f3w duchowych na ca\u0142ym \u015bwiecie. W ostatnich dziesi\u0119cioleciach zyska\u0142 lojalnych zwolennik\u00f3w w spo\u0142eczno\u015bciach medycyny ro\u015blinnej ze wzgl\u0119du na silne, ale jasne efekty. Kaktus ten uwa\u017cany jest za \"mistrzowskiego nauczyciela\", zdolnego do konfrontacji z g\u0142\u0119boko zakorzenionym b\u00f3lem emocjonalnym, demonta\u017cu struktur ego i prowadzenia u\u017cytkownik\u00f3w w kierunku wi\u0119kszej wolno\u015bci osobistej. Obecnie <em data-start=\"2552\" data-end=\"2578\">Ci\u0119cie kaktusa Bridgesii<\/em> stanowi pomost - zar\u00f3wno dos\u0142ownie, jak i symbolicznie - mi\u0119dzy staro\u017cytn\u0105 m\u0105dro\u015bci\u0105 a wsp\u00f3\u0142czesnymi poszukiwaczami wewn\u0119trznej prawdy.<\/p>\n<h2 class=\"\" data-start=\"2694\" data-end=\"2731\">Jak korzysta\u0107 z Cutting Bridgesii<\/h2>\n<p class=\"\" data-start=\"2733\" data-end=\"3248\">The <em data-start=\"2737\" data-end=\"2763\">Ci\u0119cie kaktusa Bridgesii<\/em> jest zwykle spo\u017cywany w kontek\u015bcie ceremonialnym lub terapeutycznym, aby uzyska\u0107 dost\u0119p do jego silnych w\u0142a\u015bciwo\u015bci wizjonerskich. Przygotowanie polega na usuni\u0119ciu kolc\u00f3w i ciemnozielonej zewn\u0119trznej sk\u00f3rki, a nast\u0119pnie pokrojeniu wewn\u0119trznego mi\u0105\u017cszu na ma\u0142e cz\u0119\u015bci. S\u0105 one gotowane przez kilka godzin w wodzie, aby uzyska\u0107 g\u0119st\u0105, gorzk\u0105 herbat\u0119. Powsta\u0142y p\u0142yn jest spo\u017cywany powoli i z intencj\u0105, cz\u0119sto w cichym, wspieraj\u0105cym otoczeniu. Niekt\u00f3rzy u\u017cytkownicy mieszaj\u0105 r\u00f3wnie\u017c gotowany kaktus w past\u0119 do picia lub susz\u0105 go do p\u00f3\u017aniejszego wykorzystania.<\/p>\n<p class=\"\" data-start=\"3250\" data-end=\"3906\">Na pusty \u017co\u0142\u0105dek efekty zaczynaj\u0105 si\u0119 zwykle w ci\u0105gu 1 do 2 godzin, osi\u0105gaj\u0105c szczyt po 3 do 5 godzinach. Pe\u0142ne do\u015bwiadczenie mo\u017ce trwa\u0107 od 10 do 14 godzin. Wiele os\u00f3b zg\u0142asza g\u0142\u0119bok\u0105 introspekcj\u0119, uwolnienie emocjonalne, wzorce wizualne i g\u0142\u0119bokie poczucie jedno\u015bci z natur\u0105. The <em data-start=\"3523\" data-end=\"3549\">Ci\u0119cie kaktusa Bridgesii<\/em> nie nale\u017cy lekcewa\u017cy\u0107 - jego efekty mog\u0105 by\u0107 intensywne i nale\u017cy go u\u017cywa\u0107 tylko wtedy, gdy jest si\u0119 przygotowanym psychicznie i fizycznie. Zawsze upewnij si\u0119, \u017ce zaufany tripitter jest obecny i unikaj zewn\u0119trznych zak\u0142\u00f3ce\u0144. Integracja po podr\u00f3\u017cy jest niezb\u0119dna. Prowadzenie dziennika, odpoczynek i refleksja mog\u0105 pom\u00f3c ci wch\u0142on\u0105\u0107 i ugruntowa\u0107 spostrze\u017cenia otrzymane od tego pot\u0119\u017cnego kaktusa.<\/p>\n<h2 class=\"\" data-start=\"3913\" data-end=\"3954\">Sk\u0142adniki Cutting Bridgesii<\/h2>\n<p class=\"\" data-start=\"3956\" data-end=\"4436\">G\u0142\u00f3wny zwi\u0105zek aktywny w <em data-start=\"3991\" data-end=\"4017\">Ci\u0119cie kaktusa Bridgesii<\/em> jest <strong data-start=\"4021\" data-end=\"4034\">meskalina<\/strong>naturalnie wyst\u0119puj\u0105cy alkaloid psychodeliczny, kt\u00f3ry by\u0142 u\u017cywany w \u015bwi\u0119tych rytua\u0142ach od tysi\u0119cy lat. Meskalina wp\u0142ywa na receptory serotoniny w m\u00f3zgu, zmieniaj\u0105c percepcj\u0119, wzmacniaj\u0105c emocje i otwieraj\u0105c \u015bcie\u017cki do duchowej \u015bwiadomo\u015bci. Kaktus ten zazwyczaj zawiera wysokie st\u0119\u017cenie meskaliny w por\u00f3wnaniu do innych gatunk\u00f3w Trichocereus, co czyni go szczeg\u00f3lnie poszukiwanym do pracy ceremonialnej.<\/p>\n<p class=\"\" data-start=\"4438\" data-end=\"5111\">Inne alkaloidy, takie jak anhalonidyna i tyramina, mog\u0105 by\u0107 r\u00f3wnie\u017c obecne w mniejszych ilo\u015bciach, przyczyniaj\u0105c si\u0119 do og\u00f3lnego profilu energetycznego. Pod wzgl\u0119dem fizycznym <em data-start=\"4598\" data-end=\"4624\">Ci\u0119cie kaktusa Bridgesii<\/em> sk\u0142ada si\u0119 z w\u0142\u00f3knistej tkanki ro\u015blinnej o wysokiej zawarto\u015bci wody, co pozwala jej przetrwa\u0107 w suchym \u015brodowisku. Jego \u017cebrowana, woskowa sk\u00f3ra pomaga zachowa\u0107 wilgo\u0107, podczas gdy jej bogaty w alkaloidy rdze\u0144 zapewnia duchowe i lecznicze efekty, gdy jest odpowiednio przygotowany. W przeciwie\u0144stwie do kaktus\u00f3w ozdobnych, ro\u015blina ta jest uwa\u017cana za \u015bwi\u0119te narz\u0119dzie. The <em data-start=\"4943\" data-end=\"4969\">Ci\u0119cie kaktusa Bridgesii<\/em> to nie tylko ro\u015blina - to pot\u0119\u017cny sprzymierzeniec dla tych, kt\u00f3rzy szukaj\u0105 rozwoju osobistego, duchowej prawdy i poszerzonej \u015bwiadomo\u015bci za pomoc\u0105 naturalnych \u015brodk\u00f3w.<\/p>\n<p class=\"\" data-start=\"5118\" data-end=\"5619\"><strong data-start=\"5118\" data-end=\"5130\">Ostrze\u017cenie:<\/strong><br data-start=\"5130\" data-end=\"5133\" \/>Do <strong data-start=\"5136\" data-end=\"5143\">nie<\/strong> konsumowa\u0107 <em data-start=\"5156\" data-end=\"5182\">Ci\u0119cie kaktusa Bridgesii<\/em> je\u015bli jeste\u015b w ci\u0105\u017cy, karmisz piersi\u0105, masz mniej ni\u017c 18 lat lub masz do czynienia z wyzwaniami zwi\u0105zanymi ze zdrowiem psychicznym, chorobami serca lub wysokim\/niskim ci\u015bnieniem krwi. Unika\u0107 \u0142\u0105czenia z alkoholem, lekami na recept\u0119 lub innymi substancjami psychoaktywnymi. Stosowa\u0107 wy\u0142\u0105cznie w bezpiecznym, spokojnym otoczeniu w obecno\u015bci trze\u017awej opiekunki. Nie prowad\u017a pojazd\u00f3w ani nie obs\u0142uguj maszyn pod jej wp\u0142ywem. Szanowa\u0107 <em data-start=\"5543\" data-end=\"5569\">Ci\u0119cie kaktusa Bridgesii<\/em> jako \u015bwi\u0119te lekarstwo, a nie substancja rekreacyjna.<\/p>","protected":false},"excerpt":{"rendered":"<p>Kaktus Cutting Bridgesii to \u015bwi\u0119ta i pot\u0119\u017cna ro\u015blina-nauczyciel, od dawna szanowana za sw\u00f3j g\u0142\u0119boki duchowy wgl\u0105d i g\u0142\u0119bokie w\u0142a\u015bciwo\u015bci lecznicze. Tradycyjnie u\u017cywany w szama\u0144skich rytua\u0142ach i pracy wewn\u0119trznej, oferuje pot\u0119\u017cn\u0105 \u015bcie\u017ck\u0119 do samopoznania, energetycznego oczyszczenia i podwy\u017cszonej \u015bwiadomo\u015bci.<\/p>","protected":false},"featured_media":129633,"template":"","meta":[],"product_brand":[],"product_cat":[536,297,476],"product_tag":[],"class_list":{"0":"post-129631","1":"product","2":"type-product","3":"status-publish","4":"has-post-thumbnail","6":"product_cat-mescaline-cacti","7":"product_cat-all-products","8":"product_cat-smartshop","9":"product_shipping_class-creditcard-off","11":"first","12":"instock","13":"taxable","14":"shipping-taxable","15":"purchasable","16":"product-type-variable","17":"has-default-attributes"},"_links":{"self":[{"href":"https:\/\/www.tatanka.nl\/pl\/wp-json\/wp\/v2\/product\/129631","targetHints":{"allow":["GET"]}}],"collection":[{"href":"https:\/\/www.tatanka.nl\/pl\/wp-json\/wp\/v2\/product"}],"about":[{"href":"https:\/\/www.tatanka.nl\/pl\/wp-json\/wp\/v2\/types\/product"}],"wp:featuredmedia":[{"embeddable":true,"href":"https:\/\/www.tatanka.nl\/pl\/wp-json\/wp\/v2\/media\/129633"}],"wp:attachment":[{"href":"https:\/\/www.tatanka.nl\/pl\/wp-json\/wp\/v2\/media?parent=129631"}],"wp:term":[{"taxonomy":"product_brand","embeddable":true,"href":"https:\/\/www.tatanka.nl\/pl\/wp-json\/wp\/v2\/product_brand?post=129631"},{"taxonomy":"product_cat","embeddable":true,"href":"https:\/\/www.tatanka.nl\/pl\/wp-json\/wp\/v2\/product_cat?post=129631"},{"taxonomy":"product_tag","embeddable":true,"href":"https:\/\/www.tatanka.nl\/pl\/wp-json\/wp\/v2\/product_tag?post=129631"}],"curies":[{"name":"wp","href":"https:\/\/api.w.org\/{rel}","templated":true}]}}