{"id":129635,"date":"2025-05-09T08:51:27","date_gmt":"2025-05-09T07:51:27","guid":{"rendered":"https:\/\/www.tatanka.nl\/?post_type=product&#038;p=129635"},"modified":"2025-10-16T07:58:41","modified_gmt":"2025-10-16T06:58:41","slug":"san-pedro-cutting-pachanoi","status":"publish","type":"product","link":"https:\/\/www.tatanka.nl\/pl\/san-pedro-cutting-pachanoi\/","title":{"rendered":"San Pedro ci\u0119cie Pachanoi"},"content":{"rendered":"<h2 class=\"\" data-start=\"524\" data-end=\"559\">Czym s\u0105 kaktusy Cutting Pachanoi?<\/h2>\n<p class=\"\" data-start=\"561\" data-end=\"1030\">The <em data-start=\"565\" data-end=\"590\">Ci\u0119cie kaktusa Pachanoi<\/em>powszechnie okre\u015blany jako <strong data-start=\"616\" data-end=\"629\">San Pedro<\/strong>to szybko rosn\u0105cy, kolumnowy kaktus pochodz\u0105cy z And\u00f3w w Peru, Ekwadorze i Boliwii. Jest cz\u0142onkiem rodziny <em data-start=\"749\" data-end=\"761\">Echinopsis<\/em> (dawniej <em data-start=\"772\" data-end=\"786\">Trichocereus<\/em>) i jest znany ze swojej g\u0142adkiej zielonej sk\u00f3ry, niewielu kolc\u00f3w i duchowej mocy. Kaktus ten zawiera meskalin\u0119, naturalny zwi\u0105zek psychodeliczny stosowany od tysi\u0119cy lat w tradycyjnej medycynie andyjskiej i ceremoniach religijnych.<\/p>\n<p class=\"\" data-start=\"1032\" data-end=\"1588\">Jako ci\u0119cie <em data-start=\"1050\" data-end=\"1075\">Ci\u0119cie kaktusa Pachanoi<\/em> mo\u017ce by\u0107 rozmna\u017cana lub spo\u017cywana w celach ceremonialnych. Znana ze swoich \u0142agodnych, ale transformuj\u0105cych efekt\u00f3w, promuje stan harmonii, wsp\u00f3\u0142czucia i g\u0142\u0119bokiego po\u0142\u0105czenia z samym sob\u0105 i wszech\u015bwiatem. W przeciwie\u0144stwie do wielu innych ro\u015blin enteogennych, do\u015bwiadczenie, kt\u00f3re zapewnia, jest cz\u0119sto opisywane jako emocjonalnie piel\u0119gnuj\u0105ce i duchowo ekspansywne. Niezale\u017cnie od tego, czy jest u\u017cywana w \u015bwi\u0119tym rytuale, czy jako cz\u0119\u015b\u0107 osobistej podr\u00f3\u017cy uzdrawiaj\u0105cej <em data-start=\"1497\" data-end=\"1522\">Ci\u0119cie kaktusa Pachanoi<\/em> jest zaufanym przewodnikiem w kierunku osobistego wgl\u0105du i uduchowienia.<\/p>\n<h2 class=\"\" data-start=\"1595\" data-end=\"1631\">Historia ci\u0119cia Pachanoi<\/h2>\n<p class=\"\" data-start=\"1633\" data-end=\"2018\">The <em data-start=\"1637\" data-end=\"1662\">Ci\u0119cie kaktusa Pachanoi<\/em> ma d\u0142ug\u0105 i \u015bwi\u0119t\u0105 histori\u0119 w kulturze andyjskiej, si\u0119gaj\u0105c\u0105 ponad 3000 lat. Dowody archeologiczne wskazuj\u0105, \u017ce by\u0142 on u\u017cywany w prekolumbijskich praktykach ceremonialnych przez rdzennych mieszka\u0144c\u00f3w Peru i Boliwii. Kaktus cz\u0119sto pojawia si\u0119 w staro\u017cytnych rze\u017abach, ceramice i sztuce \u015bwi\u0105tynnej, symbolizuj\u0105c bosk\u0105 moc, uzdrowienie i komunikacj\u0119 ze \u015bwiatem duch\u00f3w.<\/p>\n<p class=\"\" data-start=\"2020\" data-end=\"2778\">Jego tradycyjna nazwa, San Pedro, zosta\u0142a przyj\u0119ta podczas hiszpa\u0144skiego podboju, odnosz\u0105c si\u0119 do \u015bwi\u0119tego Piotra - posiadacza kluczy do nieba. Odzwierciedla to jego postrzegan\u0105 zdolno\u015b\u0107 do otwierania bram duchowego wgl\u0105du i wy\u017cszej \u015bwiadomo\u015bci. Szamani i uzdrowiciele u\u017cywali <em data-start=\"2279\" data-end=\"2304\">Ci\u0119cie kaktusa Pachanoi<\/em> w nocnych ceremoniach, przygotowuj\u0105c napar, kt\u00f3ry pozwala\u0142 uczestnikom zmierzy\u0107 si\u0119 z wewn\u0119trznym b\u00f3lem, uwolni\u0107 emocjonalne blokady i po\u0142\u0105czy\u0107 si\u0119 z m\u0105dro\u015bci\u0105 przodk\u00f3w. We wsp\u00f3\u0142czesnych czasach pozostaje kamieniem w\u0119gielnym duchowej praktyki dla wielu os\u00f3b, cenionym za unikalne po\u0142\u0105czenie \u0142agodnej energii i g\u0142\u0119bokiej wizjonerskiej mocy. Kaktus nadal \u0142\u0105czy staro\u017cytn\u0105 m\u0105dro\u015b\u0107 z nowoczesnymi poszukiwaczami, zapraszaj\u0105c ka\u017cdego u\u017cytkownika do wkroczenia w \u015bwi\u0119t\u0105 podr\u00f3\u017c samopoznania i odnowy energetycznej.<\/p>\n<h2 class=\"\" data-start=\"2785\" data-end=\"2821\">Jak korzysta\u0107 z Cutting Pachanoi<\/h2>\n<p class=\"\" data-start=\"2823\" data-end=\"3243\">The <em data-start=\"2827\" data-end=\"2852\">Ci\u0119cie kaktusa Pachanoi<\/em> jest najcz\u0119\u015bciej spo\u017cywany w postaci p\u0142ynnej jako tradycyjny napar. Aby go przygotowa\u0107, ostro\u017cnie usuwa si\u0119 zewn\u0119trzn\u0105 sk\u00f3rk\u0119 i kolce. Wewn\u0119trzny mi\u0105\u017csz jest siekany na kawa\u0142ki i gotowany na wolnym ogniu w wodzie przez kilka godzin. Powsta\u0142a herbata jest g\u0119sta, gorzka i cz\u0119sto spo\u017cywana w ma\u0142ych, odmierzonych dawkach. Preparat ten mo\u017cna r\u00f3wnie\u017c zredukowa\u0107 do bardziej skoncentrowanej formy lub wysuszy\u0107 do postaci \u017cywicy w celu przechowywania.<\/p>\n<p class=\"\" data-start=\"3245\" data-end=\"4010\">Efekty zwykle zaczynaj\u0105 si\u0119 w ci\u0105gu 1 do 2 godzin po spo\u017cyciu i osi\u0105gaj\u0105 szczyt oko\u0142o 3 do 6 godzin, trwaj\u0105c \u0142\u0105cznie do 12 do 15 godzin. Wiele os\u00f3b zg\u0142asza uczucie zwi\u0119kszonej empatii, wewn\u0119trznego spokoju, stymulacji wizualnej i g\u0142\u0119bokiej introspekcji. The <em data-start=\"3489\" data-end=\"3514\">Ci\u0119cie kaktusa Pachanoi<\/em> najlepiej stosowa\u0107 w cichym, intencjonalnym otoczeniu - najlepiej na \u0142onie natury lub w \u015bwi\u0119tej przestrzeni - z zaufanym i trze\u017awym opiekunem. Poniewa\u017c podr\u00f3\u017c mo\u017ce by\u0107 intensywna emocjonalnie, niezb\u0119dne s\u0105 praktyki uziemiaj\u0105ce przed i po u\u017cyciu. Zaleca si\u0119 poszczenie przez 6 do 12 godzin wcze\u015bniej, aby zmniejszy\u0107 nudno\u015bci i poprawi\u0107 og\u00f3lne wra\u017cenia. U\u017cywany z szacunkiem i celowo <em data-start=\"3883\" data-end=\"3908\">Ci\u0119cie kaktusa Pachanoi<\/em> staje si\u0119 czym\u015b wi\u0119cej ni\u017c substancj\u0105 - staje si\u0119 nauczycielem prowadz\u0105cym dusz\u0119 w kierunku uzdrowienia i zrozumienia.<\/p>\n<h2 class=\"\" data-start=\"4017\" data-end=\"4057\">Sk\u0142adniki Cutting Pachanoi<\/h2>\n<p class=\"\" data-start=\"4059\" data-end=\"4642\">Najbardziej znacz\u0105cy aktywny zwi\u0105zek w <em data-start=\"4103\" data-end=\"4128\">Ci\u0119cie kaktusa Pachanoi<\/em> jest <strong data-start=\"4132\" data-end=\"4145\">meskalina<\/strong>naturalnie wyst\u0119puj\u0105cy psychodelik, kt\u00f3ry oddzia\u0142uje z receptorami serotoniny w m\u00f3zgu. Meskalina jest odpowiedzialna za wizjonerskie i emocjonalne efekty kaktusa, kt\u00f3re obejmuj\u0105 zwi\u0119kszon\u0105 percepcj\u0119, popraw\u0119 nastroju i g\u0142\u0119bok\u0105 duchow\u0105 refleksj\u0119. The <em data-start=\"4395\" data-end=\"4420\">Ci\u0119cie kaktusa Pachanoi<\/em> jest znany z tego, \u017ce zawiera ni\u017csze poziomy meskaliny w por\u00f3wnaniu do swoich krewnych, takich jak <em data-start=\"4498\" data-end=\"4509\">Bridgesii<\/em>ale nadal jest wystarczaj\u0105co silny, aby u\u0142atwi\u0107 g\u0142\u0119bokie wewn\u0119trzne do\u015bwiadczenia, szczeg\u00f3lnie gdy jest spo\u017cywany w wi\u0119kszych lub skoncentrowanych dawkach.<\/p>\n<p class=\"\" data-start=\"4644\" data-end=\"5224\">Inne alkaloidy, takie jak anhalonidyna, tyramina i hordenina, s\u0105 obecne w mniejszych ilo\u015bciach, przyczyniaj\u0105c si\u0119 do og\u00f3lnej sygnatury energetycznej ro\u015bliny. W strukturze fizycznej kaktus sk\u0142ada si\u0119 z bogatej w wod\u0119 tkanki ro\u015blinnej, w\u0142\u00f3knistego mi\u0105\u017cszu i ochronnej sk\u00f3ry zewn\u0119trznej. Jego szybki wzrost i stosunkowo niska liczba kolc\u00f3w sprawiaj\u0105, \u017ce jest to jeden z najbardziej dost\u0119pnych kaktus\u00f3w zar\u00f3wno do uprawy, jak i do u\u017cytku ceremonialnego. The <em data-start=\"5050\" data-end=\"5075\">Ci\u0119cie kaktusa Pachanoi<\/em> oferuje harmonijn\u0105 r\u00f3wnowag\u0119 mi\u0119dzy moc\u0105 chemiczn\u0105 a duchow\u0105 obecno\u015bci\u0105, dzi\u0119ki czemu jest podstaw\u0105 w \u015bwi\u0119tej pracy z ro\u015blinami i emocjonalnych podr\u00f3\u017cach uzdrawiaj\u0105cych.<\/p>\n<p class=\"\" data-start=\"5231\" data-end=\"5747\"><strong data-start=\"5231\" data-end=\"5243\">Ostrze\u017cenie:<\/strong><br data-start=\"5243\" data-end=\"5246\" \/>Do <strong data-start=\"5249\" data-end=\"5256\">nie<\/strong> u\u017cywa\u0107 <em data-start=\"5265\" data-end=\"5290\">Ci\u0119cie kaktusa Pachanoi<\/em> je\u015bli pacjentka jest w ci\u0105\u017cy, karmi piersi\u0105, ma mniej ni\u017c 18 lat lub cierpi na schorzenia, takie jak choroby serca, wysokie lub niskie ci\u015bnienie krwi lub zaburzenia psychiczne. Nie \u0142\u0105czy\u0107 z alkoholem, lekami ani innymi substancjami. Zawsze u\u017cywaj w bezpiecznym, spokojnym otoczeniu z trze\u017awym opiekunem. Nigdy nie nale\u017cy prowadzi\u0107 pojazd\u00f3w ani maszyn pod jej wp\u0142ywem. Do tej ro\u015bliny nale\u017cy podchodzi\u0107 z szacunkiem i intencj\u0105 - nie ma ona charakteru rekreacyjnego, ale ceremonialny.<\/p>","protected":false},"excerpt":{"rendered":"<p>Kaktus Cutting Pachanoi, znany r\u00f3wnie\u017c jako San Pedro, jest szanowanym ro\u015blinnym sprzymierze\u0144cem znanym ze swoich otwieraj\u0105cych serce i leczniczych w\u0142a\u015bciwo\u015bci. U\u017cywany w \u015bwi\u0119tych rytua\u0142ach od wiek\u00f3w, kaktus ten oferuje pot\u0119\u017cn\u0105 \u015bcie\u017ck\u0119 do wewn\u0119trznego spokoju, emocjonalnej jasno\u015bci i duchowego przebudzenia.<\/p>","protected":false},"featured_media":129636,"template":"","meta":[],"product_brand":[],"product_cat":[536,297,476],"product_tag":[],"class_list":{"0":"post-129635","1":"product","2":"type-product","3":"status-publish","4":"has-post-thumbnail","6":"product_cat-mescaline-cacti","7":"product_cat-all-products","8":"product_cat-smartshop","9":"product_shipping_class-creditcard-off","11":"first","12":"instock","13":"taxable","14":"shipping-taxable","15":"purchasable","16":"product-type-variable","17":"has-default-attributes"},"_links":{"self":[{"href":"https:\/\/www.tatanka.nl\/pl\/wp-json\/wp\/v2\/product\/129635","targetHints":{"allow":["GET"]}}],"collection":[{"href":"https:\/\/www.tatanka.nl\/pl\/wp-json\/wp\/v2\/product"}],"about":[{"href":"https:\/\/www.tatanka.nl\/pl\/wp-json\/wp\/v2\/types\/product"}],"wp:featuredmedia":[{"embeddable":true,"href":"https:\/\/www.tatanka.nl\/pl\/wp-json\/wp\/v2\/media\/129636"}],"wp:attachment":[{"href":"https:\/\/www.tatanka.nl\/pl\/wp-json\/wp\/v2\/media?parent=129635"}],"wp:term":[{"taxonomy":"product_brand","embeddable":true,"href":"https:\/\/www.tatanka.nl\/pl\/wp-json\/wp\/v2\/product_brand?post=129635"},{"taxonomy":"product_cat","embeddable":true,"href":"https:\/\/www.tatanka.nl\/pl\/wp-json\/wp\/v2\/product_cat?post=129635"},{"taxonomy":"product_tag","embeddable":true,"href":"https:\/\/www.tatanka.nl\/pl\/wp-json\/wp\/v2\/product_tag?post=129635"}],"curies":[{"name":"wp","href":"https:\/\/api.w.org\/{rel}","templated":true}]}}