{"id":129639,"date":"2025-05-09T09:00:19","date_gmt":"2025-05-09T08:00:19","guid":{"rendered":"https:\/\/www.tatanka.nl\/?post_type=product&#038;p=129639"},"modified":"2025-10-16T07:58:41","modified_gmt":"2025-10-16T06:58:41","slug":"san-pedro-cutting-peruvianus-25-29-cm","status":"publish","type":"product","link":"https:\/\/www.tatanka.nl\/pl\/san-pedro-cutting-peruvianus-25-29-cm\/","title":{"rendered":"San Pedro Cutting Peruvianus - 25 - 29 cm"},"content":{"rendered":"<h2 class=\"\" data-start=\"569\" data-end=\"606\">Czym s\u0105 kaktusy Cutting Peruvianus?<\/h2>\n<p class=\"\" data-start=\"608\" data-end=\"1033\">The <em data-start=\"612\" data-end=\"639\">Ci\u0119cie kaktusa Peruvianus<\/em>-zwany r\u00f3wnie\u017c <strong data-start=\"652\" data-end=\"676\">Echinopsis peruviana<\/strong> lub <strong data-start=\"680\" data-end=\"698\">Peruwia\u0144ska pochodnia<\/strong>-to szybko rosn\u0105cy kaktus kolumnowy, kt\u00f3ry ro\u015bnie na wy\u017cynach Peru. Znany ze swojej niebiesko-zielonej sk\u00f3ry i wyra\u017anych \u017ceber, kaktus ten jest szczeg\u00f3lnie poszukiwany ze wzgl\u0119du na wysokie st\u0119\u017cenie meskaliny, naturalnie wyst\u0119puj\u0105cego zwi\u0105zku psychodelicznego. Jako sadzonka mo\u017ce by\u0107 rozmna\u017cany do pe\u0142nej ro\u015bliny lub przygotowywany do u\u017cytku ceremonialnego.<\/p>\n<p class=\"\" data-start=\"1035\" data-end=\"1556\">The <em data-start=\"1039\" data-end=\"1066\">Ci\u0119cie kaktusa Peruvianus<\/em> jest u\u017cywany w praktykach duchowych ze wzgl\u0119du na jego pot\u0119\u017cn\u0105 zdolno\u015b\u0107 do u\u0142atwiania wewn\u0119trznej wizji, uzdrawiania emocjonalnego i g\u0142\u0119bokiego po\u0142\u0105czenia z natur\u0105 i wszech\u015bwiatem. Do\u015bwiadczenie, kt\u00f3re oferuje, jest cz\u0119sto opisywane jako intensywnie introspektywne, z efektami, kt\u00f3re mog\u0105 by\u0107 zar\u00f3wno uziemiaj\u0105ce, jak i o\u015bwiecaj\u0105ce. Niezale\u017cnie od tego, czy jest u\u017cywana do szama\u0144skich ceremonii, czy te\u017c do osobistej eksploracji <em data-start=\"1416\" data-end=\"1443\">Ci\u0119cie kaktusa Peruvianus<\/em> jest szanowanym nauczycielem ro\u015blin, oferuj\u0105cym wskaz\u00f3wki tym, kt\u00f3rzy szukaj\u0105 jasno\u015bci, r\u00f3wnowagi i poszerzonej \u015bwiadomo\u015bci.<\/p>\n<h2 class=\"\" data-start=\"1563\" data-end=\"1601\">Historia ci\u0119cia Peruvianus<\/h2>\n<p class=\"\" data-start=\"1603\" data-end=\"2108\">The <em data-start=\"1607\" data-end=\"1634\">Ci\u0119cie kaktusa Peruvianus<\/em> ma g\u0142\u0119bokie korzenie w kulturowej i duchowej historii Peru, gdzie by\u0142 u\u017cywany od tysi\u0119cy lat w kontek\u015bcie ceremonialnym i leczniczym. Rdzenni mieszka\u0144cy And\u00f3w uwa\u017caj\u0105 ten kaktus za \u015bwi\u0119ty, wierz\u0105c, \u017ce jest pomostem mi\u0119dzy \u015bwiatem fizycznym i duchowym. Dowody archeologiczne - w tym rze\u017aby \u015bwi\u0105tynne i rytualne artefakty - pokazuj\u0105, \u017ce kaktusy bogate w meskalin\u0119, takie jak ten, odgrywa\u0142y kluczow\u0105 rol\u0119 w rytua\u0142ach religijnych, cz\u0119sto prowadzonych przez szaman\u00f3w lub curanderos.<\/p>\n<p class=\"\" data-start=\"2110\" data-end=\"2655\">W przeciwie\u0144stwie do kaktusa San Pedro, kt\u00f3ry jest bardziej rozpowszechniony, kaktus <em data-start=\"2169\" data-end=\"2196\">Ci\u0119cie kaktusa Peruvianus<\/em> jest znany z szybszego pocz\u0105tku i bardziej intensywnych efekt\u00f3w wizualnych. Od dawna u\u017cywana jest do oczyszczania blokad energetycznych, ujawniania ukrytych prawd i budzenia wewn\u0119trznej m\u0105dro\u015bci. W dzisiejszych czasach pozostaje popularnym wyborem w\u015br\u00f3d os\u00f3b poszukuj\u0105cych naturalnej, opartej na ro\u015blinach \u015bcie\u017cki do duchowego wgl\u0105du. Dzi\u0119ki po\u0142\u0105czeniu bogatej historii kulturowej i silnych w\u0142a\u015bciwo\u015bci psychoaktywnych, konopie indyjskie <em data-start=\"2564\" data-end=\"2591\">Ci\u0119cie kaktusa Peruvianus<\/em> oferuje ceremonialne do\u015bwiadczenie g\u0142\u0119boko zakorzenione w staro\u017cytnej m\u0105dro\u015bci.<\/p>\n<h2 class=\"\" data-start=\"2662\" data-end=\"2700\">Jak u\u017cywa\u0107 Cutting Peruvianus<\/h2>\n<p class=\"\" data-start=\"2702\" data-end=\"3113\">The <em data-start=\"2706\" data-end=\"2733\">Ci\u0119cie kaktusa Peruvianus<\/em> jest najcz\u0119\u015bciej przygotowywana jako herbata ceremonialna. Nale\u017cy zacz\u0105\u0107 od usuni\u0119cia kolc\u00f3w i ciemnej zewn\u0119trznej sk\u00f3rki, a nast\u0119pnie pokroi\u0107 wewn\u0119trzny mi\u0105\u017csz na kawa\u0142ki. S\u0105 one gotowane przez kilka godzin w wodzie, a\u017c do uzyskania g\u0119stego, gorzkiego naparu. Herbata ta jest zwykle spo\u017cywana powoli w spokojnym, celowym otoczeniu, samotnie lub pod kierunkiem opiekunki lub duchowego facylitatora.<\/p>\n<p class=\"\" data-start=\"3115\" data-end=\"3806\">Na pusty \u017co\u0142\u0105dek efekty zaczynaj\u0105 si\u0119 zwykle w ci\u0105gu 1 do 2 godzin i narastaj\u0105 stopniowo, osi\u0105gaj\u0105c szczyt mi\u0119dzy 4 a 6 godzin\u0105. Og\u00f3lna podr\u00f3\u017c mo\u017ce trwa\u0107 od 12 do 15 godzin. Typowe efekty obejmuj\u0105 g\u0142\u0119bokie uwolnienie emocjonalne, zjawiska wizualne, silne po\u0142\u0105czenie z natur\u0105 oraz zwi\u0119kszone poczucie uniwersalnej mi\u0142o\u015bci i jedno\u015bci. The <em data-start=\"3436\" data-end=\"3463\">Ci\u0119cie kaktusa Peruvianus<\/em> mo\u017ce wywo\u0142ywa\u0107 pot\u0119\u017cne wizje i uczucia, dlatego wa\u017cne jest, aby stworzy\u0107 bezpieczne, uziemione \u015brodowisko i przygotowa\u0107 praktyki integracyjne po do\u015bwiadczeniu. Post przed u\u017cyciem pomaga zmniejszy\u0107 nudno\u015bci i pog\u0142\u0119bi\u0107 efekt. Kiedy podchodzi si\u0119 do niego z szacunkiem, kaktus ten staje si\u0119 nie tylko substancj\u0105 psychodeliczn\u0105, ale \u015bwi\u0119tymi drzwiami do ja\u017ani.<\/p>\n<h2 class=\"\" data-start=\"3813\" data-end=\"3855\">Sk\u0142adniki Cutting Peruvianus<\/h2>\n<p class=\"\" data-start=\"3857\" data-end=\"4218\">Najbardziej aktywny i wa\u017cny sk\u0142adnik w <em data-start=\"3905\" data-end=\"3932\">Ci\u0119cie kaktusa Peruvianus<\/em> jest <strong data-start=\"3936\" data-end=\"3949\">meskalina<\/strong>naturalnie wyst\u0119puj\u0105cy alkaloid, kt\u00f3ry by\u0142 u\u017cywany do cel\u00f3w duchowych w rdzennych kulturach. Meskalina stymuluje receptory serotoniny w m\u00f3zgu, powoduj\u0105c zmiany w percepcji, emocjach i my\u015blach, kt\u00f3re wspieraj\u0105 g\u0142\u0119bok\u0105 introspekcj\u0119 i duchow\u0105 eksploracj\u0119.<\/p>\n<p class=\"\" data-start=\"4220\" data-end=\"4934\">The <em data-start=\"4224\" data-end=\"4251\">Ci\u0119cie kaktusa Peruvianus<\/em> mo\u017ce r\u00f3wnie\u017c zawiera\u0107 inne alkaloidy, takie jak anhalonidyna i hordenina, kt\u00f3re przyczyniaj\u0105 si\u0119 do jego og\u00f3lnego profilu energetycznego i fizjologicznego. Fizycznie sk\u0142ada si\u0119 z g\u0119stej wody, w\u0142\u00f3knistej tkanki, grubej sk\u00f3ry i kolc\u00f3w ochronnych. Jej niebieskawy odcie\u0144 i du\u017ca, \u017cebrowana struktura s\u0105 wizualnie charakterystyczne. Moc mo\u017ce si\u0119 r\u00f3\u017cni\u0107 w zale\u017cno\u015bci od czynnik\u00f3w \u015brodowiskowych, wieku i piel\u0119gnacji, ale jest powszechnie uwa\u017cana za jeden z najpot\u0119\u017cniejszych gatunk\u00f3w w swoim rodzaju. Po odpowiednim przygotowaniu <em data-start=\"4722\" data-end=\"4749\">Ci\u0119cie kaktusa Peruvianus<\/em> zapewnia g\u0142\u0119boko wci\u0105gaj\u0105c\u0105 duchow\u0105 podr\u00f3\u017c, kt\u00f3ra \u0142\u0105czy chemi\u0119 ze staro\u017cytn\u0105 m\u0105dro\u015bci\u0105. Jest to zar\u00f3wno \u015bwi\u0119te narz\u0119dzie, jak i \u017cywy wyraz uzdrawiaj\u0105cej inteligencji wyst\u0119puj\u0105cej w naturze.<\/p>\n<p class=\"\" data-start=\"4941\" data-end=\"5474\"><strong data-start=\"4941\" data-end=\"4953\">Ostrze\u017cenie:<\/strong><br data-start=\"4953\" data-end=\"4956\" \/>Do <strong data-start=\"4959\" data-end=\"4966\">nie<\/strong> konsumowa\u0107 <em data-start=\"4979\" data-end=\"5006\">Ci\u0119cie kaktusa Peruvianus<\/em> je\u015bli jeste\u015b w ci\u0105\u017cy, karmisz piersi\u0105, masz mniej ni\u017c 18 lat lub cierpisz na schorzenia, takie jak choroby serca, zaburzenia ci\u015bnienia krwi lub zaburzenia psychiczne. Nigdy nie mieszaj go z alkoholem, lekami na recept\u0119 lub innymi narkotykami. U\u017cywaj tylko w bezpiecznym, spokojnym otoczeniu z zaufan\u0105 i trze\u017aw\u0105 opiekunk\u0105. Nie prowad\u017a pojazd\u00f3w ani nie podejmuj \u017cadnego fizycznego ryzyka podczas za\u017cywania. Traktuj <em data-start=\"5384\" data-end=\"5411\">Ci\u0119cie kaktusa Peruvianus<\/em> z szacunkiem - jako \u015bwi\u0119te lekarstwo, a nie substancja rekreacyjna.<\/p>","protected":false},"excerpt":{"rendered":"<p>Kaktus Cutting Peruvianus, \u015bwi\u0119ta ro\u015blina pochodz\u0105ca z And\u00f3w, jest znany ze swojego g\u0142\u0119bokiego duchowego rezonansu i naturalnej mocy uzdrawiania. Znany z otwierania serca i poszerzania \u015bwiadomo\u015bci, s\u0142u\u017cy jako pot\u0119\u017cny przewodnik w podr\u00f3\u017cach wewn\u0119trznej transformacji i odnowy energetycznej.<\/p>","protected":false},"featured_media":129641,"template":"","meta":[],"product_brand":[],"product_cat":[536,297,476],"product_tag":[],"class_list":{"0":"post-129639","1":"product","2":"type-product","3":"status-publish","4":"has-post-thumbnail","6":"product_cat-mescaline-cacti","7":"product_cat-all-products","8":"product_cat-smartshop","9":"product_shipping_class-creditcard-off","11":"first","12":"instock","13":"taxable","14":"shipping-taxable","15":"purchasable","16":"product-type-variable","17":"has-default-attributes"},"_links":{"self":[{"href":"https:\/\/www.tatanka.nl\/pl\/wp-json\/wp\/v2\/product\/129639","targetHints":{"allow":["GET"]}}],"collection":[{"href":"https:\/\/www.tatanka.nl\/pl\/wp-json\/wp\/v2\/product"}],"about":[{"href":"https:\/\/www.tatanka.nl\/pl\/wp-json\/wp\/v2\/types\/product"}],"wp:featuredmedia":[{"embeddable":true,"href":"https:\/\/www.tatanka.nl\/pl\/wp-json\/wp\/v2\/media\/129641"}],"wp:attachment":[{"href":"https:\/\/www.tatanka.nl\/pl\/wp-json\/wp\/v2\/media?parent=129639"}],"wp:term":[{"taxonomy":"product_brand","embeddable":true,"href":"https:\/\/www.tatanka.nl\/pl\/wp-json\/wp\/v2\/product_brand?post=129639"},{"taxonomy":"product_cat","embeddable":true,"href":"https:\/\/www.tatanka.nl\/pl\/wp-json\/wp\/v2\/product_cat?post=129639"},{"taxonomy":"product_tag","embeddable":true,"href":"https:\/\/www.tatanka.nl\/pl\/wp-json\/wp\/v2\/product_tag?post=129639"}],"curies":[{"name":"wp","href":"https:\/\/api.w.org\/{rel}","templated":true}]}}