{"id":129643,"date":"2025-05-09T09:04:53","date_gmt":"2025-05-09T08:04:53","guid":{"rendered":"https:\/\/www.tatanka.nl\/?post_type=product&#038;p=129643"},"modified":"2025-10-16T07:58:41","modified_gmt":"2025-10-16T06:58:41","slug":"cutting-macrogona-25-29-cm","status":"publish","type":"product","link":"https:\/\/www.tatanka.nl\/pl\/cutting-macrogona-25-29-cm\/","title":{"rendered":"Ci\u0119cie Macrogona 25 - 29 cm"},"content":{"rendered":"<h2 class=\"\" data-start=\"559\" data-end=\"595\">Czym s\u0105 kaktusy Macrogona?<\/h2>\n<p class=\"\" data-start=\"597\" data-end=\"1081\">The <em data-start=\"601\" data-end=\"627\">Ci\u0119cie kaktusa Macrogona<\/em>, okre\u015blany r\u00f3wnie\u017c jako <strong data-start=\"649\" data-end=\"673\">Echinopsis macrogona<\/strong>jest mniej znanym, ale bardzo szanowanym cz\u0142onkiem rodziny Trichocereus. Wizualnie uderzaj\u0105cy swoim g\u0142\u0119bokim niebiesko-zielonym odcieniem i d\u0142ugimi, ostrymi kolcami, jest szybko rosn\u0105cym kaktusem kolumnowym pochodz\u0105cym z andyjskich region\u00f3w Ameryki Po\u0142udniowej. Znany ze swojej silnej zawarto\u015bci meskaliny, kaktus <em data-start=\"950\" data-end=\"976\">Ci\u0119cie kaktusa Macrogona<\/em> jest cz\u0119sto poszukiwany przez tych, kt\u00f3rzy szukaj\u0105 g\u0142\u0119boko introspektywnego i otwieraj\u0105cego serce do\u015bwiadczenia medycyny ro\u015blinnej.<\/p>\n<p class=\"\" data-start=\"1083\" data-end=\"1562\">Jako ro\u015blina ci\u0119ta, mo\u017ce by\u0107 ukorzeniona do uprawy lub przygotowana do u\u017cytku ceremonialnego. Kaktus ten jest znany z wywo\u0142ywania pot\u0119\u017cnych, ale \u0142atwych do opanowania psychodelicznych podr\u00f3\u017cy, pomagaj\u0105c u\u017cytkownikom po\u0142\u0105czy\u0107 si\u0119 z ich pod\u015bwiadomo\u015bci\u0105, uwolni\u0107 emocjonalne rany i uzyska\u0107 dost\u0119p do g\u0142\u0119bokiego poczucia spokoju i jasno\u015bci. Niezale\u017cnie od tego, czy chodzi o duchow\u0105 eksploracj\u0119, czy osobiste uzdrowienie, kaktus <em data-start=\"1436\" data-end=\"1462\">Ci\u0119cie kaktusa Macrogona<\/em> zapewnia ugruntowane, ale ekspansywne do\u015bwiadczenie, g\u0142\u0119boko zakorzenione w tradycji i naturalnej inteligencji.<\/p>\n<h2 class=\"\" data-start=\"1569\" data-end=\"1606\">Historia ci\u0119cia Macrogona<\/h2>\n<p class=\"\" data-start=\"1608\" data-end=\"2030\">The <em data-start=\"1612\" data-end=\"1638\">Ci\u0119cie kaktusa Macrogona<\/em> od dawna jest cz\u0119\u015bci\u0105 tradycyjnej medycyny i duchowych rytua\u0142\u00f3w w Andach. Chocia\u017c nie jest tak powszechnie rozpoznawany jak San Pedro czy Bridgesii, ma t\u0119 sam\u0105 lini\u0119 kulturow\u0105. Rdzenni szamani, lub curanderos, u\u017cywali <em data-start=\"1860\" data-end=\"1886\">Ci\u0119cie kaktusa Macrogona<\/em> w \u015bwi\u0119tych ceremoniach, aby po\u0142\u0105czy\u0107 si\u0119 ze \u015bwiatem duch\u00f3w, oczy\u015bci\u0107 cia\u0142o energetyczne i otrzyma\u0107 wizje i wskaz\u00f3wki od inteligencji natury.<\/p>\n<p class=\"\" data-start=\"2032\" data-end=\"2659\">Jego zastosowanie si\u0119ga wiek\u00f3w wstecz, pojawiaj\u0105c si\u0119 w ustnych tradycjach kultur peruwia\u0144skich i boliwijskich, cz\u0119sto obok bardziej znanych kaktus\u00f3w enteogennych. Wyj\u0105tkowa moc i klarowno\u015b\u0107 tego kaktusa zapewni\u0142y mu szanowane miejsce w zestawach narz\u0119dzi ceremonialnych. Wraz ze wzrostem zainteresowania medycyn\u0105 ro\u015blinn\u0105 na ca\u0142ym \u015bwiecie <em data-start=\"2341\" data-end=\"2367\">Ci\u0119cie kaktusa Macrogona<\/em> zyska\u0142 popularno\u015b\u0107 dzi\u0119ki zr\u00f3wnowa\u017conemu profilowi psychodelicznemu - wystarczaj\u0105co silnemu, aby otworzy\u0107 wewn\u0119trzne drzwi, a jednocze\u015bnie wystarczaj\u0105co delikatnemu, aby wspiera\u0107 bezpiecze\u0144stwo emocjonalne podczas tego procesu. Dzi\u015b s\u0142u\u017cy jako pomost mi\u0119dzy staro\u017cytnymi praktykami uzdrawiania a wsp\u00f3\u0142czesnymi poszukiwaczami prawdy, uzdrowienia i duchowego przebudzenia.<\/p>\n<h2 class=\"\" data-start=\"2666\" data-end=\"2703\">Jak korzysta\u0107 z Cutting Macrogona<\/h2>\n<p class=\"\" data-start=\"2705\" data-end=\"3105\">The <em data-start=\"2709\" data-end=\"2735\">Ci\u0119cie kaktusa Macrogona<\/em> jest tradycyjnie spo\u017cywany w postaci g\u0119stego, ceremonialnego naparu. Aby go przygotowa\u0107, usuwa si\u0119 zewn\u0119trzn\u0105 sk\u00f3r\u0119 i kolce, a mi\u0105\u017csz kaktusa kroi si\u0119 na kawa\u0142ki. Kawa\u0142ki te s\u0105 powoli gotowane w wodzie przez kilka godzin w celu ekstrakcji zwi\u0105zk\u00f3w aktywnych, w szczeg\u00f3lno\u015bci meskaliny. Powsta\u0142y p\u0142yn jest zwykle ciemny, gorzki i spo\u017cywany w spokojnym, \u015bwi\u0119tym otoczeniu.<\/p>\n<p class=\"\" data-start=\"3107\" data-end=\"3862\">Efekty zaczynaj\u0105 si\u0119 zwykle 1 do 2 godzin po spo\u017cyciu i osi\u0105gaj\u0105 szczyt oko\u0142o 3 do 6 godzin. Pe\u0142na podr\u00f3\u017c mo\u017ce trwa\u0107 od 10 do 14 godzin. U\u017cytkownicy cz\u0119sto zg\u0142aszaj\u0105 wizualne obrazy, zwi\u0119kszon\u0105 percepcj\u0119 emocjonaln\u0105, g\u0142\u0119bok\u0105 jasno\u015b\u0107 umys\u0142u i poczucie jedno\u015bci z \u017cyciem. Poniewa\u017c <em data-start=\"3383\" data-end=\"3409\">Ci\u0119cie kaktusa Macrogona<\/em> ma silny profil psychoaktywny, wa\u017cne jest, aby podchodzi\u0107 do jego stosowania z szacunkiem i przygotowaniem. Wcze\u015bniejsze poszczenie jest powszechnie praktykowane w celu zmniejszenia nudno\u015bci i zwi\u0119kszenia wra\u017cliwo\u015bci. Zaufany opiekun lub przewodnik jest zdecydowanie zalecany. Kaktus powinien by\u0107 u\u017cywany tylko wtedy, gdy czujemy si\u0119 psychicznie i fizycznie gotowi. U\u017cywany z w\u0142a\u015bciw\u0105 intencj\u0105, kaktus <em data-start=\"3762\" data-end=\"3788\">Ci\u0119cie kaktusa Macrogona<\/em> staje si\u0119 czym\u015b wi\u0119cej ni\u017c ro\u015blin\u0105 - staje si\u0119 nauczycielem i zwierciad\u0142em dla duszy.<\/p>\n<h2 class=\"\" data-start=\"3869\" data-end=\"3910\">Sk\u0142adniki produktu Cutting Macrogona<\/h2>\n<p class=\"\" data-start=\"3912\" data-end=\"4304\">Podstawowy sk\u0142adnik psychoaktywny <em data-start=\"3954\" data-end=\"3980\">Ci\u0119cie kaktusa Macrogona<\/em> jest <strong data-start=\"3984\" data-end=\"3997\">meskalina<\/strong>dobrze znany alkaloid enteogenny. Meskalina wi\u0105\u017ce si\u0119 z receptorami serotoniny w m\u00f3zgu, u\u0142atwiaj\u0105c g\u0142\u0119bokie zmiany w percepcji, nastroju i \u015bwiadomo\u015bci. By\u0142a u\u017cywana przez tysi\u0105clecia w kontek\u015bcie duchowym i terapeutycznym ze wzgl\u0119du na jej zdolno\u015b\u0107 do rozja\u015bniania pod\u015bwiadomo\u015bci i katalizowania uwalniania emocji.<\/p>\n<p class=\"\" data-start=\"4306\" data-end=\"4972\">Opr\u00f3cz meskaliny <em data-start=\"4336\" data-end=\"4362\">Ci\u0119cie kaktusa Macrogona<\/em> zawiera drobne alkaloidy, takie jak anhalonidyna i tyramina, kt\u00f3re przyczyniaj\u0105 si\u0119 do og\u00f3lnego profilu dzia\u0142ania. Sam kaktus sk\u0142ada si\u0119 z w\u0142\u00f3knistej, bogatej w wod\u0119 tkanki otoczonej g\u0142adk\u0105 niebiesko-zielon\u0105 sk\u00f3r\u0105 z d\u0142ugimi kolcami. Jego unikalny sk\u0142ad chemiczny i sygnatura energetyczna sprawiaj\u0105, \u017ce jest to jeden z bardziej intensywnych gatunk\u00f3w Trichocereus. W przeciwie\u0144stwie do kaktus\u00f3w ozdobnych, Trichocereus <em data-start=\"4720\" data-end=\"4746\">Ci\u0119cie kaktusa Macrogona<\/em> jest ro\u015blin\u0105 ceremonialn\u0105, cenion\u0105 za jej zdolno\u015b\u0107 do prowadzenia u\u017cytkownik\u00f3w przez transformacyjne podr\u00f3\u017ce wewn\u0119trzne. Szanowana i odpowiednio przygotowana, oferuje bezpo\u015brednie do\u015bwiadczenie uzdrawiaj\u0105cej mocy natury i staro\u017cytnej duchowej m\u0105dro\u015bci.<\/p>\n<p class=\"\" data-start=\"4979\" data-end=\"5515\"><strong data-start=\"4979\" data-end=\"4991\">Ostrze\u017cenie:<\/strong><br data-start=\"4991\" data-end=\"4994\" \/>Do <strong data-start=\"4997\" data-end=\"5004\">nie<\/strong> u\u017cywa\u0107 <em data-start=\"5013\" data-end=\"5039\">Ci\u0119cie kaktusa Macrogona<\/em> je\u015bli jeste\u015b w ci\u0105\u017cy, karmisz piersi\u0105, masz mniej ni\u017c 18 lat lub cierpisz na schorzenia, takie jak choroby serca, wysokie lub niskie ci\u015bnienie krwi lub zaburzenia psychiczne. Nigdy nie \u0142\u0105czy\u0107 z alkoholem, lekami lub innymi substancjami psychoaktywnymi. Stosowa\u0107 wy\u0142\u0105cznie w bezpiecznym otoczeniu, w obecno\u015bci trze\u017awej i do\u015bwiadczonej opiekunki. Nie nale\u017cy prowadzi\u0107 pojazd\u00f3w ani obs\u0142ugiwa\u0107 maszyn pod wp\u0142ywem alkoholu. Leczy\u0107 <em data-start=\"5416\" data-end=\"5442\">Ci\u0119cie kaktusa Macrogona<\/em> z g\u0142\u0119bokim szacunkiem - to jest \u015bwi\u0119te lekarstwo, a nie substancja rekreacyjna.<\/p>","protected":false},"excerpt":{"rendered":"<p>Kaktus Macrogona jest \u015bwi\u0119tym sprzymierze\u0144cem w osobistej i duchowej transformacji. Znany ze swojej uziemiaj\u0105cej energii i wizjonerskiego potencja\u0142u, ten szanowany kaktus by\u0142 u\u017cywany w ceremonialnych praktykach, aby obudzi\u0107 wewn\u0119trzn\u0105 m\u0105dro\u015b\u0107, rozpu\u015bci\u0107 bariery emocjonalne i przywr\u00f3ci\u0107 harmoni\u0119 umys\u0142u i ducha.<\/p>","protected":false},"featured_media":129645,"template":"","meta":[],"product_brand":[],"product_cat":[536,297,476],"product_tag":[],"class_list":{"0":"post-129643","1":"product","2":"type-product","3":"status-publish","4":"has-post-thumbnail","6":"product_cat-mescaline-cacti","7":"product_cat-all-products","8":"product_cat-smartshop","9":"product_shipping_class-creditcard-off","11":"first","12":"instock","13":"taxable","14":"shipping-taxable","15":"purchasable","16":"product-type-variable","17":"has-default-attributes"},"_links":{"self":[{"href":"https:\/\/www.tatanka.nl\/pl\/wp-json\/wp\/v2\/product\/129643","targetHints":{"allow":["GET"]}}],"collection":[{"href":"https:\/\/www.tatanka.nl\/pl\/wp-json\/wp\/v2\/product"}],"about":[{"href":"https:\/\/www.tatanka.nl\/pl\/wp-json\/wp\/v2\/types\/product"}],"wp:featuredmedia":[{"embeddable":true,"href":"https:\/\/www.tatanka.nl\/pl\/wp-json\/wp\/v2\/media\/129645"}],"wp:attachment":[{"href":"https:\/\/www.tatanka.nl\/pl\/wp-json\/wp\/v2\/media?parent=129643"}],"wp:term":[{"taxonomy":"product_brand","embeddable":true,"href":"https:\/\/www.tatanka.nl\/pl\/wp-json\/wp\/v2\/product_brand?post=129643"},{"taxonomy":"product_cat","embeddable":true,"href":"https:\/\/www.tatanka.nl\/pl\/wp-json\/wp\/v2\/product_cat?post=129643"},{"taxonomy":"product_tag","embeddable":true,"href":"https:\/\/www.tatanka.nl\/pl\/wp-json\/wp\/v2\/product_tag?post=129643"}],"curies":[{"name":"wp","href":"https:\/\/api.w.org\/{rel}","templated":true}]}}