{"id":129720,"date":"2025-05-13T08:17:23","date_gmt":"2025-05-13T07:17:23","guid":{"rendered":"https:\/\/www.tatanka.nl\/?post_type=product&#038;p=129720"},"modified":"2026-01-20T12:48:32","modified_gmt":"2026-01-20T11:48:32","slug":"peyote-lophophora-williamsii","status":"publish","type":"product","link":"https:\/\/www.tatanka.nl\/pl\/peyote-lophophora-williamsii\/","title":{"rendered":"Pejotl (Lophophora Williamsii)"},"content":{"rendered":"<h2 dir=\"auto\">Czym jest kaktus pejotlowy?<\/h2>\n<p dir=\"auto\">Kaktus pejotlowy to ma\u0142y, okr\u0105g\u0142y, bezkolcowy kaktus. Jest znany z tego, \u017ce zawiera meskalin\u0119, psychoaktywny zwi\u0105zek wyst\u0119puj\u0105cy r\u00f3wnie\u017c w innych kaktusach, takich jak San Pedro. Substancja ta wywo\u0142uje zmienione postrzeganie, \u017cywe halucynacje i wyj\u0105tkowe doznania sensoryczne. Pochodz\u0105cy z suchych region\u00f3w p\u00f3\u0142nocnego Meksyku i po\u0142udniowych Stan\u00f3w Zjednoczonych kaktus pejotlowy kwitnie delikatnymi r\u00f3\u017cowymi kwiatami w okresie kwitnienia. Jego powolny wzrost, trwaj\u0105cy od 8 do 15 lat, aby dojrze\u0107 do spo\u017cycia, dodaje mu tajemniczo\u015bci. Tradycyjnie u\u017cywany w ceremoniach religijnych i duchowych, ma znaczenie kulturowe dla rdzennych spo\u0142eczno\u015bci. Gorzkawy smak i silne dzia\u0142anie kaktusa sprawiaj\u0105, \u017ce jest on charakterystycznym wyborem dla os\u00f3b poszukuj\u0105cych transformuj\u0105cych do\u015bwiadcze\u0144. U\u017cywany odpowiedzialnie w bezpiecznym \u015brodowisku z trze\u017awym tripitterem, mo\u017ce zaoferowa\u0107 g\u0142\u0119boki wgl\u0105d. Jednak jego psychoaktywny charakter wymaga ostro\u017cno\u015bci, szczeg\u00f3lnie w przypadku os\u00f3b z zaburzeniami psychicznymi lub fizycznymi, zapewniaj\u0105c pe\u0142ne szacunku i uwa\u017cne podej\u015bcie do jego stosowania.<\/p>\n<h2 dir=\"auto\">Historia kaktusa pejotlowego<\/h2>\n<p dir=\"auto\">Kaktus pejotlowy ma bogat\u0105 histori\u0119 zakorzenion\u0105 w kulturowych i duchowych praktykach rdzennych lud\u00f3w p\u00f3\u0142nocnego Meksyku i po\u0142udniowych Stan\u00f3w Zjednoczonych. Przez wieki plemiona takie jak Huichol i Tarahumara w\u0142\u0105cza\u0142y ten kaktus do rytua\u0142\u00f3w religijnych, doceniaj\u0105c jego zdolno\u015b\u0107 do u\u0142atwiania duchowych wizji i po\u0142\u0105cze\u0144 z bosko\u015bci\u0105. Zawarto\u015b\u0107 meskaliny w kaktusie by\u0142a kluczowa dla tych ceremonii, cz\u0119sto spo\u017cywanych we wsp\u00f3lnotach w celu wspierania jedno\u015bci i introspekcji. Europejscy odkrywcy w XVI wieku udokumentowali jego u\u017cycie, cho\u0107 pozostawa\u0142 on w du\u017cej mierze niezrozumiany w kontek\u015bcie zachodnim a\u017c do XIX wieku, kiedy to naukowcy zacz\u0119li bada\u0107 efekty meskaliny. W XX wieku kaktus pejotlowy zyska\u0142 uwag\u0119 ruch\u00f3w kontrkulturowych, a jego u\u017cycie rozprzestrzeni\u0142o si\u0119 poza rdzenne spo\u0142eczno\u015bci. Pomimo swojego \u015bwi\u0119tego statusu, jego w\u0142a\u015bciwo\u015bci psychoaktywne doprowadzi\u0142y do ogranicze\u0144 prawnych w niekt\u00f3rych regionach, cho\u0107 pozostaje on istotn\u0105 cz\u0119\u015bci\u0105 niekt\u00f3rych praktyk religijnych. Obecnie kaktus jest doceniany zar\u00f3wno ze wzgl\u0119du na swoje dziedzictwo kulturowe, jak i unikalne efekty, ale u\u017cytkownicy s\u0105 zach\u0119cani do podej\u015bcia do niego z szacunkiem dla jego historycznego znaczenia i odpowiedzialnego korzystania z niego w bezpiecznych, kontrolowanych \u015brodowiskach, aby uhonorowa\u0107 jego dziedzictwo.<\/p>\n<h2 dir=\"auto\">Jak u\u017cywa\u0107 kaktusa pejotlowego?<\/h2>\n<p dir=\"auto\">Korzystanie z kaktusa pejotlowego wymaga starannego przygotowania, aby zapewni\u0107 bezpieczne i znacz\u0105ce do\u015bwiadczenie. Kaktus mo\u017ce by\u0107 spo\u017cywany \u015bwie\u017cy lub suszony, zwykle pokrojony na kawa\u0142ki o szeroko\u015bci oko\u0142o 3-4,5 cm i grubo\u015bci 0,5 cm. Alternatywnie mo\u017cna zaparzy\u0107 z niego herbat\u0119, cho\u0107 cz\u0119sto zwraca si\u0119 uwag\u0119 na jej gorzki, nieprzyjemny smak. Aby uzyska\u0107 najlepsze rezultaty, nale\u017cy spo\u017cywa\u0107 go na pusty \u017co\u0142\u0105dek, poniewa\u017c zwi\u0119ksza to wch\u0142anianie meskaliny. Efekty zaczynaj\u0105 si\u0119 w ci\u0105gu 30-60 minut, osi\u0105gaj\u0105c szczyt po 1-2 godzinach, a ca\u0142e do\u015bwiadczenie trwa 8-15 godzin. Zawsze u\u017cywaj kaktusa w bezpiecznym, znanym \u015brodowisku z trze\u017awym tripitterem, kt\u00f3ry ci\u0119 poprowadzi, poniewa\u017c intensywne halucynacje mog\u0105 by\u0107 przyt\u0142aczaj\u0105ce. Zacznij od ma\u0142ej dawki, aby oceni\u0107 swoj\u0105 reakcj\u0119, zw\u0142aszcza je\u015bli dopiero zaczynasz przygod\u0119 z substancjami psychoaktywnymi. Unikaj \u0142\u0105czenia go z alkoholem, lekami lub innymi narkotykami, poniewa\u017c mo\u017ce to prowadzi\u0107 do niepo\u017c\u0105danych skutk\u00f3w. Kaktus nie powinien by\u0107 stosowany przez osoby poni\u017cej 18 roku \u017cycia, kobiety w ci\u0105\u017cy lub osoby z zaburzeniami psychicznymi lub fizycznymi. Po spo\u017cyciu nale\u017cy odpocz\u0105\u0107 i zastanowi\u0107 si\u0119, aby przetworzy\u0107 to do\u015bwiadczenie, kt\u00f3re mo\u017ce by\u0107 g\u0142\u0119bokie i transformuj\u0105ce, je\u015bli podejdzie si\u0119 do niego z uwa\u017cno\u015bci\u0105 i szacunkiem.<\/p>\n<h2 dir=\"auto\">Lophophora williamsii jako ro\u015blina ozdobna<\/h2>\n<p dir=\"auto\">Lophophora williamsii, czyli pejotl, jak cz\u0119sto jest nazywany, zachwyca kolekcjoner\u00f3w swoj\u0105 unikaln\u0105 form\u0105 przypominaj\u0105c\u0105 guzik, solidn\u0105 budow\u0105 i spokojnym tempem wzrostu, idealnym do wzbogacenia kolekcji rzadkich sukulent\u00f3w. Prezentujemy ten przedmiot na naszej stronie nie tylko jako dekoracyjny element ozdobny, ale tak\u017ce jako wielop\u0142aszczyznow\u0105 opcj\u0119, kt\u00f3ra pokazuje jego estetyczny urok, od mi\u0119kkiej, niebiesko-zielonej powierzchni po wyrafinowane, ga\u0142kowane kraw\u0119dzie, kt\u00f3re nadaj\u0105 artystyczny charakter p\u00f3\u0142kom, ogrodom zimowym lub eleganckim aran\u017cacjom. Zaprojektowane z my\u015bl\u0105 o rynkach, na kt\u00f3rych s\u0105 legalnie dost\u0119pne, te laboratoryjnie wyhodowane ro\u015bliny s\u0105 w pe\u0142ni zgodne z obowi\u0105zuj\u0105cymi przepisami, unikaj\u0105c jakichkolwiek wskaz\u00f3wek dotycz\u0105cych konsumpcji lub ekstrakcji, dzi\u0119ki czemu kupuj\u0105cy mog\u0105 po prostu cieszy\u0107 si\u0119 nimi jako urzekaj\u0105cym, naturalnym elementem wystroju swoich przestrzeni \u017cyciowych lub obszar\u00f3w zewn\u0119trznych.<\/p>\n<h2 dir=\"auto\">Sk\u0142adniki kaktusa pejotlowego<\/h2>\n<p dir=\"auto\">G\u0142\u00f3wnym sk\u0142adnikiem aktywnym kaktusa pejotlowego jest meskalina, naturalnie wyst\u0119puj\u0105cy alkaloid (3,4,5-trimetoksyfenyloetyloamina) odpowiedzialny za jego dzia\u0142anie psychoaktywne. Meskalina wywo\u0142uje \u017cywe halucynacje, zmienione postrzeganie i podwy\u017cszone doznania sensoryczne, co czyni j\u0105 kluczowym sk\u0142adnikiem duchowego i rekreacyjnego wykorzystania kaktusa. Poza meskalin\u0105, kaktus zawiera inne alkaloidy w \u015bladowych ilo\u015bciach, kt\u00f3re mog\u0105 przyczynia\u0107 si\u0119 do jego og\u00f3lnych efekt\u00f3w, cho\u0107 ich rola jest mniej zbadana. Jako produkt naturalny, sk\u0142ad kaktusa mo\u017ce si\u0119 nieznacznie r\u00f3\u017cni\u0107 w zale\u017cno\u015bci od warunk\u00f3w wzrostu, takich jak gleba i klimat. Kaktus pejotlowy jest wolny od sztucznych dodatk\u00f3w, co czyni go czyst\u0105, organiczn\u0105 substancj\u0105. Zawarto\u015b\u0107 meskaliny odr\u00f3\u017cnia go od innych kaktus\u00f3w, cho\u0107 podobne zwi\u0105zki wyst\u0119puj\u0105 w gatunkach takich jak San Pedro. Powolny wzrost kaktusa w ci\u0105gu 8-15 lat koncentruje te zwi\u0105zki, zwi\u0119kszaj\u0105c ich moc. U\u017cytkownicy powinni by\u0107 \u015bwiadomi, \u017ce si\u0142a meskaliny wymaga ostro\u017cnego stosowania, szczeg\u00f3lnie u os\u00f3b ze schorzeniami lub podatnych na niestabilno\u015b\u0107 psychiczn\u0105. Kaktus nale\u017cy zawsze przechowywa\u0107 z dala od bezpo\u015bredniego \u015bwiat\u0142a s\u0142onecznego, aby zachowa\u0107 jego naturalne w\u0142a\u015bciwo\u015bci i zapewni\u0107 bezpieczne, skuteczne doznania podczas odpowiedzialnej konsumpcji.<\/p>\n<p dir=\"auto\">Ostrze\u017cenie<\/p>\n<p dir=\"auto\"><strong>Kaktus pejotlowy zawiera meskalin\u0119, siln\u0105 substancj\u0119 psychoaktywn\u0105, kt\u00f3ra mo\u017ce wywo\u0142ywa\u0107 intensywne halucynacje i zmienione stany \u015bwiadomo\u015bci. Efekt\u00f3w tych nie nale\u017cy lekcewa\u017cy\u0107.<\/strong> Zawsze u\u017cywaj go w kontrolowanym \u015brodowisku z trze\u017awym tripitterem i upewnij si\u0119, \u017ce jeste\u015b w dobrym zdrowiu psychicznym i fizycznym. Unikaj u\u017cywania, je\u015bli masz depresj\u0119, stany l\u0119kowe, problemy z sercem lub p\u0142ucami, cukrzyc\u0119 lub jeste\u015b w ci\u0105\u017cy. Nie \u0142\u0105cz z alkoholem, narkotykami lub lekami, poniewa\u017c mo\u017ce to zwi\u0119kszy\u0107 ryzyko. Przedawkowanie lub stosowanie w nieodpowiednim otoczeniu mo\u017ce prowadzi\u0107 do niepokoju, dezorientacji lub utraty poczucia rzeczywisto\u015bci, szczeg\u00f3lnie u os\u00f3b z psychoz\u0105 lub niestabilno\u015bci\u0105 psychiczn\u0105 w wywiadzie. Kaktusa nale\u017cy przechowywa\u0107 w miejscu niedost\u0119pnym dla dzieci i unika\u0107 bezpo\u015bredniej ekspozycji na \u015bwiat\u0142o s\u0142oneczne. Nigdy nie obs\u0142uguj pojazd\u00f3w ani maszyn w trakcie lub po za\u017cyciu, a tak\u017ce powstrzymaj si\u0119 od u\u017cywania, je\u015bli nie masz uko\u0144czonych 18 lat. Podr\u00f3\u017c mo\u017ce by\u0107 pouczaj\u0105ca, ale niesie ze sob\u0105 ryzyko, je\u015bli jest niew\u0142a\u015bciwie u\u017cywana, wi\u0119c nale\u017cy podchodzi\u0107 do niej ostro\u017cnie i szanowa\u0107 jej moc.<\/p>","protected":false},"excerpt":{"rendered":"<p dir=\"auto\">Kaktus pejotlowy, znany naukowo jako Lophophora Williamsii, to ma\u0142y, bezkolcowy kaktus czczony za swoje w\u0142a\u015bciwo\u015bci psychoaktywne dzi\u0119ki naturalnie wyst\u0119puj\u0105cej meskalinie. Pochodz\u0105cy z p\u00f3\u0142nocnego Meksyku i po\u0142udniowych Stan\u00f3w Zjednoczonych, ten wyj\u0105tkowy kaktus by\u0142 u\u017cywany przez wieki w duchowych rytua\u0142ach, oferuj\u0105c g\u0142\u0119bokie, zmieniaj\u0105ce \u015bwiadomo\u015b\u0107 do\u015bwiadczenie.<\/p>","protected":false},"featured_media":129728,"template":"","meta":[],"product_brand":[],"product_cat":[536,297,476],"product_tag":[],"class_list":{"0":"post-129720","1":"product","2":"type-product","3":"status-publish","4":"has-post-thumbnail","6":"product_cat-mescaline-cacti","7":"product_cat-all-products","8":"product_cat-smartshop","9":"product_shipping_class-creditcard-off","11":"first","12":"instock","13":"taxable","14":"shipping-taxable","15":"purchasable","16":"product-type-variable","17":"has-default-attributes"},"_links":{"self":[{"href":"https:\/\/www.tatanka.nl\/pl\/wp-json\/wp\/v2\/product\/129720","targetHints":{"allow":["GET"]}}],"collection":[{"href":"https:\/\/www.tatanka.nl\/pl\/wp-json\/wp\/v2\/product"}],"about":[{"href":"https:\/\/www.tatanka.nl\/pl\/wp-json\/wp\/v2\/types\/product"}],"wp:featuredmedia":[{"embeddable":true,"href":"https:\/\/www.tatanka.nl\/pl\/wp-json\/wp\/v2\/media\/129728"}],"wp:attachment":[{"href":"https:\/\/www.tatanka.nl\/pl\/wp-json\/wp\/v2\/media?parent=129720"}],"wp:term":[{"taxonomy":"product_brand","embeddable":true,"href":"https:\/\/www.tatanka.nl\/pl\/wp-json\/wp\/v2\/product_brand?post=129720"},{"taxonomy":"product_cat","embeddable":true,"href":"https:\/\/www.tatanka.nl\/pl\/wp-json\/wp\/v2\/product_cat?post=129720"},{"taxonomy":"product_tag","embeddable":true,"href":"https:\/\/www.tatanka.nl\/pl\/wp-json\/wp\/v2\/product_tag?post=129720"}],"curies":[{"name":"wp","href":"https:\/\/api.w.org\/{rel}","templated":true}]}}