{"id":131209,"date":"2025-07-21T08:24:39","date_gmt":"2025-07-21T07:24:39","guid":{"rendered":"https:\/\/www.tatanka.nl\/?post_type=product&#038;p=131209"},"modified":"2026-01-14T12:49:25","modified_gmt":"2026-01-14T11:49:25","slug":"waikiki-waves","status":"publish","type":"product","link":"https:\/\/www.tatanka.nl\/pl\/waikiki-waves\/","title":{"rendered":"Waikiki Waves Grow kit"},"content":{"rendered":"<h2 dir=\"ltr\" data-pm-slice=\"1 1 []\">Co to s\u0105 Waikiki Waves?<\/h2>\n<p dir=\"ltr\">Waikiki Waves to charakterystyczna hybryda Psilocybe Anoi, stworzona w celu przywo\u0142ania \u017cywej energii sk\u0105panych w s\u0142o\u0144cu wybrze\u017cy Waikiki. Ta egzotyczna odmiana, o nazwie \"Anoi\" oznaczaj\u0105cej \"egzotyczny\" w j\u0119zyku Hawaiian, jest przeznaczona dla u\u017cytkownik\u00f3w poszukuj\u0105cych \u017cywych, inspirowanych tropikami psychodelicznych dozna\u0144. Przy zawarto\u015bci netto 1200 cm3, Waikiki Waves daje \u015brednio 300-400 gram\u00f3w w 2-3 rzutach, gdy jest uprawiana w idealnej temperaturze 23-25\u00b0C. Grzyby charakteryzuj\u0105 si\u0119 koralowymi skupiskami, kt\u00f3re sygnalizuj\u0105 gotowo\u015b\u0107 do zbior\u00f3w, gdy ich ko\u0144c\u00f3wki zmieniaj\u0105 kolor z niebieskiego na jasnobr\u0105zowy. Znane ze swoich silnych efekt\u00f3w, Waikiki Waves zapewniaj\u0105 intensywne efekty wizualne i poczucie zanurzenia w kolorowym, egzotycznym wymiarze. Idealna dla tych, kt\u00f3rzy pragn\u0105 wyj\u0105tkowej podr\u00f3\u017cy sensorycznej, odmiana ta \u0142\u0105czy w sobie urok tropikalnego raju z pot\u0119\u017cnymi w\u0142a\u015bciwo\u015bciami psychodelicznymi. U\u017cytkownicy mog\u0105 spodziewa\u0107 si\u0119 dynamicznych dozna\u0144, kt\u00f3re przypominaj\u0105 jazd\u0119 na falach \u015bwiadomo\u015bci, dzi\u0119ki czemu Waikiki Waves jest doskona\u0142ym wyborem dla \u017c\u0105dnych przyg\u00f3d odkrywc\u00f3w. Przechowywa\u0107 w temperaturze 2-4\u00b0C, aby zachowa\u0107 \u015bwie\u017co\u015b\u0107 i moc, zapewniaj\u0105c optymalne doznania za ka\u017cdym razem.<\/p>\n<h2 dir=\"ltr\">Historia Waikiki Waves<\/h2>\n<p dir=\"ltr\">Rozw\u00f3j Waikiki Waves ma swoje korzenie w rosn\u0105cym zainteresowaniu unikalnymi, silnymi odmianami grzyb\u00f3w podczas wsp\u00f3\u0142czesnego renesansu psychodelicznego. Zainspirowani bujnymi, t\u0119tni\u0105cymi \u017cyciem krajobrazami regionu Waikiki na Hawajach, hodowcy starali si\u0119 stworzy\u0107 hybryd\u0119 Psilocybe Anoi, kt\u00f3ra uchwyci\u0142aby esencj\u0119 tropikalnej ucieczki. Nazwa \"Anoi\", oznaczaj\u0105ca egzotyczny w j\u0119zyku Hawaiian, odzwierciedla charakterystyczny charakter tej odmiany. Pierwsi kultywatorzy skupili si\u0119 na po\u0142\u0105czeniu solidnej genetyki gatunk\u00f3w Psilocybe w celu uzyskania \u017cywych efekt\u00f3w wizualnych i intensywnych efekt\u00f3w, w wyniku czego powsta\u0142a odmiana wyr\u00f3\u017cniaj\u0105ca si\u0119 moc\u0105 i estetyk\u0105. Z czasem Waikiki Waves zyska\u0142a popularno\u015b\u0107 w\u015br\u00f3d entuzjast\u00f3w ze wzgl\u0119du na zdolno\u015b\u0107 dostarczania kolorowych, wci\u0105gaj\u0105cych wra\u017ce\u0144 przypominaj\u0105cych przygod\u0119 na s\u0142onecznej pla\u017cy. Post\u0119py w technikach uprawy zapewni\u0142y sta\u0142e plony na poziomie 300-400 gram\u00f3w z zestawu o pojemno\u015bci 1200 cm3, przy czym w optymalnych warunkach mo\u017cna osi\u0105gn\u0105\u0107 2-3 p\u0142ukania. Koralowa struktura i unikalne zabarwienie odmiany sta\u0142y si\u0119 jej znakiem rozpoznawczym, czyni\u0105c j\u0105 ulubion\u0105 w\u015br\u00f3d os\u00f3b poszukuj\u0105cych zar\u00f3wno wizualnego pi\u0119kna, jak i g\u0142\u0119bokich efekt\u00f3w. Dzi\u015b Waikiki Waves stanowi po\u0142\u0105czenie inspiracji kulturowej i naukowej precyzji, oferuj\u0105c u\u017cytkownikom tropikaln\u0105 podr\u00f3\u017c przez pot\u0119g\u0119 natury.<\/p>\n<h2 dir=\"ltr\">Jak u\u017cywa\u0107 Waikiki Waves<\/h2>\n<p dir=\"ltr\">Uprawa Waikiki Waves to satysfakcjonuj\u0105cy proces dla tych, kt\u00f3rzy chc\u0105 do\u015bwiadczy\u0107 jej tropikalnych efekt\u00f3w. Rozpocznij od przechowywania zestawu 1200 cm3 w temperaturze 2-4\u00b0C, aby zachowa\u0107 moc. Kiedy b\u0119dziesz gotowy, przygotuj czyste, kontrolowane \u015brodowisko o temperaturze 23-25\u00b0C, idealnej do wzrostu. Otw\u00f3rz zestaw i post\u0119puj zgodnie z dostarczonymi instrukcjami, aby rozpocz\u0105\u0107 proces uprawy, zapewniaj\u0105c odpowiedni\u0105 wilgotno\u015b\u0107 i wentylacj\u0119. W ci\u0105gu kilku tygodni utworz\u0105 si\u0119 skupiska przypominaj\u0105ce koralowce, sygnalizuj\u0105c pocz\u0105tek pierwszej fazy wzrostu. Zbiory nale\u017cy przeprowadzi\u0107, gdy grzyby przestan\u0105 rosn\u0105\u0107, a ich ko\u0144c\u00f3wki zmieni\u0105 kolor z niebieskiego na jasnobr\u0105zowy, zwykle daj\u0105c 300-400 gram\u00f3w w ci\u0105gu 2-3 cykli. W przypadku konsumpcji nale\u017cy zacz\u0105\u0107 od niskiej dawki, szczeg\u00f3lnie dla pocz\u0105tkuj\u0105cych, aby oceni\u0107 silne dzia\u0142anie odmiany. Waikiki Waves mo\u017cna spo\u017cywa\u0107 na \u015bwie\u017co, suszy\u0107 lub parzy\u0107 w herbacie, w zale\u017cno\u015bci od preferencji. Zawsze u\u017cywaj w bezpiecznym, wygodnym otoczeniu, aby w pe\u0142ni poczu\u0107 \u017cywe obrazy i tropikaln\u0105 energi\u0119. Po zbiorach nale\u017cy dok\u0142adnie wyczy\u015bci\u0107 zestaw, aby przygotowa\u0107 go do kolejnych zbior\u00f3w. Niewykorzystane grzyby nale\u017cy odpowiednio przechowywa\u0107, aby zachowa\u0107 ich jako\u015b\u0107. Dzi\u0119ki starannej dba\u0142o\u015bci o upraw\u0119 i konsumpcj\u0119, Waikiki Waves oferuj\u0105 \u017cywe, wci\u0105gaj\u0105ce doznania, kt\u00f3re przenosz\u0105 u\u017cytkownik\u00f3w do kolorowego, tropikalnego wymiaru.<\/p>\n<h2 dir=\"ltr\">Sk\u0142adniki Waikiki Waves<\/h2>\n<p dir=\"ltr\">Waikiki Waves sk\u0142ada si\u0119 z pod\u0142o\u017ca hybrydowego Psilocybe Anoi, starannie opracowanego w celu wspierania silnego wzrostu grzyb\u00f3w. Zestaw o pojemno\u015bci 1200 cm3 zawiera bogat\u0105 w sk\u0142adniki od\u017cywcze mieszank\u0119, zwykle zawieraj\u0105c\u0105 materia\u0142y organiczne, takie jak ziarno, wermikulit i perlit, zaprojektowane w celu wspierania rozwoju koralopodobnych skupisk charakterystycznych dla tego szczepu. Pod\u0142o\u017ce jest zaszczepione zarodnikami Psilocybe Anoi, hybrydy wybranej ze wzgl\u0119du na jej silne w\u0142a\u015bciwo\u015bci psychodeliczne i \u017cywe efekty wizualne. Nie stosuje si\u0119 \u017cadnych sztucznych dodatk\u00f3w ani chemikali\u00f3w, zapewniaj\u0105c naturalny proces uprawy. Zestaw jest zoptymalizowany pod k\u0105tem \u015bredniej wydajno\u015bci 300-400 gram\u00f3w w 2-3 cyklach w temperaturze 23-25\u00b0C. Same grzyby zawieraj\u0105 naturalnie wyst\u0119puj\u0105ce zwi\u0105zki, w tym psylocybin\u0119, odpowiedzialn\u0105 za ich dzia\u0142anie psychoaktywne. Zwi\u0105zki te rozwijaj\u0105 si\u0119 w miar\u0119 dojrzewania grzyb\u00f3w, a szczytow\u0105 moc wskazuje niebieskie do jasnobr\u0105zowego zabarwienie ko\u0144c\u00f3wek klastra. Sk\u0142ad pod\u0142o\u017ca wspiera sta\u0142y wzrost przy jednoczesnym zachowaniu egzotycznych cech szczepu. Odmiana Waikiki Waves zosta\u0142a stworzona z my\u015bl\u0105 o dostarczaniu czystych, wysokiej jako\u015bci dozna\u0144, odzwierciedlaj\u0105cych naturalne pi\u0119kno i moc hybrydy Psilocybe Anoi. Odpowiednie przechowywanie w temperaturze od 2 do 4\u00b0C gwarantuje, \u017ce pod\u0142o\u017ce i grzyby pozostan\u0105 \u015bwie\u017ce, gotowe do zapewnienia u\u017cytkownikom tropikalnej przygody.<\/p>\n<p dir=\"ltr\"><strong>Ostrze\u017cenie<\/strong><br \/>\nTen produkt zawiera psylocybin\u0119, zwi\u0105zek psychoaktywny, kt\u00f3ry mo\u017ce powodowa\u0107 intensywne efekty psychologiczne. U\u017cywa\u0107 ostro\u017cnie i w bezpiecznym \u015brodowisku. Nie nadaje si\u0119 dla os\u00f3b poni\u017cej 18 roku \u017cycia, kobiet w ci\u0105\u017cy lub karmi\u0105cych piersi\u0105 oraz os\u00f3b z zaburzeniami psychicznymi. Przed u\u017cyciem nale\u017cy skonsultowa\u0107 si\u0119 ze specjalist\u0105 i przestrzega\u0107 lokalnych przepis\u00f3w dotycz\u0105cych substancji psychodelicznych.<\/p>","protected":false},"excerpt":{"rendered":"<p dir=\"ltr\" data-pm-slice=\"1 1 []\">Waikiki Waves, \u017cywa hybryda Psilocybe Anoi, zapewnia tropikaln\u0105 ucieczk\u0119 dzi\u0119ki \u017cywym efektom wizualnym i intensywnym efektom. Zainspirowany s\u0142onecznymi pla\u017cami Waikiki, ten egzotyczny grzyb oferuje kolorowe, wci\u0105gaj\u0105ce wra\u017cenia, idealne dla os\u00f3b poszukuj\u0105cych wyj\u0105tkowej, tropikalnej przygody.<\/p>","protected":false},"featured_media":131211,"template":"","meta":[],"product_brand":[],"product_cat":[539,297,518,515,593],"product_tag":[],"class_list":{"0":"post-131209","1":"product","2":"type-product","3":"status-publish","4":"has-post-thumbnail","6":"product_cat-magic-mushroom-grow-kits","7":"product_cat-all-products","8":"product_cat-mushrooms","9":"product_cat-shroomshop","10":"product_cat-strongest-magic-mushroom-grow-kits","11":"product_shipping_class-creditcard-off","13":"first","14":"instock","15":"taxable","16":"shipping-taxable","17":"purchasable","18":"product-type-variable","19":"has-default-attributes"},"_links":{"self":[{"href":"https:\/\/www.tatanka.nl\/pl\/wp-json\/wp\/v2\/product\/131209","targetHints":{"allow":["GET"]}}],"collection":[{"href":"https:\/\/www.tatanka.nl\/pl\/wp-json\/wp\/v2\/product"}],"about":[{"href":"https:\/\/www.tatanka.nl\/pl\/wp-json\/wp\/v2\/types\/product"}],"wp:featuredmedia":[{"embeddable":true,"href":"https:\/\/www.tatanka.nl\/pl\/wp-json\/wp\/v2\/media\/131211"}],"wp:attachment":[{"href":"https:\/\/www.tatanka.nl\/pl\/wp-json\/wp\/v2\/media?parent=131209"}],"wp:term":[{"taxonomy":"product_brand","embeddable":true,"href":"https:\/\/www.tatanka.nl\/pl\/wp-json\/wp\/v2\/product_brand?post=131209"},{"taxonomy":"product_cat","embeddable":true,"href":"https:\/\/www.tatanka.nl\/pl\/wp-json\/wp\/v2\/product_cat?post=131209"},{"taxonomy":"product_tag","embeddable":true,"href":"https:\/\/www.tatanka.nl\/pl\/wp-json\/wp\/v2\/product_tag?post=131209"}],"curies":[{"name":"wp","href":"https:\/\/api.w.org\/{rel}","templated":true}]}}