{"id":131232,"date":"2025-07-21T08:26:03","date_gmt":"2025-07-21T07:26:03","guid":{"rendered":"https:\/\/www.tatanka.nl\/?post_type=product&#038;p=131232"},"modified":"2025-07-23T13:23:25","modified_gmt":"2025-07-23T12:23:25","slug":"kanna-blitz-clarity","status":"publish","type":"product","link":"https:\/\/www.tatanka.nl\/pl\/kanna-blitz-clarity\/","title":{"rendered":"Kanna Blitz Clarity"},"content":{"rendered":"<h2 dir=\"ltr\" data-pm-slice=\"1 1 []\">Czym jest Kanna Blitz Clarity?<\/h2>\n<p dir=\"ltr\">Kanna Blitz Clarity to silny ekstrakt pochodz\u0105cy z ro\u015bliny Sceletium tortuosum, sukulenta pochodz\u0105cego z Afryki Po\u0142udniowej. Znany ze swoich w\u0142a\u015bciwo\u015bci poprawiaj\u0105cych nastr\u00f3j i poprawiaj\u0105cych funkcje poznawcze, produkt ten zosta\u0142 opracowany w celu zapewnienia czystego i skutecznego do\u015bwiadczenia. Wysoka zawarto\u015b\u0107 mesembryny, kluczowego alkaloidu, sprzyja jasno\u015bci umys\u0142u i skupieniu, co czyni go doskona\u0142ym wyborem do zada\u0144 wymagaj\u0105cych koncentracji. W przeciwie\u0144stwie do innych suplement\u00f3w, Kanna Blitz Clarity jest wolny od dodatk\u00f3w, zapewniaj\u0105c naturalny i autentyczny efekt. Jego wszechstronno\u015b\u0107 pozwala u\u017cytkownikom na w\u0142\u0105czenie go do codziennej rutyny, zar\u00f3wno w pracy, nauce, jak i kreatywnych zaj\u0119ciach. Produkt ten jest szczeg\u00f3lnie atrakcyjny dla os\u00f3b dopiero rozpoczynaj\u0105cych przygod\u0119 z kann\u0105, poniewa\u017c oferuje delikatny, ale zauwa\u017calny efekt bez przyt\u0142aczaj\u0105cej intensywno\u015bci. Wspieraj\u0105c funkcje poznawcze i redukuj\u0105c mg\u0142\u0119 umys\u0142ow\u0105, pomaga u\u017cytkownikom zachowa\u0107 zaanga\u017cowanie i produktywno\u015b\u0107. Kanna Blitz Clarity wyr\u00f3\u017cnia si\u0119 czysto\u015bci\u0105 i si\u0142\u0105 dzia\u0142ania, dzi\u0119ki czemu jest godn\u0105 zaufania opcj\u0105 dla os\u00f3b poszukuj\u0105cych naturalnego sposobu na zwi\u0119kszenie wydajno\u015bci umys\u0142owej.<\/p>\n<h2 dir=\"ltr\">Historia Kanna Blitz Clarity<\/h2>\n<p dir=\"ltr\">Pocz\u0105tki Kanna Blitz Clarity si\u0119gaj\u0105 tradycyjnego stosowania kanna przez rdzennych mieszka\u0144c\u00f3w RPA, w szczeg\u00f3lno\u015bci plemiona Khoikhoi i San. Przez wieki spo\u0142eczno\u015bci te stosowa\u0142y Sceletium tortuosum w celu z\u0142agodzenia stresu, poprawy nastroju i promowania jasno\u015bci umys\u0142u podczas rytua\u0142\u00f3w i codziennego \u017cycia. Ro\u015blina by\u0142a \u017cuta, palona lub parzona w herbatach, ceniona za swoje uspokajaj\u0105ce, ale podnosz\u0105ce na duchu dzia\u0142anie. W dzisiejszych czasach kanna zyska\u0142a globalne uznanie ze wzgl\u0119du na swoje korzy\u015bci poznawcze i emocjonalne, co doprowadzi\u0142o do opracowania wyrafinowanych ekstrakt\u00f3w, takich jak Kanna Blitz Clarity. Produkt ten stanowi po\u0142\u0105czenie tradycyjnej wiedzy i wsp\u00f3\u0142czesnej nauki, ze starannymi procesami ekstrakcji zachowuj\u0105cymi aktywne zwi\u0105zki ro\u015bliny, w szczeg\u00f3lno\u015bci mesembrin\u0119. Dzi\u0119ki wyizolowaniu tych alkaloid\u00f3w, Kanna Blitz Clarity zapewnia sp\u00f3jny i silny efekt dostosowany do potrzeb wsp\u00f3\u0142czesnych u\u017cytkownik\u00f3w. Jego rosn\u0105ca popularno\u015b\u0107 odzwierciedla rosn\u0105ce zainteresowanie naturalnymi, ro\u015blinnymi rozwi\u0105zaniami dla dobrego samopoczucia psychicznego. Dzi\u015b jest on uznawany za wszechstronny suplement, \u0142\u0105cz\u0105cy staro\u017cytne praktyki z wymaganiami wsp\u00f3\u0142czesnego stylu \u017cycia, oferuj\u0105c u\u017cytkownikom spos\u00f3b na wykorzystanie historycznych korzy\u015bci ro\u015bliny przy jednoczesnym zaspokojeniu wsp\u00f3\u0142czesnych potrzeb w zakresie skupienia i jasno\u015bci.<\/p>\n<h2 dir=\"ltr\">Sk\u0142adniki Kanna Blitz Clarity<\/h2>\n<p dir=\"ltr\">Kanna Blitz Clarity sk\u0142ada si\u0119 z jednego, wysokiej jako\u015bci sk\u0142adnika: czystego ekstraktu z Sceletium tortuosum. Ta soczysta ro\u015blina, pochodz\u0105ca z Afryki Po\u0142udniowej, jest kamieniem w\u0119gielnym skuteczno\u015bci produktu. Ekstrakt jest standaryzowany na wysokie st\u0119\u017cenie mesembryny, g\u0142\u00f3wnego alkaloidu odpowiedzialnego za dzia\u0142anie kognitywne i poprawiaj\u0105ce nastr\u00f3j. W przeciwie\u0144stwie do wielu innych suplement\u00f3w, Kanna Blitz Clarity nie zawiera wype\u0142niaczy, dodatk\u00f3w ani sztucznych sk\u0142adnik\u00f3w, zapewniaj\u0105c czyste i silne dzia\u0142anie. Zawarto\u015b\u0107 mesembriny jest starannie skalibrowana, aby zapewni\u0107 sp\u00f3jne wyniki, promuj\u0105c jasno\u015b\u0107 umys\u0142u i skupienie bez nadmiernego pobudzenia. Proces ekstrakcji zachowuje naturalne zwi\u0105zki ro\u015bliny, utrzymuj\u0105c jej tradycyjne korzy\u015bci przy jednoczesnym spe\u0142nieniu nowoczesnych standard\u00f3w jako\u015bci. Ta dba\u0142o\u015b\u0107 o czysto\u015b\u0107 sprawia, \u017ce produkt jest odpowiedni dla os\u00f3b poszukuj\u0105cych naturalnego, ro\u015blinnego rozwi\u0105zania poprawiaj\u0105cego funkcje poznawcze. Skupiaj\u0105c si\u0119 na jednym, dobrze zbadanym sk\u0142adniku, Kanna Blitz Clarity oferuje niezawodny i skuteczny spos\u00f3b na wsparcie sprawno\u015bci umys\u0142owej. Jego prostota i si\u0142a dzia\u0142ania sprawiaj\u0105, \u017ce jest to wyj\u0105tkowy wyb\u00f3r dla u\u017cytkownik\u00f3w, kt\u00f3rzy chc\u0105 do\u015bwiadczy\u0107 pe\u0142nych korzy\u015bci p\u0142yn\u0105cych z kanna w bezpieczny i prosty spos\u00f3b.<\/p>\n<p dir=\"ltr\"><strong>Ostrze\u017cenie<\/strong><br \/>\nKanna Blitz Clarity jest przeznaczony wy\u0142\u0105cznie dla os\u00f3b doros\u0142ych i nie powinien by\u0107 stosowany przez kobiety w ci\u0105\u017cy lub karmi\u0105ce piersi\u0105. Skonsultuj si\u0119 z lekarzem przed u\u017cyciem, je\u015bli masz wcze\u015bniej istniej\u0105ce schorzenia lub przyjmujesz leki, w szczeg\u00f3lno\u015bci leki przeciwdepresyjne lub pobudzaj\u0105ce, poniewa\u017c mog\u0105 wyst\u0105pi\u0107 interakcje. Nale\u017cy unika\u0107 przekraczania zalecanej dawki, poniewa\u017c nadu\u017cywanie mo\u017ce prowadzi\u0107 do \u0142agodnych skutk\u00f3w ubocznych, takich jak nudno\u015bci lub b\u00f3le g\u0142owy. Nie \u0142\u0105czy\u0107 z alkoholem lub innymi substancjami wp\u0142ywaj\u0105cymi na o\u015brodkowy uk\u0142ad nerwowy. Przechowywa\u0107 poza zasi\u0119giem dzieci i w bezpiecznym miejscu.<\/p>","protected":false},"excerpt":{"rendered":"<p dir=\"ltr\" data-pm-slice=\"1 1 []\">Kanna Blitz Clarity to najwy\u017cszej jako\u015bci, czysty ekstrakt z kanna przeznaczony dla os\u00f3b poszukuj\u0105cych jasno\u015bci umys\u0142u i skupienia. Dzi\u0119ki wysokiej zawarto\u015bci mesembriny zapewnia stymuluj\u0105cy efekt, idealny do zwi\u0119kszenia produktywno\u015bci i utrzymania jasnego umys\u0142u. Idealny zar\u00f3wno dla nowicjuszy, jak i entuzjast\u00f3w kanna, produkt ten oferuje naturalny spos\u00f3b na zachowanie ostro\u015bci i energii.<\/p>","protected":false},"featured_media":131233,"template":"","meta":[],"product_brand":[],"product_cat":[508,297,476],"product_tag":[],"class_list":{"0":"post-131232","1":"product","2":"type-product","3":"status-publish","4":"has-post-thumbnail","6":"product_cat-kanna","7":"product_cat-all-products","8":"product_cat-smartshop","10":"first","11":"instock","12":"taxable","13":"shipping-taxable","14":"purchasable","15":"product-type-variable","16":"has-default-attributes"},"_links":{"self":[{"href":"https:\/\/www.tatanka.nl\/pl\/wp-json\/wp\/v2\/product\/131232","targetHints":{"allow":["GET"]}}],"collection":[{"href":"https:\/\/www.tatanka.nl\/pl\/wp-json\/wp\/v2\/product"}],"about":[{"href":"https:\/\/www.tatanka.nl\/pl\/wp-json\/wp\/v2\/types\/product"}],"wp:featuredmedia":[{"embeddable":true,"href":"https:\/\/www.tatanka.nl\/pl\/wp-json\/wp\/v2\/media\/131233"}],"wp:attachment":[{"href":"https:\/\/www.tatanka.nl\/pl\/wp-json\/wp\/v2\/media?parent=131232"}],"wp:term":[{"taxonomy":"product_brand","embeddable":true,"href":"https:\/\/www.tatanka.nl\/pl\/wp-json\/wp\/v2\/product_brand?post=131232"},{"taxonomy":"product_cat","embeddable":true,"href":"https:\/\/www.tatanka.nl\/pl\/wp-json\/wp\/v2\/product_cat?post=131232"},{"taxonomy":"product_tag","embeddable":true,"href":"https:\/\/www.tatanka.nl\/pl\/wp-json\/wp\/v2\/product_tag?post=131232"}],"curies":[{"name":"wp","href":"https:\/\/api.w.org\/{rel}","templated":true}]}}