{"id":131236,"date":"2025-07-21T08:26:04","date_gmt":"2025-07-21T07:26:04","guid":{"rendered":"https:\/\/www.tatanka.nl\/?post_type=product&#038;p=131236"},"modified":"2025-07-23T13:22:58","modified_gmt":"2025-07-23T12:22:58","slug":"kanna-blitz-speed","status":"publish","type":"product","link":"https:\/\/www.tatanka.nl\/pl\/kanna-blitz-speed\/","title":{"rendered":"Kanna Blitz Speed"},"content":{"rendered":"<h2 dir=\"ltr\" data-pm-slice=\"1 1 []\">Co to jest Kanna Blitz Speed?<\/h2>\n<p dir=\"ltr\">Kanna Blitz Speed to suplement o wysokiej mocy \u0142\u0105cz\u0105cy naturalne korzy\u015bci Sceletium tortuosum (kanna) z tauryn\u0105, teobromin\u0105 i kofein\u0105 w celu uzyskania niezr\u00f3wnanego zastrzyku energii. Pochodz\u0105ce z po\u0142udniowoafryka\u0144skiego sukulenta alkaloidy kanna, w tym mesembryna, sprzyjaj\u0105 poprawie nastroju i jasno\u015bci umys\u0142u. Dodatek kofeiny wzmacnia czujno\u015b\u0107, podczas gdy tauryna wspomaga wytrzyma\u0142o\u015b\u0107, a teobromina zwi\u0119ksza skupienie bez dr\u017cenia. Ta starannie zbilansowana formu\u0142a jest dostosowana do os\u00f3b potrzebuj\u0105cych trwa\u0142ej energii do wymagaj\u0105cych aktywno\u015bci, takich jak treningi, maratony pracy lub kreatywne projekty. Kanna Blitz Speed wyr\u00f3\u017cnia si\u0119 synergistyczn\u0105 mieszank\u0105, zapewniaj\u0105c\u0105 \u0142agodny, ale silny efekt. W przeciwie\u0144stwie do typowych suplement\u00f3w energetycznych, unika gwa\u0142townych za\u0142ama\u0144 dzi\u0119ki wykorzystaniu naturalnych sk\u0142adnik\u00f3w. Idealny dla os\u00f3b prowadz\u0105cych aktywny tryb \u017cycia, pomaga u\u017cytkownikom zachowa\u0107 ostro\u015b\u0107, motywacj\u0119 i energi\u0119. Zoptymalizowany stosunek alkaloid\u00f3w zapewnia sta\u0142\u0105 wydajno\u015b\u0107, dzi\u0119ki czemu Kanna Blitz Speed jest doskona\u0142ym wyborem dla ka\u017cdego, kto chce naturalnie i skutecznie podnie\u015b\u0107 sw\u00f3j poziom energii, niezale\u017cnie od tego, czy ma do czynienia z pracowitym dniem, czy te\u017c przekracza granice fizyczne.<\/p>\n<h2 dir=\"ltr\">Historia Kanna Blitz Speed<\/h2>\n<p dir=\"ltr\">Korzenie Kanna Blitz Speed le\u017c\u0105 w tradycyjnym stosowaniu kanna przez rdzenne ludy Khoikhoi i San w RPA, kt\u00f3re ceni\u0142y Sceletium tortuosum za jego w\u0142a\u015bciwo\u015bci poprawiaj\u0105ce nastr\u00f3j i dodaj\u0105ce energii. W przesz\u0142o\u015bci kanna by\u0142a \u017cuta lub parzona w celu zwi\u0119kszenia wytrzyma\u0142o\u015bci podczas polowa\u0144 lub rytua\u0142\u00f3w. Wsp\u00f3\u0142czesna nauka opiera si\u0119 na tym dziedzictwie, izoluj\u0105c kluczowe alkaloidy kanna, takie jak mesembryna, w celu stworzenia silnych ekstrakt\u00f3w. Kanna Blitz Speed idzie o krok dalej, \u0142\u0105cz\u0105c kann\u0119 z tauryn\u0105, teobromin\u0105 i kofein\u0105, sk\u0142adnikami znanymi z dzia\u0142ania zwi\u0119kszaj\u0105cego energi\u0119. Tauryna, naturalnie wyst\u0119puj\u0105ca w organizmie, wspomaga wydajno\u015b\u0107 fizyczn\u0105, podczas gdy teobromina, pochodz\u0105ca z kakao, promuje trwa\u0142\u0105 czujno\u015b\u0107. Kofeina, sprawdzony \u015brodek pobudzaj\u0105cy, uzupe\u0142nia naturalne dzia\u0142anie kanna. To innowacyjne po\u0142\u0105czenie odzwierciedla po\u0142\u0105czenie staro\u017cytnej m\u0105dro\u015bci i wsp\u00f3\u0142czesnej nauki o \u017cywieniu, zaprojektowane tak, aby sprosta\u0107 wymaganiom wsp\u00f3\u0142czesnego, szybkiego stylu \u017cycia. Kanna Blitz Speed zyska\u0142 popularno\u015b\u0107 w\u015br\u00f3d sportowc\u00f3w, profesjonalist\u00f3w i tw\u00f3rc\u00f3w poszukuj\u0105cych naturalnej alternatywy dla syntetycznych wzmacniaczy energii. Jego rozw\u00f3j podkre\u015bla zaanga\u017cowanie w wykorzystanie rozwi\u0105za\u0144 opartych na ro\u015blinach w celu zapewnienia czystej, niezawodnej energii dla tych, kt\u00f3rzy musz\u0105 osi\u0105ga\u0107 szczytowe wyniki.<\/p>\n<h2 dir=\"ltr\">Sk\u0142adniki Kanna Blitz Speed<\/h2>\n<p dir=\"ltr\">Kanna Blitz Speed to pot\u0119\u017cna mieszanka ekstraktu z Sceletium tortuosum (kanna), tauryny, teobrominy i kofeiny. Ekstrakt z kanna, bogaty w mezembrin\u0119, wspomaga nastr\u00f3j i jasno\u015b\u0107 poznawcz\u0105, tworz\u0105c rdze\u0144 formu\u0142y. Tauryna, aminokwas, zwi\u0119ksza wytrzyma\u0142o\u015b\u0107 fizyczn\u0105 i zmniejsza zm\u0119czenie, dzi\u0119ki czemu jest idealna dla aktywnych u\u017cytkownik\u00f3w. Teobromina, pochodz\u0105ca z kakao, wspomaga d\u0142ugotrwa\u0142e skupienie i p\u0142ynne uwalnianie energii, uzupe\u0142niaj\u0105c dzia\u0142anie kanna. Kofeina, dobrze znany \u015brodek pobudzaj\u0105cy, zwi\u0119ksza czujno\u015b\u0107 i wzmacnia w\u0142a\u015bciwo\u015bci energetyzuj\u0105ce formu\u0142y. Ta synergiczna mieszanka jest wolna od sztucznych dodatk\u00f3w, zapewniaj\u0105c czysty, naturalny produkt. Stosunek alkaloid\u00f3w jest zoptymalizowany pod k\u0105tem maksymalnej skuteczno\u015bci, zapewniaj\u0105c zr\u00f3wnowa\u017cony, ale silny zastrzyk energii. Ka\u017cdy sk\u0142adnik jest starannie pozyskiwany i testowany w celu spe\u0142nienia standard\u00f3w wysokiej jako\u015bci, zachowuj\u0105c naturalne korzy\u015bci kanna, jednocze\u015bnie wzmacniaj\u0105c jej dzia\u0142anie za pomoc\u0105 zwi\u0105zk\u00f3w uzupe\u0142niaj\u0105cych. To po\u0142\u0105czenie sprawia, \u017ce Kanna Blitz Speed jest wyj\u0105tkowym wyborem dla os\u00f3b poszukuj\u0105cych naturalnego, wysokowydajnego suplementu wspieraj\u0105cego zar\u00f3wno wymagania psychiczne, jak i fizyczne, zar\u00f3wno podczas trening\u00f3w, pracy, jak i kreatywnych przedsi\u0119wzi\u0119\u0107.<\/p>\n<p dir=\"ltr\"><strong>Ostrze\u017cenie<\/strong><br \/>\nKanna Blitz Speed jest przeznaczony wy\u0142\u0105cznie dla os\u00f3b doros\u0142ych i nie jest odpowiedni dla kobiet w ci\u0105\u017cy lub karmi\u0105cych piersi\u0105. Skonsultuj si\u0119 z lekarzem przed u\u017cyciem, je\u015bli masz schorzenia, zw\u0142aszcza zwi\u0105zane z sercem, lub przyjmujesz leki, takie jak stymulanty lub leki przeciwdepresyjne, poniewa\u017c mog\u0105 wyst\u0105pi\u0107 interakcje. Unikaj przekraczania zalecanej dawki, aby zapobiec skutkom ubocznym, takim jak dr\u017cenie lub bezsenno\u015b\u0107. Nie \u0142\u0105czy\u0107 z alkoholem lub innymi \u015brodkami pobudzaj\u0105cymi. Przechowywa\u0107 w miejscu niedost\u0119pnym dla dzieci.<\/p>","protected":false},"excerpt":{"rendered":"<p dir=\"ltr\" data-pm-slice=\"1 1 []\">Kanna Blitz Speed to dynamiczna mieszanka kanna, tauryny, teobrominy i kofeiny, zaprojektowana w celu zapewnienia pot\u0119\u017cnego zastrzyku energii. Ta synergistyczna formu\u0142a, idealna na d\u0142ugie dni, intensywne treningi lub chwile wymagaj\u0105ce dodatkowej energii, zwi\u0119ksza koncentracj\u0119 i wytrzyma\u0142o\u015b\u0107. Idealny dla os\u00f3b poszukuj\u0105cych naturalnego, wysokoenergetycznego suplementu do wykonywania wymagaj\u0105cych zada\u0144.<\/p>","protected":false},"featured_media":131239,"template":"","meta":[],"product_brand":[],"product_cat":[476,297,508],"product_tag":[],"class_list":{"0":"post-131236","1":"product","2":"type-product","3":"status-publish","4":"has-post-thumbnail","6":"product_cat-smartshop","7":"product_cat-all-products","8":"product_cat-kanna","10":"first","11":"instock","12":"taxable","13":"shipping-taxable","14":"purchasable","15":"product-type-variable","16":"has-default-attributes"},"_links":{"self":[{"href":"https:\/\/www.tatanka.nl\/pl\/wp-json\/wp\/v2\/product\/131236","targetHints":{"allow":["GET"]}}],"collection":[{"href":"https:\/\/www.tatanka.nl\/pl\/wp-json\/wp\/v2\/product"}],"about":[{"href":"https:\/\/www.tatanka.nl\/pl\/wp-json\/wp\/v2\/types\/product"}],"wp:featuredmedia":[{"embeddable":true,"href":"https:\/\/www.tatanka.nl\/pl\/wp-json\/wp\/v2\/media\/131239"}],"wp:attachment":[{"href":"https:\/\/www.tatanka.nl\/pl\/wp-json\/wp\/v2\/media?parent=131236"}],"wp:term":[{"taxonomy":"product_brand","embeddable":true,"href":"https:\/\/www.tatanka.nl\/pl\/wp-json\/wp\/v2\/product_brand?post=131236"},{"taxonomy":"product_cat","embeddable":true,"href":"https:\/\/www.tatanka.nl\/pl\/wp-json\/wp\/v2\/product_cat?post=131236"},{"taxonomy":"product_tag","embeddable":true,"href":"https:\/\/www.tatanka.nl\/pl\/wp-json\/wp\/v2\/product_tag?post=131236"}],"curies":[{"name":"wp","href":"https:\/\/api.w.org\/{rel}","templated":true}]}}