{"id":131242,"date":"2025-07-21T08:26:04","date_gmt":"2025-07-21T07:26:04","guid":{"rendered":"https:\/\/www.tatanka.nl\/?post_type=product&#038;p=131242"},"modified":"2025-07-23T13:23:09","modified_gmt":"2025-07-23T12:23:09","slug":"kanna-blitz-focus","status":"publish","type":"product","link":"https:\/\/www.tatanka.nl\/pl\/kanna-blitz-focus\/","title":{"rendered":"Kanna Blitz Focus"},"content":{"rendered":"<h2 dir=\"ltr\" data-pm-slice=\"1 1 []\">Czym jest Kanna Blitz Focus?<\/h2>\n<p dir=\"ltr\">Kanna Blitz Focus to wysokiej jako\u015bci suplement stworzony w celu wspierania jasno\u015bci umys\u0142u i trwa\u0142ej koncentracji. \u0141\u0105czy w sobie Sceletium tortuosum (kanna), znany z alkaloid\u00f3w poprawiaj\u0105cych nastr\u00f3j, z CBD, niepsychoaktywnym zwi\u0105zkiem z konopi, kt\u00f3ry sprzyja relaksacji i skupieniu. Formu\u0142a zosta\u0142a wzbogacona o \u03947-mesembrenon, silny alkaloid kanna, kt\u00f3ry wyostrza funkcje poznawcze. Ta unikalna mieszanka wyr\u00f3\u017cnia Kanna Blitz Focus, oferuj\u0105c naturalne rozwi\u0105zanie dla tych, kt\u00f3rzy musz\u0105 pozosta\u0107 zaanga\u017cowani podczas wymagaj\u0105cych zada\u0144. Niezale\u017cnie od tego, czy pracujesz nad z\u0142o\u017conym projektem, uczysz si\u0119 do egzamin\u00f3w, czy te\u017c oddajesz si\u0119 kreatywnym zaj\u0119ciom, produkt ten pomaga utrzyma\u0107 pozytywny nastr\u00f3j, jednocze\u015bnie eliminuj\u0105c czynniki rozpraszaj\u0105ce. Synergia mi\u0119dzy kanna i CBD tworzy zr\u00f3wnowa\u017cony efekt, zwi\u0119kszaj\u0105c koncentracj\u0119 bez nadmiernego pobudzenia. Kanna Blitz Focus jest idealny dla os\u00f3b poszukuj\u0105cych naturalnego, skutecznego sposobu na zwi\u0119kszenie produktywno\u015bci i sprawno\u015bci umys\u0142owej. Wolny od sztucznych dodatk\u00f3w, zapewnia czyste, niezawodne doznania, dzi\u0119ki czemu jest najlepszym wyborem dla profesjonalist\u00f3w, student\u00f3w i os\u00f3b kreatywnych, kt\u00f3re chc\u0105 pozosta\u0107 w strefie.<\/p>\n<h2 dir=\"ltr\">Historia Kanna Blitz Focus<\/h2>\n<p dir=\"ltr\">Podstaw\u0105 Kanna Blitz Focus jest tradycyjne stosowanie kanna, czyli Sceletium tortuosum, przez po\u0142udniowoafryka\u0144skie ludy Khoikhoi i San. Przez wieki u\u017cywali oni kanna w celu poprawy nastroju i jasno\u015bci umys\u0142u, \u017cuj\u0105c lub parz\u0105c go podczas rytua\u0142\u00f3w i codziennych zada\u0144. Jej alkaloidy, w tym \u03947-mesembrenon, by\u0142y cenione za ich uspokajaj\u0105ce, a jednocze\u015bnie podnosz\u0105ce na duchu dzia\u0142anie. Dodatek CBD, pochodz\u0105cego z konopi, odzwierciedla wsp\u00f3\u0142czesne post\u0119py w naturalnym zdrowiu, poniewa\u017c CBD zyska\u0142o uznanie ze wzgl\u0119du na jego zdolno\u015b\u0107 do zmniejszania stresu i poprawy koncentracji. Kanna Blitz Focus \u0142\u0105czy te u\u015bwi\u0119cone tradycj\u0105 sk\u0142adniki ze wsp\u00f3\u0142czesn\u0105 nauk\u0105, tworz\u0105c produkt dostosowany do dzisiejszego, szybko zmieniaj\u0105cego si\u0119 \u015bwiata. Opracowanie tej mieszanki wynika\u0142o z zapotrzebowania na naturaln\u0105 alternatyw\u0119 dla syntetycznych \u015brodk\u00f3w wspomagaj\u0105cych koncentracj\u0119, \u0142\u0105cz\u0105c korzy\u015bci poznawcze kanna z uspokajaj\u0105cymi w\u0142a\u015bciwo\u015bciami CBD. Ta innowacyjna formu\u0142a sta\u0142a si\u0119 popularna w\u015br\u00f3d os\u00f3b poszukuj\u0105cych jasno\u015bci umys\u0142u bez skutk\u00f3w ubocznych stymulant\u00f3w. Zachowuj\u0105c aktywne zwi\u0105zki ro\u015bliny i \u0142\u0105cz\u0105c je z CBD, Kanna Blitz Focus \u0142\u0105czy staro\u017cytne tradycje z nowoczesnymi potrzebami, oferuj\u0105c unikalne rozwi\u0105zanie dla trwa\u0142ej koncentracji i r\u00f3wnowagi emocjonalnej.<\/p>\n<h2 dir=\"ltr\">Sk\u0142adniki Kanna Blitz Focus<\/h2>\n<p dir=\"ltr\">Kanna Blitz Focus zawiera dwa kluczowe sk\u0142adniki: Ekstrakt z Sceletium tortuosum (kanna) i CBD (kannabidiol). Ekstrakt z kanna jest standaryzowany na wysokie st\u0119\u017cenie \u03947-mesembrenonu, alkaloidu znanego ze swoich w\u0142a\u015bciwo\u015bci poprawiaj\u0105cych nastr\u00f3j i poprawiaj\u0105cych funkcje poznawcze. Zwi\u0105zek ten wspomaga jasno\u015b\u0107 umys\u0142u i koncentracj\u0119, dzi\u0119ki czemu idealnie nadaje si\u0119 do wymagaj\u0105cych zada\u0144. CBD, pozyskiwane z wysokiej jako\u015bci konopi, uzupe\u0142nia kanna, wspieraj\u0105c relaksacj\u0119 i redukuj\u0105c stres, tworz\u0105c zr\u00f3wnowa\u017cony stan sprzyjaj\u0105cy produktywno\u015bci. Synergia mi\u0119dzy tymi sk\u0142adnikami wzmacnia ich indywidualne dzia\u0142anie, zapewniaj\u0105c unikaln\u0105 formu\u0142\u0119, kt\u00f3ra wyostrza koncentracj\u0119 przy jednoczesnym zachowaniu spokojnego, pozytywnego nastawienia. Kanna Blitz Focus nie zawiera sztucznych wype\u0142niaczy ani dodatk\u00f3w, zapewniaj\u0105c czysty i naturalny produkt. Staranna standaryzacja \u03947-mesembrenonu gwarantuje sta\u0142\u0105 moc, podczas gdy CBD jest testowane pod k\u0105tem czysto\u015bci, aby spe\u0142ni\u0107 wysokie standardy jako\u015bci. Uproszczona lista sk\u0142adnik\u00f3w sprawia, \u017ce produkt jest dost\u0119pny i skuteczny dla u\u017cytkownik\u00f3w poszukuj\u0105cych naturalnego sposobu na zwi\u0119kszenie wydajno\u015bci umys\u0142owej, zar\u00f3wno w pracy, nauce, jak i kreatywnych przedsi\u0119wzi\u0119ciach, zapewniaj\u0105c niezawodne wyniki bez zb\u0119dnej z\u0142o\u017cono\u015bci.<\/p>\n<p dir=\"ltr\"><strong>Ostrze\u017cenie<\/strong><br \/>\nKanna Blitz Focus jest przeznaczony wy\u0142\u0105cznie dla os\u00f3b doros\u0142ych i nie powinien by\u0107 stosowany przez kobiety w ci\u0105\u017cy lub karmi\u0105ce piersi\u0105. Skonsultuj si\u0119 z lekarzem przed u\u017cyciem, je\u015bli masz schorzenia, szczeg\u00f3lnie te zwi\u0105zane ze zdrowiem psychicznym lub przyjmujesz leki, takie jak leki przeciwdepresyjne lub uspokajaj\u0105ce, poniewa\u017c mog\u0105 wyst\u0105pi\u0107 interakcje. Nale\u017cy unika\u0107 przekraczania zalecanej dawki, aby zapobiec \u0142agodnym skutkom ubocznym, takim jak zawroty g\u0142owy lub zm\u0119czenie. Nie \u0142\u0105czy\u0107 z alkoholem lub innymi substancjami wp\u0142ywaj\u0105cymi na o\u015brodkowy uk\u0142ad nerwowy. Przechowywa\u0107 w miejscu niedost\u0119pnym dla dzieci.<\/p>","protected":false},"excerpt":{"rendered":"<p dir=\"ltr\" data-pm-slice=\"1 1 []\">Kanna Blitz Focus to specjalistyczna mieszanka kanna i CBD, wzbogacona o wysokie st\u0119\u017cenie \u03947-mesembrenonu, zaprojektowana w celu poprawy koncentracji i nastroju. Idealna do pracy, nauki lub kreatywnych projekt\u00f3w, ta synergiczna formu\u0142a promuje ostre skupienie i pozytywne nastawienie, utrzymuj\u0105c ci\u0119 w strefie bez rozpraszania uwagi.<\/p>\n<h2 dir=\"ltr\"><\/h2>","protected":false},"featured_media":131244,"template":"","meta":[],"product_brand":[],"product_cat":[508,297,476],"product_tag":[],"class_list":{"0":"post-131242","1":"product","2":"type-product","3":"status-publish","4":"has-post-thumbnail","6":"product_cat-kanna","7":"product_cat-all-products","8":"product_cat-smartshop","10":"first","11":"instock","12":"taxable","13":"shipping-taxable","14":"purchasable","15":"product-type-variable","16":"has-default-attributes"},"_links":{"self":[{"href":"https:\/\/www.tatanka.nl\/pl\/wp-json\/wp\/v2\/product\/131242","targetHints":{"allow":["GET"]}}],"collection":[{"href":"https:\/\/www.tatanka.nl\/pl\/wp-json\/wp\/v2\/product"}],"about":[{"href":"https:\/\/www.tatanka.nl\/pl\/wp-json\/wp\/v2\/types\/product"}],"wp:featuredmedia":[{"embeddable":true,"href":"https:\/\/www.tatanka.nl\/pl\/wp-json\/wp\/v2\/media\/131244"}],"wp:attachment":[{"href":"https:\/\/www.tatanka.nl\/pl\/wp-json\/wp\/v2\/media?parent=131242"}],"wp:term":[{"taxonomy":"product_brand","embeddable":true,"href":"https:\/\/www.tatanka.nl\/pl\/wp-json\/wp\/v2\/product_brand?post=131242"},{"taxonomy":"product_cat","embeddable":true,"href":"https:\/\/www.tatanka.nl\/pl\/wp-json\/wp\/v2\/product_cat?post=131242"},{"taxonomy":"product_tag","embeddable":true,"href":"https:\/\/www.tatanka.nl\/pl\/wp-json\/wp\/v2\/product_tag?post=131242"}],"curies":[{"name":"wp","href":"https:\/\/api.w.org\/{rel}","templated":true}]}}