{"id":131248,"date":"2025-07-21T08:26:05","date_gmt":"2025-07-21T07:26:05","guid":{"rendered":"https:\/\/www.tatanka.nl\/?post_type=product&#038;p=131248"},"modified":"2025-08-01T10:18:22","modified_gmt":"2025-08-01T09:18:22","slug":"kanna-blitz-boost","status":"publish","type":"product","link":"https:\/\/www.tatanka.nl\/pl\/kanna-blitz-boost\/","title":{"rendered":"Kanna Blitz Boost"},"content":{"rendered":"<h2 dir=\"ltr\" data-pm-slice=\"1 1 []\">Czym jest Kanna Blitz Boost?<\/h2>\n<p dir=\"auto\">Kanna Blitz Boost to dynamiczny suplement zaprojektowany w celu poprawy nastroju i energii, \u0142\u0105cz\u0105cy naturaln\u0105 moc Sceletium tortuosum (kanna) z tauryn\u0105 i teobromin\u0105. Ekstrakt z kanna, bogaty w mesembrin\u0119, mesembrenon i \u03947-mesembrenon, promuje poczucie euforii i jasno\u015bci umys\u0142u, idealne w sytuacjach towarzyskich lub w chwilach o wysokiej energii. Tauryna wspiera wytrzyma\u0142o\u015b\u0107 fizyczn\u0105, a teobromina zapewnia trwa\u0142\u0105 czujno\u015b\u0107 bez dr\u017cenia. Ta unikalna formu\u0142a sprawia, \u017ce Kanna Blitz Boost jest idealny dla os\u00f3b pragn\u0105cych podnie\u015b\u0107 sw\u00f3j nastr\u00f3j podczas spotka\u0144 lub wymagaj\u0105cych zada\u0144. Wolny od sztucznych dodatk\u00f3w, oferuje czysty, naturalny zastrzyk energii, kt\u00f3ry zwi\u0119ksza pewno\u015b\u0107 siebie i towarzysko\u015b\u0107. Niezale\u017cnie od tego, czy przygotowujesz si\u0119 do wieczornego wyj\u015bcia, prezentacji czy kreatywnego przedsi\u0119wzi\u0119cia, Kanna Blitz Boost pomaga emanowa\u0107 energi\u0105 i pozytywnym nastawieniem. Jego synergiczna mieszanka zapewnia p\u0142ynne, podnosz\u0105ce na duchu doznania, wyr\u00f3\u017cniaj\u0105c go jako wyb\u00f3r dla ka\u017cdego, kto chce wzmocni\u0107 swoj\u0105 obecno\u015b\u0107 i cieszy\u0107 si\u0119 chwilami po\u0142\u0105czenia lub wyst\u0119pu z entuzjazmem.<\/p>\n<h2 dir=\"ltr\">Historia Kanna Blitz Boost<\/h2>\n<p dir=\"auto\">Pocz\u0105tki Kanna Blitz Boost s\u0105 zakorzenione w tradycyjnym stosowaniu kanna przez po\u0142udniowoafryka\u0144skie ludy Khoikhoi i San, kt\u00f3re ceni\u0142y Sceletium tortuosum za jego w\u0142a\u015bciwo\u015bci poprawiaj\u0105ce nastr\u00f3j. Przez wieki kanna by\u0142a u\u017cywana w kontek\u015bcie spo\u0142ecznym i rytualnym w celu wywo\u0142ania euforii i zmniejszenia stresu, cz\u0119sto \u017cuta lub parzona w herbatach. Jej alkaloidy, w tym mesembryna i \u03947-mesembrenon, by\u0142y kluczem do tych efekt\u00f3w. Wsp\u00f3\u0142czesna nauka wzbogaci\u0142a to dziedzictwo, \u0142\u0105cz\u0105c kann\u0119 z tauryn\u0105 i teobromin\u0105, tworz\u0105c Kanna Blitz Boost jako wsp\u00f3\u0142czesne rozwi\u0105zanie poprawiaj\u0105ce nastr\u00f3j i energi\u0119. Mieszanka ta odzwierciedla po\u0142\u0105czenie staro\u017cytnej m\u0105dro\u015bci i nowoczesnych innowacji, zaprojektowanych w celu zaspokojenia potrzeb dzisiejszego towarzyskiego i wysokoenergetycznego stylu \u017cycia. Kanna Blitz Boost sta\u0142 si\u0119 popularny w\u015br\u00f3d os\u00f3b poszukuj\u0105cych naturalnych sposob\u00f3w na zwi\u0119kszenie pewno\u015bci siebie i witalno\u015bci, oferuj\u0105c niezawodn\u0105, opart\u0105 na ro\u015blinach alternatyw\u0119 dla syntetycznych wzmacniaczy nastroju, dostosowan\u0105 do moment\u00f3w, w kt\u00f3rych chcesz zab\u0142ysn\u0105\u0107.<\/p>\n<h2 dir=\"ltr\">Sk\u0142adniki Kanna Blitz Boost<\/h2>\n<p dir=\"auto\">Kanna Blitz Boost zawiera pot\u0119\u017cn\u0105 mieszank\u0119 ekstraktu z Sceletium tortuosum (kanna), tauryny i teobrominy. Ekstrakt z kanna zawiera mesembryn\u0119, mesembrenon i \u03947-mesembrenon, alkaloidy, kt\u00f3re promuj\u0105 eufori\u0119 i jasno\u015b\u0107 umys\u0142u, tworz\u0105c rdze\u0144 podnosz\u0105cych na duchu efekt\u00f3w produktu. Tauryna, aminokwas, wspomaga wytrzyma\u0142o\u015b\u0107 fizyczn\u0105 i energi\u0119, dzi\u0119ki czemu idealnie nadaje si\u0119 do dynamicznych ustawie\u0144. Teobromina, pochodz\u0105ca z kakao, zapewnia d\u0142ugotrwa\u0142\u0105 czujno\u015b\u0107 i uzupe\u0142nia dzia\u0142anie poprawiaj\u0105ce nastr\u00f3j. To synergiczne po\u0142\u0105czenie jest wolne od sztucznych dodatk\u00f3w, zapewniaj\u0105c czysty, naturalny produkt. Ka\u017cdy sk\u0142adnik jest starannie dobierany i testowany w celu spe\u0142nienia standard\u00f3w wysokiej jako\u015bci, zapewniaj\u0105c sta\u0142\u0105 si\u0142\u0119 dzia\u0142ania. Zr\u00f3wnowa\u017cony profil alkaloid\u00f3w Kanna Blitz Boost sprawia, \u017ce jest to wyj\u0105tkowy wyb\u00f3r dla tych, kt\u00f3rzy chc\u0105 naturalnie podnie\u015b\u0107 sw\u00f3j nastr\u00f3j i energi\u0119. Niezale\u017cnie od tego, czy chodzi o okazje towarzyskie, czy zadania wymagaj\u0105ce du\u017cej energii, formu\u0142a ta wspiera pewno\u015b\u0107 siebie i witalno\u015b\u0107, oferuj\u0105c czysty, skuteczny spos\u00f3b na zwi\u0119kszenie wydajno\u015bci i przyjemno\u015bci w ka\u017cdym otoczeniu.<\/p>\n<p dir=\"ltr\"><strong>Ostrze\u017cenie<\/strong><br \/>\nKanna Blitz Boost jest przeznaczony wy\u0142\u0105cznie dla os\u00f3b doros\u0142ych i nie jest odpowiedni dla kobiet w ci\u0105\u017cy lub karmi\u0105cych piersi\u0105. Skonsultuj si\u0119 z lekarzem przed u\u017cyciem, je\u015bli masz schorzenia, szczeg\u00f3lnie te zwi\u0105zane ze zdrowiem psychicznym lub sercem, lub przyjmujesz leki, takie jak leki przeciwdepresyjne lub pobudzaj\u0105ce, poniewa\u017c mog\u0105 wyst\u0105pi\u0107 interakcje. Unikaj przekraczania zalecanej dawki, aby zapobiec skutkom ubocznym, takim jak dr\u017cenie lub \u0142agodny dyskomfort. Nie \u0142\u0105czy\u0107 z alkoholem lub innymi substancjami wp\u0142ywaj\u0105cymi na o\u015brodkowy uk\u0142ad nerwowy. Przechowywa\u0107 w miejscu niedost\u0119pnym dla dzieci.<\/p>","protected":false},"excerpt":{"rendered":"<p dir=\"ltr\" data-pm-slice=\"1 1 []\">Kanna Blitz Boost to energetyzuj\u0105ca mieszanka kanna, tauryny i teobrominy, stworzona w celu podniesienia nastroju i energii. W po\u0142\u0105czeniu z mesembryn\u0105, mesembrenonem i \u03947-mesembrenonem, zapewnia euforyczny wzrost, idealny na imprezy towarzyskie lub chwile, kiedy chcesz zab\u0142ysn\u0105\u0107 pewno\u015bci\u0105 siebie i witalno\u015bci\u0105.<\/p>","protected":false},"featured_media":131249,"template":"","meta":[],"product_brand":[],"product_cat":[508,297,476],"product_tag":[],"class_list":{"0":"post-131248","1":"product","2":"type-product","3":"status-publish","4":"has-post-thumbnail","6":"product_cat-kanna","7":"product_cat-all-products","8":"product_cat-smartshop","10":"first","11":"instock","12":"taxable","13":"shipping-taxable","14":"purchasable","15":"product-type-variable","16":"has-default-attributes"},"_links":{"self":[{"href":"https:\/\/www.tatanka.nl\/pl\/wp-json\/wp\/v2\/product\/131248","targetHints":{"allow":["GET"]}}],"collection":[{"href":"https:\/\/www.tatanka.nl\/pl\/wp-json\/wp\/v2\/product"}],"about":[{"href":"https:\/\/www.tatanka.nl\/pl\/wp-json\/wp\/v2\/types\/product"}],"wp:featuredmedia":[{"embeddable":true,"href":"https:\/\/www.tatanka.nl\/pl\/wp-json\/wp\/v2\/media\/131249"}],"wp:attachment":[{"href":"https:\/\/www.tatanka.nl\/pl\/wp-json\/wp\/v2\/media?parent=131248"}],"wp:term":[{"taxonomy":"product_brand","embeddable":true,"href":"https:\/\/www.tatanka.nl\/pl\/wp-json\/wp\/v2\/product_brand?post=131248"},{"taxonomy":"product_cat","embeddable":true,"href":"https:\/\/www.tatanka.nl\/pl\/wp-json\/wp\/v2\/product_cat?post=131248"},{"taxonomy":"product_tag","embeddable":true,"href":"https:\/\/www.tatanka.nl\/pl\/wp-json\/wp\/v2\/product_tag?post=131248"}],"curies":[{"name":"wp","href":"https:\/\/api.w.org\/{rel}","templated":true}]}}