{"id":138549,"date":"2026-03-24T13:04:47","date_gmt":"2026-03-24T12:04:47","guid":{"rendered":"https:\/\/www.tatanka.nl\/?post_type=product&#038;p=138549"},"modified":"2026-03-24T13:04:48","modified_gmt":"2026-03-24T12:04:48","slug":"blue-lotus-flower","status":"publish","type":"product","link":"https:\/\/www.tatanka.nl\/pl\/blue-lotus-flower\/","title":{"rendered":"Niebieski kwiat lotosu"},"content":{"rendered":"<h2 dir=\"auto\">Co to jest Niebieski Kwiat Lotosu<\/h2>\n<p dir=\"auto\">Kwiat niebieskiego lotosu, naukowo znany jako Nymphaea Caerulea, to osza\u0142amiaj\u0105ca ro\u015blina wodna znana ze swojego delikatnego pi\u0119kna i g\u0142\u0119bokiego dzia\u0142ania relaksuj\u0105cego. Pochodz\u0105cy ze spokojnych w\u00f3d staro\u017cytnego Egiptu i okolicznych region\u00f3w, ten \u015bwi\u0119ty kwiat by\u0142 ceniony przez tysi\u0105ce lat jako symbol odrodzenia, czysto\u015bci i duchowego wzniesienia. Suszone p\u0142atki, pr\u0119ciki i cz\u0119\u015bci kwiatu s\u0105 starannie zbierane i przetwarzane, aby zachowa\u0107 ich naturaln\u0105 moc, w wyniku czego powstaje delikatny, aromatyczny materia\u0142 zio\u0142owy idealny do osobistych rytua\u0142\u00f3w odnowy biologicznej. W przeciwie\u0144stwie do syntetycznych \u015brodk\u00f3w relaksuj\u0105cych, Blue Lotus Flower harmonijnie wsp\u00f3\u0142dzia\u0142a z cia\u0142em, zapewniaj\u0105c poczucie spokoju i \u0142agodnej euforii bez wywo\u0142ywania silnego uspokojenia lub senno\u015bci. Jego subtelny kwiatowy aromat i \u0142agodny profil sprawiaj\u0105, \u017ce jest to doskona\u0142y wyb\u00f3r dla os\u00f3b poszukuj\u0105cych naturalnej r\u00f3wnowagi w intensywnym, nowoczesnym stylu \u017cycia. Wiele os\u00f3b w\u0142\u0105cza to zio\u0142o do swojej codziennej rutyny, aby promowa\u0107 r\u00f3wnowag\u0119 emocjonaln\u0105 i uwa\u017cne \u017cycie. Dzi\u0119ki prostej zalecanej porcji 5 gram\u00f3w dziennie, jedno opakowanie oferuje wygodne, d\u0142ugotrwa\u0142e wsparcie dla sta\u0142ego wyciszenia i wewn\u0119trznego spokoju. Ta wszechstronna ro\u015blina botaniczna nadal urzeka entuzjast\u00f3w dobrego samopoczucia, kt\u00f3rzy ceni\u0105 autentyczne, ro\u015blinne rozwi\u0105zania zakorzenione w staro\u017cytnych tradycjach.<\/p>\n<h2 dir=\"auto\">Historia kwiatu niebieskiego lotosu<\/h2>\n<p dir=\"auto\">Historia kwiatu niebieskiego lotosu si\u0119ga ponad 3000 lat wstecz do wspania\u0142ej cywilizacji staro\u017cytnego Egiptu, gdzie by\u0142 on uwa\u017cany za jedn\u0105 z naj\u015bwi\u0119tszych istniej\u0105cych ro\u015blin. Faraonowie, kap\u0142ani i szlachta szeroko wykorzystywali ten kwiat w ceremoniach religijnych, rytua\u0142ach \u015bwi\u0105tynnych i praktykach pogrzebowych, aby u\u0142atwi\u0107 duchowe po\u0142\u0105czenie i podwy\u017cszone stany \u015bwiadomo\u015bci. Pi\u0119kne przedstawienia \u017cywych niebieskich p\u0142atk\u00f3w pojawiaj\u0105 si\u0119 w egipskich grobowcach, \u015bwi\u0105tyniach i dzie\u0142ach sztuki, cz\u0119sto symbolizuj\u0105c podr\u00f3\u017c s\u0142o\u0144ca i wieczne odrodzenie duszy. Poza Egiptem podobny szacunek dla ro\u015bliny istnia\u0142 w r\u00f3\u017cnych tradycjach afryka\u0144skich i azjatyckich, gdzie spo\u0142eczno\u015bci w\u0142\u0105cza\u0142y j\u0105 do ceremonialnych spotka\u0144 i osobistych praktyk refleksyjnych. Staro\u017cytne teksty i odkrycia archeologiczne ujawniaj\u0105 jej rol\u0119 w promowaniu relaksu, wzmacnianiu sn\u00f3w i wspieraniu stan\u00f3w medytacyjnych podczas wa\u017cnych rytua\u0142\u00f3w. W dzisiejszych czasach rosn\u0105ce zainteresowanie etnobotanik\u0105 i tradycyjnym zielarstwem o\u017cywi\u0142o uznanie dla tego niezwyk\u0142ego kwiatu. Naukowcy nadal badaj\u0105 historyczne zapisy, kt\u00f3re dokumentuj\u0105 jego d\u0142ugotrwa\u0142e stosowanie dla dobrego samopoczucia emocjonalnego i \u015bwi\u0119tych do\u015bwiadcze\u0144. Dzi\u015b ten sam czysty suszony kwiat niebieskiego lotosu, niegdy\u015b zarezerwowany dla rodziny kr\u00f3lewskiej, jest dost\u0119pny dla wsp\u00f3\u0142czesnych u\u017cytkownik\u00f3w poszukuj\u0105cych prawdziwego zwi\u0105zku z zio\u0142owym dziedzictwem ludzko\u015bci. Ka\u017cda porcja niesie ze sob\u0105 to bogate dziedzictwo \u015bwiadomego relaksu i duchowej czci, kt\u00f3re przetrwa\u0142o przez wieki.<\/p>\n<h2 dir=\"auto\">Jak u\u017cywa\u0107 Blue Lotus Flower<\/h2>\n<p dir=\"auto\">Korzystanie z Blue Lotus Flower jest proste i mo\u017ce p\u0142ynnie wpasowa\u0107 si\u0119 w ka\u017cd\u0105 codzienn\u0105 praktyk\u0119 wellness. Zacznij od odmierzenia 5 gram\u00f3w suszonych kwiat\u00f3w, czyli oko\u0142o dw\u00f3ch do trzech \u0142y\u017ceczek, w zale\u017cno\u015bci od tego, jak drobno s\u0105 po\u0142amane. Umie\u015b\u0107 zio\u0142o w zaparzaczu do herbaty, francuskiej prasie lub bezpo\u015brednio w fili\u017cance. Zalej kwiaty gor\u0105c\u0105 wod\u0105 sch\u0142odzon\u0105 do oko\u0142o 90\u00b0C - unikaj wrz\u0105tku, aby chroni\u0107 delikatne naturalne zwi\u0105zki i zachowa\u0107 najlepszy smak i efekty. Pozostaw materia\u0142 do zaparzenia przez pe\u0142ne 10 minut, aby osi\u0105gn\u0105\u0107 optymaln\u0105 ekstrakcj\u0119 korzystnych alkaloid\u00f3w i sk\u0142adnik\u00f3w aromatycznych. Uzyskany napar b\u0119dzie mia\u0142 delikatny z\u0142oty kolor, \u0142agodny, lekko s\u0142odki smak i przyjemny kwiatowy zapach. W razie potrzeby, po zaparzeniu napar mo\u017cna wzbogaci\u0107 odrobin\u0105 miodu, syropu z agawy lub naturalnego s\u0142odzika. Wielu u\u017cytkownik\u00f3w delektuje si\u0119 jej porcj\u0105 wieczorem, aby odpr\u0119\u017cy\u0107 si\u0119 i zrelaksowa\u0107 lub podczas spokojnych chwil w ci\u0105gu dnia, gdy napi\u0119cie zaczyna rosn\u0105\u0107. Zio\u0142o to mo\u017ce by\u0107 r\u00f3wnie\u017c wykorzystywane do tworzenia niestandardowych mieszanek z innymi uzupe\u0142niaj\u0105cymi sk\u0142adnikami botanicznymi w celu uzyskania zr\u00f3\u017cnicowanych efekt\u00f3w. Konsekwentne codzienne stosowanie w sugerowanej 5-gramowej porcji pomaga utrzyma\u0107 uczucie spokoju i r\u00f3wnowagi bez budowania tolerancji. Aby w pe\u0142ni doceni\u0107 subtelne, ale g\u0142\u0119bokie korzy\u015bci, jakie zapewnia ten staro\u017cytny kwiat, nale\u017cy zawsze przygotowywa\u0107 go na \u015bwie\u017co i podchodzi\u0107 do rytua\u0142u z uwa\u017cno\u015bci\u0105.<\/p>\n<h2 dir=\"auto\">Sk\u0142adniki kwiatu niebieskiego lotosu<\/h2>\n<p dir=\"auto\">Sk\u0142adniki Blue Lotus Flower s\u0105 wyj\u0105tkowo czyste i sk\u0142adaj\u0105 si\u0119 wy\u0142\u0105cznie z 100% naturalnej Nymphaea Caerulea. Nie zawiera \u017cadnych dodatk\u00f3w, wype\u0142niaczy, konserwant\u00f3w ani sztucznych substancji, dzi\u0119ki czemu otrzymujesz zio\u0142o w jego najbardziej autentycznej formie. Ta jednosk\u0142adnikowa kompozycja dostarcza pe\u0142nego spektrum naturalnych alkaloid\u00f3w, g\u0142\u00f3wnie nucyferyny i apomorfiny, kt\u00f3re delikatnie wp\u0142ywaj\u0105 na uk\u0142ad nerwowy, sprzyjaj\u0105c relaksacji i \u0142agodnej euforii. Suszone kwiaty zawieraj\u0105 r\u00f3wnie\u017c korzystne flawonoidy i przeciwutleniacze, kt\u00f3re wspieraj\u0105 og\u00f3lne samopoczucie, pomagaj\u0105c organizmowi radzi\u0107 sobie z codziennym stresem. \u015aladowe ilo\u015bci witaminy C, wapnia i magnezu zapewniaj\u0105 dodatkowe delikatne wsparcie od\u017cywcze, podczas gdy olejki eteryczne przyczyniaj\u0105 si\u0119 do charakterystycznego delikatnego zapachu kwiatu. Dzi\u0119ki naturalnie niskiemu poziomowi garbnik\u00f3w, napar pozostaje g\u0142adki i nigdy nie jest gorzki, dzi\u0119ki czemu jest przyst\u0119pny zar\u00f3wno dla nowych, jak i do\u015bwiadczonych u\u017cytkownik\u00f3w zi\u00f3\u0142. Ka\u017cda partia jest starannie selekcjonowana i przetwarzana w celu zachowania maksymalnej mocy i czysto\u015bci. To minimalistyczne podej\u015bcie gwarantuje, \u017ce ka\u017cda 5-gramowa porcja zapewnia dok\u0142adnie to, co zamierza\u0142a natura - nic wi\u0119cej, nic mniej - pozwalaj\u0105c ci do\u015bwiadczy\u0107 prawdziwej esencji tej szanowanej ro\u015bliny botanicznej dok\u0142adnie tak, jak by\u0142a ceniona od tysi\u0105cleci.<\/p>\n<p dir=\"auto\"><strong>Ostrze\u017cenie<\/strong> Tylko dla doros\u0142ych powy\u017cej 18 lat. Przechowywa\u0107 w miejscu niedost\u0119pnym dla dzieci. Skonsultuj si\u0119 z lekarzem przed u\u017cyciem, je\u015bli jeste\u015b w ci\u0105\u017cy, karmisz piersi\u0105 lub masz jakiekolwiek schorzenia. Ten produkt nie jest zalecany dla os\u00f3b z problemami z nerkami lub sercem, wysokim lub niskim ci\u015bnieniem krwi, cukrzyc\u0105 lub dla os\u00f3b przyjmuj\u0105cych leki, spo\u017cywaj\u0105cych alkohol lub u\u017cywaj\u0105cych innych substancji. Blue Lotus Flower jest suplementem diety i nie jest przeznaczony do diagnozowania, leczenia ani zapobiegania jakimkolwiek chorobom. Nie kupowa\u0107 ani nie u\u017cywa\u0107, je\u015bli plomba jest uszkodzona. Przechowywa\u0107 w ch\u0142odnym, ciemnym i suchym miejscu, aby zachowa\u0107 \u015bwie\u017co\u015b\u0107 i moc.<\/p>","protected":false},"excerpt":{"rendered":"<p dir=\"auto\">Odkryj ponadczasowy spok\u00f3j Blue Lotus Flower, naturalnej ro\u015bliny 100% znanej ze swoich uspokajaj\u0105cych i lekko euforycznych w\u0142a\u015bciwo\u015bci. Zbierane ze \u015bwi\u0119tej egipskiej lilii wodnej, to czyste suszone zio\u0142o oferuje delikatny spos\u00f3b na odpr\u0119\u017cenie, zmniejszenie codziennego stresu i wsparcie g\u0142\u0119bokiego relaksu. Idealne do tworzenia spokojnych chwil, ka\u017cde 30-gramowe opakowanie zapewnia wystarczaj\u0105c\u0105 ilo\u015b\u0107 na oko\u0142o sze\u015b\u0107 dziennych porcji po 5 gram\u00f3w.<\/p>\n<h2 dir=\"auto\"><\/h2>","protected":false},"featured_media":138552,"template":"","meta":[],"product_brand":[],"product_cat":[597,475,477,479,290,511,476,480],"product_tag":[],"class_list":{"0":"post-138549","1":"product","2":"type-product","3":"status-publish","4":"has-post-thumbnail","6":"product_cat-indian-elements","7":"product_cat-healthshop","8":"product_cat-herbs","9":"product_cat-medicinal-herbs","10":"product_cat-psychedelic-herbs","11":"product_cat-relax-herbs","12":"product_cat-smartshop","13":"product_cat-supplements","15":"first","16":"instock","17":"taxable","18":"shipping-taxable","19":"purchasable","20":"product-type-variable","21":"has-default-attributes"},"_links":{"self":[{"href":"https:\/\/www.tatanka.nl\/pl\/wp-json\/wp\/v2\/product\/138549","targetHints":{"allow":["GET"]}}],"collection":[{"href":"https:\/\/www.tatanka.nl\/pl\/wp-json\/wp\/v2\/product"}],"about":[{"href":"https:\/\/www.tatanka.nl\/pl\/wp-json\/wp\/v2\/types\/product"}],"wp:featuredmedia":[{"embeddable":true,"href":"https:\/\/www.tatanka.nl\/pl\/wp-json\/wp\/v2\/media\/138552"}],"wp:attachment":[{"href":"https:\/\/www.tatanka.nl\/pl\/wp-json\/wp\/v2\/media?parent=138549"}],"wp:term":[{"taxonomy":"product_brand","embeddable":true,"href":"https:\/\/www.tatanka.nl\/pl\/wp-json\/wp\/v2\/product_brand?post=138549"},{"taxonomy":"product_cat","embeddable":true,"href":"https:\/\/www.tatanka.nl\/pl\/wp-json\/wp\/v2\/product_cat?post=138549"},{"taxonomy":"product_tag","embeddable":true,"href":"https:\/\/www.tatanka.nl\/pl\/wp-json\/wp\/v2\/product_tag?post=138549"}],"curies":[{"name":"wp","href":"https:\/\/api.w.org\/{rel}","templated":true}]}}