{"id":138597,"date":"2026-03-26T10:14:12","date_gmt":"2026-03-26T09:14:12","guid":{"rendered":"https:\/\/www.tatanka.nl\/?post_type=product&#038;p=138597"},"modified":"2026-03-27T12:03:42","modified_gmt":"2026-03-27T11:03:42","slug":"green-sumatra-kratom","status":"publish","type":"product","link":"https:\/\/www.tatanka.nl\/pl\/green-sumatra-kratom\/","title":{"rendered":"Zielona Sumatra Kratom"},"content":{"rendered":"<h2 dir=\"auto\">Co to jest Kratopia Green Sumatra Kratom?<\/h2>\n<p dir=\"auto\">Kratopia Green Sumatra Kratom to wysokiej jako\u015bci proszek wykonany z suszonych i drobno zmielonych li\u015bci drzewa Mitragyna speciosa, zebranych specjalnie z regionu Sumatra w Indonezji. Ta odmiana z zielonymi \u017cy\u0142ami jest wysoko ceniona za dobrze zbalansowane dzia\u0142anie, kt\u00f3re idealnie \u0142\u0105czy w sobie stymuluj\u0105ce w\u0142a\u015bciwo\u015bci odmian z bia\u0142ymi \u017cy\u0142ami z bardziej relaksuj\u0105cymi w\u0142a\u015bciwo\u015bciami odmian z czerwonymi \u017cy\u0142ami. U\u017cytkownicy cz\u0119sto opisuj\u0105 g\u0142adk\u0105, podnosz\u0105c\u0105 na duchu energi\u0119 po\u0142\u0105czon\u0105 z delikatnym poczuciem spokoju i dobrego samopoczucia. Delikatna konsystencja sprawia, \u017ce \u0142atwo przygotowa\u0107 z niej herbat\u0119 lub doda\u0107 do napoj\u00f3w. Dzi\u0119ki umiarkowanemu profilowi alkaloid\u00f3w, Kratopia Green Sumatra Kratom jest szczeg\u00f3lnie popularna zar\u00f3wno w\u015br\u00f3d pocz\u0105tkuj\u0105cych, jak i do\u015bwiadczonych u\u017cytkownik\u00f3w, kt\u00f3rzy szukaj\u0105 wszechstronnej, ca\u0142odziennej opcji. 50-gramowe opakowanie zapewnia wystarczaj\u0105c\u0105 ilo\u015b\u0107 do sta\u0142ego stosowania, jednocze\u015bnie pozwalaj\u0105c u\u017cytkownikom na dostosowanie idealnej wielko\u015bci porcji poprzez staranne eksperymentowanie.<\/p>\n<h2 dir=\"auto\">Historia Kratopia Green Sumatra Kratom<\/h2>\n<p dir=\"auto\">Historia Kratopia Green Sumatra Kratom si\u0119ga wiek\u00f3w wstecz do tropikalnych las\u00f3w deszczowych Azji Po\u0142udniowo-Wschodniej, gdzie drzewo Mitragyna speciosa by\u0142o tradycyjnie wykorzystywane przez lokalne spo\u0142eczno\u015bci. Rdzenni mieszka\u0144cy Indonezji i okolicznych region\u00f3w od dawna zbieraj\u0105 li\u015bcie ze wzgl\u0119du na ich energetyzuj\u0105ce i koj\u0105ce w\u0142a\u015bciwo\u015bci podczas d\u0142ugich godzin pracy lub chwil odpoczynku. Odmiany Green Vein, takie jak Green Sumatra, zosta\u0142y naturalnie wyselekcjonowane z czasem ze wzgl\u0119du na ich zr\u00f3wnowa\u017cony charakter, dzi\u0119ki czemu nadaj\u0105 si\u0119 do aktywno\u015bci w ci\u0105gu dnia. Li\u015bcie s\u0105 zwykle zbierane, gdy osi\u0105gn\u0105 okre\u015blony etap dojrza\u0142o\u015bci, co skutkuje charakterystycznym zielonym kolorem i dobrze zaokr\u0105glonym sk\u0142adem alkaloid\u00f3w. Przez pokolenia przekazywano wiedz\u0119 na temat w\u0142a\u015bciwych metod zbioru, suszenia i przygotowania, tworz\u0105c bogat\u0105 tradycj\u0119 kulturow\u0105. Kratopia kontynuuje to dziedzictwo, pozyskuj\u0105c tylko najlepsze li\u015bcie z tradycyjnych obszar\u00f3w uprawy na Sumatrze i przetwarzaj\u0105c je z nale\u017cyt\u0105 staranno\u015bci\u0105, aby zachowa\u0107 ich naturaln\u0105 moc i r\u00f3wnowag\u0119. Obecnie Green Sumatra Kratom cieszy si\u0119 popularno\u015bci\u0105 na ca\u0142ym \u015bwiecie jako wszechstronny suplement zio\u0142owy, kt\u00f3ry wype\u0142nia luk\u0119 mi\u0119dzy pobudzeniem a relaksem.<\/p>\n<h2 dir=\"auto\">Jak korzysta\u0107 z Kratopia Green Sumatra Kratom<\/h2>\n<p dir=\"auto\">Korzystanie z Kratopia Green Sumatra Kratom jest proste i wysoce konfigurowalne. Najpopularniejsz\u0105 metod\u0105 jest przygotowanie herbaty. Zacznij od 4 do 5 gram\u00f3w proszku i wymieszaj go z gor\u0105c\u0105 wod\u0105 sch\u0142odzon\u0105 do temperatury od 70\u00b0C do 95\u00b0C. Pozostawi\u0107 do zaparzenia na 3 do 5 minut, mieszaj\u0105c od czasu do czasu. Proszek nie musi by\u0107 odcedzany i mo\u017ce by\u0107 spo\u017cywany w ca\u0142o\u015bci. Wielu u\u017cytkownik\u00f3w woli doda\u0107 odrobin\u0119 miodu, cytryny lub naturalnego syropu, aby poprawi\u0107 smak. Efekty zaczynaj\u0105 si\u0119 zwykle w ci\u0105gu 30 do 45 minut i mog\u0105 trwa\u0107 kilka godzin. Zaleca si\u0119 rozpocz\u0119cie od mniejszej porcji i stopniowe dostosowywanie w zale\u017cno\u015bci od indywidualnej wra\u017cliwo\u015bci i po\u017c\u0105danego rezultatu. Green Sumatra Kratom jest cz\u0119sto spo\u017cywana rano lub wczesnym popo\u0142udniem w celu uzyskania zr\u00f3wnowa\u017conej energii i skupienia lub p\u00f3\u017anym popo\u0142udniem w celu \u0142agodnego relaksu. Zawsze u\u017cywaj jej odpowiedzialnie i unikaj \u0142\u0105czenia z innymi substancjami. \u015awiadome eksperymentowanie pomo\u017ce ci odkry\u0107 wielko\u015b\u0107 porcji, kt\u00f3ra najlepiej odpowiada twoim osobistym potrzebom i stylowi \u017cycia.<\/p>\n<h2 dir=\"auto\">Sk\u0142adniki Kratopia Green Sumatra Kratom<\/h2>\n<p dir=\"auto\">Sk\u0142adniki Kratopia Green Sumatra Kratom sk\u0142adaj\u0105 si\u0119 wy\u0142\u0105cznie z 100% czystego proszku z li\u015bci Mitragyna speciosa z odmiany Green Sumatra. Nie dodano \u017cadnych wype\u0142niaczy, dodatk\u00f3w ani sztucznych sk\u0142adnik\u00f3w, co zapewnia maksymaln\u0105 czysto\u015b\u0107 i autentyczno\u015b\u0107. Li\u015bcie s\u0105 bogate w naturalnie wyst\u0119puj\u0105ce alkaloidy, w szczeg\u00f3lno\u015bci mitragynin\u0119 i 7-hydroksymitragynin\u0119, kt\u00f3re przyczyniaj\u0105 si\u0119 do dobrze zbalansowanego profilu szczepu. Zwi\u0105zki te wsp\u00f3\u0142pracuj\u0105 ze sob\u0105, zapewniaj\u0105c charakterystyczne po\u0142\u0105czenie \u0142agodnej stymulacji i delikatnego relaksu, dzi\u0119ki czemu Green Sumatra jest tak popularna. Li\u015bcie zielonej \u017cy\u0142y s\u0105 zbierane w idealnym stadium dojrza\u0142o\u015bci, aby osi\u0105gn\u0105\u0107 t\u0119 harmonijn\u0105 r\u00f3wnowag\u0119 alkaloid\u00f3w. Dzi\u0119ki starannemu procesowi suszenia i mielenia zachowana zostaje naturalna moc i korzystne zwi\u0105zki. Kratopia pozyskuje li\u015bcie z tradycyjnych region\u00f3w uprawy na Sumatrze, aby utrzyma\u0107 sta\u0142\u0105 jako\u015b\u0107 i charakter ka\u017cdej partii. Ta czysto\u015b\u0107 pojedynczego sk\u0142adnika pozwala u\u017cytkownikom do\u015bwiadczy\u0107 prawdziwej, niezafa\u0142szowanej esencji Green Sumatra Kratom, dok\u0142adnie takiej, jak\u0105 ceniono w tradycyjnych praktykach zio\u0142owych Azji Po\u0142udniowo-Wschodniej od pokole\u0144.<\/p>\n<p dir=\"auto\"><strong>Ostrze\u017cenie<\/strong> Tylko dla doros\u0142ych powy\u017cej 18 lat. Przechowywa\u0107 w miejscu niedost\u0119pnym dla dzieci. Ten produkt nie jest zalecany dla os\u00f3b z problemami z nerkami lub sercem, wysokim lub niskim ci\u015bnieniem krwi, cukrzyc\u0105 lub dla os\u00f3b przyjmuj\u0105cych leki, spo\u017cywaj\u0105cych alkohol lub u\u017cywaj\u0105cych innych substancji. Skonsultuj si\u0119 z lekarzem przed u\u017cyciem, je\u015bli jeste\u015b w ci\u0105\u017cy, karmisz piersi\u0105 lub masz jakiekolwiek schorzenia. Kratopia Green Sumatra Kratom jest suplementem diety i nie jest przeznaczony do diagnozowania, leczenia ani zapobiegania jakimkolwiek chorobom. Nie kupuj ani nie u\u017cywaj, je\u015bli plomba jest uszkodzona. Przechowywa\u0107 w ch\u0142odnym, ciemnym i suchym miejscu, aby zachowa\u0107 optymaln\u0105 \u015bwie\u017co\u015b\u0107 i moc.<\/p>","protected":false},"excerpt":{"rendered":"<p dir=\"auto\">Odkryj idealn\u0105 r\u00f3wnowag\u0119 Kratopia Green Sumatra Kratom, najwy\u017cszej jako\u015bci zio\u0142owego suplementu s\u0142yn\u0105cego z harmonijnego po\u0142\u0105czenia \u0142agodnej energii i koj\u0105cego relaksu. Pozyskiwany z bujnych d\u017cungli Indonezji, ten wszechstronny kratom z zielonymi \u017cy\u0142ami jest idealny do codziennego u\u017cytku, oferuj\u0105c p\u0142ynne skupienie w ci\u0105gu dnia, jednocze\u015bnie promuj\u0105c spokojny i pozytywny stan umys\u0142u bez przyt\u0142aczaj\u0105cego uspokojenia.<\/p>\n<h2 dir=\"auto\"><\/h2>","protected":false},"featured_media":138599,"template":"","meta":[],"product_brand":[],"product_cat":[599,297,477,509,479,510,511,476],"product_tag":[],"class_list":{"0":"post-138597","1":"product","2":"type-product","3":"status-publish","4":"has-post-thumbnail","6":"product_cat-kratopia","7":"product_cat-all-products","8":"product_cat-herbs","9":"product_cat-kratom","10":"product_cat-medicinal-herbs","11":"product_cat-relax","12":"product_cat-relax-herbs","13":"product_cat-smartshop","15":"first","16":"instock","17":"taxable","18":"shipping-taxable","19":"purchasable","20":"product-type-variable","21":"has-default-attributes"},"_links":{"self":[{"href":"https:\/\/www.tatanka.nl\/pl\/wp-json\/wp\/v2\/product\/138597","targetHints":{"allow":["GET"]}}],"collection":[{"href":"https:\/\/www.tatanka.nl\/pl\/wp-json\/wp\/v2\/product"}],"about":[{"href":"https:\/\/www.tatanka.nl\/pl\/wp-json\/wp\/v2\/types\/product"}],"wp:featuredmedia":[{"embeddable":true,"href":"https:\/\/www.tatanka.nl\/pl\/wp-json\/wp\/v2\/media\/138599"}],"wp:attachment":[{"href":"https:\/\/www.tatanka.nl\/pl\/wp-json\/wp\/v2\/media?parent=138597"}],"wp:term":[{"taxonomy":"product_brand","embeddable":true,"href":"https:\/\/www.tatanka.nl\/pl\/wp-json\/wp\/v2\/product_brand?post=138597"},{"taxonomy":"product_cat","embeddable":true,"href":"https:\/\/www.tatanka.nl\/pl\/wp-json\/wp\/v2\/product_cat?post=138597"},{"taxonomy":"product_tag","embeddable":true,"href":"https:\/\/www.tatanka.nl\/pl\/wp-json\/wp\/v2\/product_tag?post=138597"}],"curies":[{"name":"wp","href":"https:\/\/api.w.org\/{rel}","templated":true}]}}