{"id":138602,"date":"2026-03-26T11:56:46","date_gmt":"2026-03-26T10:56:46","guid":{"rendered":"https:\/\/www.tatanka.nl\/?post_type=product&#038;p=138602"},"modified":"2026-03-27T12:02:10","modified_gmt":"2026-03-27T11:02:10","slug":"red-sumatra-kratom","status":"publish","type":"product","link":"https:\/\/www.tatanka.nl\/pl\/red-sumatra-kratom\/","title":{"rendered":"Red Sumatra Kratom"},"content":{"rendered":"<h2 dir=\"auto\">Co to jest Kratopia Red Sumatra Kratom?<\/h2>\n<p dir=\"auto\">Kratopia Red Sumatra Kratom to drobno zmielony proszek wykonany z dojrza\u0142ych li\u015bci drzewa Mitragyna speciosa zebranych z regionu Sumatry. Ta odmiana o czerwonych \u017cy\u0142ach jest powszechnie ceniona za sw\u00f3j g\u0142\u00f3wnie relaksuj\u0105cy charakter, co czyni j\u0105 jednym z najpopularniejszych wybor\u00f3w do wieczornego u\u017cytku i g\u0142\u0119bokiego relaksu. W por\u00f3wnaniu do zielonych i bia\u0142ych odmian, Red Sumatra oferuje \u0142agodniejsze, bardziej uspokajaj\u0105ce doznania, zachowuj\u0105c jednocze\u015bnie naturaln\u0105 moc, z kt\u00f3rej s\u0142ynie kratom. Proszek ma bogaty, ziemisty aromat i \u0142atwo miesza si\u0119 z herbat\u0105. Wielu u\u017cytkownik\u00f3w si\u0119ga po Kratopia Red Sumatra Kratom, gdy chc\u0105 roz\u0142adowa\u0107 nagromadzone napi\u0119cie, uspokoi\u0107 umys\u0142 i wesprze\u0107 stan odpr\u0119\u017cenia bez uczucia nadmiernej ci\u0119\u017cko\u015bci. Jej wszechstronny profil sprawia, \u017ce jest ona odpowiednia zar\u00f3wno dla pocz\u0105tkuj\u0105cych, poszukuj\u0105cych \u0142agodnego relaksu, jak i do\u015bwiadczonych u\u017cytkownik\u00f3w poszukuj\u0105cych sta\u0142ych efekt\u00f3w uspokajaj\u0105cych.<\/p>\n<h2 dir=\"auto\">Historia Kratopia Red Sumatra Kratom<\/h2>\n<p dir=\"auto\">Historia Kratopia Red Sumatra Kratom jest zakorzeniona w tradycyjnym stosowaniu li\u015bci Mitragyna speciosa w Azji Po\u0142udniowo-Wschodniej, zw\u0142aszcza w Indonezji. Przez wieki lokalne spo\u0142eczno\u015bci na Sumatrze zbiera\u0142y dojrza\u0142e li\u015bcie z czerwonymi \u017cy\u0142kami ze wzgl\u0119du na ich uspokajaj\u0105ce i regeneruj\u0105ce w\u0142a\u015bciwo\u015bci. Li\u015bcie te by\u0142y tradycyjnie u\u017cywane przez robotnik\u00f3w i mieszka\u0144c\u00f3w wsi w celu z\u0142agodzenia wysi\u0142ku fizycznego i promowania relaksu po wymagaj\u0105cych dniach. Z czasem odmiany z czerwonymi \u017cy\u0142kami sta\u0142y si\u0119 znane ze swoich g\u0142\u0119bszych w\u0142a\u015bciwo\u015bci koj\u0105cych w por\u00f3wnaniu z m\u0142odszymi zielonymi lub bia\u0142ymi li\u015b\u0107mi. Proces zbioru polega na zbieraniu li\u015bci w p\u00f3\u017aniejszym stadium dojrza\u0142o\u015bci, co naturalnie zwi\u0119ksza st\u0119\u017cenie niekt\u00f3rych alkaloid\u00f3w zwi\u0105zanych z relaksacj\u0105. Kratopia honoruje t\u0119 wieloletni\u0105 tradycj\u0119, starannie wybieraj\u0105c i przetwarzaj\u0105c tylko najlepsze dojrza\u0142e li\u015bcie z tradycyjnych obszar\u00f3w uprawy na Sumatrze. Obecnie Red Sumatra Kratom zyska\u0142a mi\u0119dzynarodowe uznanie jako niezawodny suplement zio\u0142owy dla os\u00f3b poszukuj\u0105cych naturalnego wsparcia dla relaksu i r\u00f3wnowagi emocjonalnej w szybko zmieniaj\u0105cym si\u0119 \u015bwiecie.<\/p>\n<h2 dir=\"auto\">Jak korzysta\u0107 z Kratopia Red Sumatra Kratom<\/h2>\n<p dir=\"auto\">U\u017cywanie Kratopia Red Sumatra Kratom jest proste i elastyczne. Najpopularniejsz\u0105 metod\u0105 jest przygotowanie jej jako ciep\u0142ej herbaty. Odmierz od 4 do 5 gram\u00f3w proszku i wymieszaj go z gor\u0105c\u0105 wod\u0105, kt\u00f3ra ostyg\u0142a do temperatury od 70\u00b0C do 95\u00b0C. Pozostawi\u0107 do zaparzenia na 3 do 5 minut, mieszaj\u0105c od czasu do czasu. Proszek mo\u017ce by\u0107 spo\u017cywany w ca\u0142o\u015bci bez filtrowania. Wielu u\u017cytkownik\u00f3w poprawia smak, dodaj\u0105c niewielk\u0105 ilo\u015b\u0107 miodu, cytryny lub naturalnego syropu. Efekty zaczynaj\u0105 si\u0119 zwykle w ci\u0105gu 30 do 45 minut i mog\u0105 trwa\u0107 kilka godzin, co czyni j\u0105 szczeg\u00f3lnie odpowiedni\u0105 do stosowania wieczorem. Zaleca si\u0119 rozpocz\u0119cie od mniejszej porcji i stopniowe dostosowywanie do osobistej wra\u017cliwo\u015bci i po\u017c\u0105danego poziomu relaksu. Kratopia Red Sumatra Kratom najlepiej spo\u017cywa\u0107 w spokojnym otoczeniu, gdy chcesz si\u0119 zrelaksowa\u0107, roz\u0142adowa\u0107 napi\u0119cie lub przygotowa\u0107 si\u0119 do spokojnego snu. Zawsze u\u017cywaj odpowiedzialnie i s\u0142uchaj swojego cia\u0142a, okre\u015blaj\u0105c odpowiedni\u0105 dla siebie ilo\u015b\u0107.<\/p>\n<h2 dir=\"auto\">Sk\u0142adniki Kratopia Red Sumatra Kratom<\/h2>\n<p dir=\"auto\">Sk\u0142adniki Kratopia Red Sumatra Kratom sk\u0142adaj\u0105 si\u0119 wy\u0142\u0105cznie z 100% czystego proszku z li\u015bci Mitragyna speciosa z czerwonej odmiany Sumatra. Nie dodaje si\u0119 \u017cadnych wype\u0142niaczy, dodatk\u00f3w ani sztucznych substancji, co zapewnia maksymaln\u0105 czysto\u015b\u0107 i autentyczno\u015b\u0107. Dojrza\u0142e czerwone li\u015bcie s\u0105 naturalnie bogate w alkaloidy, w szczeg\u00f3lno\u015bci mitragynin\u0119 i 7-hydroksymitragynin\u0119, kt\u00f3re przyczyniaj\u0105 si\u0119 do charakterystycznych dla tej odmiany w\u0142a\u015bciwo\u015bci g\u0142\u0119boko relaksuj\u0105cych. Zwi\u0105zki te dzia\u0142aj\u0105 razem, aby promowa\u0107 poczucie spokoju, \u0142agodzi\u0107 napi\u0119cie fizyczne i wspiera\u0107 og\u00f3lny relaks. Li\u015bcie Red Vein s\u0105 zbierane w szczytowym okresie dojrza\u0142o\u015bci, aby uzyska\u0107 wy\u017csze st\u0119\u017cenie relaksuj\u0105cych alkaloid\u00f3w typowych dla tej odmiany. Dzi\u0119ki delikatnemu suszeniu i drobnemu mieleniu, naturalna moc i korzystny profil li\u015bci s\u0105 starannie zachowane. Kratopia pozyskuje li\u015bcie z zaufanych tradycyjnych gospodarstw na Sumatrze, aby utrzyma\u0107 sta\u0142\u0105 jako\u015b\u0107 w ka\u017cdej partii. Czysto\u015b\u0107 tego pojedynczego sk\u0142adnika pozwala u\u017cytkownikom do\u015bwiadczy\u0107 prawdziwego, tradycyjnego charakteru Red Sumatra Kratom, dok\u0142adnie takiego, jaki by\u0142 ceniony w praktykach zielarskich Azji Po\u0142udniowo-Wschodniej od pokole\u0144.<\/p>\n<p dir=\"auto\"><strong>Ostrze\u017cenie<\/strong> Tylko dla doros\u0142ych powy\u017cej 18 lat. Przechowywa\u0107 w miejscu niedost\u0119pnym dla dzieci. Ten produkt nie jest zalecany dla os\u00f3b z problemami z nerkami lub sercem, wysokim lub niskim ci\u015bnieniem krwi, cukrzyc\u0105 lub dla os\u00f3b przyjmuj\u0105cych leki, spo\u017cywaj\u0105cych alkohol lub u\u017cywaj\u0105cych innych substancji. Skonsultuj si\u0119 z lekarzem przed u\u017cyciem, je\u015bli jeste\u015b w ci\u0105\u017cy, karmisz piersi\u0105 lub masz jakiekolwiek schorzenia. Kratopia Red Sumatra Kratom jest suplementem diety i nie jest przeznaczony do diagnozowania, leczenia ani zapobiegania jakimkolwiek chorobom. Nie kupowa\u0107 ani nie u\u017cywa\u0107, je\u015bli plomba jest uszkodzona. Przechowywa\u0107 w ch\u0142odnym, ciemnym i suchym miejscu, aby zachowa\u0107 optymaln\u0105 \u015bwie\u017co\u015b\u0107 i moc.<\/p>\n<p dir=\"auto\">","protected":false},"excerpt":{"rendered":"<p dir=\"auto\">Do\u015bwiadcz g\u0142\u0119boko uspokajaj\u0105cej mocy Kratopia Red Sumatra Kratom, wysokiej jako\u015bci suplementu zio\u0142owego cenionego za silne w\u0142a\u015bciwo\u015bci relaksuj\u0105ce i koj\u0105ce. Pochodz\u0105cy z bogatych gleb Sumatry w Indonezji kratom o czerwonych \u017cy\u0142ach jest preferowany przez osoby poszukuj\u0105ce g\u0142\u0119bokiego relaksu, wewn\u0119trznego spokoju i odpr\u0119\u017cenia psychicznego po d\u0142ugim dniu. Ka\u017cde 50-gramowe opakowanie dostarcza wysokiej jako\u015bci, zr\u00f3wnowa\u017cony czerwony kratom idealny do wieczornych rytua\u0142\u00f3w i chwil g\u0142\u0119bokiego odpoczynku.<\/p>","protected":false},"featured_media":138605,"template":"","meta":[],"product_brand":[],"product_cat":[599,297,477,509,479,510,511,476],"product_tag":[],"class_list":{"0":"post-138602","1":"product","2":"type-product","3":"status-publish","4":"has-post-thumbnail","6":"product_cat-kratopia","7":"product_cat-all-products","8":"product_cat-herbs","9":"product_cat-kratom","10":"product_cat-medicinal-herbs","11":"product_cat-relax","12":"product_cat-relax-herbs","13":"product_cat-smartshop","15":"first","16":"instock","17":"taxable","18":"shipping-taxable","19":"purchasable","20":"product-type-variable","21":"has-default-attributes"},"_links":{"self":[{"href":"https:\/\/www.tatanka.nl\/pl\/wp-json\/wp\/v2\/product\/138602","targetHints":{"allow":["GET"]}}],"collection":[{"href":"https:\/\/www.tatanka.nl\/pl\/wp-json\/wp\/v2\/product"}],"about":[{"href":"https:\/\/www.tatanka.nl\/pl\/wp-json\/wp\/v2\/types\/product"}],"wp:featuredmedia":[{"embeddable":true,"href":"https:\/\/www.tatanka.nl\/pl\/wp-json\/wp\/v2\/media\/138605"}],"wp:attachment":[{"href":"https:\/\/www.tatanka.nl\/pl\/wp-json\/wp\/v2\/media?parent=138602"}],"wp:term":[{"taxonomy":"product_brand","embeddable":true,"href":"https:\/\/www.tatanka.nl\/pl\/wp-json\/wp\/v2\/product_brand?post=138602"},{"taxonomy":"product_cat","embeddable":true,"href":"https:\/\/www.tatanka.nl\/pl\/wp-json\/wp\/v2\/product_cat?post=138602"},{"taxonomy":"product_tag","embeddable":true,"href":"https:\/\/www.tatanka.nl\/pl\/wp-json\/wp\/v2\/product_tag?post=138602"}],"curies":[{"name":"wp","href":"https:\/\/api.w.org\/{rel}","templated":true}]}}