{"id":138611,"date":"2026-03-26T12:21:35","date_gmt":"2026-03-26T11:21:35","guid":{"rendered":"https:\/\/www.tatanka.nl\/?post_type=product&#038;p=138611"},"modified":"2026-03-27T12:00:29","modified_gmt":"2026-03-27T11:00:29","slug":"yellow-maeng-da-kratom","status":"publish","type":"product","link":"https:\/\/www.tatanka.nl\/pl\/yellow-maeng-da-kratom\/","title":{"rendered":"Yellow Maeng Da Kratom"},"content":{"rendered":"<h2 dir=\"auto\">Co to jest Kratopia Yellow Maeng Da Kratom?<\/h2>\n<p dir=\"auto\">Kratopia Yellow Maeng Da Kratom to wysokiej jako\u015bci proszek wykonany ze specjalnie przetworzonych li\u015bci drzewa Mitragyna speciosa. Yellow Maeng Da jest powszechnie ceniona za sw\u00f3j wszechstronny charakter, kt\u00f3ry \u0142\u0105czy w sobie najlepsze cechy zar\u00f3wno zielonych, jak i czerwonych odmian. U\u017cytkownicy cz\u0119sto donosz\u0105 o \u0142agodnej, podnosz\u0105cej na duchu energii po\u0142\u0105czonej z delikatnym poczuciem relaksu i dobrego samopoczucia. Proszek ma ciep\u0142y, ziemisty aromat i \u0142atwo miesza si\u0119 z herbat\u0105. Dzi\u0119ki zr\u00f3wnowa\u017conemu profilowi alkaloid\u00f3w, Yellow Maeng Da jest popularna zar\u00f3wno w\u015br\u00f3d pocz\u0105tkuj\u0105cych, jak i do\u015bwiadczonych u\u017cytkownik\u00f3w, kt\u00f3rzy poszukuj\u0105 wszechstronnej odmiany, kt\u00f3r\u0105 mo\u017cna stosowa\u0107 przez ca\u0142y dzie\u0144 bez uczucia zbyt energetyzuj\u0105cego lub zbyt uspokajaj\u0105cego. Umiarkowana moc sprawia, \u017ce jest to doskona\u0142y wyb\u00f3r dla tych, kt\u00f3rzy szukaj\u0105 sta\u0142ych, przyjemnych efekt\u00f3w bez skrajno\u015bci.<\/p>\n<h2 dir=\"auto\">Historia Kratopia Yellow Maeng Da Kratom<\/h2>\n<p dir=\"auto\">Historia odmiany Kratopia Yellow Maeng Da Kratom jest zakorzeniona w tradycyjnych praktykach uprawy kratomu w Azji Po\u0142udniowo-Wschodniej. Odmiany Maeng Da zosta\u0142y pierwotnie opracowane poprzez selektywn\u0105 hodowl\u0119 i specjalne techniki zbioru w celu stworzenia silniejszych i bardziej sp\u00f3jnych li\u015bci. Oznaczenie \u201cYellow\u201d pochodzi z unikalnego procesu suszenia i fermentacji, kt\u00f3ry nadaje li\u015bciom charakterystyczny \u017c\u00f3\u0142tawy kolor i charakterystyczn\u0105 r\u00f3wnowag\u0119 alkaloid\u00f3w. Z biegiem czasu, Yellow Maeng Da zyska\u0142a popularno\u015b\u0107 dzi\u0119ki swojej zdolno\u015bci do dostarczania \u0142agodniejszych, bardziej zr\u00f3wnowa\u017conych dozna\u0144 w por\u00f3wnaniu do standardowych bia\u0142ych lub czerwonych odmian. Odmiana Kratopia ho\u0142duje tradycyjnemu rzemios\u0142u, pozyskuj\u0105c wysokiej jako\u015bci li\u015bcie i stosuj\u0105c staranne metody przetwarzania w celu zachowania charakterystycznego, zr\u00f3wnowa\u017conego profilu szczepu. Obecnie Yellow Maeng Da sta\u0142a si\u0119 jedn\u0105 z najbardziej poszukiwanych odmian kratomu na ca\u0142ym \u015bwiecie, cenion\u0105 przez u\u017cytkownik\u00f3w, kt\u00f3rzy doceniaj\u0105 niuanse i wszechstronno\u015b\u0107 swoich zio\u0142owych suplement\u00f3w.<\/p>\n<h2 dir=\"auto\">Jak stosowa\u0107 Kratopia Yellow Maeng Da Kratom?<\/h2>\n<p dir=\"auto\">U\u017cywanie Kratopia Yellow Maeng Da Kratom jest proste i \u0142atwe do spersonalizowania. Najpopularniejsz\u0105 metod\u0105 jest przygotowanie ciep\u0142ej herbaty. Odmierz od 4 do 5 gram\u00f3w proszku i wymieszaj go z gor\u0105c\u0105 wod\u0105 sch\u0142odzon\u0105 do temperatury od 70\u00b0C do 95\u00b0C. Pozostawi\u0107 do zaparzenia na 3 do 5 minut, mieszaj\u0105c od czasu do czasu. Proszek mo\u017cna spo\u017cywa\u0107 w ca\u0142o\u015bci bez filtrowania. Wielu u\u017cytkownik\u00f3w lubi doda\u0107 odrobin\u0119 miodu, cytryny lub naturalnego syropu, aby z\u0142agodzi\u0107 ziemisty smak. Efekty zaczynaj\u0105 si\u0119 zwykle w ci\u0105gu 30 do 45 minut i mog\u0105 trwa\u0107 kilka godzin. Zaleca si\u0119 rozpocz\u0119cie od mniejszej porcji i stopniowe dostosowywanie jej w zale\u017cno\u015bci od indywidualnej wra\u017cliwo\u015bci i po\u017c\u0105danego efektu. Yellow Maeng Da jest cz\u0119sto spo\u017cywana rano lub wczesnym popo\u0142udniem w celu uzyskania zr\u00f3wnowa\u017conej energii i skupienia lub p\u00f3\u017anym popo\u0142udniem w celu \u0142agodnego relaksu. Zawsze u\u017cywaj go odpowiedzialnie i uwa\u017cnie s\u0142uchaj swojego cia\u0142a, aby znale\u017a\u0107 idealn\u0105 wielko\u015b\u0107 porcji.<\/p>\n<h2 dir=\"auto\">Sk\u0142adniki Kratopia Yellow Maeng Da Kratom<\/h2>\n<p dir=\"auto\">Sk\u0142adniki Kratopia Yellow Maeng Da Kratom sk\u0142adaj\u0105 si\u0119 wy\u0142\u0105cznie z 100% czystego proszku z li\u015bci Mitragyna speciosa z odmiany Yellow Maeng Da. Nie zawiera wype\u0142niaczy, dodatk\u00f3w ani sztucznych substancji, zapewniaj\u0105c maksymaln\u0105 czysto\u015b\u0107 i autentyczno\u015b\u0107. Li\u015bcie s\u0105 bogate w naturalnie wyst\u0119puj\u0105ce alkaloidy, w szczeg\u00f3lno\u015bci mitragynin\u0119 i 7-hydroksymitragynin\u0119, kt\u00f3re wsp\u00f3\u0142pracuj\u0105 ze sob\u0105, tworz\u0105c charakterystyczne dla tej odmiany zr\u00f3wnowa\u017cone efekty. Unikalny proces suszenia i fermentacji stosowany w Yellow Maeng Da wzmacnia niekt\u00f3re alkaloidy, jednocze\u015bnie zmi\u0119kczaj\u0105c inne, co skutkuje g\u0142adszym i bardziej harmonijnym profilem w por\u00f3wnaniu do standardowych odmian. Li\u015bcie s\u0105 starannie selekcjonowane i przetwarzane w celu utrzymania sta\u0142ej jako\u015bci i mocy w ka\u017cdej partii. Kratopia pozyskuje materia\u0142 od zaufanych hodowc\u00f3w, aby zapewni\u0107 najwy\u017csze standardy. Czysto\u015b\u0107 pojedynczego sk\u0142adnika pozwala u\u017cytkownikom do\u015bwiadczy\u0107 prawdziwego, dobrze zbalansowanego charakteru Yellow Maeng Da Kratom, dok\u0142adnie takiego, jaki ceni\u0105 entuzja\u015bci ceni\u0105cy niuanse i wszechstronno\u015b\u0107 w suplementach zio\u0142owych.<\/p>\n<p dir=\"auto\"><strong>Ostrze\u017cenie<\/strong> Tylko dla doros\u0142ych powy\u017cej 18 lat. Przechowywa\u0107 w miejscu niedost\u0119pnym dla dzieci. Ten produkt nie jest zalecany dla os\u00f3b z problemami z nerkami lub sercem, wysokim lub niskim ci\u015bnieniem krwi, cukrzyc\u0105 lub dla os\u00f3b przyjmuj\u0105cych leki, spo\u017cywaj\u0105cych alkohol lub u\u017cywaj\u0105cych innych substancji. Skonsultuj si\u0119 z lekarzem przed u\u017cyciem, je\u015bli jeste\u015b w ci\u0105\u017cy, karmisz piersi\u0105 lub masz jakiekolwiek schorzenia. Kratopia Yellow Maeng Da Kratom jest suplementem diety i nie jest przeznaczony do diagnozowania, leczenia ani zapobiegania jakimkolwiek chorobom. Nie kupowa\u0107 ani nie u\u017cywa\u0107, je\u015bli plomba jest uszkodzona. Przechowywa\u0107 w ch\u0142odnym, ciemnym i suchym miejscu, aby zachowa\u0107 optymaln\u0105 \u015bwie\u017co\u015b\u0107 i moc.<\/p>","protected":false},"excerpt":{"rendered":"<p dir=\"auto\">Odkryj zr\u00f3wnowa\u017con\u0105 natur\u0119 Kratopia Yellow Maeng Da Kratom, zio\u0142owego suplementu premium znanego z harmonijnego po\u0142\u0105czenia \u0142agodnej energii i p\u0142ynnego relaksu. Ta wyj\u0105tkowa \u017c\u00f3\u0142ta odmiana \u017cy\u0142 oferuje wszechstronne doznania, kt\u00f3re wielu u\u017cytkownik\u00f3w opisuje jako doskonale zr\u00f3wnowa\u017cone - zapewniaj\u0105c jasno\u015b\u0107 umys\u0142u i motywacj\u0119 bez nadmiernego pobudzenia, a jednocze\u015bnie zapewniaj\u0105c spokojne i komfortowe uczucie. Ka\u017cde 50-gramowe opakowanie jest idealne dla os\u00f3b poszukuj\u0105cych wszechstronnego kratomu do codziennego u\u017cytku.<\/p>","protected":false},"featured_media":138614,"template":"","meta":[],"product_brand":[],"product_cat":[599,297,477,509,479,510,511,476],"product_tag":[],"class_list":{"0":"post-138611","1":"product","2":"type-product","3":"status-publish","4":"has-post-thumbnail","6":"product_cat-kratopia","7":"product_cat-all-products","8":"product_cat-herbs","9":"product_cat-kratom","10":"product_cat-medicinal-herbs","11":"product_cat-relax","12":"product_cat-relax-herbs","13":"product_cat-smartshop","15":"first","16":"instock","17":"taxable","18":"shipping-taxable","19":"purchasable","20":"product-type-variable","21":"has-default-attributes"},"_links":{"self":[{"href":"https:\/\/www.tatanka.nl\/pl\/wp-json\/wp\/v2\/product\/138611","targetHints":{"allow":["GET"]}}],"collection":[{"href":"https:\/\/www.tatanka.nl\/pl\/wp-json\/wp\/v2\/product"}],"about":[{"href":"https:\/\/www.tatanka.nl\/pl\/wp-json\/wp\/v2\/types\/product"}],"wp:featuredmedia":[{"embeddable":true,"href":"https:\/\/www.tatanka.nl\/pl\/wp-json\/wp\/v2\/media\/138614"}],"wp:attachment":[{"href":"https:\/\/www.tatanka.nl\/pl\/wp-json\/wp\/v2\/media?parent=138611"}],"wp:term":[{"taxonomy":"product_brand","embeddable":true,"href":"https:\/\/www.tatanka.nl\/pl\/wp-json\/wp\/v2\/product_brand?post=138611"},{"taxonomy":"product_cat","embeddable":true,"href":"https:\/\/www.tatanka.nl\/pl\/wp-json\/wp\/v2\/product_cat?post=138611"},{"taxonomy":"product_tag","embeddable":true,"href":"https:\/\/www.tatanka.nl\/pl\/wp-json\/wp\/v2\/product_tag?post=138611"}],"curies":[{"name":"wp","href":"https:\/\/api.w.org\/{rel}","templated":true}]}}