{"id":138937,"date":"2026-04-07T13:31:52","date_gmt":"2026-04-07T12:31:52","guid":{"rendered":"https:\/\/www.tatanka.nl\/?post_type=product&#038;p=138937"},"modified":"2026-04-07T13:31:53","modified_gmt":"2026-04-07T12:31:53","slug":"trip-booster-cacao-shot","status":"publish","type":"product","link":"https:\/\/www.tatanka.nl\/pl\/trip-booster-cacao-shot\/","title":{"rendered":"Trip Booster Cacao Shot"},"content":{"rendered":"<h3 dir=\"auto\">Czym s\u0105 Trip Booster Cacao Shots?<\/h3>\n<p dir=\"auto\">Trip Booster Cacao Shots to naturalny i smaczny spos\u00f3b na wzmocnienie psychodelicznych dozna\u0144 zwi\u0105zanych z truflami. Zapakowany w wygodn\u0105 porcj\u0119 o pojemno\u015bci 30 ml, ka\u017cdy shot zapewnia bogat\u0105, aksamitn\u0105 g\u0142\u0119bi\u0119 surowego kakao, kt\u00f3ra doskonale komponuje si\u0119 z magicznymi truflami. Nieod\u0142\u0105czne zwi\u0105zki zawarte w czystym kakao w naturalny spos\u00f3b sprzyjaj\u0105 lepszemu przep\u0142ywowi krwi i spokojnemu, skoncentrowanemu stanowi umys\u0142u. Lekkie elementy hamuj\u0105ce MAO w kakao mog\u0105 r\u00f3wnie\u017c dzia\u0142a\u0107 subtelnie, aby wzmocni\u0107 efekty trufli w harmonijny spos\u00f3b.<\/p>\n<p dir=\"auto\">U\u017cytkownicy cz\u0119sto zauwa\u017caj\u0105, \u017ce shot zmienia odwa\u017cne, ziemiste nuty trufli w znacznie przyjemniejsze doznania, co skutkuje og\u00f3lnie \u0142agodniejsz\u0105 i bardziej przyjazn\u0105 sesj\u0105. Korzystanie z Trip Booster Cacao Shot tu\u017c przed lub w trakcie do\u015bwiadczenia pomaga stworzy\u0107 cieplejsz\u0105, bardziej ugruntowan\u0105 atmosfer\u0119, kt\u00f3ra jest piel\u0119gnuj\u0105ca i dost\u0119pna. Produkt ten, pozyskiwany z tradycyjnego peruwia\u0144skiego kakao ceremonialnego, przenosi staro\u017cytn\u0105 m\u0105dro\u015b\u0107 ro\u015blinn\u0105 do dzisiejszych \u015bwiadomych praktyk. Nie zawiera sztucznych dodatk\u00f3w, co czyni go czystym wyborem dla tych, kt\u00f3rzy d\u0105\u017c\u0105 do eksploracji skoncentrowanej na sercu. \u0141atwy do picia format bez trudu pasuje do ka\u017cdego osobistego rytua\u0142u, niezale\u017cnie od tego, czy odkrywasz trufle po raz pierwszy, czy te\u017c pog\u0142\u0119biasz ustalon\u0105 praktyk\u0119. Wiele os\u00f3b docenia fakt, \u017ce trufle sprzyjaj\u0105 wi\u0119kszej obecno\u015bci, emocjonalnej otwarto\u015bci i poczuciu jedno\u015bci podczas transformuj\u0105cych chwil.<\/p>\n<h3 dir=\"auto\">Historia Trip Booster Cacao Shot<\/h3>\n<p dir=\"auto\">Kakao zajmuje g\u0142\u0119bokie miejsce w duchowej historii ludzko\u015bci, a dowody na jego ceremonialne wykorzystanie pojawi\u0142y si\u0119 w staro\u017cytnych kulturach Ameryki Po\u0142udniowej ju\u017c 5300 lat temu. W bujnych regionach wsp\u00f3\u0142czesnego Peru i Ekwadoru, wczesne rdzenne spo\u0142eczno\u015bci w\u0142\u0105czy\u0142y kakao do \u015bwi\u0119tych naczy\u0144 i rytua\u0142\u00f3w na d\u0142ugo przed tym, jak rozprzestrzeni\u0142o si\u0119 ono na inne cywilizacje. Znane jako \u015bwi\u0119ty pomost mi\u0119dzy \u015bwiatami, kakao by\u0142o znane ze swojej zdolno\u015bci do otwierania serca, zach\u0119cania do jasno\u015bci i wzmacniania wi\u0119zi spo\u0142ecznych podczas szama\u0144skich spotka\u0144.<\/p>\n<p dir=\"auto\">Przez wieki s\u0105siednie kultury, takie jak Olmekowie, Majowie i Aztekowie, uznawa\u0142y kakao za \u201cpokarm bog\u00f3w\u201d, wykorzystuj\u0105c je w boskich ofiarach, ceremoniach uzdrawiania i wa\u017cnych zmianach \u017cyciowych. W Peru tradycje grup takich jak Shipibo nadal czci\u0142y kakao za jego rol\u0119 w uzdrawianiu emocjonalnym i poszerzaniu \u015bwiadomo\u015bci. Te praktyki przodk\u00f3w cz\u0119sto obejmowa\u0142y mieszanie kakao z innymi ro\u015blinami, aby stworzy\u0107 zr\u00f3wnowa\u017cone, wspieraj\u0105ce do\u015bwiadczenia. Trip Booster Cacao Shot kontynuuje t\u0119 ponadczasow\u0105 lini\u0119, wykorzystuj\u0105c autentyczne peruwia\u0144skie surowe kakao, kt\u00f3re szanuje oryginalne metody uprawy i przygotowania. W dzisiejszych czasach wielu \u0142\u0105czy kakao z magicznymi truflami, aby promowa\u0107 uziemione podr\u00f3\u017ce wype\u0142nione wgl\u0105dem i po\u0142\u0105czeniem. Ten shot s\u0142u\u017cy jako pe\u0142en szacunku uk\u0142on w stron\u0119 tych staro\u017cytnych korzeni, jednocze\u015bnie spe\u0142niaj\u0105c potrzeby wsp\u00f3\u0142czesnych poszukiwaczy, kt\u00f3rzy ceni\u0105 sobie intencj\u0119, bezpiecze\u0144stwo i naturaln\u0105 synergi\u0119 w swoich eksploracjach.<\/p>\n<h3 dir=\"auto\">Jak stosowa\u0107 Trip Booster Cacao Shot?<\/h3>\n<p dir=\"auto\">W\u0142\u0105czenie Trip Booster Cacao Shot do swojej rutyny jest \u0142atwe i satysfakcjonuj\u0105ce. Zawsze przechowuj go w lod\u00f3wce i dobrze wstrz\u0105\u015bnij butelk\u0105 przed u\u017cyciem, aby idealnie wymiesza\u0107 sk\u0142adniki. Spo\u017cyj ca\u0142\u0105 30 ml porcj\u0119 na kr\u00f3tko przed rozpocz\u0119ciem magicznej sesji truflowej lub popijaj j\u0105 stopniowo, podczas gdy do\u015bwiadczenie si\u0119 rozwija. Wiele os\u00f3b uwa\u017ca, \u017ce za\u017cycie go oko\u0142o 15 do 30 minut wcze\u015bniej pozwala naturalnym w\u0142a\u015bciwo\u015bciom delikatnie przygotowa\u0107 cia\u0142o i umys\u0142.<\/p>\n<p dir=\"auto\">Przygotuj spokojn\u0105, bezpieczn\u0105 przestrze\u0144 i zacznij od jasnej intencji, kt\u00f3ra poprowadzi Ci\u0119 w podr\u00f3\u017c. Trip Booster Cacao Shot tworzy zach\u0119caj\u0105ce, ciep\u0142e \u015brodowisko, kt\u00f3re zach\u0119ca do relaksu i p\u0142ynniejszego przep\u0142ywu emocji. Jego bogaty profil pomaga zamaskowa\u0107 ostrzejsze, kwa\u015bne tony trufli, zmieniaj\u0105c faz\u0119 \u017cucia w bardziej rozkoszn\u0105 cz\u0119\u015b\u0107 rytua\u0142u, jednocze\u015bnie wspieraj\u0105c zwi\u0119kszon\u0105 g\u0142\u0119bi\u0119 poprzez subtelne naturalne mechanizmy. Pij uwa\u017cnie, skup si\u0119 na oddechu i pozw\u00f3l, by pocieszaj\u0105cy smak kakao wprowadzi\u0142 ci\u0119 w sesj\u0119. Trzymaj wod\u0119 w pobli\u017cu, odtwarzaj delikatne d\u017awi\u0119ki lub muzyk\u0119, kt\u00f3ra rezonuje z tob\u0105 i poruszaj si\u0119 we w\u0142asnym, wygodnym tempie. Postrzegaj ca\u0142y proces jako \u015bwi\u0119ty rytua\u0142, a nie co\u015b po\u015bpiesznego. Gdy efekty zaczn\u0105 zanika\u0107, daj sobie wystarczaj\u0105co du\u017co czasu na odpoczynek i \u0142agodn\u0105 integracj\u0119, na przyk\u0142ad poprzez cich\u0105 refleksj\u0119 lub zapisywanie swoich my\u015bli. Konsekwentne i \u015bwiadome stosowanie Trip Booster Cacao Shot sprawia, \u017ce staje si\u0119 on cennym partnerem w ci\u0105g\u0142ym osobistym odkrywaniu i \u015bwiadomym \u017cyciu.<\/p>\n<h3 dir=\"auto\">Sk\u0142adniki Trip Booster Cacao Shot<\/h3>\n<p dir=\"auto\">Starannie opracowany Trip Booster Cacao Shot opiera si\u0119 na kr\u00f3tkiej, czystej selekcji sk\u0142adnik\u00f3w, kt\u00f3re zapewniaj\u0105 zar\u00f3wno smak, jak i wsparcie funkcjonalne. Podstaw\u0105 jest 6000 mg najwy\u017cszej jako\u015bci surowego kakao z Peru, s\u0142yn\u0105cego z intensywnego czekoladowego charakteru i naturalnie wyst\u0119puj\u0105cych zwi\u0105zk\u00f3w. Obejmuj\u0105 one elementy, kt\u00f3re delikatnie poprawiaj\u0105 kr\u0105\u017cenie i \u0142agodne inhibitory MAO zdolne do subtelnego wzmacniania dozna\u0144 trufli w zr\u00f3wnowa\u017cony spos\u00f3b.<\/p>\n<p dir=\"auto\">Aby poprawi\u0107 pijalno\u015b\u0107, 600 mg syropu z agawy dodaje delikatnej naturalnej s\u0142odyczy i jedwabisto\u015bci w ustach bez u\u017cycia przetworzonych cukr\u00f3w. Mieszanka zawiera r\u00f3wnie\u017c 250 mg witaminy C, cenionej za ochronne w\u0142a\u015bciwo\u015bci przeciwutleniaj\u0105ce w delikatnych momentach, a tak\u017ce 200 mg kwasu cytrynowego, kt\u00f3ry wspomaga \u015bwie\u017co\u015b\u0107 i zapewnia lekki, orze\u017awiaj\u0105cy smak. Bez \u017cadnych sztucznych dodatk\u00f3w, barwnik\u00f3w czy konserwant\u00f3w, ta receptura pozostaje wierna tradycyjnym warto\u015bciom, oferuj\u0105c jednocze\u015bnie nowoczesn\u0105 wygod\u0119. Peruwia\u0144skie kakao wnosi autentyczn\u0105 g\u0142\u0119bi\u0119, kt\u00f3ra nawi\u0105zuje do historycznych ceremonialnych przygotowa\u0144. Ka\u017cdy sk\u0142adnik wsp\u00f3\u0142pracuje ze sob\u0105, tworz\u0105c harmonijny, silny zastrzyk, kt\u00f3ry jest przyjemny dla organizmu. Ta skoncentrowana formu\u0142a silnie przemawia do os\u00f3b, kt\u00f3re szukaj\u0105 czystej, uczciwej i skutecznej pomocy w swoich ceremonialnych i zdrowotnych podr\u00f3\u017cach.<\/p>\n<p dir=\"auto\"><strong>Ostrze\u017cenie<\/strong> Przechowywa\u0107 w lod\u00f3wce. Dobrze wstrz\u0105sn\u0105\u0107 przed u\u017cyciem.<\/p>","protected":false},"excerpt":{"rendered":"<p dir=\"auto\">Podnie\u015b swoje magiczne sesje truflowe dzi\u0119ki naszemu Trip Booster Cacao Shot, zachwycaj\u0105cej 30 ml p\u0142ynnej mieszance wykonanej z najwy\u017cszej jako\u015bci peruwia\u0144skiego surowego kakao. Delikatnie wspiera p\u0142ynniejsz\u0105, przyjemniejsz\u0105 podr\u00f3\u017c, \u0142agodz\u0105c smaki trufli, jednocze\u015bnie promuj\u0105c relaks i g\u0142\u0119bsze po\u0142\u0105czenie.<\/p>\n<h3 dir=\"auto\"><\/h3>","protected":false},"featured_media":138941,"template":"","meta":[],"product_brand":[],"product_cat":[620,297,577,475,516,521,523,518,515,476,578],"product_tag":[],"class_list":{"0":"post-138937","1":"product","2":"type-product","3":"status-publish","4":"has-post-thumbnail","6":"product_cat-shamanita","7":"product_cat-all-products","8":"product_cat-beginner-magic-truffles","9":"product_cat-healthshop","10":"product_cat-magic-truffles","11":"product_cat-medicinal-mushrooms","12":"product_cat-medicinal-mushrooms-supplements","13":"product_cat-mushrooms","14":"product_cat-shroomshop","15":"product_cat-smartshop","16":"product_cat-strongest-magic-truffles","18":"first","19":"instock","20":"taxable","21":"shipping-taxable","22":"purchasable","23":"product-type-variable","24":"has-default-attributes"},"_links":{"self":[{"href":"https:\/\/www.tatanka.nl\/pl\/wp-json\/wp\/v2\/product\/138937","targetHints":{"allow":["GET"]}}],"collection":[{"href":"https:\/\/www.tatanka.nl\/pl\/wp-json\/wp\/v2\/product"}],"about":[{"href":"https:\/\/www.tatanka.nl\/pl\/wp-json\/wp\/v2\/types\/product"}],"wp:featuredmedia":[{"embeddable":true,"href":"https:\/\/www.tatanka.nl\/pl\/wp-json\/wp\/v2\/media\/138941"}],"wp:attachment":[{"href":"https:\/\/www.tatanka.nl\/pl\/wp-json\/wp\/v2\/media?parent=138937"}],"wp:term":[{"taxonomy":"product_brand","embeddable":true,"href":"https:\/\/www.tatanka.nl\/pl\/wp-json\/wp\/v2\/product_brand?post=138937"},{"taxonomy":"product_cat","embeddable":true,"href":"https:\/\/www.tatanka.nl\/pl\/wp-json\/wp\/v2\/product_cat?post=138937"},{"taxonomy":"product_tag","embeddable":true,"href":"https:\/\/www.tatanka.nl\/pl\/wp-json\/wp\/v2\/product_tag?post=138937"}],"curies":[{"name":"wp","href":"https:\/\/api.w.org\/{rel}","templated":true}]}}