{"id":138976,"date":"2026-04-08T11:10:28","date_gmt":"2026-04-08T10:10:28","guid":{"rendered":"https:\/\/www.tatanka.nl\/?post_type=product&#038;p=138976"},"modified":"2026-04-08T13:33:58","modified_gmt":"2026-04-08T12:33:58","slug":"clipper-metal-sparkling-fuschia","status":"publish","type":"product","link":"https:\/\/www.tatanka.nl\/pl\/clipper-metal-sparkling-fuschia\/","title":{"rendered":"Clipper Metal Sparkling Fuschia"},"content":{"rendered":"<h3 dir=\"auto\">Czym s\u0105 zapalniczki Clipper Metal Sparkling Fuschia?<\/h3>\n<p dir=\"auto\">Zapalniczka Clipper Metal Sparkling Fuschia to autentyczna, ca\u0142kowicie metalowa wersja legendarnej zapalniczki Clipper. Ten wysokiej jako\u015bci metalowy Clipper wyr\u00f3\u017cnia si\u0119 wspania\u0142ym wyko\u0144czeniem Sparkling Fuschia i solidn\u0105 konstrukcj\u0105. Uwielbiana przez kolekcjoner\u00f3w i codziennych u\u017cytkownik\u00f3w, oferuje zar\u00f3wno wysok\u0105 jako\u015b\u0107, jak i przyci\u0105gaj\u0105cy wzrok styl w jednej kultowej zapalniczce.<\/p>\n<p dir=\"auto\">Zapalniczka Clipper Metal Sparkling Fuschia z wytrzyma\u0142ym metalowym korpusem, du\u017c\u0105 komor\u0105 gazow\u0105 i niezawodnym p\u0142omieniem jest przeznaczona do codziennego u\u017cytku, zachowuj\u0105c jednocze\u015bnie efektowny wygl\u0105d. Jest w pe\u0142ni wielokrotnego nape\u0142niania, wyposa\u017cona w blokad\u0119 przed dzie\u0107mi i zaprojektowana z my\u015bl\u0105 o trwa\u0142o\u015bci. Niezale\u017cnie od tego, czy szukasz niezawodnej zapalniczki do codziennego u\u017cytku, czy te\u017c \u017cywego dodatku do swojej kolekcji, zapalniczka Clipper Metal Sparkling Fuschia zapewnia najwy\u017csz\u0105 wydajno\u015b\u0107 z osobowo\u015bci\u0105.<\/p>\n<h3 dir=\"auto\">Historia zapalniczek Clipper Metal<\/h3>\n<p dir=\"auto\">Od lat 70-tych Clipper sta\u0142 si\u0119 jedn\u0105 z najbardziej rozpoznawalnych marek zapalniczek na \u015bwiecie. Wersja metalowa szybko sta\u0142a si\u0119 ulubie\u0144cem tych, kt\u00f3rzy ceni\u0105 sobie solidne, wysokiej jako\u015bci wykonanie i doskona\u0142\u0105 trwa\u0142o\u015b\u0107. Przez dziesi\u0119ciolecia metalowe zapalniczki Clipper sta\u0142y si\u0119 bardzo poszukiwanymi przedmiotami kolekcjonerskimi, a fani na ca\u0142ym \u015bwiecie poluj\u0105 na okre\u015blone kolory i unikalne wzory.<\/p>\n<p dir=\"auto\">To, co zacz\u0119\u0142o si\u0119 jako praktyczna zapalniczka wielokrotnego nape\u0142niania, sta\u0142o si\u0119 prawdziw\u0105 ikon\u0105 kultury - symbolem stylu, niezawodno\u015bci i osobowo\u015bci, kt\u00f3ry wci\u0105\u017c przyci\u0105ga nowe pokolenia entuzjast\u00f3w.<\/p>\n<h3 dir=\"auto\">Jak u\u017cywa\u0107 zapalniczki Clipper Metal Sparkling Fuschia?<\/h3>\n<p dir=\"auto\">Korzystanie z zapalniczki Clipper Metal Sparkling Fuschia jest proste i satysfakcjonuj\u0105ce. Przesu\u0144 blokad\u0119 zabezpieczaj\u0105c\u0105 przed dzie\u0107mi i zapal g\u0142adki, niezawodny p\u0142omie\u0144 - idealny do papieros\u00f3w, \u015bwiec, kadzide\u0142ek lub innych codziennych potrzeb zwi\u0105zanych z o\u015bwietleniem.<\/p>\n<p dir=\"auto\">Zapalniczka Clipper Metal Sparkling Fuschia jest w pe\u0142ni nape\u0142nialna gazem Clipper i wyposa\u017cona w wymienne krzesiwo, zapewniaj\u0105ce d\u0142ugotrwa\u0142e dzia\u0142anie. Solidny metalowy korpus zapewnia komfort u\u017cytkowania i doskona\u0142\u0105 trwa\u0142o\u015b\u0107. Wielu u\u017cytkownik\u00f3w docenia r\u00f3wnie\u017c dodatkowe funkcje: trzpie\u0144 krzesiwa mo\u017ce by\u0107 u\u017cywany jako por\u0119czne narz\u0119dzie, a zapalniczka mo\u017ce nawet s\u0142u\u017cy\u0107 jako tymczasowy otwieracz do butelek. Wytrzyma\u0142a konstrukcja i imponuj\u0105cy design sprawiaj\u0105, \u017ce Sparkling Fuschia Clipper jest zawsze gotowy do u\u017cycia.<\/p>\n<h3 dir=\"auto\">Cechy zapalniczki Clipper Metal Sparkling Fuschia<\/h3>\n<ul dir=\"auto\">\n<li>Wykonana w ca\u0142o\u015bci z metalu konstrukcja zapewnia solidne, wysokiej jako\u015bci wra\u017cenia dotykowe<\/li>\n<li>Uderzaj\u0105ce wyko\u0144czenie Sparkling Fuschia z doskona\u0142ym po\u0142yskiem i \u017cywym wygl\u0105dem<\/li>\n<li>Blokada przed dzie\u0107mi dla bezpiecznego u\u017cytkowania<\/li>\n<li>Du\u017ca komora gazowa zapewniaj\u0105ca doskona\u0142y czas spalania<\/li>\n<li>W pe\u0142ni wielokrotnego u\u017cytku z wymiennym krzesiwem<\/li>\n<li>Trwa\u0142a i odporna na codzienne zu\u017cycie<\/li>\n<li>Wykonane z wysokim procentem materia\u0142\u00f3w pochodz\u0105cych z recyklingu<\/li>\n<li>Kultowy design Clipper uwielbiany przez kolekcjoner\u00f3w i codziennych u\u017cytkownik\u00f3w<\/li>\n<\/ul>\n<p dir=\"auto\">Zapalniczka Clipper Metal Sparkling Fuschia \u0142\u0105czy w sobie wyj\u0105tkow\u0105 funkcjonalno\u015b\u0107, trwa\u0142o\u015b\u0107 i wyr\u00f3\u017cniaj\u0105cy si\u0119 styl.<\/p>\n<p dir=\"auto\"><strong>Ostrze\u017cenie<\/strong> Zapalniczki Clipper zawieraj\u0105 \u0142atwopalny gaz pod ci\u015bnieniem. Przechowywa\u0107 poza zasi\u0119giem dzieci. U\u017cywa\u0107 z dala od twarzy, odzie\u017cy i materia\u0142\u00f3w \u0142atwopalnych. Nie wystawia\u0107 na dzia\u0142anie ciep\u0142a ani bezpo\u015bredniego \u015bwiat\u0142a s\u0142onecznego. Nape\u0142nia\u0107 wy\u0142\u0105cznie gazem do nape\u0142niania zapalniczek Clipper. Przed u\u017cyciem nale\u017cy post\u0119powa\u0107 zgodnie z instrukcjami.<\/p>","protected":false},"excerpt":{"rendered":"<p dir=\"auto\">Odkryj zapalniczk\u0119 Clipper Metal Sparkling Fuschia - kultow\u0105 metalow\u0105 zapalniczk\u0119 Clipper klasy premium z ol\u015bniewaj\u0105cym, przyci\u0105gaj\u0105cym wzrok po\u0142yskiem. Ten kultowy klasyk \u0142\u0105czy w sobie solidn\u0105 jako\u015b\u0107, p\u0142ynne dzia\u0142anie i \u017cywy styl Fuschia w jednej wyr\u00f3\u017cniaj\u0105cej si\u0119 zapalniczce.<\/p>","protected":false},"featured_media":138978,"template":"","meta":[],"product_brand":[],"product_cat":[488,297,728],"product_tag":[],"class_list":{"0":"post-138976","1":"product","2":"type-product","3":"status-publish","4":"has-post-thumbnail","6":"product_cat-headshop","7":"product_cat-all-products","8":"product_cat-clipper-metal","10":"first","11":"instock","12":"taxable","13":"shipping-taxable","14":"purchasable","15":"product-type-variable","16":"has-default-attributes"},"_links":{"self":[{"href":"https:\/\/www.tatanka.nl\/pl\/wp-json\/wp\/v2\/product\/138976","targetHints":{"allow":["GET"]}}],"collection":[{"href":"https:\/\/www.tatanka.nl\/pl\/wp-json\/wp\/v2\/product"}],"about":[{"href":"https:\/\/www.tatanka.nl\/pl\/wp-json\/wp\/v2\/types\/product"}],"wp:featuredmedia":[{"embeddable":true,"href":"https:\/\/www.tatanka.nl\/pl\/wp-json\/wp\/v2\/media\/138978"}],"wp:attachment":[{"href":"https:\/\/www.tatanka.nl\/pl\/wp-json\/wp\/v2\/media?parent=138976"}],"wp:term":[{"taxonomy":"product_brand","embeddable":true,"href":"https:\/\/www.tatanka.nl\/pl\/wp-json\/wp\/v2\/product_brand?post=138976"},{"taxonomy":"product_cat","embeddable":true,"href":"https:\/\/www.tatanka.nl\/pl\/wp-json\/wp\/v2\/product_cat?post=138976"},{"taxonomy":"product_tag","embeddable":true,"href":"https:\/\/www.tatanka.nl\/pl\/wp-json\/wp\/v2\/product_tag?post=138976"}],"curies":[{"name":"wp","href":"https:\/\/api.w.org\/{rel}","templated":true}]}}