{"id":138980,"date":"2026-04-08T12:06:15","date_gmt":"2026-04-08T11:06:15","guid":{"rendered":"https:\/\/www.tatanka.nl\/?post_type=product&#038;p=138980"},"modified":"2026-04-08T13:29:49","modified_gmt":"2026-04-08T12:29:49","slug":"clipper-metal-deep-blue","status":"publish","type":"product","link":"https:\/\/www.tatanka.nl\/pl\/clipper-metal-deep-blue\/","title":{"rendered":"Clipper Metal Deep Blue"},"content":{"rendered":"<h3 dir=\"auto\">Czym s\u0105 zapalniczki Clipper Metal Deep Blue?<\/h3>\n<p dir=\"auto\">Zapalniczka Clipper Metal Deep Blue to autentyczna, ca\u0142kowicie metalowa wersja legendarnej zapalniczki Clipper. Znany ze swojej solidnej konstrukcji, p\u0142ynnego dzia\u0142ania i ponadczasowego wygl\u0105du, ten wysokiej jako\u015bci metalowy Clipper zyska\u0142 oddanych zwolennik\u00f3w w\u015br\u00f3d palaczy, kolekcjoner\u00f3w i entuzjast\u00f3w stylu.<\/p>\n<p dir=\"auto\">Metalowa zapalniczka Deep Blue wyr\u00f3\u017cnia si\u0119 eleganckim, g\u0142\u0119bokim oceanicznym kolorem i solidnym metalowym korpusem. Posiada du\u017c\u0105 komor\u0119 gazow\u0105 zapewniaj\u0105c\u0105 doskona\u0142y czas spalania, niezawodny p\u0142omie\u0144 i blokad\u0119 przed dzie\u0107mi dla bezpiecznego codziennego u\u017cytkowania. W pe\u0142ni nadaj\u0105ca si\u0119 do wielokrotnego nape\u0142niania i zbudowana z my\u015bl\u0105 o trwa\u0142o\u015bci, oferuje zar\u00f3wno praktyczno\u015b\u0107, jak i estetyk\u0119 premium w jednym kultowym elemencie. Niezale\u017cnie od tego, czy szukasz niezawodnej zapalniczki do codziennego u\u017cytku, czy te\u017c efektownego dodatku do swojej kolekcji Clipper, zapalniczka Clipper Metal Deep Blue doskonale \u0142\u0105czy w sobie jako\u015b\u0107 i charakter.<\/p>\n<h3 dir=\"auto\">Historia zapalniczek Clipper Metal<\/h3>\n<p dir=\"auto\">Od lat 70-tych Clipper sta\u0142 si\u0119 jedn\u0105 z najbardziej rozpoznawalnych i lubianych marek zapalniczek na ca\u0142ym \u015bwiecie. Wersja metalowa szybko zyska\u0142a popularno\u015b\u0107 w\u015br\u00f3d tych, kt\u00f3rzy ceni\u0105 sobie solidne, wysokiej jako\u015bci wykonanie i doskona\u0142\u0105 trwa\u0142o\u015b\u0107 w por\u00f3wnaniu do standardowych zapalniczek plastikowych. Przez dziesi\u0119ciolecia metalowe zapalniczki Clipper sta\u0142y si\u0119 bardzo poszukiwanymi przedmiotami kolekcjonerskimi, a fani na ca\u0142ym \u015bwiecie zbieraj\u0105 okre\u015blone kolory i unikalne wzory.<\/p>\n<p dir=\"auto\">To, co zacz\u0119\u0142o si\u0119 jako inteligentna zapalniczka wielokrotnego nape\u0142niania, przekszta\u0142ci\u0142o si\u0119 w prawdziw\u0105 ikon\u0119 kultury - symbol niezawodno\u015bci, stylu i osobowo\u015bci, kt\u00f3ry wci\u0105\u017c przyci\u0105ga nowe pokolenia lojalnych u\u017cytkownik\u00f3w.<\/p>\n<h3 dir=\"auto\">Jak korzysta\u0107 z zapalniczki Clipper Metal Deep Blue?<\/h3>\n<p dir=\"auto\">Korzystanie z zapalniczki Clipper Metal Deep Blue jest proste i satysfakcjonuj\u0105ce. Przesu\u0144 blokad\u0119 zabezpieczaj\u0105c\u0105 przed dzie\u0107mi i zapal g\u0142adki, niezawodny p\u0142omie\u0144 - idealny do papieros\u00f3w, \u015bwiec, kadzide\u0142ek lub innych codziennych potrzeb zwi\u0105zanych z o\u015bwietleniem.<\/p>\n<p dir=\"auto\">Ta metalowa zapalniczka jest w pe\u0142ni nape\u0142nialna gazem Clipper i posiada wymienne krzesiwo, dzi\u0119ki czemu mo\u017ce s\u0142u\u017cy\u0107 przez wiele lat. Solidny metalowy korpus zapewnia wysokiej jako\u015bci, wygodny dotyk w d\u0142oni i doskona\u0142\u0105 odporno\u015b\u0107 na codzienne zu\u017cycie. Wielu u\u017cytkownik\u00f3w korzysta r\u00f3wnie\u017c z dodatkowych funkcji: trzpie\u0144 krzesiwa mo\u017ce by\u0107 u\u017cywany jako por\u0119czne narz\u0119dzie, a zapalniczka mo\u017ce nawet s\u0142u\u017cy\u0107 jako tymczasowy otwieracz do butelek. Zapalniczka Clipper Metal Deep Blue jest solidnie wykonana i zaprojektowana tak, aby robi\u0107 wra\u017cenie - jest gotowa zawsze, gdy jej potrzebujesz.<\/p>\n<h3 dir=\"auto\">Cechy zapalniczki Clipper Metal Deep Blue<\/h3>\n<ul dir=\"auto\">\n<li>Wykonana w ca\u0142o\u015bci z metalu konstrukcja zapewnia solidne, wysokiej jako\u015bci wra\u017cenia dotykowe<\/li>\n<li>Bogate wyko\u0144czenie Deep Blue o eleganckim i wyrafinowanym wygl\u0105dzie<\/li>\n<li>Blokada przed dzie\u0107mi dla bezpiecznego u\u017cytkowania<\/li>\n<li>Du\u017ca komora gazowa zapewniaj\u0105ca doskona\u0142y czas spalania<\/li>\n<li>W pe\u0142ni wielokrotnego u\u017cytku z wymiennym krzesiwem<\/li>\n<li>Trwa\u0142a i odporna na codzienne zu\u017cycie<\/li>\n<li>Wykonane z wysokim procentem materia\u0142\u00f3w pochodz\u0105cych z recyklingu<\/li>\n<li>Kultowy design Clipper uwielbiany przez kolekcjoner\u00f3w i codziennych u\u017cytkownik\u00f3w<\/li>\n<\/ul>\n<p dir=\"auto\">Zapalniczka Clipper Metal Deep Blue \u0142\u0105czy w sobie wyj\u0105tkow\u0105 funkcjonalno\u015b\u0107, trwa\u0142o\u015b\u0107 i wyr\u00f3\u017cniaj\u0105cy si\u0119 styl.<\/p>\n<p dir=\"auto\"><strong>Ostrze\u017cenie<\/strong> Zapalniczki Clipper zawieraj\u0105 \u0142atwopalny gaz pod ci\u015bnieniem. Przechowywa\u0107 poza zasi\u0119giem dzieci. U\u017cywa\u0107 z dala od twarzy, odzie\u017cy i materia\u0142\u00f3w \u0142atwopalnych. Nie wystawia\u0107 na dzia\u0142anie ciep\u0142a ani bezpo\u015bredniego \u015bwiat\u0142a s\u0142onecznego. Nape\u0142nia\u0107 wy\u0142\u0105cznie gazem do nape\u0142niania zapalniczek Clipper. Przed u\u017cyciem nale\u017cy post\u0119powa\u0107 zgodnie z instrukcjami.<\/p>","protected":false},"excerpt":{"rendered":"<p dir=\"auto\">Klasyczna, odwa\u017cna i niesko\u0144czenie stylowa. Zapalniczka Clipper Metal Deep Blue zapewnia najwy\u017csz\u0105 jako\u015b\u0107 metalu z bogatym, wyrafinowanym wyko\u0144czeniem Deep Blue - prawdziwy kultowy faworyt, kt\u00f3ry \u0142\u0105czy w sobie trwa\u0142o\u015b\u0107, wydajno\u015b\u0107 i wyj\u0105tkow\u0105 osobowo\u015b\u0107.<\/p>","protected":false},"featured_media":138983,"template":"","meta":[],"product_brand":[],"product_cat":[488,297,728],"product_tag":[],"class_list":{"0":"post-138980","1":"product","2":"type-product","3":"status-publish","4":"has-post-thumbnail","6":"product_cat-headshop","7":"product_cat-all-products","8":"product_cat-clipper-metal","10":"first","11":"instock","12":"taxable","13":"shipping-taxable","14":"purchasable","15":"product-type-variable","16":"has-default-attributes"},"_links":{"self":[{"href":"https:\/\/www.tatanka.nl\/pl\/wp-json\/wp\/v2\/product\/138980","targetHints":{"allow":["GET"]}}],"collection":[{"href":"https:\/\/www.tatanka.nl\/pl\/wp-json\/wp\/v2\/product"}],"about":[{"href":"https:\/\/www.tatanka.nl\/pl\/wp-json\/wp\/v2\/types\/product"}],"wp:featuredmedia":[{"embeddable":true,"href":"https:\/\/www.tatanka.nl\/pl\/wp-json\/wp\/v2\/media\/138983"}],"wp:attachment":[{"href":"https:\/\/www.tatanka.nl\/pl\/wp-json\/wp\/v2\/media?parent=138980"}],"wp:term":[{"taxonomy":"product_brand","embeddable":true,"href":"https:\/\/www.tatanka.nl\/pl\/wp-json\/wp\/v2\/product_brand?post=138980"},{"taxonomy":"product_cat","embeddable":true,"href":"https:\/\/www.tatanka.nl\/pl\/wp-json\/wp\/v2\/product_cat?post=138980"},{"taxonomy":"product_tag","embeddable":true,"href":"https:\/\/www.tatanka.nl\/pl\/wp-json\/wp\/v2\/product_tag?post=138980"}],"curies":[{"name":"wp","href":"https:\/\/api.w.org\/{rel}","templated":true}]}}