{"id":138995,"date":"2026-04-08T12:50:42","date_gmt":"2026-04-08T11:50:42","guid":{"rendered":"https:\/\/www.tatanka.nl\/?post_type=product&#038;p=138995"},"modified":"2026-04-08T13:13:03","modified_gmt":"2026-04-08T12:13:03","slug":"clipper-metal-turquoise","status":"publish","type":"product","link":"https:\/\/www.tatanka.nl\/pl\/clipper-metal-turquoise\/","title":{"rendered":"Clipper Metal Turkusowy"},"content":{"rendered":"<h3 dir=\"auto\">Czym s\u0105 zapalniczki Clipper Metal Turquoise?<\/h3>\n<p dir=\"auto\">Clipper Metal Turquoise to autentyczna, ca\u0142kowicie metalowa wersja znanej na ca\u0142ym \u015bwiecie zapalniczki Clipper. Ten wysokiej jako\u015bci metalowy Clipper wyr\u00f3\u017cnia si\u0119 jasnym, orze\u017awiaj\u0105cym turkusowym kolorem i solidn\u0105 konstrukcj\u0105. Uwielbiana zar\u00f3wno przez codziennych u\u017cytkownik\u00f3w, jak i powa\u017cnych kolekcjoner\u00f3w, zapalniczka Clipper Metal Turquoise oferuje doskona\u0142\u0105 jako\u015b\u0107 i odwa\u017cn\u0105, nowoczesn\u0105 estetyk\u0119, kt\u00f3ra przyci\u0105ga wzrok w ka\u017cdym miejscu.<\/p>\n<p dir=\"auto\">Wyposa\u017cony w solidny metalowy korpus, du\u017c\u0105 komor\u0119 gazow\u0105 i niezawodny p\u0142omie\u0144, Clipper Metal Turquoise zapewnia sta\u0142\u0105 wydajno\u015b\u0107 przy zachowaniu \u017cywego wygl\u0105du. Jest w pe\u0142ni wielokrotnego nape\u0142niania, wyposa\u017cony w blokad\u0119 przed dzie\u0107mi i zbudowany z my\u015bl\u0105 o trwa\u0142o\u015bci. Niezale\u017cnie od tego, czy szukasz niezawodnej zapalniczki do codziennego u\u017cytku, czy stylowego dodatku do swojej kolekcji Clipper, Clipper Metal Turquoise doskonale r\u00f3wnowa\u017cy praktyczno\u015b\u0107 i przyci\u0105gaj\u0105cy wzrok design.<\/p>\n<h3 dir=\"auto\">Historia zapalniczek Clipper Metal<\/h3>\n<p dir=\"auto\">Od lat 70-tych Clipper sta\u0142 si\u0119 jedn\u0105 z najbardziej kultowych marek zapalniczek na \u015bwiecie. Seria metalowych zapalniczek szybko zyska\u0142a popularno\u015b\u0107 dzi\u0119ki doskona\u0142ej trwa\u0142o\u015bci i wysokiej jako\u015bci w por\u00f3wnaniu do zwyk\u0142ych plastikowych zapalniczek. Przez dziesi\u0119ciolecia metalowe zapalniczki Clipper sta\u0142y si\u0119 wysoce kolekcjonerskimi przedmiotami, a fani szukaj\u0105 konkretnych kolor\u00f3w i unikalnych wzor\u00f3w.<\/p>\n<p dir=\"auto\">Wariant Turquoise jest szczeg\u00f3lnie popularny ze wzgl\u0119du na \u015bwie\u017cy, energetyczny odcie\u0144, kt\u00f3ry wyr\u00f3\u017cnia go w ka\u017cdej kolekcji. Od swoich praktycznych pocz\u0105tk\u00f3w jako zapalniczka wielokrotnego nape\u0142niania, Clipper ewoluowa\u0142 w prawdziw\u0105 ikon\u0119 kultury znan\u0105 z jako\u015bci, kreatywno\u015bci i trwa\u0142ego stylu.<\/p>\n<h3 dir=\"auto\">Jak u\u017cywa\u0107 zapalniczki Clipper Metal Turquoise?<\/h3>\n<p dir=\"auto\">Korzystanie z zapalniczki Clipper Metal Turquoise jest proste i satysfakcjonuj\u0105ce. Przesu\u0144 blokad\u0119 zabezpieczaj\u0105c\u0105 przed dzie\u0107mi i zapal g\u0142adki, niezawodny p\u0142omie\u0144 - idealny do papieros\u00f3w, \u015bwiec, kadzide\u0142ek lub innych codziennych potrzeb zwi\u0105zanych z o\u015bwietleniem.<\/p>\n<p dir=\"auto\">Zapalniczka jest w pe\u0142ni nape\u0142nialna gazem Clipper i posiada wymienne krzesiwo, dzi\u0119ki czemu mo\u017ce s\u0142u\u017cy\u0107 przez wiele lat. Solidny metalowy korpus sprawia, \u017ce zapalniczka jest wygodna w d\u0142oni i doskonale odporna na codzienne zu\u017cycie. Wielu u\u017cytkownik\u00f3w docenia r\u00f3wnie\u017c jej sprytne dodatkowe funkcje: trzpie\u0144 krzesiwa mo\u017ce by\u0107 u\u017cywany jako por\u0119czne narz\u0119dzie, a zapalniczka mo\u017ce nawet s\u0142u\u017cy\u0107 jako tymczasowy otwieracz do butelek. Solidna konstrukcja i imponuj\u0105cy design sprawiaj\u0105, \u017ce Clipper Metal Turquoise jest gotowy zawsze, gdy go potrzebujesz.<\/p>\n<h3 dir=\"auto\">Cechy zapalniczki Clipper Metal Turquoise<\/h3>\n<ul dir=\"auto\">\n<li>Konstrukcja wykonana w ca\u0142o\u015bci z metalu zapewnia doskona\u0142\u0105 wytrzyma\u0142o\u015b\u0107 i wra\u017cenia dotykowe<\/li>\n<li>Jasne turkusowe wyko\u0144czenie o \u015bwie\u017cym, \u017cywym metalicznym wygl\u0105dzie<\/li>\n<li>Blokada przed dzie\u0107mi dla bezpiecznego u\u017cytkowania<\/li>\n<li>Du\u017ca komora gazowa zapewniaj\u0105ca doskona\u0142y czas spalania<\/li>\n<li>W pe\u0142ni wielokrotnego u\u017cytku z wymiennym krzesiwem<\/li>\n<li>Trwa\u0142a i odporna na codzienne zu\u017cycie<\/li>\n<li>Wykonane z wysokim procentem materia\u0142\u00f3w pochodz\u0105cych z recyklingu<\/li>\n<li>Kultowy design Clipper uwielbiany przez kolekcjoner\u00f3w i codziennych u\u017cytkownik\u00f3w<\/li>\n<\/ul>\n<p dir=\"auto\">Clipper Metal Turquoise \u0142\u0105czy w sobie wyj\u0105tkow\u0105 funkcjonalno\u015b\u0107, trwa\u0142o\u015b\u0107 i przyci\u0105gaj\u0105cy wzrok styl. Unikalny turkusowy kolor sprawia, \u017ce jest to nie tylko praktyczne narz\u0119dzie, ale tak\u017ce stylowy dodatek, kt\u00f3ry wyr\u00f3\u017cnia si\u0119 z t\u0142umu.<\/p>\n<p dir=\"auto\"><strong>Ostrze\u017cenie<\/strong> Zapalniczki Clipper zawieraj\u0105 \u0142atwopalny gaz pod ci\u015bnieniem. Przechowywa\u0107 poza zasi\u0119giem dzieci. U\u017cywa\u0107 z dala od twarzy, odzie\u017cy i materia\u0142\u00f3w \u0142atwopalnych. Nie wystawia\u0107 na dzia\u0142anie ciep\u0142a ani bezpo\u015bredniego \u015bwiat\u0142a s\u0142onecznego. Nape\u0142nia\u0107 wy\u0142\u0105cznie gazem do nape\u0142niania zapalniczek Clipper. Przed u\u017cyciem nale\u017cy post\u0119powa\u0107 zgodnie z instrukcjami.<\/p>","protected":false},"excerpt":{"rendered":"<p dir=\"auto\">Clipper Metal Turquoise to wysokiej jako\u015bci metalowa zapalniczka o \u015bwie\u017cym, \u017cywym turkusowym wyko\u0144czeniu. Ten kultowy Clipper \u0142\u0105czy w sobie solidn\u0105 trwa\u0142o\u015b\u0107, p\u0142ynne dzia\u0142anie i wyr\u00f3\u017cniaj\u0105cy si\u0119 styl - to pozycja obowi\u0105zkowa dla kolekcjoner\u00f3w i codziennych u\u017cytkownik\u00f3w.<\/p>","protected":false},"featured_media":138998,"template":"","meta":[],"product_brand":[],"product_cat":[488,297,728],"product_tag":[],"class_list":{"0":"post-138995","1":"product","2":"type-product","3":"status-publish","4":"has-post-thumbnail","6":"product_cat-headshop","7":"product_cat-all-products","8":"product_cat-clipper-metal","10":"first","11":"instock","12":"taxable","13":"shipping-taxable","14":"purchasable","15":"product-type-variable","16":"has-default-attributes"},"_links":{"self":[{"href":"https:\/\/www.tatanka.nl\/pl\/wp-json\/wp\/v2\/product\/138995","targetHints":{"allow":["GET"]}}],"collection":[{"href":"https:\/\/www.tatanka.nl\/pl\/wp-json\/wp\/v2\/product"}],"about":[{"href":"https:\/\/www.tatanka.nl\/pl\/wp-json\/wp\/v2\/types\/product"}],"wp:featuredmedia":[{"embeddable":true,"href":"https:\/\/www.tatanka.nl\/pl\/wp-json\/wp\/v2\/media\/138998"}],"wp:attachment":[{"href":"https:\/\/www.tatanka.nl\/pl\/wp-json\/wp\/v2\/media?parent=138995"}],"wp:term":[{"taxonomy":"product_brand","embeddable":true,"href":"https:\/\/www.tatanka.nl\/pl\/wp-json\/wp\/v2\/product_brand?post=138995"},{"taxonomy":"product_cat","embeddable":true,"href":"https:\/\/www.tatanka.nl\/pl\/wp-json\/wp\/v2\/product_cat?post=138995"},{"taxonomy":"product_tag","embeddable":true,"href":"https:\/\/www.tatanka.nl\/pl\/wp-json\/wp\/v2\/product_tag?post=138995"}],"curies":[{"name":"wp","href":"https:\/\/api.w.org\/{rel}","templated":true}]}}