{"id":1979,"date":"2017-10-01T16:23:41","date_gmt":"2017-10-01T16:23:41","guid":{"rendered":"http:\/\/www.tatanka.nl\/?post_type=product&#038;p=1979"},"modified":"2025-09-23T08:56:44","modified_gmt":"2025-09-23T07:56:44","slug":"lsd-purity-test-pure-tester","status":"publish","type":"product","link":"https:\/\/www.tatanka.nl\/pl\/lsd-purity-test-pure-tester\/","title":{"rendered":"LSD EZ-Test - jedno opakowanie"},"content":{"rendered":"<h2 dir=\"auto\">Co to jest LSD EZ-Test<\/h2>\n<p dir=\"auto\">LSD EZ-Test to kompaktowy, przyjazny dla u\u017cytkownika zestaw testowy zaprojektowany do identyfikacji obecno\u015bci LSD i innych zwi\u0105zk\u00f3w indolowych, takich jak DMT, 5-MeO-DMT, psylocybina i psylocyna, w podejrzanych pr\u00f3bkach. Dzi\u0119ki zastosowaniu odczynnika chemicznego osadzonego w \u017celu krzemionkowym w szklanej ampu\u0142ce, wyzwala on widoczn\u0105 zmian\u0119 koloru, gdy substancja reaguje, umo\u017cliwiaj\u0105c szybkie wizualne potwierdzenie na podstawie do\u0142\u0105czonego wykresu. Sprawia to, \u017ce jest to niezb\u0119dne narz\u0119dzie na rynku pe\u0142nym zafa\u0142szowa\u0144, takich jak warianty NBOMe lub psychodeliczne amfetaminy, kt\u00f3re mog\u0105 stanowi\u0107 powa\u017cne zagro\u017cenie dla zdrowia, w tym nudno\u015bci, niepok\u00f3j, a nawet \u015bmier\u0107.<\/p>\n<p dir=\"auto\">U\u017cytkownicy doceniaj\u0105 jego rol\u0119 w ograniczaniu szk\u00f3d, poniewa\u017c zapewnia natychmiastowe wskazanie, a nie bezwzgl\u0119dn\u0105 analiz\u0119 czysto\u015bci, zach\u0119caj\u0105c do dalszych profesjonalnych test\u00f3w, je\u015bli nadal istniej\u0105 w\u0105tpliwo\u015bci. Format pojedynczego testu zapewnia przyst\u0119pn\u0105 cen\u0119 i przeno\u015bno\u015b\u0107, idealny do u\u017cytku osobistego na imprezach lub w domu. W przeciwie\u0144stwie do kompleksowych test\u00f3w laboratoryjnych, zestaw ten koncentruje si\u0119 na wst\u0119pnym wykrywaniu, pomagaj\u0105c unikn\u0105\u0107 niezamierzonego nara\u017cenia na szkodliwe podr\u00f3bki.<\/p>\n<p dir=\"auto\">Jego konstrukcja stawia na prostot\u0119, nie wymagaj\u0105c specjalistycznej wiedzy technicznej, jednocze\u015bnie podkre\u015blaj\u0105c bezpiecze\u0144stwo dzi\u0119ki jasnym instrukcjom. Wiele os\u00f3b zwraca si\u0119 do niego po spok\u00f3j ducha, promuj\u0105c odpowiedzialne praktyki w kontek\u015bcie rekreacyjnym bez popierania u\u017cywania substancji.<\/p>\n<h2 dir=\"auto\">Historia LSD EZ-Test<\/h2>\n<p dir=\"auto\">Podstaw\u0105 LSD EZ-Test jest odkrycie LSD przez Alberta Hofmanna w 1943 roku, kt\u00f3re wywo\u0142a\u0142o powszechne zainteresowanie psychodelikami, ale tak\u017ce doprowadzi\u0142o do zalania czarnego rynku zanieczyszczeniami w latach 60-tych. Wczesne wysi\u0142ki na rzecz redukcji szk\u00f3d pojawi\u0142y si\u0119 w erze kontrkultury, z podstawowymi testami terenowymi z u\u017cyciem chemii gospodarczej w celu wykrycia podr\u00f3bek, cho\u0107 nie by\u0142y one wiarygodne. Lata 70. przynios\u0142y post\u0119py w kryminalistyce, dostosowuj\u0105c odczynnik Ehrlicha - opracowany w latach 80. XIX wieku do wykrywania indolu w medycynie - do analizy narkotyk\u00f3w w zwi\u0105zku z rosn\u0105cymi obawami o bezpiecze\u0144stwo narkotyk\u00f3w ulicznych.<\/p>\n<p dir=\"auto\">W latach 90. organizacje takie jak DanceSafe sformalizowa\u0142y zestawy odczynnik\u00f3w dla rave'\u00f3w, zajmuj\u0105c si\u0119 substancjami fa\u0142szuj\u0105cymi w ecstasy i LSD. Marki EZ Test pojawi\u0142y si\u0119 w Europie na pocz\u0105tku XXI wieku, specjalizuj\u0105c si\u0119 w przyjaznych dla u\u017cytkownika systemach opartych na ampu\u0142kach do indoli, opieraj\u0105c si\u0119 na ulepszonej absorpcji \u017celu krzemionkowego w celu zapewnienia stabilno\u015bci. Zestawy te zyska\u0142y popularno\u015b\u0107 w\u015br\u00f3d bywalc\u00f3w festiwali i grup naciskaj\u0105cych na dekryminalizacj\u0119 i edukacj\u0119.<\/p>\n<p dir=\"auto\">Przez dziesi\u0119ciolecia udoskonalenia obejmowa\u0142y kolorowe wykresy dla szerszego pokrycia indolu, reaguj\u0105c na ewoluuj\u0105ce syntetyki, takie jak warianty 5-MeO. Dzi\u015b LSD EZ-Test uciele\u015bnia ten post\u0119p, \u0142\u0105cz\u0105c historyczn\u0105 chemi\u0119 z nowoczesn\u0105 dost\u0119pno\u015bci\u0105, aby wspiera\u0107 globalne inicjatywy redukcji szk\u00f3d.<\/p>\n<p dir=\"auto\">Jego dziedzictwo podkre\u015bla przej\u015bcie od zakazu do pragmatycznego bezpiecze\u0144stwa, wzmacniaj\u0105c pozycj\u0119 u\u017cytkownik\u00f3w na ca\u0142ym \u015bwiecie przed zagro\u017ceniami rynkowymi.<\/p>\n<h2 dir=\"auto\">Jak korzysta\u0107 z LSD EZ-Test<\/h2>\n<p dir=\"auto\">Aby skutecznie wykorzysta\u0107 LSD EZ-Test, nale\u017cy rozpocz\u0105\u0107 od przygotowania niewielkiej pr\u00f3bki substancji, takiej jak fragment bibu\u0142y lub kryszta\u0142u, zapewniaj\u0105c minimalny kontakt w celu unikni\u0119cia ryzyka. Ostro\u017cnie rozbij szklan\u0105 ampu\u0142k\u0119 zgodnie z instrukcj\u0105 - bez u\u017cycia si\u0142y - aby ods\u0142oni\u0107 nas\u0105czony odczynnikiem \u017cel krzemionkowy znajduj\u0105cy si\u0119 w \u015brodku. Umie\u015b\u0107 pr\u00f3bk\u0119 bezpo\u015brednio w ampu\u0142ce, a nast\u0119pnie zamknij j\u0105 do\u0142\u0105czon\u0105 nasadk\u0105 i delikatnie wstrz\u0105\u015bnij w celu wymieszania.<\/p>\n<p dir=\"auto\">Poczekaj do trzech minut na reakcj\u0119, obserwuj\u0105c rozw\u00f3j koloru; por\u00f3wnaj go z wykresem na opakowaniu - fioletowy odcie\u0144 sugeruje indole takie jak LSD, podczas gdy brak zmian wskazuje na ich brak. W przypadku bibu\u0142ek nale\u017cy spodziewa\u0107 si\u0119 subtelniejszych odcieni ze wzgl\u0119du na ni\u017csze st\u0119\u017cenia, ale cierpliwo\u015b\u0107 przynosi rezultaty.<\/p>\n<p dir=\"auto\">Po przeprowadzeniu testu ampu\u0142k\u0119 i pozosta\u0142o\u015bci nale\u017cy usun\u0105\u0107 w bezpieczny spos\u00f3b, na przyk\u0142ad w szczelnie zamkni\u0119tej torbie, aby zapobiec szkodliwemu wp\u0142ywowi na \u015brodowisko lub przypadkowemu uszkodzeniu. Je\u015bli zestaw zostanie dostarczony uszkodzony, nie nale\u017cy go u\u017cywa\u0107 i nale\u017cy go wymieni\u0107. Proces ten jest prosty, zajmuje zaledwie kilka minut i dyskretnie pasuje do r\u00f3\u017cnych ustawie\u0144.<\/p>\n<p dir=\"auto\">Zawsze nale\u017cy skrupulatnie przestrzega\u0107 za\u0142\u0105czonych wytycznych, poniewa\u017c test oferuje jedynie wskaz\u00f3wk\u0119, a nie ostateczny dow\u00f3d. Aby uzyska\u0107 dok\u0142adniejsz\u0105 analiz\u0119, nale\u017cy skonsultowa\u0107 si\u0119 z laboratoriami. Ta metoda promuje ostro\u017cne, \u015bwiadome podejmowanie decyzji w osobistych scenariuszach.<\/p>\n<p><img loading=\"lazy\" decoding=\"async\" class=\"alignnone size-full wp-image-14594\" src=\"https:\/\/www.tatanka.nl\/wp-content\/uploads\/2018\/02\/Instructions-Drugtests.jpg\" alt=\"- Tatanka.nl\" width=\"710\" height=\"198\" title=\"- Tatanka.nl\" srcset=\"https:\/\/www.tatanka.nl\/wp-content\/uploads\/2018\/02\/Instructions-Drugtests.jpg 710w, https:\/\/www.tatanka.nl\/wp-content\/uploads\/2018\/02\/Instructions-Drugtests-420x117.jpg 420w, https:\/\/www.tatanka.nl\/wp-content\/uploads\/2018\/02\/Instructions-Drugtests-64x18.jpg 64w, https:\/\/www.tatanka.nl\/wp-content\/uploads\/2018\/02\/Instructions-Drugtests-600x167.jpg 600w\" sizes=\"auto, (max-width: 710px) 100vw, 710px\" \/><\/p>\n<h2 dir=\"auto\">Sk\u0142adniki LSD EZ-Test<\/h2>\n<p dir=\"auto\">LSD EZ-Test zawiera specjalistyczny odczynnik chemiczny, g\u0142\u00f3wnie zmodyfikowan\u0105 formu\u0142\u0119 Ehrlicha, wch\u0142oni\u0119t\u0105 przez oboj\u0119tny \u017cel krzemionkowy w celu kontrolowanych reakcji. \u017bel ten, umieszczony w kruchej szklanej ampu\u0142ce, stabilizuje aktywne sk\u0142adniki, zapobiegaj\u0105c ich degradacji do momentu aktywacji. Odczynnik zazwyczaj zawiera p-dimetyloaminobenzaldehyd (DMAB) w kwa\u015bnym roztworze, takim jak kwas solny, kt\u00f3ry oddzia\u0142uje z indolami, powoduj\u0105c wyra\u017ane zmiany koloru.<\/p>\n<p dir=\"auto\">\u017badne dodatkowe wype\u0142niacze ani barwniki nie wp\u0142ywaj\u0105 negatywnie na czysto\u015b\u0107, zapewniaj\u0105c skupienie si\u0119 na dok\u0142adnym wykrywaniu bez zak\u0142\u00f3ce\u0144. Krzemionka dzia\u0142a jako neutralny no\u015bnik, zwi\u0119kszaj\u0105c bezpiecze\u0144stwo poprzez zminimalizowanie bezpo\u015bredniego kontaktu z p\u0142ynami. Elementy opakowania, takie jak tabela kolor\u00f3w i instrukcje, wspieraj\u0105 podstawowe sk\u0142adniki, ale nie s\u0105 reaktywne.<\/p>\n<p dir=\"auto\">Ta kompozycja czerpie z uznanej chemii kryminalistycznej, zoptymalizowanej do u\u017cytku domowego przy minimalnej obj\u0119to\u015bci w konfiguracji pojedynczego testu. U\u017cytkownicy korzystaj\u0105 z nietoksycznego profilu, gdy s\u0105 w\u0142a\u015bciwie obs\u0142ugiwani, chocia\u017c nie mo\u017cna go po\u0142kn\u0105\u0107.<\/p>\n<p dir=\"auto\">Prostota mieszanki podkre\u015bla niezawodno\u015b\u0107, celuj\u0105c w okre\u015blone wi\u0105zania molekularne w psychodelikach, ignoruj\u0105c jednocze\u015bnie typowe substancje fa\u0142szuj\u0105ce. Przejrzysto\u015b\u0107 formu\u0142y uspokaja tych, kt\u00f3rzy priorytetowo traktuj\u0105 narz\u0119dzia redukcji szk\u00f3d.<\/p>\n<p dir=\"auto\"><strong>Ostrze\u017cenie<\/strong> Po przeprowadzeniu testu nale\u017cy pami\u0119ta\u0107 o bezpiecznym usuni\u0119ciu ampu\u0142ki i pr\u00f3bki. Zestawy testowe EZ s\u0105 jedynie przewodnikiem pomagaj\u0105cym w analizie substancji. Zaleca si\u0119, aby nie dotyka\u0107 \u017cadnej substancji, a w celu uzyskania bardziej szczeg\u00f3\u0142owych wynik\u00f3w zaleca si\u0119 przeprowadzenie obszernych bada\u0144 laboratoryjnych pr\u00f3bek. EZ-Test mo\u017ce jedynie wskaza\u0107 zawarto\u015b\u0107 substancji w pr\u00f3bce. Nie zapewnia on gwarancji 100%. Je\u015bli nadal masz w\u0105tpliwo\u015bci co do sk\u0142adnik\u00f3w produktu, zle\u0107 jego przetestowanie oficjalnej agencji. Korzystanie z EZ-Test nie wi\u0105\u017ce si\u0119 z \u017cadnymi prawami ani roszczeniami. Zawsze czytaj instrukcje; nie u\u017cywaj si\u0142y do otwierania ampu\u0142ki.<\/p>","protected":false},"excerpt":{"rendered":"<p dir=\"auto\">Zabezpiecz swoje do\u015bwiadczenia dzi\u0119ki LSD EZ-Test, niezawodnemu zestawowi jednorazowego u\u017cytku przeznaczonemu do wykrywania LSD i podobnych indoli w pr\u00f3bkach. To narz\u0119dzie do redukcji szk\u00f3d wykorzystuje prost\u0105 reakcj\u0119 chemiczn\u0105 do ujawnienia potencjalnych zanieczyszcze\u0144, promuj\u0105c \u015bwiadome i bezpieczniejsze wybory bez sprz\u0119tu laboratoryjnego. Zawiera 1 pojedynczy test.<\/p>","protected":false},"featured_media":13384,"template":"","meta":[],"product_brand":[],"product_cat":[543,297,488,476],"product_tag":[],"class_list":{"0":"post-1979","1":"product","2":"type-product","3":"status-publish","4":"has-post-thumbnail","6":"product_cat-drugtests","7":"product_cat-all-products","8":"product_cat-headshop","9":"product_cat-smartshop","10":"product_shipping_class-creditcard-on","12":"first","13":"instock","14":"taxable","15":"shipping-taxable","16":"purchasable","17":"product-type-variable","18":"has-default-attributes"},"_links":{"self":[{"href":"https:\/\/www.tatanka.nl\/pl\/wp-json\/wp\/v2\/product\/1979","targetHints":{"allow":["GET"]}}],"collection":[{"href":"https:\/\/www.tatanka.nl\/pl\/wp-json\/wp\/v2\/product"}],"about":[{"href":"https:\/\/www.tatanka.nl\/pl\/wp-json\/wp\/v2\/types\/product"}],"wp:featuredmedia":[{"embeddable":true,"href":"https:\/\/www.tatanka.nl\/pl\/wp-json\/wp\/v2\/media\/13384"}],"wp:attachment":[{"href":"https:\/\/www.tatanka.nl\/pl\/wp-json\/wp\/v2\/media?parent=1979"}],"wp:term":[{"taxonomy":"product_brand","embeddable":true,"href":"https:\/\/www.tatanka.nl\/pl\/wp-json\/wp\/v2\/product_brand?post=1979"},{"taxonomy":"product_cat","embeddable":true,"href":"https:\/\/www.tatanka.nl\/pl\/wp-json\/wp\/v2\/product_cat?post=1979"},{"taxonomy":"product_tag","embeddable":true,"href":"https:\/\/www.tatanka.nl\/pl\/wp-json\/wp\/v2\/product_tag?post=1979"}],"curies":[{"name":"wp","href":"https:\/\/api.w.org\/{rel}","templated":true}]}}