{"id":1981,"date":"2017-10-01T16:28:02","date_gmt":"2017-10-01T16:28:02","guid":{"rendered":"http:\/\/www.tatanka.nl\/?post_type=product&#038;p=1981"},"modified":"2025-09-23T08:52:04","modified_gmt":"2025-09-23T07:52:04","slug":"lsd-purity-test-tester","status":"publish","type":"product","link":"https:\/\/www.tatanka.nl\/pl\/lsd-purity-test-tester\/","title":{"rendered":"LSD EZ-Test 10-Pack"},"content":{"rendered":"<h2 dir=\"auto\">Co to jest EZ Test na LSD<\/h2>\n<p dir=\"auto\">EZ Test for LSD to kompaktowy, jednorazowy zestaw testowy, kt\u00f3ry s\u0142u\u017cy jako pierwsza linia obrony przed podrabianymi substancjami na rynku psychodelicznym. Wykorzystuj\u0105c odczynnik chemiczny oparty na wzorze Ehrlicha, szybko wskazuje, czy pr\u00f3bka zawiera LSD lub podobne indole, takie jak DMT, psilocybina lub 5-MeO-DMT, pomagaj\u0105c u\u017cytkownikom unikn\u0105\u0107 szkodliwych substytut\u00f3w, takich jak zwi\u0105zki NBOMe lub psychodeliczne amfetaminy, kt\u00f3re mog\u0105 powodowa\u0107 powa\u017cne skutki uboczne.<\/p>\n<p dir=\"auto\">Produkt ten rozwi\u0105zuje powszechny problem, w kt\u00f3rym blottery lub kryszta\u0142y mog\u0105 by\u0107 b\u0142\u0119dnie przedstawiane, potencjalnie prowadz\u0105c do nudno\u015bci, niepokoju lub gorzej. Zapewniaj\u0105c prost\u0105 reakcj\u0119 zmiany koloru, umo\u017cliwia osobom podejmowanie \u015bwiadomych decyzji dotycz\u0105cych ich substancji. Zestaw zawiera szklan\u0105 ampu\u0142k\u0119 z odczynnikiem zaabsorbowanym w \u017celu krzemionkowym, dzi\u0119ki czemu jest przeno\u015bny i dyskretny do u\u017cytku osobistego.<\/p>\n<p dir=\"auto\">Wiele os\u00f3b docenia jego rol\u0119 w promowaniu redukcji szk\u00f3d, poniewa\u017c nie potwierdza on poziom\u00f3w czysto\u015bci, ale sygnalizuje brak oczekiwanych zwi\u0105zk\u00f3w - brak koloru oznacza brak kwasu. Idealny na festiwale, do testowania w domu lub do cel\u00f3w edukacyjnych, jest zgodny z rosn\u0105c\u0105 \u015bwiadomo\u015bci\u0105 bezpiecze\u0144stwa narkotyk\u00f3w.<\/p>\n<p dir=\"auto\">Jego skuteczno\u015b\u0107 b\u0142yszczy w przypadku blotter\u00f3w, gdzie kolory mog\u0105 rozwija\u0107 si\u0119 powoli w ci\u0105gu trzech minut, zapewniaj\u0105c wiarygodne wyniki nawet przy mniej skoncentrowanych formach. Og\u00f3lnie rzecz bior\u0105c, EZ Test for LSD stanowi przyst\u0119pny krok w kierunku odpowiedzialnej eksploracji w kontek\u015bcie rekreacyjnym.<\/p>\n<h2 dir=\"auto\">Historia testu EZ na obecno\u015b\u0107 LSD<\/h2>\n<p dir=\"auto\">Pocz\u0105tki testu EZ na LSD si\u0119gaj\u0105 szerszej ewolucji odczynnik\u00f3w do testowania narkotyk\u00f3w, pocz\u0105wszy od prze\u0142omowej pracy Paula Ehrlicha pod koniec XIX wieku. Ehrlich, niemiecki lekarz i laureat Nagrody Nobla w 1908 roku, opracowa\u0142 sw\u00f3j odczynnik pocz\u0105tkowo do diagnostyki medycznej, takiej jak odr\u00f3\u017cnianie duru brzusznego od innych chor\u00f3b poprzez reakcje z indolami w p\u0142ynach ustrojowych. Ta fundamentalna chemia, obejmuj\u0105ca p-dimetyloaminobenzaldehyd w kwasie, po\u0142o\u017cy\u0142a podwaliny pod p\u00f3\u017aniejsze adaptacje w zastosowaniach kryminalistycznych i redukcji szk\u00f3d.<\/p>\n<p dir=\"auto\">W po\u0142owie XX wieku, gdy substancje psychodeliczne, takie jak LSD, zyska\u0142y popularno\u015b\u0107 po odkryciu Alberta Hofmanna w 1943 roku, w\u015br\u00f3d ruchu kontrkulturowego wzros\u0142y obawy dotycz\u0105ce fa\u0142szowania. W latach 60. i 70. pojawi\u0142y si\u0119 podziemne metody testowania, ale formalne zestawy nie by\u0142y rozpowszechnione a\u017c do sceny rave w latach 90., gdzie organizacje zajmuj\u0105ce si\u0119 redukcj\u0105 szk\u00f3d, takie jak DanceSafe, spopularyzowa\u0142y testy odczynnik\u00f3w w celu zwalczania niebezpiecznych podr\u00f3bek.<\/p>\n<p dir=\"auto\">Zestawy EZ Test pojawi\u0142y si\u0119 na rynku na pocz\u0105tku XXI wieku, opracowane przez europejskie firmy koncentruj\u0105ce si\u0119 na przyjaznych dla u\u017cytkownika narz\u0119dziach dla rozwijaj\u0105cej si\u0119 kultury festiwalowej i imprezowej. Opieraj\u0105c si\u0119 na zasadach Ehrlicha, zestawy te zosta\u0142y udoskonalone pod k\u0105tem specyficzno\u015bci dla indoli, zawieraj\u0105c \u017cel krzemionkowy zapewniaj\u0105cy stabilno\u015b\u0107. Z biegiem lat opinie u\u017cytkownik\u00f3w i zmiany regulacyjne poprawi\u0142y ich konstrukcj\u0119, podkre\u015blaj\u0105c dost\u0119pno\u015b\u0107 bez konieczno\u015bci posiadania sprz\u0119tu laboratoryjnego.<\/p>\n<p dir=\"auto\">Dzi\u015b nadal ewoluuj\u0105 wraz z kampaniami edukacyjnymi, odzwierciedlaj\u0105c zmian\u0119 w kierunku proaktywnego bezpiecze\u0144stwa w rekreacyjnym u\u017cywaniu narkotyk\u00f3w na ca\u0142ym \u015bwiecie. Ta historia podkre\u015bla po\u0142\u0105czenie dziedzictwa naukowego i nowoczesnych priorytet\u00f3w w zakresie dobrego samopoczucia.<\/p>\n<h2 dir=\"auto\">Jak u\u017cywa\u0107 EZ Test na LSD<\/h2>\n<p dir=\"auto\">Korzystanie z EZ Test for LSD obejmuje cztery proste kroki zapewniaj\u0105ce dok\u0142adne wyniki i bezpieczn\u0105 obs\u0142ug\u0119. Najpierw ostro\u017cnie otw\u00f3rz szklan\u0105 ampu\u0142k\u0119, uwa\u017caj\u0105c, aby nie skaleczy\u0107 si\u0119 od\u0142amkami. Umie\u015b\u0107 niewielk\u0105 ilo\u015b\u0107 pr\u00f3bki - np. ma\u0142y kawa\u0142ek bibu\u0142y lub kryszta\u0142u - bezpo\u015brednio w ampu\u0142ce.<\/p>\n<p dir=\"auto\">Nast\u0119pnie zabezpiecz plastikow\u0105 pokrywk\u0119 i energicznie wstrz\u0105\u015bnij mieszanin\u0105, aby odczynnik m\u00f3g\u0142 w pe\u0142ni wej\u015b\u0107 w interakcj\u0119 z substancj\u0105. Obserwuj zmian\u0119 koloru w ci\u0105gu oko\u0142o trzech minut; por\u00f3wnaj j\u0105 z dostarczon\u0105 tabel\u0105 i arkuszem informacyjnym w celu interpretacji - fioletowy odcie\u0144 zazwyczaj wskazuje na indole, takie jak LSD, podczas gdy brak koloru sugeruje brak.<\/p>\n<p dir=\"auto\">Zu\u017cyt\u0105 ampu\u0142k\u0119 i pr\u00f3bk\u0119 nale\u017cy zutylizowa\u0107 w odpowiedzialny spos\u00f3b, na przyk\u0142ad w szczelnie zamkni\u0119tym pojemniku, aby zapobiec szkodom dla \u015brodowiska lub przypadkowemu nara\u017ceniu. Je\u015bli ampu\u0142ka zostanie dostarczona uszkodzona, nale\u017cy unika\u0107 jej u\u017cywania i zwr\u00f3ci\u0107 si\u0119 do dostawcy o wymian\u0119.<\/p>\n<p dir=\"auto\">Proces ten jest szybki i nie wymaga specjalnych narz\u0119dzi, dzi\u0119ki czemu idealnie nadaje si\u0119 do kontroli na miejscu. Test nale\u017cy zawsze przeprowadza\u0107 w dobrze wentylowanym miejscu i nosi\u0107 r\u0119kawiczki, je\u015bli jeste\u015b wra\u017cliwy na chemikalia. W przypadku bibu\u0142ek kluczowa jest cierpliwo\u015b\u0107, poniewa\u017c reakcje mog\u0105 by\u0107 subtelniejsze ni\u017c w przypadku skoncentrowanych form.<\/p>\n<p dir=\"auto\">Post\u0119puj\u0105c zgodnie z tymi wytycznymi, u\u017cytkownicy mog\u0105 pewnie oceni\u0107 swoje substancje, promuj\u0105c \u015bwiadome wybory. Nale\u017cy pami\u0119ta\u0107, \u017ce jest to test wst\u0119pny; do ostatecznej analizy zalecana jest profesjonalna weryfikacja laboratoryjna.<\/p>\n<p dir=\"auto\"><img loading=\"lazy\" decoding=\"async\" class=\"alignnone size-full wp-image-14594\" src=\"https:\/\/www.tatanka.nl\/wp-content\/uploads\/2018\/02\/Instructions-Drugtests.jpg\" alt=\"- Tatanka.nl\" width=\"710\" height=\"198\" title=\"- Tatanka.nl\" srcset=\"https:\/\/www.tatanka.nl\/wp-content\/uploads\/2018\/02\/Instructions-Drugtests.jpg 710w, https:\/\/www.tatanka.nl\/wp-content\/uploads\/2018\/02\/Instructions-Drugtests-420x117.jpg 420w, https:\/\/www.tatanka.nl\/wp-content\/uploads\/2018\/02\/Instructions-Drugtests-64x18.jpg 64w, https:\/\/www.tatanka.nl\/wp-content\/uploads\/2018\/02\/Instructions-Drugtests-600x167.jpg 600w\" sizes=\"auto, (max-width: 710px) 100vw, 710px\" \/><\/p>\n<h2 dir=\"auto\">Sk\u0142adniki EZ Test for LSD<\/h2>\n<p dir=\"auto\">EZ Test na LSD sk\u0142ada si\u0119 g\u0142\u00f3wnie z odczynnika chemicznego, b\u0119d\u0105cego odmian\u0105 formu\u0142y Ehrlicha, wch\u0142oni\u0119tego przez \u017cel krzemionkowy w celu zapewnienia stabilno\u015bci i \u0142atwo\u015bci u\u017cycia. Ten zestaw znajduje si\u0119 w kruchej szklanej ampu\u0142ce, zaprojektowanej tak, aby uwalnia\u0107 aktywne sk\u0142adniki po rozbiciu. Sam odczynnik zazwyczaj zawiera p-dimetyloaminobenzaldehyd (DMAB) jako kluczowy czynnik reaktywny, rozpuszczony w \u015brodowisku kwa\u015bnym, takim jak kwas solny lub fosforowy, aby u\u0142atwi\u0107 reakcj\u0119 barwn\u0105 z indolami.<\/p>\n<p dir=\"auto\">\u017bel krzemionkowy dzia\u0142a jako oboj\u0119tny no\u015bnik, zapobiegaj\u0105c przedwczesnej degradacji i zapewniaj\u0105c, \u017ce odczynnik pozostanie skuteczny a\u017c do aktywacji. Zestaw mo\u017ce r\u00f3wnie\u017c zawiera\u0107 \u015bladowe stabilizatory lub konserwanty w celu utrzymania okresu przydatno\u015bci do spo\u017cycia, chocia\u017c specyfika r\u00f3\u017cni si\u0119 w zale\u017cno\u015bci od producenta w celu ochrony zastrze\u017conych mieszanek.<\/p>\n<p dir=\"auto\">Nie zawiera \u017cadnych dodatkowych wype\u0142niaczy ani barwnik\u00f3w, kt\u00f3re mog\u0142yby zak\u0142\u00f3ca\u0107 dok\u0142adno\u015b\u0107 testu, koncentruj\u0105c si\u0119 na czystym wykrywaniu. Plastikowa pokrywa i materia\u0142y informacyjne, takie jak tabela kolor\u00f3w, uzupe\u0142niaj\u0105 podstawowe sk\u0142adniki, nie b\u0119d\u0105c cz\u0119\u015bci\u0105 reaktywnej mieszanki.<\/p>\n<p dir=\"auto\">Kompozycja ta stawia na pierwszym miejscu bezpiecze\u0144stwo i niezawodno\u015b\u0107, unikaj\u0105c ostrych toksyn, jednocze\u015bnie celuj\u0105c w okre\u015blone struktury molekularne w psychodelikach. U\u017cytkownicy ceni\u0105 sobie minimalistyczne podej\u015bcie, poniewa\u017c minimalizuje ono ryzyko ekspozycji podczas test\u00f3w.<\/p>\n<p dir=\"auto\">Og\u00f3lnie rzecz bior\u0105c, sk\u0142adniki odzwierciedlaj\u0105 r\u00f3wnowag\u0119 mi\u0119dzy historyczn\u0105 chemi\u0105 a nowoczesnym opakowaniem, zoptymalizowanym pod k\u0105tem redukcji szk\u00f3d bez z\u0142o\u017cono\u015bci.<\/p>\n<p dir=\"auto\"><strong>Ostrze\u017cenie<\/strong> Pami\u0119taj, aby po zako\u0144czeniu testu bezpiecznie zutylizowa\u0107 ampu\u0142k\u0119 i pr\u00f3bk\u0119. Zestawy EZ-test s\u0105 jedynie przewodnikiem pomagaj\u0105cym w analizie substancji. Zaleca si\u0119, aby nie dotyka\u0107 \u017cadnej substancji, a w celu uzyskania bardziej szczeg\u00f3\u0142owych wynik\u00f3w zaleca si\u0119 przeprowadzenie obszernych bada\u0144 laboratoryjnych pr\u00f3bek. Nie u\u017cywaj, je\u015bli masz mniej ni\u017c 18 lat, jeste\u015b w ci\u0105\u017cy lub masz schorzenia, na kt\u00f3re mo\u017ce mie\u0107 wp\u0142yw praca z chemikaliami. Przechowywa\u0107 w miejscu niedost\u0119pnym dla dzieci.<\/p>","protected":false},"excerpt":{"rendered":"<p dir=\"auto\">EZ Test for LSD to przyjazny dla u\u017cytkownika zestaw testowy przeznaczony do wykrywania obecno\u015bci LSD i innych indoli w pr\u00f3bkach. To narz\u0119dzie do redukcji szk\u00f3d pomaga zidentyfikowa\u0107 potencjalnie niebezpieczne substancje fa\u0142szuj\u0105ce, zapewniaj\u0105c bezpieczniejsze wybory na rynku podatnym na zanieczyszczenia. 1 opakowanie zawiera 10 test\u00f3w.<\/p>","protected":false},"featured_media":11670,"template":"","meta":[],"product_brand":[],"product_cat":[543,297,488,476],"product_tag":[],"class_list":{"0":"post-1981","1":"product","2":"type-product","3":"status-publish","4":"has-post-thumbnail","6":"product_cat-drugtests","7":"product_cat-all-products","8":"product_cat-headshop","9":"product_cat-smartshop","10":"product_shipping_class-creditcard-on","12":"first","13":"instock","14":"taxable","15":"shipping-taxable","16":"purchasable","17":"product-type-variable","18":"has-default-attributes"},"_links":{"self":[{"href":"https:\/\/www.tatanka.nl\/pl\/wp-json\/wp\/v2\/product\/1981","targetHints":{"allow":["GET"]}}],"collection":[{"href":"https:\/\/www.tatanka.nl\/pl\/wp-json\/wp\/v2\/product"}],"about":[{"href":"https:\/\/www.tatanka.nl\/pl\/wp-json\/wp\/v2\/types\/product"}],"wp:featuredmedia":[{"embeddable":true,"href":"https:\/\/www.tatanka.nl\/pl\/wp-json\/wp\/v2\/media\/11670"}],"wp:attachment":[{"href":"https:\/\/www.tatanka.nl\/pl\/wp-json\/wp\/v2\/media?parent=1981"}],"wp:term":[{"taxonomy":"product_brand","embeddable":true,"href":"https:\/\/www.tatanka.nl\/pl\/wp-json\/wp\/v2\/product_brand?post=1981"},{"taxonomy":"product_cat","embeddable":true,"href":"https:\/\/www.tatanka.nl\/pl\/wp-json\/wp\/v2\/product_cat?post=1981"},{"taxonomy":"product_tag","embeddable":true,"href":"https:\/\/www.tatanka.nl\/pl\/wp-json\/wp\/v2\/product_tag?post=1981"}],"curies":[{"name":"wp","href":"https:\/\/api.w.org\/{rel}","templated":true}]}}