{"id":2022,"date":"2017-10-02T18:55:59","date_gmt":"2017-10-02T18:55:59","guid":{"rendered":"http:\/\/www.tatanka.nl\/?post_type=product&#038;p=2022"},"modified":"2025-09-23T08:44:02","modified_gmt":"2025-09-23T07:44:02","slug":"camagra-for-women","status":"publish","type":"product","link":"https:\/\/www.tatanka.nl\/pl\/camagra-for-women\/","title":{"rendered":"Kamagra dla kobiet"},"content":{"rendered":"<h2 dir=\"auto\">Czym jest Kamagra Woman<\/h2>\n<p dir=\"auto\">Kamagra Woman to specjalistyczny suplement zio\u0142owy w postaci kapsu\u0142ek, stworzony specjalnie w celu wzmocnienia witalno\u015bci seksualnej i reaktywno\u015bci kobiet. Wykorzystuje on unikaln\u0105 kombinacj\u0119 naturalnych ekstrakt\u00f3w, kt\u00f3re dzia\u0142aj\u0105 synergistycznie w celu pobudzenia, zwi\u0119kszenia wra\u017cliwo\u015bci i wspierania g\u0142\u0119bszego poczucia przyjemno\u015bci podczas intymnych chwil. Wielu u\u017cytkownik\u00f3w zg\u0142asza zauwa\u017calny wzrost libido i energii, przekszta\u0142caj\u0105c rutynowe spotkania w gor\u0105ce, niezapomniane do\u015bwiadczenia, z kt\u00f3rych oboje partnerzy mog\u0105 czerpa\u0107 przyjemno\u015b\u0107. Jako ca\u0142kowicie naturalna alternatywa dla opcji farmaceutycznych, stawia na bezpiecze\u0144stwo i skuteczno\u015b\u0107, unikaj\u0105c ostrych chemikali\u00f3w, kt\u00f3re mog\u0105 zak\u0142\u00f3ca\u0107 r\u00f3wnowag\u0119 hormonaln\u0105 lub powodowa\u0107 dyskomfort.<\/p>\n<p dir=\"auto\">Produkt ten skierowany jest do kobiet pragn\u0105cych o\u017cywi\u0107 swoje \u017cycie seksualne, czy to z powodu stresu, wieku, czy po prostu pragnienia wi\u0119kszej ekscytacji. Kapsu\u0142ki s\u0105 dyskretne i \u0142atwe w u\u017cyciu, a ich dzia\u0142anie narasta stopniowo, zapewniaj\u0105c d\u0142ugotrwa\u0142\u0105 stymulacj\u0119 bez obci\u0105\u017cania systemu. Regularni entuzja\u015bci cz\u0119sto zauwa\u017caj\u0105 popraw\u0119 pewno\u015bci siebie i blisko\u015bci emocjonalnej, co czyni go popularnym wyborem dla par, kt\u00f3re wsp\u00f3lnie szukaj\u0105 ulepsze\u0144.<\/p>\n<p dir=\"auto\">W przeciwie\u0144stwie do szerszych suplement\u00f3w diety, Camagra Woman koncentruje si\u0119 na ukierunkowanych korzy\u015bciach afrodyzjakalnych, czerpi\u0105c z tradycji ro\u015blinnych, aby holistycznie wspiera\u0107 kobiec\u0105 fizjologi\u0119. Jej formu\u0142a sprzyja przep\u0142ywowi krwi i aktywno\u015bci neuroprzeka\u017anik\u00f3w, promuj\u0105c ten \"napalony\" bodziec opisywany przez zadowolonych klient\u00f3w. Og\u00f3lnie rzecz bior\u0105c, jest to delikatne, ale pot\u0119\u017cne narz\u0119dzie do osobistego wzmocnienia w sypialni.<\/p>\n<h2 dir=\"auto\">Historia Camagra Woman<\/h2>\n<p dir=\"auto\">Pocz\u0105tki Camagra Woman wywodz\u0105 si\u0119 ze staro\u017cytnej wiedzy zielarskiej, w kt\u00f3rej sk\u0142adniki takie jak maca i tribulus terrestris by\u0142y wykorzystywane przez rdzenne spo\u0142eczno\u015bci w Andach i Azji w celu zwi\u0119kszenia p\u0142odno\u015bci i po\u017c\u0105dania kobiet podczas ceremonii kulturowych. W XVIII i XIX wieku europejscy zielarze udokumentowali o\u017cywcze dzia\u0142anie tych ro\u015blin, w\u0142\u0105czaj\u0105c je do tonik\u00f3w dla zdrowia kobiet w obliczu zmieniaj\u0105cych si\u0119 pogl\u0105d\u00f3w na temat seksualno\u015bci. Pod koniec XX wieku, gdy ruchy feministyczne zwr\u00f3ci\u0142y uwag\u0119 na kobiec\u0105 przyjemno\u015b\u0107, naukowcy zacz\u0119li opracowywa\u0107 ukierunkowane suplementy, aby naturalnie przeciwdzia\u0142a\u0107 podnieceniu.<\/p>\n<p dir=\"auto\">Kamagra Woman pojawi\u0142a si\u0119 na pocz\u0105tku 2010 roku, zainspirowana sukcesem m\u0119skich odpowiednik\u00f3w, ale dostosowana do unikalnych potrzeb kobiet dzi\u0119ki klinicznej wiedzy na temat hormon\u00f3w i sk\u0142adnik\u00f3w ro\u015blinnych. Tw\u00f3rcy skupili si\u0119 na po\u0142\u0105czeniu stymulant\u00f3w, takich jak guarana, z adaptogenami, udoskonalaj\u0105c formu\u0142\u0119 poprzez badania u\u017cytkownik\u00f3w, aby zapewni\u0107 zr\u00f3wnowa\u017cone, wolne od skutk\u00f3w ubocznych rezultaty. Jego wprowadzenie na rynek zbieg\u0142o si\u0119 z globaln\u0105 zmian\u0105 w kierunku organicznego wellness, gdzie kobiety coraz cz\u0119\u015bciej szuka\u0142y alternatywy dla syntetycznych hormon\u00f3w lub lek\u00f3w.<\/p>\n<p dir=\"auto\">Z biegiem czasu, pozytywne opinie od sta\u0142ych nabywc\u00f3w - cz\u0119sto zaczynaj\u0105cych jako prezenty od partner\u00f3w - przyczyni\u0142y si\u0119 do jego popularno\u015bci, prowadz\u0105c do ci\u0105g\u0142ych ulepsze\u0144 w oparciu o opinie. Dzi\u015b stanowi on po\u0142\u0105czenie historycznych \u015brodk\u00f3w zaradczych i nowoczesnej nauki, zaspokajaj\u0105c potrzeby r\u00f3\u017cnych styl\u00f3w \u017cycia, jednocze\u015bnie promuj\u0105c intymno\u015b\u0107 pozytywn\u0105 dla cia\u0142a.<\/p>\n<p dir=\"auto\">Ta ewolucja podkre\u015bla zaanga\u017cowanie w dost\u0119pno\u015b\u0107, dzi\u0119ki czemu naturalne wzmocnienie jest dost\u0119pne bez stygmatyzacji. Entuzja\u015bci na ca\u0142ym \u015bwiecie przypisuj\u0105 mu ponowne rozpalenie nami\u0119tno\u015bci, umacniaj\u0105c jego rol\u0119 we wsp\u00f3\u0142czesnych narracjach dotycz\u0105cych zdrowia seksualnego.<\/p>\n<h2 dir=\"auto\">Jak stosowa\u0107 Kamagr\u0119 Woman<\/h2>\n<p dir=\"auto\">Aby uzyska\u0107 optymalne rezultaty stosowania preparatu Kamagra Woman, nale\u017cy spo\u017cy\u0107 jedn\u0105 lub dwie kapsu\u0142ki na 30 minut do dw\u00f3ch godzin przed aktywno\u015bci\u0105 seksualn\u0105, daj\u0105c naturalnym sk\u0142adnikom czas na wch\u0142oni\u0119cie i skuteczn\u0105 aktywacj\u0119. Kapsu\u0142ki nale\u017cy po\u0142yka\u0107, popijaj\u0105c du\u017c\u0105 ilo\u015bci\u0105 wody, aby u\u0142atwi\u0107 trawienie i zwi\u0119kszy\u0107 biodost\u0119pno\u015b\u0107, najlepiej na pusty lub lekko wype\u0142niony \u017co\u0142\u0105dek, aby unikn\u0105\u0107 op\u00f3\u017anie\u0144 w rozpocz\u0119ciu dzia\u0142ania. Zacznij od jednej kapsu\u0142ki, je\u015bli dopiero zaczynasz stosowa\u0107 zio\u0142owe afrodyzjaki, pozwalaj\u0105c organizmowi dostosowa\u0107 si\u0119 i oceni\u0107 stymuluj\u0105ce dzia\u0142anie bez nadmiaru.<\/p>\n<p dir=\"auto\">Ten czas zapewnia, \u017ce narastanie podniecenia jest zgodne z Twoimi planami, zapewniaj\u0105c okno na spontaniczno\u015b\u0107, jednocze\u015bnie maksymalizuj\u0105c intensywne doznania. Kapsu\u0142ki nale\u017cy przechowywa\u0107 w ch\u0142odnym i suchym miejscu, szczelnie zamkni\u0119te, aby zachowa\u0107 \u015bwie\u017co\u015b\u0107 i moc do przysz\u0142ych zastosowa\u0144. Unikaj \u0142\u0105czenia z ci\u0119\u017ckimi posi\u0142kami, kofein\u0105 lub innymi stymulantami, aby zapobiec zak\u0142\u00f3ceniom jego \u0142agodnego dzia\u0142ania.<\/p>\n<p dir=\"auto\">Uwa\u017cna integracja mo\u017ce podnie\u015b\u0107 rutynow\u0105 intymno\u015b\u0107, ale zawsze s\u0142uchaj sygna\u0142\u00f3w swojego cia\u0142a, aby uzyska\u0107 spersonalizowany komfort. Po\u0142\u0105czenie z technikami relaksacyjnymi lub gr\u0105 wst\u0119pn\u0105 mo\u017ce wzmocni\u0107 doznania, wspieraj\u0105c g\u0142\u0119bsze wi\u0119zi emocjonalne i fizyczne.<\/p>\n<p dir=\"auto\">Przy odpowiedzialnym stosowaniu, Camagra Woman staje si\u0119 p\u0142ynnym dodatkiem do rutyny dobrego samopoczucia, wspieraj\u0105c wzmocnion\u0105 przyjemno\u015b\u0107 bezpiecznie i konsekwentnie.<\/p>\n<h2 dir=\"auto\">Sk\u0142adniki Camagra Woman<\/h2>\n<p dir=\"auto\">Kamagra Woman zawiera starannie dobran\u0105 gam\u0119 naturalnych sk\u0142adnik\u00f3w, z kt\u00f3rych ka\u017cdy przyczynia si\u0119 do podniecaj\u0105cego profilu w opakowaniu zawieraj\u0105cym 10 kapsu\u0142ek. Ekstrakty zio\u0142owe stanowi\u0105 podstaw\u0119, zapewniaj\u0105c fundamentalne wsparcie dla witalno\u015bci. L-arginina w dawce 25 mg zwi\u0119ksza produkcj\u0119 tlenku azotu, poprawiaj\u0105c kr\u0105\u017cenie i wra\u017cliwo\u015b\u0107 okolic intymnych.<\/p>\n<p dir=\"auto\">Ekstrakt z Maca w dawce 200 mg dzia\u0142a jako silny adaptogen znany z r\u00f3wnowa\u017cenia hormon\u00f3w i zwi\u0119kszania libido. Ekstrakt z guarany w dawce 25 mg zapewnia \u0142agodn\u0105 stymulacj\u0119 dzi\u0119ki naturalnym zwi\u0105zkom podobnym do kofeiny, utrzymuj\u0105c energi\u0119 bez dr\u017cenia. Ekstrakt z buzdyganka naziemnego (Tribulus terrestris) w dawce 50 mg wspomaga dzia\u0142anie podobne do testosteronu u kobiet, zwi\u0119kszaj\u0105c po\u017c\u0105danie i wytrzyma\u0142o\u015b\u0107.<\/p>\n<p dir=\"auto\">Fosforan dwuwapniowy s\u0142u\u017cy jako spoiwo i \u017ar\u00f3d\u0142o minera\u0142\u00f3w dla zdrowia ko\u015bci. Aminokwasy przyczyniaj\u0105 si\u0119 do og\u00f3lnej syntezy bia\u0142ek i regulacji nastroju. Krzemian glinowo-potasowy zapewnia stabilno\u015b\u0107 formu\u0142y.<\/p>\n<p dir=\"auto\">Stearynian magnezu dzia\u0142a jako \u015brodek smarny zapewniaj\u0105cy p\u0142ynn\u0105 produkcj\u0119 kapsu\u0142ek. Barwnik dwutlenek tytanu nadaje kapsu\u0142ce jednolity kolor.<\/p>\n<p dir=\"auto\">Elementy te wsp\u00f3\u0142dzia\u0142aj\u0105 w celu holistycznego wzmocnienia, pozyskiwane etycznie w celu zagwarantowania czysto\u015bci. Wolna od sztucznych konserwant\u00f3w, mieszanka stawia na delikatn\u0105 skuteczno\u015b\u0107, atrakcyjn\u0105 dla os\u00f3b wra\u017cliwych.<\/p>\n<p dir=\"auto\">Przejrzysto\u015b\u0107 kompozycji pozwala u\u017cytkownikom na pewn\u0105 integracj\u0119, koncentruj\u0105c si\u0119 na naturalnych \u015bcie\u017ckach do pasji.<\/p>\n<p dir=\"auto\"><strong>Ostrze\u017cenie<\/strong> Nie stosowa\u0107 w przypadku ci\u0105\u017cy lub nadwra\u017cliwo\u015bci na kt\u00f3rykolwiek ze sk\u0142adnik\u00f3w. Nie zaleca si\u0119 stosowania tego produktu osobom z problemami z nerkami lub sercem, wysokim lub niskim ci\u015bnieniem krwi oraz osobom pod wp\u0142ywem lek\u00f3w, narkotyk\u00f3w lub alkoholu. Ten produkt jest suplementem diety i powinien by\u0107 stosowany jako taki. Produkt przeznaczony wy\u0142\u0105cznie dla os\u00f3b powy\u017cej 18 roku \u017cycia. Przechowywa\u0107 w miejscu niedost\u0119pnym dla dzieci.<\/p>","protected":false},"excerpt":{"rendered":"<p dir=\"auto\">Odkryj wzmacniaj\u0105cy urok Camagra Woman, naturalnej kapsu\u0142ki zio\u0142owej dostosowanej do zwi\u0119kszenia kobiecego podniecenia i intymno\u015bci. Suplement ten \u0142\u0105czy w sobie silne sk\u0142adniki ro\u015blinne, aby zapewni\u0107 intensywne, stymuluj\u0105ce doznania, zwi\u0119kszaj\u0105c po\u017c\u0105danie i nami\u0119tno\u015b\u0107 w celu uzyskania bardziej satysfakcjonuj\u0105cych po\u0142\u0105cze\u0144 bez syntetycznych skutk\u00f3w ubocznych.<\/p>\n<h2 dir=\"auto\">Czym jest Kamagra Woman<\/h2>\n<p dir=\"auto\">Kamagra Woman to specjalistyczny suplement zio\u0142owy w postaci kapsu\u0142ek, stworzony specjalnie w celu wzmocnienia witalno\u015bci seksualnej i reaktywno\u015bci kobiet. Wykorzystuje on unikaln\u0105 kombinacj\u0119 naturalnych ekstrakt\u00f3w, kt\u00f3re dzia\u0142aj\u0105 synergistycznie w celu pobudzenia, zwi\u0119kszenia wra\u017cliwo\u015bci i wspierania g\u0142\u0119bszego poczucia przyjemno\u015bci podczas intymnych chwil. Wielu u\u017cytkownik\u00f3w zg\u0142asza zauwa\u017calny wzrost libido i energii, przekszta\u0142caj\u0105c rutynowe spotkania w gor\u0105ce, niezapomniane do\u015bwiadczenia, z kt\u00f3rych oboje partnerzy mog\u0105 czerpa\u0107 przyjemno\u015b\u0107. Jako ca\u0142kowicie naturalna alternatywa dla opcji farmaceutycznych, stawia na bezpiecze\u0144stwo i skuteczno\u015b\u0107, unikaj\u0105c ostrych chemikali\u00f3w, kt\u00f3re mog\u0105 zak\u0142\u00f3ca\u0107 r\u00f3wnowag\u0119 hormonaln\u0105 lub powodowa\u0107 dyskomfort.<\/p>\n<p dir=\"auto\">Produkt ten skierowany jest do kobiet pragn\u0105cych o\u017cywi\u0107 swoje \u017cycie seksualne, czy to z powodu stresu, wieku, czy po prostu pragnienia wi\u0119kszej ekscytacji. Kapsu\u0142ki s\u0105 dyskretne i \u0142atwe w u\u017cyciu, a ich dzia\u0142anie narasta stopniowo, zapewniaj\u0105c d\u0142ugotrwa\u0142\u0105 stymulacj\u0119 bez obci\u0105\u017cania systemu. Regularni entuzja\u015bci cz\u0119sto zauwa\u017caj\u0105 popraw\u0119 pewno\u015bci siebie i blisko\u015bci emocjonalnej, co czyni go popularnym wyborem dla par, kt\u00f3re wsp\u00f3lnie szukaj\u0105 ulepsze\u0144.<\/p>\n<p dir=\"auto\">W przeciwie\u0144stwie do szerszych suplement\u00f3w diety, Camagra Woman koncentruje si\u0119 na ukierunkowanych korzy\u015bciach afrodyzjakalnych, czerpi\u0105c z tradycji ro\u015blinnych, aby holistycznie wspiera\u0107 kobiec\u0105 fizjologi\u0119. Jej formu\u0142a sprzyja przep\u0142ywowi krwi i aktywno\u015bci neuroprzeka\u017anik\u00f3w, promuj\u0105c ten \"napalony\" bodziec opisywany przez zadowolonych klient\u00f3w. Og\u00f3lnie rzecz bior\u0105c, jest to delikatne, ale pot\u0119\u017cne narz\u0119dzie do osobistego wzmocnienia w sypialni.<\/p>\n<h2 dir=\"auto\">Historia Camagra Woman<\/h2>\n<p dir=\"auto\">Pocz\u0105tki Camagra Woman wywodz\u0105 si\u0119 ze staro\u017cytnej wiedzy zielarskiej, w kt\u00f3rej sk\u0142adniki takie jak maca i tribulus terrestris by\u0142y wykorzystywane przez rdzenne spo\u0142eczno\u015bci w Andach i Azji w celu zwi\u0119kszenia p\u0142odno\u015bci i po\u017c\u0105dania kobiet podczas ceremonii kulturowych. W XVIII i XIX wieku europejscy zielarze udokumentowali o\u017cywcze dzia\u0142anie tych ro\u015blin, w\u0142\u0105czaj\u0105c je do tonik\u00f3w dla zdrowia kobiet w obliczu zmieniaj\u0105cych si\u0119 pogl\u0105d\u00f3w na temat seksualno\u015bci. Pod koniec XX wieku, gdy ruchy feministyczne zwr\u00f3ci\u0142y uwag\u0119 na kobiec\u0105 przyjemno\u015b\u0107, naukowcy zacz\u0119li opracowywa\u0107 ukierunkowane suplementy, aby naturalnie przeciwdzia\u0142a\u0107 podnieceniu.<\/p>\n<p dir=\"auto\">Kamagra Woman pojawi\u0142a si\u0119 na pocz\u0105tku 2010 roku, zainspirowana sukcesem m\u0119skich odpowiednik\u00f3w, ale dostosowana do unikalnych potrzeb kobiet dzi\u0119ki klinicznej wiedzy na temat hormon\u00f3w i sk\u0142adnik\u00f3w ro\u015blinnych. Tw\u00f3rcy skupili si\u0119 na po\u0142\u0105czeniu stymulant\u00f3w, takich jak guarana, z adaptogenami, udoskonalaj\u0105c formu\u0142\u0119 poprzez badania u\u017cytkownik\u00f3w, aby zapewni\u0107 zr\u00f3wnowa\u017cone, wolne od skutk\u00f3w ubocznych rezultaty. Jego wprowadzenie na rynek zbieg\u0142o si\u0119 z globaln\u0105 zmian\u0105 w kierunku organicznego wellness, gdzie kobiety coraz cz\u0119\u015bciej szuka\u0142y alternatywy dla syntetycznych hormon\u00f3w lub lek\u00f3w.<\/p>\n<p dir=\"auto\">Z biegiem czasu, pozytywne opinie od sta\u0142ych nabywc\u00f3w - cz\u0119sto zaczynaj\u0105cych jako prezenty od partner\u00f3w - przyczyni\u0142y si\u0119 do jego popularno\u015bci, prowadz\u0105c do ci\u0105g\u0142ych ulepsze\u0144 w oparciu o opinie. Dzi\u015b stanowi on po\u0142\u0105czenie historycznych \u015brodk\u00f3w zaradczych i nowoczesnej nauki, zaspokajaj\u0105c potrzeby r\u00f3\u017cnych styl\u00f3w \u017cycia, jednocze\u015bnie promuj\u0105c intymno\u015b\u0107 pozytywn\u0105 dla cia\u0142a.<\/p>\n<p dir=\"auto\">Ta ewolucja podkre\u015bla zaanga\u017cowanie w dost\u0119pno\u015b\u0107, dzi\u0119ki czemu naturalne wzmocnienie jest dost\u0119pne bez stygmatyzacji. Entuzja\u015bci na ca\u0142ym \u015bwiecie przypisuj\u0105 mu ponowne rozpalenie nami\u0119tno\u015bci, umacniaj\u0105c jego rol\u0119 we wsp\u00f3\u0142czesnych narracjach dotycz\u0105cych zdrowia seksualnego.<\/p>\n<h2 dir=\"auto\">Jak stosowa\u0107 Kamagr\u0119 Woman<\/h2>\n<p dir=\"auto\">Aby uzyska\u0107 optymalne rezultaty stosowania preparatu Kamagra Woman, nale\u017cy spo\u017cy\u0107 jedn\u0105 lub dwie kapsu\u0142ki na 30 minut do dw\u00f3ch godzin przed aktywno\u015bci\u0105 seksualn\u0105, daj\u0105c naturalnym sk\u0142adnikom czas na wch\u0142oni\u0119cie i skuteczn\u0105 aktywacj\u0119. Kapsu\u0142ki nale\u017cy po\u0142yka\u0107, popijaj\u0105c du\u017c\u0105 ilo\u015bci\u0105 wody, aby u\u0142atwi\u0107 trawienie i zwi\u0119kszy\u0107 biodost\u0119pno\u015b\u0107, najlepiej na pusty lub lekko wype\u0142niony \u017co\u0142\u0105dek, aby unikn\u0105\u0107 op\u00f3\u017anie\u0144 w rozpocz\u0119ciu dzia\u0142ania. Zacznij od jednej kapsu\u0142ki, je\u015bli dopiero zaczynasz stosowa\u0107 zio\u0142owe afrodyzjaki, pozwalaj\u0105c organizmowi dostosowa\u0107 si\u0119 i oceni\u0107 stymuluj\u0105ce dzia\u0142anie bez nadmiaru.<\/p>\n<p dir=\"auto\">Ten czas zapewnia, \u017ce narastanie podniecenia jest zgodne z Twoimi planami, zapewniaj\u0105c okno na spontaniczno\u015b\u0107, jednocze\u015bnie maksymalizuj\u0105c intensywne doznania. Kapsu\u0142ki nale\u017cy przechowywa\u0107 w ch\u0142odnym i suchym miejscu, szczelnie zamkni\u0119te, aby zachowa\u0107 \u015bwie\u017co\u015b\u0107 i moc do przysz\u0142ych zastosowa\u0144. Unikaj \u0142\u0105czenia z ci\u0119\u017ckimi posi\u0142kami, kofein\u0105 lub innymi stymulantami, aby zapobiec zak\u0142\u00f3ceniom jego \u0142agodnego dzia\u0142ania.<\/p>\n<p dir=\"auto\">Uwa\u017cna integracja mo\u017ce podnie\u015b\u0107 rutynow\u0105 intymno\u015b\u0107, ale zawsze s\u0142uchaj sygna\u0142\u00f3w swojego cia\u0142a, aby uzyska\u0107 spersonalizowany komfort. Po\u0142\u0105czenie z technikami relaksacyjnymi lub gr\u0105 wst\u0119pn\u0105 mo\u017ce wzmocni\u0107 doznania, wspieraj\u0105c g\u0142\u0119bsze wi\u0119zi emocjonalne i fizyczne.<\/p>\n<p dir=\"auto\">Przy odpowiedzialnym stosowaniu, Camagra Woman staje si\u0119 p\u0142ynnym dodatkiem do rutyny dobrego samopoczucia, wspieraj\u0105c wzmocnion\u0105 przyjemno\u015b\u0107 bezpiecznie i konsekwentnie.<\/p>\n<h2 dir=\"auto\">Sk\u0142adniki Camagra Woman<\/h2>\n<p dir=\"auto\">Kamagra Woman zawiera starannie dobran\u0105 gam\u0119 naturalnych sk\u0142adnik\u00f3w, z kt\u00f3rych ka\u017cdy przyczynia si\u0119 do podniecaj\u0105cego profilu w opakowaniu zawieraj\u0105cym 10 kapsu\u0142ek. Ekstrakty zio\u0142owe stanowi\u0105 podstaw\u0119, zapewniaj\u0105c fundamentalne wsparcie dla witalno\u015bci. L-arginina w dawce 25 mg zwi\u0119ksza produkcj\u0119 tlenku azotu, poprawiaj\u0105c kr\u0105\u017cenie i wra\u017cliwo\u015b\u0107 okolic intymnych.<\/p>\n<p dir=\"auto\">Ekstrakt z Maca w dawce 200 mg dzia\u0142a jako silny adaptogen znany z r\u00f3wnowa\u017cenia hormon\u00f3w i zwi\u0119kszania libido. Ekstrakt z guarany w dawce 25 mg zapewnia \u0142agodn\u0105 stymulacj\u0119 dzi\u0119ki naturalnym zwi\u0105zkom podobnym do kofeiny, utrzymuj\u0105c energi\u0119 bez dr\u017cenia. Ekstrakt z buzdyganka naziemnego (Tribulus terrestris) w dawce 50 mg wspomaga dzia\u0142anie podobne do testosteronu u kobiet, zwi\u0119kszaj\u0105c po\u017c\u0105danie i wytrzyma\u0142o\u015b\u0107.<\/p>\n<p dir=\"auto\">Fosforan dwuwapniowy s\u0142u\u017cy jako spoiwo i \u017ar\u00f3d\u0142o minera\u0142\u00f3w dla zdrowia ko\u015bci. Aminokwasy przyczyniaj\u0105 si\u0119 do og\u00f3lnej syntezy bia\u0142ek i regulacji nastroju. Krzemian glinowo-potasowy zapewnia stabilno\u015b\u0107 formu\u0142y.<\/p>\n<p dir=\"auto\">Stearynian magnezu dzia\u0142a jako \u015brodek smarny zapewniaj\u0105cy p\u0142ynn\u0105 produkcj\u0119 kapsu\u0142ek. Barwnik dwutlenek tytanu nadaje kapsu\u0142ce jednolity kolor.<\/p>\n<p dir=\"auto\">Elementy te wsp\u00f3\u0142dzia\u0142aj\u0105 w celu holistycznego wzmocnienia, pozyskiwane etycznie w celu zagwarantowania czysto\u015bci. Wolna od sztucznych konserwant\u00f3w, mieszanka stawia na delikatn\u0105 skuteczno\u015b\u0107, atrakcyjn\u0105 dla os\u00f3b wra\u017cliwych.<\/p>\n<p dir=\"auto\">Przejrzysto\u015b\u0107 kompozycji pozwala u\u017cytkownikom na pewn\u0105 integracj\u0119, koncentruj\u0105c si\u0119 na naturalnych \u015bcie\u017ckach do pasji.<\/p>\n<p dir=\"auto\"><strong>Ostrze\u017cenie<\/strong> Nie stosowa\u0107 w przypadku ci\u0105\u017cy lub nadwra\u017cliwo\u015bci na kt\u00f3rykolwiek ze sk\u0142adnik\u00f3w. Nie zaleca si\u0119 stosowania tego produktu osobom z problemami z nerkami lub sercem, wysokim lub niskim ci\u015bnieniem krwi oraz osobom pod wp\u0142ywem lek\u00f3w, narkotyk\u00f3w lub alkoholu. Ten produkt jest suplementem diety i powinien by\u0107 stosowany jako taki. Produkt przeznaczony wy\u0142\u0105cznie dla os\u00f3b powy\u017cej 18 roku \u017cycia. Przechowywa\u0107 w miejscu niedost\u0119pnym dla dzieci.<\/p>","protected":false},"featured_media":21068,"template":"","meta":[],"product_brand":[],"product_cat":[575,297,531,383,476],"product_tag":[],"class_list":{"0":"post-2022","1":"product","2":"type-product","3":"status-publish","4":"has-post-thumbnail","6":"product_cat-sex-products-for-women","7":"product_cat-all-products","8":"product_cat-aphrodisiacs","9":"product_cat-sex-shop","10":"product_cat-smartshop","12":"first","13":"instock","14":"taxable","15":"shipping-taxable","16":"purchasable","17":"product-type-variable","18":"has-default-attributes"},"_links":{"self":[{"href":"https:\/\/www.tatanka.nl\/pl\/wp-json\/wp\/v2\/product\/2022","targetHints":{"allow":["GET"]}}],"collection":[{"href":"https:\/\/www.tatanka.nl\/pl\/wp-json\/wp\/v2\/product"}],"about":[{"href":"https:\/\/www.tatanka.nl\/pl\/wp-json\/wp\/v2\/types\/product"}],"wp:featuredmedia":[{"embeddable":true,"href":"https:\/\/www.tatanka.nl\/pl\/wp-json\/wp\/v2\/media\/21068"}],"wp:attachment":[{"href":"https:\/\/www.tatanka.nl\/pl\/wp-json\/wp\/v2\/media?parent=2022"}],"wp:term":[{"taxonomy":"product_brand","embeddable":true,"href":"https:\/\/www.tatanka.nl\/pl\/wp-json\/wp\/v2\/product_brand?post=2022"},{"taxonomy":"product_cat","embeddable":true,"href":"https:\/\/www.tatanka.nl\/pl\/wp-json\/wp\/v2\/product_cat?post=2022"},{"taxonomy":"product_tag","embeddable":true,"href":"https:\/\/www.tatanka.nl\/pl\/wp-json\/wp\/v2\/product_tag?post=2022"}],"curies":[{"name":"wp","href":"https:\/\/api.w.org\/{rel}","templated":true}]}}