{"id":2024,"date":"2017-10-02T19:14:58","date_gmt":"2017-10-02T19:14:58","guid":{"rendered":"http:\/\/www.tatanka.nl\/?post_type=product&#038;p=2024"},"modified":"2025-09-23T08:37:50","modified_gmt":"2025-09-23T07:37:50","slug":"camagra-for-men-man","status":"publish","type":"product","link":"https:\/\/www.tatanka.nl\/pl\/camagra-for-men-man\/","title":{"rendered":"Kamagra dla m\u0119\u017cczyzn"},"content":{"rendered":"<h2 dir=\"auto\">Czym jest kamagra dla m\u0119\u017cczyzn<\/h2>\n<p dir=\"auto\">Kamagra to naturalna kapsu\u0142ka zio\u0142owa opracowana w celu poprawy funkcji erekcji i og\u00f3lnego dobrostanu seksualnego bez konieczno\u015bci stosowania lek\u00f3w na recept\u0119. Wykorzystuje moc sk\u0142adnik\u00f3w ro\u015blinnych do stymulowania przep\u0142ywu krwi, zwi\u0119kszania poziomu energii i promowania podniecenia, dzi\u0119ki czemu jest atrakcyjnym wyborem dla m\u0119\u017cczyzn poszukuj\u0105cych dyskretnego wsparcia w \u017cyciu intymnym. U\u017cytkownicy cz\u0119sto zg\u0142aszaj\u0105 popraw\u0119 wytrzyma\u0142o\u015bci i satysfakcji, co pozwala na bardziej satysfakcjonuj\u0105ce do\u015bwiadczenia z partnerami. Produkt wyr\u00f3\u017cnia si\u0119 ca\u0142kowicie naturalnym sk\u0142adem, kt\u00f3ry pozwala unikn\u0105\u0107 syntetycznych zwi\u0105zk\u00f3w, kt\u00f3re mog\u0105 powodowa\u0107 niepo\u017c\u0105dane reakcje, takie jak b\u00f3le g\u0142owy lub nudno\u015bci, powszechnie kojarzone z chemicznymi alternatywami.<\/p>\n<p dir=\"auto\">Dzia\u0142anie tego suplementu opiera si\u0119 na synergii sk\u0142adnik\u00f3w ukierunkowanych na r\u00f3wnowag\u0119 hormonaln\u0105, kr\u0105\u017cenie i aktywno\u015b\u0107 neuroprzeka\u017anik\u00f3w, wspieraj\u0105c holistyczne podej\u015bcie do m\u0119skiego wzmocnienia. Idealny dla pocz\u0105tkuj\u0105cych odkrywc\u00f3w naturalnych \u015brodk\u00f3w, Camagra zapewnia niezawodne wyniki w ci\u0105gu 30 do 60 minut od spo\u017cycia, z efektami utrzymuj\u0105cymi si\u0119 przez ca\u0142e spotkanie. Forma kapsu\u0142ki zapewnia \u0142atwe, przeno\u015bne stosowanie, idealnie wpasowuj\u0105c si\u0119 w codzienn\u0105 rutyn\u0119 bez zwracania na siebie uwagi.<\/p>\n<p dir=\"auto\">Wiele os\u00f3b docenia jego wszechstronno\u015b\u0107, zar\u00f3wno w celu okazjonalnego zwi\u0119kszenia, jak i regularnego utrzymania witalno\u015bci. Jako legalna, dost\u0119pna bez recepty opcja, umo\u017cliwia jednostkom przej\u0119cie kontroli nad swoim zdrowiem seksualnym w spos\u00f3b naturalny i pewny siebie.<\/p>\n<h2 dir=\"auto\">Historia Kamagry dla m\u0119\u017cczyzn<\/h2>\n<p dir=\"auto\">Rozw\u00f3j kamagry czerpie z wielowiekowych tradycji zielarskich, w kt\u00f3rych ro\u015bliny takie jak maca i muira puama by\u0142y u\u017cywane przez rdzenne plemiona Ameryki Po\u0142udniowej w celu zwi\u0119kszenia p\u0142odno\u015bci i m\u0119sko\u015bci podczas rytua\u0142\u00f3w. W XIX wieku europejscy odkrywcy udokumentowali te ro\u015bliny, w\u0142\u0105czaj\u0105c je do wczesnych tonik\u00f3w afrodyzjakalnych w obliczu rosn\u0105cego zainteresowania medycyn\u0105 naturaln\u0105. W po\u0142owie XX wieku, wraz z pojawieniem si\u0119 farmaceutycznych metod leczenia zaburze\u0144 erekcji, ruch przeciwny poszukiwa\u0142 \u0142agodniejszych alternatyw, co doprowadzi\u0142o do bada\u0144 nad ekstraktami ro\u015blinnymi dla zdrowia seksualnego.<\/p>\n<p dir=\"auto\">Sama kamagra powsta\u0142a na pocz\u0105tku XXI wieku, stworzona przez ekspert\u00f3w ds. odnowy biologicznej, kt\u00f3rych celem by\u0142o odtworzenie skuteczno\u015bci popularnych syntetycznych tabletek, ale z czysto naturalnymi elementami. Pocz\u0105tkowe formu\u0142y koncentrowa\u0142y si\u0119 na podstawowych stymulantach, takich jak guarana, a nast\u0119pnie zosta\u0142y udoskonalone w wyniku test\u00f3w przeprowadzonych przez u\u017cytkownik\u00f3w, aby uwzgl\u0119dni\u0107 uzupe\u0142niaj\u0105ce zio\u0142a w celu zr\u00f3wnowa\u017cenia efekt\u00f3w. Jego wprowadzenie na rynek zbieg\u0142o si\u0119 w czasie z gwa\u0142townym wzrostem popytu na suplementy organiczne, nap\u0119dzanym \u015bwiadomo\u015bci\u0105 skutk\u00f3w ubocznych przepisywanych na recept\u0119 lek\u00f3w.<\/p>\n<p dir=\"auto\">Przez lata opinie zadowolonych u\u017cytkownik\u00f3w kszta\u0142towa\u0142y jego ewolucj\u0119, k\u0142ad\u0105c nacisk na przyst\u0119pn\u0105 cen\u0119 i dost\u0119pno\u015b\u0107. Dzi\u015b jest \u015bwiadectwem po\u0142\u0105czenia staro\u017cytnej m\u0105dro\u015bci z nowoczesn\u0105 nauk\u0105 o zio\u0142ach, przemawiaj\u0105c do globalnej publiczno\u015bci ceni\u0105cej zr\u00f3wnowa\u017cone, pozbawione skutk\u00f3w ubocznych ulepszenia.<\/p>\n<p dir=\"auto\">Entuzja\u015bci nadal chwal\u0105 jego rol\u0119 w o\u017cywianiu zwi\u0105zk\u00f3w, umacniaj\u0105c jego miejsce na rynku naturalnego wellness.<\/p>\n<h2 dir=\"auto\">Jak stosowa\u0107 Kamagr\u0119 dla m\u0119\u017cczyzn<\/h2>\n<p dir=\"auto\">Aby zoptymalizowa\u0107 korzy\u015bci p\u0142yn\u0105ce ze stosowania preparatu Camagra, nale\u017cy przyjmowa\u0107 jedn\u0105 do dw\u00f3ch kapsu\u0142ek na 30 do 60 minut przed planowan\u0105 intymno\u015bci\u0105, daj\u0105c wystarczaj\u0105co du\u017co czasu na wch\u0142oni\u0119cie i aktywacj\u0119 naturalnych sk\u0142adnik\u00f3w. Aby uzyska\u0107 najlepsze wyniki, nale\u017cy po\u0142kn\u0105\u0107 je popijaj\u0105c szklank\u0105 wody, unikaj\u0105c jedzenia, je\u015bli to mo\u017cliwe, aby zwi\u0119kszy\u0107 wch\u0142anianie, chocia\u017c lekka przek\u0105ska nie wp\u0142ynie znacz\u0105co na skuteczno\u015b\u0107. Ogranicz spo\u017cycie do nie wi\u0119cej ni\u017c dw\u00f3ch kapsu\u0142ek w ci\u0105gu 24 godzin, aby zapobiec potencjalnej nadmiernej stymulacji i utrzyma\u0107 naturaln\u0105 reakcj\u0119 organizmu.<\/p>\n<p dir=\"auto\">Je\u015bli dopiero zaczynasz stosowa\u0107 suplementy zio\u0142owe, zacznij od jednej kapsu\u0142ki, monitoruj\u0105c reakcj\u0119 organizmu przed dostosowaniem dawki. Takie stopniowe podej\u015bcie zapewnia spersonalizowany komfort i maksymalizuje przyjemno\u015b\u0107 bez niespodzianek. Przechowuj opakowanie w ch\u0142odnym, suchym miejscu z dala od wilgoci, aby zachowa\u0107 moc przez d\u0142ugi czas.<\/p>\n<p dir=\"auto\">W\u0142\u0105czenie go do swojego stylu \u017cycia mo\u017ce by\u0107 proste, by\u0107 mo\u017ce jako cz\u0119\u015b\u0107 rytua\u0142u przed randk\u0105, przy czym zawsze priorytetem jest otwarty dialog z partnerami dla obop\u00f3lnej satysfakcji. Nawodnienie wspomaga ten proces, wzmacniaj\u0105c energetyzuj\u0105ce w\u0142a\u015bciwo\u015bci od wewn\u0105trz.<\/p>\n<p dir=\"auto\">Przy rozwa\u017cnym stosowaniu, Kamagra staje si\u0119 niezawodnym wzmacniaczem, promuj\u0105cym d\u0142ugotrwa\u0142\u0105 wydajno\u015b\u0107 i g\u0142\u0119bsze po\u0142\u0105czenia w bezpieczny spos\u00f3b.<\/p>\n<h2 dir=\"auto\">Sk\u0142adniki Kamagry dla m\u0119\u017cczyzn<\/h2>\n<p dir=\"auto\">Kamagra zawiera siln\u0105 mieszank\u0119 naturalnych sk\u0142adnik\u00f3w ro\u015blinnych i zwi\u0105zk\u00f3w, z kt\u00f3rych ka\u017cdy zosta\u0142 wybrany ze wzgl\u0119du na ich wp\u0142yw na witalno\u015b\u0107 i wydajno\u015b\u0107. Ekstrakt z korzenia Maca jest liderem tej mieszanki, znanej z r\u00f3wnowa\u017cenia hormon\u00f3w i zwi\u0119kszania libido. Guarana stanowi naturalne \u017ar\u00f3d\u0142o kofeiny, zapewniaj\u0105ce d\u0142ugotrwa\u0142y przyp\u0142yw energii. Sama kofeina wzmacnia czujno\u015b\u0107 i kr\u0105\u017cenie.<\/p>\n<p dir=\"auto\">Muira puama, cz\u0119sto nazywana \"drewnem potencji\", wspomaga funkcje nerwowe i pobudzenie. Tauryna wspomaga rozlu\u017anienie mi\u0119\u015bni i wytrzyma\u0142o\u015b\u0107 podczas aktywno\u015bci. Ekstrakt z li\u015bci Damiana dzia\u0142a jak \u0142agodny afrodyzjak, poprawiaj\u0105c nastr\u00f3j i wra\u017cliwo\u015b\u0107.<\/p>\n<p dir=\"auto\">Orzechy kola dodaj\u0105 stymuluj\u0105cych alkaloid\u00f3w dla skupienia i wytrzyma\u0142o\u015bci. Ginkgo biloba wspomaga przep\u0142yw krwi do kluczowych obszar\u00f3w, poprawiaj\u0105c czas reakcji. L-arginina, aminokwas, przekszta\u0142ca si\u0119 w tlenek azotu, dodatkowo wspomagaj\u0105c rozszerzenie naczy\u0144 krwiono\u015bnych w celu lepszego pobudzenia.<\/p>\n<p dir=\"auto\">Sk\u0142adniki te wsp\u00f3\u0142dzia\u0142aj\u0105 w opakowaniu zawieraj\u0105cym 10 kapsu\u0142ek, pozyskiwanych w spos\u00f3b odpowiedzialny w celu zapewnienia czysto\u015bci i skuteczno\u015bci. Wolna od sztucznych wype\u0142niaczy formu\u0142a nadaje priorytet holistycznym korzy\u015bciom, dzi\u0119ki czemu jest \u0142agodna dla organizmu.<\/p>\n<p dir=\"auto\">U\u017cytkownicy ceni\u0105 sobie t\u0119 przejrzysto\u015b\u0107, pozwalaj\u0105c\u0105 na pewne w\u0142\u0105czenie do rutynowych czynno\u015bci zdrowotnych bez obaw o ukryte syntetyki.<\/p>","protected":false},"excerpt":{"rendered":"<p dir=\"auto\">Odkryj naturaln\u0105 moc Kamagry, zio\u0142owego suplementu zaprojektowanego w celu wspierania m\u0119skiej witalno\u015bci i wydajno\u015bci. Ta kapsu\u0142ka, zawieraj\u0105ca sk\u0142adniki ro\u015blinne, oferuje bezpieczn\u0105, pozbawion\u0105 skutk\u00f3w ubocznych alternatyw\u0119 dla tradycyjnych opcji, pomagaj\u0105c u\u017cytkownikom osi\u0105gn\u0105\u0107 zwi\u0119kszon\u0105 wytrzyma\u0142o\u015b\u0107 i pewno\u015b\u0107 siebie podczas intymnych chwil.<\/p>","protected":false},"featured_media":12828,"template":"","meta":[],"product_brand":[],"product_cat":[574,297,531,573,383,476],"product_tag":[],"class_list":{"0":"post-2024","1":"product","2":"type-product","3":"status-publish","4":"has-post-thumbnail","6":"product_cat-sex-products-for-men","7":"product_cat-all-products","8":"product_cat-aphrodisiacs","9":"product_cat-sex-products-top-10","10":"product_cat-sex-shop","11":"product_cat-smartshop","13":"first","14":"instock","15":"taxable","16":"shipping-taxable","17":"purchasable","18":"product-type-variable","19":"has-default-attributes"},"_links":{"self":[{"href":"https:\/\/www.tatanka.nl\/pl\/wp-json\/wp\/v2\/product\/2024","targetHints":{"allow":["GET"]}}],"collection":[{"href":"https:\/\/www.tatanka.nl\/pl\/wp-json\/wp\/v2\/product"}],"about":[{"href":"https:\/\/www.tatanka.nl\/pl\/wp-json\/wp\/v2\/types\/product"}],"wp:featuredmedia":[{"embeddable":true,"href":"https:\/\/www.tatanka.nl\/pl\/wp-json\/wp\/v2\/media\/12828"}],"wp:attachment":[{"href":"https:\/\/www.tatanka.nl\/pl\/wp-json\/wp\/v2\/media?parent=2024"}],"wp:term":[{"taxonomy":"product_brand","embeddable":true,"href":"https:\/\/www.tatanka.nl\/pl\/wp-json\/wp\/v2\/product_brand?post=2024"},{"taxonomy":"product_cat","embeddable":true,"href":"https:\/\/www.tatanka.nl\/pl\/wp-json\/wp\/v2\/product_cat?post=2024"},{"taxonomy":"product_tag","embeddable":true,"href":"https:\/\/www.tatanka.nl\/pl\/wp-json\/wp\/v2\/product_tag?post=2024"}],"curies":[{"name":"wp","href":"https:\/\/api.w.org\/{rel}","templated":true}]}}