{"id":2027,"date":"2017-10-02T19:34:28","date_gmt":"2017-10-02T19:34:28","guid":{"rendered":"http:\/\/www.tatanka.nl\/?post_type=product&#038;p=2027"},"modified":"2025-09-23T08:32:08","modified_gmt":"2025-09-23T07:32:08","slug":"black-stone-spray","status":"publish","type":"product","link":"https:\/\/www.tatanka.nl\/pl\/black-stone-spray\/","title":{"rendered":"Black Stone Spray"},"content":{"rendered":"<div>\n<div>\n<h2 dir=\"auto\">Co to jest Black Stone Spray<\/h2>\n<p dir=\"auto\">Black Stone Spray to specjalistyczny produkt do stosowania miejscowego, zaprojektowany w celu rozwi\u0105zania powszechnego problemu przedwczesnego wytrysku, pomagaj\u0105c m\u0119\u017cczyznom w naturalny spos\u00f3b przed\u0142u\u017cy\u0107 ich spotkania seksualne. Charakteryzuje si\u0119 od\u015bwie\u017caj\u0105cym, lekko ch\u0142odz\u0105cym dzia\u0142aniem na sk\u00f3r\u0119 pr\u0105cia, kt\u00f3re mo\u017ce znieczuli\u0107 wra\u017cliwe obszary bez ich ca\u0142kowitego znieczulenia, pozwalaj\u0105c na utrzymanie czucia przy jednoczesnym promowaniu kontroli. Sprawia to, \u017ce jest to cenne narz\u0119dzie dla obojga partner\u00f3w, zmniejszaj\u0105ce frustracj\u0119 i sprzyjaj\u0105ce g\u0142\u0119bszym kontaktom podczas intymno\u015bci. Unikalna mieszanka sprayu czerpie z delikatnych, przyjaznych dla sk\u00f3ry sk\u0142adnik\u00f3w, kt\u00f3re szybko si\u0119 wch\u0142aniaj\u0105, zapewniaj\u0105c minimalne zak\u0142\u00f3cenie chwili.<\/p>\n<p dir=\"auto\">U\u017cytkownicy doceniaj\u0105 jego niet\u0142ust\u0105 konsystencj\u0119 i neutralny wp\u0142yw na zdrowie sk\u00f3ry, dzi\u0119ki czemu nadaje si\u0119 do regularnego stosowania w warunkach prywatnych. W przeciwie\u0144stwie do suplement\u00f3w doustnych, ta zewn\u0119trzna aplikacja jest skierowana bezpo\u015brednio na problem, oferuj\u0105c ukierunkowan\u0105 ulg\u0119 tam, gdzie jest ona najbardziej potrzebna. Wiele os\u00f3b zg\u0142asza popraw\u0119 pewno\u015bci siebie i satysfakcji, przekszta\u0142caj\u0105c potencjalnie kr\u00f3tkie spotkania w d\u0142u\u017csze, nami\u0119tne sesje.<\/p>\n<p dir=\"auto\">Jako opcja dost\u0119pna bez recepty, Black Stone Spray k\u0142adzie nacisk na bezpiecze\u0144stwo i skuteczno\u015b\u0107, unikaj\u0105c ostrych chemikali\u00f3w na rzecz zr\u00f3wnowa\u017conej formu\u0142y. Jest szczeg\u00f3lnie atrakcyjny dla os\u00f3b poszukuj\u0105cych naturalnych sposob\u00f3w na zwi\u0119kszenie wydajno\u015bci bez interwencji medycznej.<\/p>\n<p dir=\"auto\">Og\u00f3lnie rzecz bior\u0105c, stanowi nowoczesne rozwi\u0105zanie odwiecznego problemu, stawiaj\u0105c na pierwszym miejscu przyjemno\u015b\u0107 i harmoni\u0119 w zwi\u0105zkach.<\/p>\n<h2 dir=\"auto\">Historia Black Stone Spray<\/h2>\n<p dir=\"auto\">Koncepcja stoj\u0105ca za Black Stone Spray ma swoje korzenie w staro\u017cytnych lekach zio\u0142owych stosowanych w r\u00f3\u017cnych kulturach do zarz\u0105dzania czasem i witalno\u015bci\u0105 seksualn\u0105. W tradycyjnej medycynie chi\u0144skiej i ajurwedyjskiej naturalne ekstrakty, takie jak te z dziurawca i aweny, by\u0142y stosowane ze wzgl\u0119du na ich w\u0142a\u015bciwo\u015bci uspokajaj\u0105ce i odczulaj\u0105ce na ciele. W XIX wieku zachodnia farmakologia zacz\u0119\u0142a bada\u0107 miejscowe \u015brodki znieczulaj\u0105ce, a wczesne kremy na bazie lidokainy pojawi\u0142y si\u0119 w po\u0142owie XX wieku w celu klinicznego leczenia przedwczesnego wytrysku.<\/p>\n<p dir=\"auto\">Nowoczesna wersja takich spray\u00f3w ewoluowa\u0142a pod koniec XX wieku wraz z rosn\u0105c\u0105 \u015bwiadomo\u015bci\u0105 kwestii zwi\u0105zanych ze zdrowiem seksualnym. Innowatorzy poszukiwali \u0142agodniejszych, naturalnych alternatyw dla opcji farmaceutycznych, prowadz\u0105c do formu\u0142 zawieraj\u0105cych sk\u0142adniki ro\u015blinne dla bezpieczniejszego dost\u0119pu bez recepty. Sam Black Stone Spray prawdopodobnie czerpa\u0142 inspiracj\u0119 z tego trendu, debiutuj\u0105c na pocz\u0105tku XXI wieku jako cz\u0119\u015b\u0107 fali produkt\u00f3w wellness skupiaj\u0105cych si\u0119 na poprawie intymno\u015bci.<\/p>\n<p dir=\"auto\">Post\u0119py w chemii kosmetycznej pozwoli\u0142y na stworzenie szybko wch\u0142aniaj\u0105cych si\u0119 emulsji, \u0142\u0105cz\u0105cych czynniki ch\u0142odz\u0105ce z ro\u015blinami, aby zminimalizowa\u0107 skutki uboczne. Przez lata opinie u\u017cytkownik\u00f3w i spostrze\u017cenia kliniczne udoskonala\u0142y te produkty, k\u0142ad\u0105c nacisk na kompatybilno\u015b\u0107 ze sk\u00f3r\u0105 i skuteczno\u015b\u0107.<\/p>\n<p dir=\"auto\">Dzi\u015b stanowi wyrafinowany przyk\u0142ad tej ewolucji, \u0142\u0105cz\u0105c historyczn\u0105 m\u0105dro\u015b\u0107 ze wsp\u00f3\u0142czesn\u0105 nauk\u0105, oferuj\u0105c dyskretne wsparcie. Jego popularno\u015b\u0107 odzwierciedla szersze zmiany spo\u0142eczne w kierunku otwartych dyskusji na temat dobrego samopoczucia seksualnego i naturalnych \u015brodk\u00f3w zaradczych.<\/p>\n<h2 dir=\"auto\">Jak korzysta\u0107 z Black Stone Spray<\/h2>\n<p dir=\"auto\">Aby skutecznie w\u0142\u0105czy\u0107 Black Stone Spray do swojej rutyny, zacznij od delikatnego wstrz\u0105\u015bni\u0119cia butelk\u0105, je\u015bli to konieczne, a nast\u0119pnie na\u0142\u00f3\u017c \u017c\u0105dan\u0105 ilo\u015b\u0107 bezpo\u015brednio na intymne obszary penisa, koncentruj\u0105c si\u0119 na najbardziej wra\u017cliwych miejscach, takich jak \u017co\u0142\u0105d\u017a i w\u0119dzide\u0142ko. U\u017cyj palc\u00f3w, aby r\u00f3wnomiernie rozprowadzi\u0107 produkt, pozwalaj\u0105c mu w pe\u0142ni wch\u0142on\u0105\u0107 si\u0119 przed rozpocz\u0119ciem aktywno\u015bci - zwykle zajmuje to zaledwie kilka minut, zapewniaj\u0105c, \u017ce \u017cadne pozosta\u0142o\u015bci nie zak\u0142\u00f3caj\u0105 komfortu.<\/p>\n<p dir=\"auto\">Zacznij od niewielkiej ilo\u015bci, takiej jak jedno lub dwa rozpylenia, aby oceni\u0107 swoj\u0105 wra\u017cliwo\u015b\u0107 i dostosuj w razie potrzeby, aby uzyska\u0107 optymalne wyniki bez nadmiernego znieczulenia. Najlepiej stosowa\u0107 go na 5 do 10 minut przed stosunkiem, aby efekt ch\u0142odzenia by\u0142 stopniowo odczuwalny.<\/p>\n<p dir=\"auto\">Po u\u017cyciu nale\u017cy dok\u0142adnie umy\u0107 r\u0119ce, aby unikn\u0105\u0107 przeniesienia produktu na inne obszary lub partner\u00f3w. Przechowuj spray w ch\u0142odnym, suchym miejscu z dala od bezpo\u015bredniego \u015bwiat\u0142a s\u0142onecznego, aby zachowa\u0107 jego skuteczno\u015b\u0107 przez d\u0142ugi czas.<\/p>\n<p dir=\"auto\">Ta metoda promuje p\u0142ynne doznania, wyd\u0142u\u017caj\u0105c czas trwania przy jednoczesnym zachowaniu przyjemno\u015bci. Zawsze priorytetowo traktuj komunikacj\u0119 z partnerem, aby zapewni\u0107 obop\u00f3ln\u0105 przyjemno\u015b\u0107.<\/p>\n<p dir=\"auto\">Przy konsekwentnym stosowaniu mo\u017ce sta\u0107 si\u0119 niezawodn\u0105 cz\u0119\u015bci\u0105 zestawu narz\u0119dzi intymnych, wspieraj\u0105c d\u0142u\u017csze, bardziej satysfakcjonuj\u0105ce spotkania w bezpieczny i dyskretny spos\u00f3b.<\/p>\n<h2 dir=\"auto\">Sk\u0142adniki Black Stone Spray<\/h2>\n<p dir=\"auto\">Black Stone Spray sk\u0142ada si\u0119 z harmonijnej mieszanki wodnych i naturalnych sk\u0142adnik\u00f3w, pocz\u0105wszy od wody jako g\u0142\u00f3wnego rozpuszczalnika u\u0142atwiaj\u0105cego aplikacj\u0119 i szybkie schni\u0119cie. Gliceryna dodaje w\u0142a\u015bciwo\u015bci nawil\u017caj\u0105cych, utrzymuj\u0105c nawil\u017cenie sk\u00f3ry i zapobiegaj\u0105c wysuszeniu podczas stosowania. Laureth-9 dzia\u0142a jako \u0142agodny \u015brodek znieczulaj\u0105cy, przyczyniaj\u0105c si\u0119 do efektu odczulaj\u0105cego, kt\u00f3ry pomaga op\u00f3\u017ani\u0107 punkt kulminacyjny.<\/p>\n<p dir=\"auto\">Glikol kaprylowy s\u0142u\u017cy jako \u015brodek konserwuj\u0105cy i kondycjonuj\u0105cy sk\u00f3r\u0119, zapewniaj\u0105c stabilno\u015b\u0107 produktu, a jednocze\u015bnie jest \u0142agodny dla delikatnych tkanek. Polysorbate 20 dzia\u0142a jako emulgator, p\u0142ynnie mieszaj\u0105c sk\u0142adniki w celu r\u00f3wnomiernego rozprowadzenia. Alkohol denat i alkohol zapewniaj\u0105 w\u0142a\u015bciwo\u015bci antyseptyczne i pomagaj\u0105 w szybkim odparowaniu, nie pozostawiaj\u0105c uczucia lepko\u015bci.<\/p>\n<p dir=\"auto\">Ekstrakt z kwiat\u00f3w dziurawca zwyczajnego (Hypericum perforatum) dzia\u0142a \u0142agodz\u0105co i przeciwzapalnie, wspieraj\u0105c zdrowie sk\u00f3ry. Ekstrakt z ziaren Avena sativa, pochodz\u0105cy z owsa, zapewnia dzia\u0142anie od\u017cywcze i \u0142agodz\u0105ce, przeciwdzia\u0142aj\u0105c potencjalnym podra\u017cnieniom.<\/p>\n<p dir=\"auto\">Mleczan mentylu zapewnia charakterystyczne uczucie ch\u0142odzenia, zwi\u0119kszaj\u0105c komfort bez intensywnego odr\u0119twienia. Razem te sk\u0142adniki tworz\u0105 formu\u0142\u0119, kt\u00f3ra jest neutralna dla sk\u00f3ry, wolna od ostrych substancji dra\u017cni\u0105cych i skoncentrowana na naturalnej piel\u0119gnacji.<\/p>\n<p dir=\"auto\">Ta przemy\u015blana selekcja nadaje priorytet biokompatybilno\u015bci, dzi\u0119ki czemu spray jest odpowiedni dla wra\u017cliwych u\u017cytkownik\u00f3w, zapewniaj\u0105c jednocze\u015bnie ukierunkowan\u0105 wydajno\u015b\u0107.<\/p>\n<\/div>\n<section><\/section>\n<section><\/section>\n<div><\/div>\n<\/div>","protected":false},"excerpt":{"rendered":"<p dir=\"auto\">Odkryj dyskretn\u0105 pomoc Black Stone Spray, miejscowej formu\u0142y opracowanej, aby pom\u00f3c w op\u00f3\u017anieniu przedwczesnego wytrysku w celu zwi\u0119kszenia intymno\u015bci. Dzi\u0119ki uczuciu ch\u0142odzenia i naturalnym ekstraktom, spray ten wspomaga d\u0142ugotrwa\u0142\u0105 przyjemno\u015b\u0107, co czyni go idealnym wyborem dla par poszukuj\u0105cych bardziej satysfakcjonuj\u0105cych dozna\u0144.<\/p>","protected":false},"featured_media":12843,"template":"","meta":[],"product_brand":[],"product_cat":[574,297,531,383,476],"product_tag":[],"class_list":{"0":"post-2027","1":"product","2":"type-product","3":"status-publish","4":"has-post-thumbnail","6":"product_cat-sex-products-for-men","7":"product_cat-all-products","8":"product_cat-aphrodisiacs","9":"product_cat-sex-shop","10":"product_cat-smartshop","12":"first","13":"instock","14":"taxable","15":"shipping-taxable","16":"purchasable","17":"product-type-variable","18":"has-default-attributes"},"_links":{"self":[{"href":"https:\/\/www.tatanka.nl\/pl\/wp-json\/wp\/v2\/product\/2027","targetHints":{"allow":["GET"]}}],"collection":[{"href":"https:\/\/www.tatanka.nl\/pl\/wp-json\/wp\/v2\/product"}],"about":[{"href":"https:\/\/www.tatanka.nl\/pl\/wp-json\/wp\/v2\/types\/product"}],"wp:featuredmedia":[{"embeddable":true,"href":"https:\/\/www.tatanka.nl\/pl\/wp-json\/wp\/v2\/media\/12843"}],"wp:attachment":[{"href":"https:\/\/www.tatanka.nl\/pl\/wp-json\/wp\/v2\/media?parent=2027"}],"wp:term":[{"taxonomy":"product_brand","embeddable":true,"href":"https:\/\/www.tatanka.nl\/pl\/wp-json\/wp\/v2\/product_brand?post=2027"},{"taxonomy":"product_cat","embeddable":true,"href":"https:\/\/www.tatanka.nl\/pl\/wp-json\/wp\/v2\/product_cat?post=2027"},{"taxonomy":"product_tag","embeddable":true,"href":"https:\/\/www.tatanka.nl\/pl\/wp-json\/wp\/v2\/product_tag?post=2027"}],"curies":[{"name":"wp","href":"https:\/\/api.w.org\/{rel}","templated":true}]}}