{"id":2029,"date":"2017-10-02T20:12:25","date_gmt":"2017-10-02T20:12:25","guid":{"rendered":"http:\/\/www.tatanka.nl\/?post_type=product&#038;p=2029"},"modified":"2026-02-05T00:49:26","modified_gmt":"2026-02-04T23:49:26","slug":"mcsx-6-caps","status":"publish","type":"product","link":"https:\/\/www.tatanka.nl\/pl\/mcsx-6-caps\/","title":{"rendered":"MCSX"},"content":{"rendered":"<h2 dir=\"auto\">Co to jest MCSX<\/h2>\n<p dir=\"auto\">MCSX to wysokiej jako\u015bci zio\u0142owy suplement diety w formie kapsu\u0142ek, opracowany w celu rozpalenia po\u017c\u0105dania i wzmocnienia witalno\u015bci fizycznej podczas intymnych spotka\u0144. Czerpi\u0105c z naturalnych afrodyzjak\u00f3w, zapewnia on siln\u0105 mieszank\u0119, kt\u00f3ra promuje zwi\u0119kszone pobudzenie, trwa\u0142\u0105 energi\u0119 i og\u00f3lne wzmocnienie erotyczne bez syntetycznych dodatk\u00f3w. U\u017cytkownicy cz\u0119sto do\u015bwiadczaj\u0105 ciep\u0142ego, o\u017cywczego uczucia, kt\u00f3re buduje oczekiwanie, dzi\u0119ki czemu jest idealny dla par d\u0105\u017c\u0105cych do pog\u0142\u0119bienia wi\u0119zi lub os\u00f3b odkrywaj\u0105cych osobist\u0105 zmys\u0142owo\u015b\u0107. Format kapsu\u0142ki zapewnia dyskrecj\u0119 i \u0142atwo\u015b\u0107 stosowania, a efekty pojawiaj\u0105 si\u0119 oko\u0142o godziny po za\u017cyciu, utrzymuj\u0105c si\u0119 wystarczaj\u0105co d\u0142ugo, aby zapewni\u0107 d\u0142u\u017csz\u0105 przyjemno\u015b\u0107.<\/p>\n<p dir=\"auto\">Produkt ten wyr\u00f3\u017cnia si\u0119 na rynku wellness, koncentruj\u0105c si\u0119 na holistycznej stymulacji, wspieraj\u0105c zar\u00f3wno relaks psychiczny, jak i sprawno\u015b\u0107 fizyczn\u0105 dzi\u0119ki sk\u0142adnikom ro\u015blinnym. Wiele os\u00f3b zg\u0142asza zwi\u0119kszon\u0105 pewno\u015b\u0107 siebie i wra\u017cliwo\u015b\u0107 dotykow\u0105, przekszta\u0142caj\u0105c zwyk\u0142e noce w nami\u0119tne przygody. Jako legalna, dost\u0119pna bez recepty opcja, przemawia do os\u00f3b preferuj\u0105cych naturalne alternatywy dla chemicznych wzmacniaczy.<\/p>\n<p dir=\"auto\">Jego konstrukcja k\u0142adzie nacisk na bezpiecze\u0144stwo i skuteczno\u015b\u0107, unikaj\u0105c ostrych stymulant\u00f3w, zapewniaj\u0105c jednocze\u015bnie niezawodne rezultaty. Niezale\u017cnie od tego, czy chodzi o specjalne okazje, czy rutynowe przyprawianie, MCSX s\u0142u\u017cy jako zaufany sojusznik w d\u0105\u017ceniu do satysfakcjonuj\u0105cych do\u015bwiadcze\u0144.<\/p>\n<h2 dir=\"auto\">Historia MCSX<\/h2>\n<p dir=\"auto\">Pocz\u0105tki MCSX si\u0119gaj\u0105 staro\u017cytnych praktyk zielarskich, w kt\u00f3rych ro\u015bliny takie jak maca i guarana by\u0142y wykorzystywane przez rdzenne kultury w Ameryce Po\u0142udniowej do rytua\u0142\u00f3w witalno\u015bci i p\u0142odno\u015bci. W XIX wieku europejscy odkrywcy udokumentowali energetyzuj\u0105ce dzia\u0142anie tych ro\u015blin, wzbudzaj\u0105c zainteresowanie zachodnim zio\u0142olecznictwem. W po\u0142owie XX wieku, gdy dobre samopoczucie seksualne zyska\u0142o na znaczeniu w wyniku zmian kulturowych, naukowcy zacz\u0119li opracowywa\u0107 suplementy, aby bezpiecznie wykorzysta\u0107 te w\u0142a\u015bciwo\u015bci.<\/p>\n<p dir=\"auto\">MCSX wy\u0142oni\u0142 si\u0119 na pocz\u0105tku XXI wieku z tego dziedzictwa, opracowany przez innowator\u00f3w staraj\u0105cych si\u0119 po\u0142\u0105czy\u0107 tradycyjn\u0105 m\u0105dro\u015b\u0107 z nowoczesnymi technikami ekstrakcji skoncentrowanych kapsu\u0142ek. Pocz\u0105tkowe wersje koncentrowa\u0142y si\u0119 na podstawowych afrodyzjakach, ale iteracje obejmowa\u0142y aminokwasy i minera\u0142y w oparciu o pojawiaj\u0105ce si\u0119 badania nad libido i wytrzyma\u0142o\u015bci\u0105.<\/p>\n<p dir=\"auto\">Rozw\u00f3j produktu zbiega\u0142 si\u0119 z boomem na naturalne trendy zdrowotne, w kt\u00f3rych konsumenci domagali si\u0119 alternatyw dla farmaceutyk\u00f3w w obliczu rosn\u0105cej \u015bwiadomo\u015bci skutk\u00f3w ubocznych. Opinie u\u017cytkownik\u00f3w przyczyni\u0142y si\u0119 do udoskonalenia produktu, zapewniaj\u0105c zr\u00f3wnowa\u017con\u0105 stymulacj\u0119 bez nadmiernej stymulacji.<\/p>\n<p dir=\"auto\">Dzi\u015b nadal ewoluuje wraz z nauk\u0105 o \u017cywieniu, dostosowuj\u0105c si\u0119 do informacji zwrotnych w celu uzyskania optymalnej si\u0142y dzia\u0142ania. Ta historia odzwierciedla podr\u00f3\u017c od folkloru do doskona\u0142o\u015bci formu\u0142y, pozycjonuj\u0105c MCSX jako podstaw\u0119 wsp\u00f3\u0142czesnych \u015brodk\u00f3w wspomagaj\u0105cych intymno\u015b\u0107.<\/p>\n<p dir=\"auto\">Entuzja\u015bci na ca\u0142ym \u015bwiecie doceniaj\u0105 jego rol\u0119 w o\u017cywianiu zwi\u0105zk\u00f3w, podkre\u015blaj\u0105c jego trwa\u0142\u0105 atrakcyjno\u015b\u0107 w ewoluuj\u0105cym krajobrazie suplementacji zio\u0142owej.<\/p>\n<h2 dir=\"auto\">Jak u\u017cywa\u0107 MCSX<\/h2>\n<p dir=\"auto\">Aby uzyska\u0107 najlepsze wyniki z MCSX, nale\u017cy przyjmowa\u0107 od jednej do trzech kapsu\u0142ek, popijaj\u0105c pe\u0142n\u0105 szklank\u0105 wody lub soku owocowego, oko\u0142o godzin\u0119 przed oczekiwaniem po\u017c\u0105danych efekt\u00f3w, aby umo\u017cliwi\u0107 prawid\u0142owe wch\u0142anianie. Zacznij od jednej kapsu\u0142ki, je\u015bli dopiero zaczynasz, stopniowo zwi\u0119kszaj\u0105c dawk\u0119 w zale\u017cno\u015bci od reakcji organizmu, aby unikn\u0105\u0107 przyt\u0142aczaj\u0105cych wra\u017ce\u0144. Ten czas jest zgodny z trawieniem, zapewniaj\u0105c stabilne uwalnianie zwi\u0105zk\u00f3w aktywnych w celu uzyskania trwa\u0142ych korzy\u015bci.<\/p>\n<p dir=\"auto\">Kapsu\u0142ki nale\u017cy po\u0142yka\u0107 w ca\u0142o\u015bci, bez \u017cucia, a w razie potrzeby \u0142\u0105czy\u0107 z lekkim posi\u0142kiem, aby zminimalizowa\u0107 \u0142agodne zmiany trawienne. Efekty zwykle narastaj\u0105 stopniowo, zwi\u0119kszaj\u0105c energi\u0119 i pobudzenie, kt\u00f3re mog\u0105 naturalnie wzmacnia\u0107 interakcje.<\/p>\n<p dir=\"auto\">Przechowywa\u0107 w ch\u0142odnym, suchym miejscu z dala od \u015bwiat\u0142a, aby zachowa\u0107 integralno\u015b\u0107. W\u0142\u0105cz go do swojej rutyny z rozwag\u0105, by\u0107 mo\u017ce jako cz\u0119\u015b\u0107 przygotowa\u0144 przed intymno\u015bci\u0105, utrzymuj\u0105c otwart\u0105 komunikacj\u0119 z partnerami.<\/p>\n<p dir=\"auto\">Aby zapewni\u0107 bezpiecze\u0144stwo i skuteczno\u015b\u0107, nale\u017cy zawsze stosowa\u0107 maksymalnie trzy kapsu\u0142ki na jedno u\u017cycie. Nawodnienie wspomaga proces, wzmacniaj\u0105c w\u0142a\u015bciwo\u015bci pobudzaj\u0105ce.<\/p>\n<p dir=\"auto\">Dzi\u0119ki konsekwentnemu i odpowiedzialnemu stosowaniu staje si\u0119 p\u0142ynnym ulepszeniem dla tych, kt\u00f3rzy chc\u0105 podnie\u015b\u0107 swoje do\u015bwiadczenia bez z\u0142o\u017cono\u015bci.<\/p>\n<h2 dir=\"auto\">Sk\u0142adniki MCSX<\/h2>\n<p dir=\"auto\">MCSX zawiera wyselekcjonowane naturalne sk\u0142adniki, z kt\u00f3rych ka\u017cdy przyczynia si\u0119 do jego afrodyzjakalnego i energetyzuj\u0105cego profilu. Witamina PP, znana r\u00f3wnie\u017c jako niacyna, wspomaga funkcje metaboliczne i kr\u0105\u017cenie dla lepszej witalno\u015bci. Ekstrakt z maca, pochodz\u0105cy z peruwia\u0144skiego korzenia, dzia\u0142a jako znany adaptogen, kt\u00f3ry zwi\u0119ksza libido i r\u00f3wnowag\u0119 hormonaln\u0105.<\/p>\n<p dir=\"auto\">Guaranina, naturalny wariant kofeiny z nasion guarany, zapewnia delikatne pobudzenie bez uczucia dr\u017cenia. Chrom pomaga regulowa\u0107 poziom cukru we krwi, zapewniaj\u0105c sta\u0142e uwalnianie energii. 2-Sulfoetyloamina zwi\u0119ksza aktywno\u015b\u0107 neuroprzeka\u017anik\u00f3w, poprawiaj\u0105c nastr\u00f3j.<\/p>\n<p dir=\"auto\">Paullinia cupana, sama ro\u015blina guarany, wzmacnia energetyzuj\u0105cy rdze\u0144 dzi\u0119ki swoim sk\u0142adnikom nasion. L-tyrozyna, aminokwas, wspomaga produkcj\u0119 dopaminy w celu zwi\u0119kszenia przyjemno\u015bci i skupienia.<\/p>\n<p dir=\"auto\">Elementy te wsp\u00f3\u0142dzia\u0142aj\u0105 ze sob\u0105, tworz\u0105c kompleksow\u0105 formu\u0142\u0119, kt\u00f3ra priorytetowo traktuje naturalne \u015bcie\u017cki pobudzenia. Pozyskiwane w spos\u00f3b etyczny, przechodz\u0105 kontrole jako\u015bci pod k\u0105tem czysto\u015bci i si\u0142y dzia\u0142ania.<\/p>\n<p dir=\"auto\">W mieszance unikni\u0119to sztucznych wype\u0142niaczy, co przemawia do u\u017cytkownik\u00f3w dbaj\u0105cych o zdrowie. Ta przejrzysto\u015b\u0107 pozwala na \u015bwiadome w\u0142\u0105czenie do schemat\u00f3w odnowy biologicznej, podkre\u015blaj\u0105c holistyczne korzy\u015bci zamiast pojedynczych efekt\u00f3w.<\/p>\n<p dir=\"auto\"><strong>Ostrze\u017cenie<\/strong> Sprzeda\u017c i stosowanie przez osoby poni\u017cej 18 roku \u017cycia s\u0105 zabronione. Ten suplement diety nie powinien by\u0107 stosowany jako substytut zr\u00f3\u017cnicowanej diety. Przechowywa\u0107 w miejscu niedost\u0119pnym dla dzieci. Nie stosowa\u0107 w po\u0142\u0105czeniu z lekami lub innymi stymulantami, w przypadku wysokiego lub niskiego ci\u015bnienia krwi, chor\u00f3b serca, podczas ci\u0105\u017cy lub karmienia piersi\u0105, zaburze\u0144 tarczycy, chor\u00f3b nerek, depresji, nerwowo\u015bci lub podczas stosowania inhibitor\u00f3w MAO. Nale\u017cy zachowa\u0107 ostro\u017cno\u015b\u0107 w przypadku nadmiernego spo\u017cycia alkoholu. Nie nale\u017cy przekracza\u0107 maksymalnej dawki.<\/p>","protected":false},"excerpt":{"rendered":"<p dir=\"auto\">Uwolnij nami\u0119tno\u015b\u0107 dzi\u0119ki MCSX, zio\u0142owej kapsu\u0142ce afrodyzjakowej opracowanej w celu zwi\u0119kszenia wytrzyma\u0142o\u015bci, energii i zmys\u0142owych wibracji. Idealny dla os\u00f3b poszukuj\u0105cych naturalnego sposobu na podkr\u0119cenie intymnych chwil, suplement ten zapewnia erotyczny szum, kt\u00f3ry wzmacnia wi\u0119\u017a i wytrzyma\u0142o\u015b\u0107, zapewniaj\u0105c niezapomniane wra\u017cenia.<\/p>","protected":false},"featured_media":12887,"template":"","meta":[],"product_brand":[],"product_cat":[576,297,531,529,513,525,573,383,476],"product_tag":[],"class_list":{"0":"post-2029","1":"product","2":"type-product","3":"status-publish","4":"has-post-thumbnail","6":"product_cat-sex-products-for-couples","7":"product_cat-all-products","8":"product_cat-aphrodisiacs","9":"product_cat-hpa","10":"product_cat-party","11":"product_cat-party-pills","12":"product_cat-sex-products-top-10","13":"product_cat-sex-shop","14":"product_cat-smartshop","15":"product_shipping_class-not-allowed-group-1","17":"first","18":"instock","19":"taxable","20":"shipping-taxable","21":"purchasable","22":"product-type-variable","23":"has-default-attributes"},"_links":{"self":[{"href":"https:\/\/www.tatanka.nl\/pl\/wp-json\/wp\/v2\/product\/2029","targetHints":{"allow":["GET"]}}],"collection":[{"href":"https:\/\/www.tatanka.nl\/pl\/wp-json\/wp\/v2\/product"}],"about":[{"href":"https:\/\/www.tatanka.nl\/pl\/wp-json\/wp\/v2\/types\/product"}],"wp:featuredmedia":[{"embeddable":true,"href":"https:\/\/www.tatanka.nl\/pl\/wp-json\/wp\/v2\/media\/12887"}],"wp:attachment":[{"href":"https:\/\/www.tatanka.nl\/pl\/wp-json\/wp\/v2\/media?parent=2029"}],"wp:term":[{"taxonomy":"product_brand","embeddable":true,"href":"https:\/\/www.tatanka.nl\/pl\/wp-json\/wp\/v2\/product_brand?post=2029"},{"taxonomy":"product_cat","embeddable":true,"href":"https:\/\/www.tatanka.nl\/pl\/wp-json\/wp\/v2\/product_cat?post=2029"},{"taxonomy":"product_tag","embeddable":true,"href":"https:\/\/www.tatanka.nl\/pl\/wp-json\/wp\/v2\/product_tag?post=2029"}],"curies":[{"name":"wp","href":"https:\/\/api.w.org\/{rel}","templated":true}]}}