{"id":2138,"date":"2017-10-03T15:13:46","date_gmt":"2017-10-03T15:13:46","guid":{"rendered":"http:\/\/www.tatanka.nl\/?post_type=product&#038;p=2138"},"modified":"2026-04-21T08:13:36","modified_gmt":"2026-04-21T07:13:36","slug":"speed-party-shot-royal-c","status":"publish","type":"product","link":"https:\/\/www.tatanka.nl\/pl\/speed-party-shot-royal-c\/","title":{"rendered":"Speed party shot - Royal C"},"content":{"rendered":"<h2 dir=\"auto\">Czym jest Royal C<\/h2>\n<p dir=\"auto\">Royal C to innowacyjny suplement zio\u0142owy zaprojektowany jako p\u0142ynny shooter, kt\u00f3ry pobudza cia\u0142o i umys\u0142 intensywn\u0105 energi\u0105. Stworzony z wybranych naturalnych ekstrakt\u00f3w i sk\u0142adnik\u00f3w od\u017cywczych, ma na celu odtworzenie dreszczyku emocji zwi\u0105zanych z wysokimi doznaniami energetycznymi w bezpieczny i legalny spos\u00f3b. U\u017cytkownicy zazwyczaj odczuwaj\u0105 silne doznania energetyczne wkr\u00f3tce po spo\u017cyciu, dzi\u0119ki czemu nadaje si\u0119 na wyj\u015bcia towarzyskie lub wymagaj\u0105ce aktywno\u015bci, w kt\u00f3rych po\u017c\u0105dany jest trwa\u0142y wigor. P\u0142ynny format zapewnia szybkie wch\u0142anianie przez organizm, co prowadzi do szybszego dzia\u0142ania w por\u00f3wnaniu z formami tabletek. Produkt ten koncentruje si\u0119 na stymulowaniu wytrzyma\u0142o\u015bci fizycznej i czujno\u015bci umys\u0142owej bez polegania na sztucznych dodatkach. Wiele os\u00f3b zg\u0142asza zwi\u0119kszone poczucie motywacji i euforii, co pozwala im w pe\u0142ni zaanga\u017cowa\u0107 si\u0119 w uroczysto\u015bci lub treningi. Jako cz\u0119\u015b\u0107 szerszej linii zio\u0142owych ulepsze\u0144, k\u0142adzie nacisk na naturalne \u015bcie\u017cki poprawy nastroju i wydajno\u015bci. Kompaktowa butelka o pojemno\u015bci 15 ml zapewnia wygod\u0119 stosowania w podr\u00f3\u017cy, idealnie wpasowuj\u0105c si\u0119 w nowoczesny styl \u017cycia. Og\u00f3lnie rzecz bior\u0105c, Royal C stanowi opcj\u0119 dla os\u00f3b poszukuj\u0105cych silnego, zio\u0142owego \u015brodka energetyzuj\u0105cego, kt\u00f3ry wspomaga d\u0142ugotrwa\u0142\u0105 aktywno\u015b\u0107 bez typowych wad syntetycznych stymulant\u00f3w.<\/p>\n<p dir=\"auto\">Jego formu\u0142a czerpie z tradycji wellness, zawieraj\u0105c elementy, kt\u00f3re promuj\u0105 wydajno\u015b\u0107 metaboliczn\u0105 i zdrowie uk\u0142adu kr\u0105\u017cenia. Skutkuje to czystym, skoncentrowanym brz\u0119czeniem, kt\u00f3re zwi\u0119ksza towarzysko\u015b\u0107 i motywacj\u0119. Niezale\u017cnie od tego, czy chodzi o taniec przez ca\u0142\u0105 noc, czy o si\u0142\u0119 w ci\u0105gu pracowitego dnia, zapewnia niezawodne wsparcie. Efekty buduj\u0105 si\u0119 stopniowo, osi\u0105gaj\u0105c szczyt, aby bezpiecznie zapewni\u0107 po\u017c\u0105dan\u0105 intensywno\u015b\u0107. Entuzja\u015bci doceniaj\u0105 jego wszechstronno\u015b\u0107, poniewa\u017c mo\u017cna go dostosowa\u0107 do indywidualnych poziom\u00f3w tolerancji dla optymalnej przyjemno\u015bci.<\/p>\n<h2 dir=\"auto\">Historia Royal C<\/h2>\n<p dir=\"auto\">Rozw\u00f3j Royal C wynika z ewolucji naturalnych suplement\u00f3w energetycznych w bran\u017cy wellness pod koniec lat 90. i na pocz\u0105tku XXI wieku. W miar\u0119 jak konsumenci zacz\u0119li obawia\u0107 si\u0119 produkt\u00f3w obci\u0105\u017conych chemikaliami, wzros\u0142o zapotrzebowanie na alternatywy pochodzenia ro\u015blinnego, kt\u00f3re mog\u0142yby zaoferowa\u0107 podobne efekty pobudzaj\u0105ce. Innowatorzy w dziedzinie zio\u0142olecznictwa zacz\u0119li \u0142\u0105czy\u0107 tradycyjne ro\u015bliny z nowoczesnymi metodami ekstrakcji, aby stworzy\u0107 silne p\u0142ynne formu\u0142y. Royal C narodzi\u0142 si\u0119 z tego trendu, udoskonalony przez lata bada\u0144, aby wykorzysta\u0107 moc sk\u0142adnik\u00f3w takich jak zielona herbata i tauryna w celu zapewnienia trwa\u0142ej energii. W 2010 roku post\u0119py w technikach biodost\u0119pno\u015bci pozwoli\u0142y na szybsze dzia\u0142anie shooter\u00f3w, pozycjonuj\u0105c ten produkt jako lidera na rynku. Czerpie on inspiracj\u0119 ze staro\u017cytnych praktyk, w kt\u00f3rych zio\u0142a by\u0142y u\u017cywane do zwi\u0119kszenia wytrzyma\u0142o\u015bci podczas rytua\u0142\u00f3w lub pracoch\u0142onnych zada\u0144. Z biegiem czasu, testy u\u017cytkownik\u00f3w i p\u0119tle informacji zwrotnych zoptymalizowa\u0142y jego sk\u0142ad, zapewniaj\u0105c sp\u00f3jno\u015b\u0107 i skuteczno\u015b\u0107. Rozw\u00f3j kultury nocnego \u017cycia dodatkowo zwi\u0119kszy\u0142 jego popularno\u015b\u0107, poniewa\u017c ludzie szukali legalnych sposob\u00f3w na wzmocnienie swoich do\u015bwiadcze\u0144 bez ryzyka. Dzi\u015b nadal si\u0119 dostosowuje, wykorzystuj\u0105c spostrze\u017cenia z bada\u0144 \u017cywieniowych dotycz\u0105cych aminokwas\u00f3w i przeciwutleniaczy. Ta historia podkre\u015bla zaanga\u017cowanie w \u0142\u0105czenie dziedzictwa z innowacjami, dzi\u0119ki czemu Royal C jest zaufanym wyborem dla os\u00f3b poszukuj\u0105cych energii na ca\u0142ym \u015bwiecie.<\/p>\n<p dir=\"auto\">Jego podr\u00f3\u017c odzwierciedla szersze zmiany w kierunku holistycznego zdrowia, gdzie zr\u00f3wnowa\u017cony rozw\u00f3j i czysto\u015b\u0107 sta\u0142y si\u0119 priorytetami. Wczesne prototypy koncentrowa\u0142y si\u0119 na podstawowych stymulantach, ale iteracje doda\u0142y zwi\u0105zki wspieraj\u0105ce nastr\u00f3j, aby uzyska\u0107 dobrze zaokr\u0105glony profil. Wraz z zaostrzeniem przepis\u00f3w dotycz\u0105cych suplement\u00f3w, formu\u0142a zosta\u0142a dostosowana do standard\u00f3w bezpiecze\u0144stwa przy jednoczesnym zachowaniu si\u0142y dzia\u0142ania. Entuzja\u015bci z r\u00f3\u017cnych \u015brodowisk przyczynili si\u0119 do jego historii, dziel\u0105c si\u0119 opowie\u015bciami o ulepszonych przygodach.<\/p>\n<h2 dir=\"auto\">Jak stosowa\u0107 Royal C<\/h2>\n<p dir=\"auto\">Aby zmaksymalizowa\u0107 korzy\u015bci Royal C, nale\u017cy zacz\u0105\u0107 od dok\u0142adnego wstrz\u0105\u015bni\u0119cia butelk\u0105, a\u017c wszystkie osady ca\u0142kowicie si\u0119 rozpuszcz\u0105, gwarantuj\u0105c r\u00f3wnomierne rozprowadzenie aktywnych sk\u0142adnik\u00f3w. Spo\u017cywa\u0107 oko\u0142o godzin\u0119 po posi\u0142ku, aby zwi\u0119kszy\u0107 wch\u0142anianie i zmniejszy\u0107 wszelkie zak\u0142\u00f3cenia trawienia. Nowi u\u017cytkownicy powinni zacz\u0105\u0107 od po\u0142owy dawki - oko\u0142o 5 ml - aby oceni\u0107 osobist\u0105 wra\u017cliwo\u015b\u0107 i stopniowo budowa\u0107 zaufanie. Wlej p\u0142yn bezpo\u015brednio pod j\u0119zyk w celu podj\u0119zykowego wch\u0142aniania lub po\u0142knij go bezpo\u015brednio, a nast\u0119pnie popij pe\u0142n\u0105 szklank\u0105 wody, aby utrzyma\u0107 nawodnienie i wspom\u00f3c przetwarzanie przez organizm. Efekty zwykle pojawiaj\u0105 si\u0119 w kr\u00f3tkim czasie, nasilaj\u0105c si\u0119, aby zapewni\u0107 dynamiczn\u0105 energi\u0119 nawet przez cztery godziny. Aby uzyska\u0107 delikatny efekt, wybierz mniej ni\u017c 5 ml; solidne doznania zapewnia ponad 10 ml, a dla maksymalnej intensywno\u015bci, celuj w 10 do 15 ml. Zawsze monitoruj swoj\u0105 reakcj\u0119 i unikaj przekraczania zalece\u0144, aby utrzyma\u0107 skuteczno\u015b\u0107 w czasie. Przechowywa\u0107 w ch\u0142odnym miejscu, aby zachowa\u0107 \u015bwie\u017co\u015b\u0107. Ta metoda pozwala na integracj\u0119 z wieczorn\u0105 rutyn\u0105 lub przygotowaniami przed aktywno\u015bci\u0105, wspieraj\u0105c szczytow\u0105 wydajno\u015b\u0107. Nawodnienie pozostaje kluczem do uzupe\u0142nienia w\u0142a\u015bciwo\u015bci energetyzuj\u0105cych.<\/p>\n<p dir=\"auto\">Po\u0142\u0105czenie go z lekkimi \u0107wiczeniami lub muzyk\u0105 mo\u017ce wzmocni\u0107 doznania, zmieniaj\u0105c zwyk\u0142e chwile w ekscytuj\u0105ce. Pami\u0119taj, \u017ce konsekwencja w czasie pomaga w osi\u0105gni\u0119ciu przewidywalnych rezultat\u00f3w. Dzi\u0119ki uwa\u017cnemu stosowaniu staje si\u0119 niezb\u0119dnym narz\u0119dziem dla tych, kt\u00f3rzy prowadz\u0105 dynamiczny tryb \u017cycia.<\/p>\n<h2 dir=\"auto\">Sk\u0142adniki Royal C<\/h2>\n<p dir=\"auto\">Royal C zawiera starannie dobrany zestaw naturalnych sk\u0142adnik\u00f3w, z kt\u00f3rych ka\u017cdy przyczynia si\u0119 do jego energetyzuj\u0105cej sprawno\u015bci. Kofeina w dawce 150 mg s\u0142u\u017cy jako g\u0142\u00f3wny \u015brodek pobudzaj\u0105cy czujno\u015b\u0107. Niacyna (75 mg) wspomaga metabolizm energetyczny i zdrowie naczy\u0144 krwiono\u015bnych. Potas w dawce 212 mg pomaga regulowa\u0107 r\u00f3wnowag\u0119 p\u0142yn\u00f3w podczas wysi\u0142ku. DL-fenyloalanina w dawce 100 mg wspomaga funkcje neuroprzeka\u017anik\u00f3w, poprawiaj\u0105c nastr\u00f3j. Citrus Aurantium z synefryn\u0105 99% w dawce 27 mg wspomaga mobilizacj\u0119 t\u0142uszczu i witalno\u015b\u0107. Dekstroza w dawce 750 mg dostarcza glukoz\u0119 w celu szybkiego uzupe\u0142nienia energii. Aromat jab\u0142kowy w dawce 50 mg dodaje przyjemnego profilu smakowego. Gliceryna w dawce 1 mg zapewnia g\u0142adk\u0105 konsystencj\u0119. Tauryna w dawce 100 mg zwi\u0119ksza wytrzyma\u0142o\u015b\u0107 i regeneracj\u0119. Ekstrakt z zielonej herbaty, 100 mg, zapewnia przeciwutleniacze i \u0142agodne pobudzenie. L-arginina, 100 mg, zwi\u0119ksza poziom tlenku azotu, poprawiaj\u0105c kr\u0105\u017cenie. L-tryptofan w dawce 100 mg wp\u0142ywa na poziom serotoniny, zapewniaj\u0105c zr\u00f3wnowa\u017cone samopoczucie. Cynk w dawce 10 mg wzmacnia odporno\u015b\u0107. Elementy te wsp\u00f3\u0142dzia\u0142aj\u0105, tworz\u0105c kompleksow\u0105 formu\u0142\u0119, kt\u00f3ra holistycznie zasila organizm.<\/p>\n<p dir=\"auto\">Pozyskiwane w odpowiedzialny spos\u00f3b, przechodz\u0105 kontrol\u0119 jako\u015bci pod k\u0105tem czysto\u015bci. Ta mieszanka minimalizuje dr\u017cenie, jednocze\u015bnie maksymalizuj\u0105c wydajno\u015b\u0107, co jest atrakcyjne dla os\u00f3b aktywnych. W\u0142\u0105czenie aminokwas\u00f3w, takich jak arginina i tryptofan, wyr\u00f3\u017cnia j\u0105, oferuj\u0105c co\u015b wi\u0119cej ni\u017c tylko kofein\u0119.<\/p>\n<p dir=\"auto\"><strong>Ostrze\u017cenie<\/strong> Sprzeda\u017c i u\u017cytkowanie przez osoby poni\u017cej 18 roku \u017cycia s\u0105 zabronione. Przechowywa\u0107 w miejscu niedost\u0119pnym dla dzieci. Nie stosowa\u0107 w przypadku wysokiego lub niskiego ci\u015bnienia krwi, chor\u00f3b serca lub p\u0142uc, cukrzycy, ci\u0105\u017cy, przyjmowania lek\u00f3w, narkotyk\u00f3w lub alkoholu.<\/p>","protected":false},"excerpt":{"rendered":"<p dir=\"auto\">Odkryj energetyzuj\u0105cy zastrzyk Royal C, p\u0142ynnego zio\u0142owego shootera opracowanego w celu zapewnienia pot\u0119\u017cnego przyp\u0142ywu witalno\u015bci i wytrzyma\u0142o\u015bci. Ten naturalny ekstrakt zapewnia efekty, kt\u00f3re mog\u0105 trwa\u0107 do czterech godzin, idealny do wzmocnienia nocnego \u017cycia lub aktywnych zaj\u0119\u0107 dzi\u0119ki szybko wch\u0142aniaj\u0105cej si\u0119 formule na bazie ro\u015blin.<\/p>","protected":false},"featured_media":126478,"template":"","meta":[],"product_brand":[],"product_cat":[476,297,385,731],"product_tag":[],"class_list":{"0":"post-2138","1":"product","2":"type-product","3":"status-publish","4":"has-post-thumbnail","6":"product_cat-smartshop","7":"product_cat-all-products","8":"product_cat-buy-xtc","9":"product_cat-party-shots","10":"product_shipping_class-not-allowed-group-1","12":"first","13":"instock","14":"taxable","15":"shipping-taxable","16":"purchasable","17":"product-type-variable","18":"has-default-attributes"},"_links":{"self":[{"href":"https:\/\/www.tatanka.nl\/pl\/wp-json\/wp\/v2\/product\/2138","targetHints":{"allow":["GET"]}}],"collection":[{"href":"https:\/\/www.tatanka.nl\/pl\/wp-json\/wp\/v2\/product"}],"about":[{"href":"https:\/\/www.tatanka.nl\/pl\/wp-json\/wp\/v2\/types\/product"}],"wp:featuredmedia":[{"embeddable":true,"href":"https:\/\/www.tatanka.nl\/pl\/wp-json\/wp\/v2\/media\/126478"}],"wp:attachment":[{"href":"https:\/\/www.tatanka.nl\/pl\/wp-json\/wp\/v2\/media?parent=2138"}],"wp:term":[{"taxonomy":"product_brand","embeddable":true,"href":"https:\/\/www.tatanka.nl\/pl\/wp-json\/wp\/v2\/product_brand?post=2138"},{"taxonomy":"product_cat","embeddable":true,"href":"https:\/\/www.tatanka.nl\/pl\/wp-json\/wp\/v2\/product_cat?post=2138"},{"taxonomy":"product_tag","embeddable":true,"href":"https:\/\/www.tatanka.nl\/pl\/wp-json\/wp\/v2\/product_tag?post=2138"}],"curies":[{"name":"wp","href":"https:\/\/api.w.org\/{rel}","templated":true}]}}