{"id":21391,"date":"2019-01-02T13:03:58","date_gmt":"2019-01-02T13:03:58","guid":{"rendered":"https:\/\/www.tatanka.nl\/?post_type=product&#038;p=21391"},"modified":"2025-05-20T10:16:29","modified_gmt":"2025-05-20T09:16:29","slug":"aphrodite-mix-sex-herbs","status":"publish","type":"product","link":"https:\/\/www.tatanka.nl\/pl\/aphrodite-mix-sex-herbs\/","title":{"rendered":"Aphrodite Mix \u2013 Sex herbs"},"content":{"rendered":"<h2>Co to jest Aphrodite Mix?<\/h2>\n<p>Aphrodite Mix od Indian Elements to wyj\u0105tkowa mieszanka zio\u0142owa, kt\u00f3ra \u0142\u0105czy w sobie pi\u0119\u0107 starannie dobranych sk\u0142adnik\u00f3w: Damiana, Czerwon\u0105 Koniczyn\u0119, Mi\u0119t\u0119, Nagietek i Kwiat Pomara\u0144czy. Zio\u0142a te znane s\u0105 ze swoich stymuluj\u0105cych i koj\u0105cych w\u0142a\u015bciwo\u015bci, dzi\u0119ki czemu mieszanka jest idealna dla os\u00f3b poszukuj\u0105cych naturalnego sposobu na popraw\u0119 \u017cycia intymnego. Mieszanka zosta\u0142a opracowana specjalnie w celu poprawy sprawno\u015bci seksualnej, poprawy nastroju oraz promowania poczucia euforii i relaksu. G\u0142\u00f3wny sk\u0142adnik, Damiana, jest szczeg\u00f3lnie znany ze swoich afrodyzjakalnych w\u0142a\u015bciwo\u015bci, kt\u00f3re od wiek\u00f3w by\u0142y wykorzystywane do zwi\u0119kszania libido i pobudzania po\u017c\u0105dania.<\/p>\n<p>Aphrodite Mix \u0142\u0105czy w sobie r\u00f3\u017cnorodne smaki i zapachy, kt\u00f3re s\u0105 zar\u00f3wno orze\u017awiaj\u0105ce, jak i uspokajaj\u0105ce. Czerwona koniczyna i kwiat pomara\u0144czy oferuj\u0105 subteln\u0105 kwiatow\u0105 nut\u0119, podczas gdy mi\u0119ta dodaje orze\u017awiaj\u0105cego ch\u0142odu. Nagietek pomaga wzmocni\u0107 og\u00f3lne doznania relaksacyjne, podczas gdy Damiana zapewnia najsilniejsze korzy\u015bci afrodyzjakalne. Niezale\u017cnie od tego, czy chcesz urozmaici\u0107 sw\u00f3j wiecz\u00f3r, czy zwi\u0119kszy\u0107 libido, Aphrodite Mix oferuje naturalne i skuteczne rozwi\u0105zanie.<\/p>\n<h2>Historia Aphrodite Mix<\/h2>\n<p>Nazwa \"Aphrodite Mix\" czerpie inspiracj\u0119 od staro\u017cytnej greckiej bogini mi\u0142o\u015bci, pi\u0119kna i seksualno\u015bci - Afrodyty. W czasach staro\u017cytnych ludzie sk\u0142adali ho\u0142dy bogini w nadziei na popraw\u0119 swojego \u017cycia mi\u0142osnego lub wzmocnienie wi\u0119zi fizycznych. Zio\u0142a u\u017cyte w tej mieszance maj\u0105 g\u0142\u0119bokie znaczenie historyczne w tradycyjnej medycynie zio\u0142owej. Na przyk\u0142ad Damiana by\u0142a u\u017cywana od tysi\u0119cy lat, zw\u0142aszcza w Ameryce \u015arodkowej i Po\u0142udniowej, jako naturalny afrodyzjak. Uwa\u017cano, \u017ce zwi\u0119ksza po\u017c\u0105danie seksualne i poprawia og\u00f3ln\u0105 energi\u0119.<\/p>\n<p>Podobnie, czerwona koniczyna i kwiat pomara\u0144czy od dawna wykorzystywane s\u0105 ze wzgl\u0119du na swoje uspokajaj\u0105ce i zmys\u0142owe w\u0142a\u015bciwo\u015bci, co czyni je powszechnymi sk\u0142adnikami eliksir\u00f3w mi\u0142osnych na przestrzeni dziej\u00f3w. Mi\u0119ta jest r\u00f3wnie\u017c symbolem orze\u017awienia i witalno\u015bci, cz\u0119sto stosowanym w celu zwi\u0119kszenia dozna\u0144 zmys\u0142owych. Z biegiem czasu zio\u0142a te zosta\u0142y docenione za ich zdolno\u015b\u0107 do synergicznego dzia\u0142ania, tworz\u0105c mieszank\u0119, kt\u00f3ra wzmacnia doznania intymne i sprzyja relaksowi.<\/p>\n<p>Dzi\u015b Aphrodite Mix kontynuuje te staro\u017cytne tradycje, zapewniaj\u0105c nowoczesny spos\u00f3b na popraw\u0119 libido i wzmocnienie intymnych dozna\u0144 w naturalny, holistyczny spos\u00f3b.<\/p>\n<h2>Jak stosowa\u0107 Aphrodite Mix<\/h2>\n<p>Aby w pe\u0142ni cieszy\u0107 si\u0119 korzy\u015bciami p\u0142yn\u0105cymi ze stosowania mieszanki Aphrodite Mix, zaleca si\u0119 zaparzenie fili\u017canki mocnej herbaty. Wystarczy zaparzy\u0107 jeden gram mieszanki zi\u00f3\u0142 w gor\u0105cej wodzie przez oko\u0142o 5-10 minut, pozwalaj\u0105c zio\u0142om na zaparzenie i uwolnienie ich pe\u0142nych w\u0142a\u015bciwo\u015bci aromatycznych i terapeutycznych. Rezultatem jest aromatyczna i orze\u017awiaj\u0105ca herbata, kt\u00f3ra pobudza zmys\u0142y i sprzyja relaksacji.<\/p>\n<p>Aby uzyska\u0107 najlepsze wra\u017cenia, zaleca si\u0119 dzielenie si\u0119 herbat\u0105 z partnerem lub przyjaci\u00f3\u0142mi, poniewa\u017c zosta\u0142a ona zaprojektowana w celu zwi\u0119kszenia interakcji spo\u0142ecznych i stworzenia euforycznego nastroju. Zdolno\u015b\u0107 mieszanki do stymulowania libido i promowania \u0142agodnego efektu \"haju\" mo\u017ce prowadzi\u0107 do niezapomnianego i nami\u0119tnego wieczoru.<\/p>\n<p>Wa\u017cne jest, aby stosowa\u0107 Aphrodite Mix z umiarem. Jeden gram dziennie to zalecana porcja, poniewa\u017c nadmierne spo\u017cycie mo\u017ce prowadzi\u0107 do obezw\u0142adniaj\u0105cego efektu. Aby utrzyma\u0107 moc mieszanki, najlepiej spo\u017cywa\u0107 j\u0105 przy specjalnych okazjach, wzmacniaj\u0105c atmosfer\u0119 intymnych i ekscytuj\u0105cych dozna\u0144.<\/p>\n<h2>Sk\u0142adniki Aphrodite Mix<\/h2>\n<p>Aphrodite Mix sk\u0142ada si\u0119 z pi\u0119ciu ca\u0142kowicie naturalnych sk\u0142adnik\u00f3w, kt\u00f3re wsp\u00f3\u0142pracuj\u0105 ze sob\u0105, tworz\u0105c euforyczny, uspokajaj\u0105cy i zwi\u0119kszaj\u0105cy libido efekt. Sk\u0142adniki te obejmuj\u0105 Damiana, czerwon\u0105 koniczyn\u0119, mi\u0119t\u0119, nagietek i kwiat pomara\u0144czy. Damiana jest g\u0142\u00f3wnym sk\u0142adnikiem, znanym ze swoich silnych w\u0142a\u015bciwo\u015bci afrodyzjakalnych. Jest ona stosowana od wiek\u00f3w w celu zwi\u0119kszenia po\u017c\u0105dania seksualnego i wywo\u0142ania poczucia euforii.<\/p>\n<p>Czerwona koniczyna jest dodawana ze wzgl\u0119du na jej \u0142agodne, uspokajaj\u0105ce w\u0142a\u015bciwo\u015bci i zdolno\u015b\u0107 do wspierania og\u00f3lnego stanu zdrowia. Mi\u0119ta zapewnia od\u015bwie\u017caj\u0105cy, orze\u017awiaj\u0105cy dotyk, pomagaj\u0105c pobudzi\u0107 zmys\u0142y i zwi\u0119kszy\u0107 przyjemno\u015b\u0107. Nagietek jest znany ze swoich koj\u0105cych i relaksuj\u0105cych w\u0142a\u015bciwo\u015bci, pomagaj\u0105c wzmocni\u0107 og\u00f3lne doznania. Wreszcie, kwiat pomara\u0144czy wnosi s\u0142odki kwiatowy zapach, kt\u00f3ry dodaje mieszance zmys\u0142owego i uspokajaj\u0105cego dzia\u0142ania.<\/p>\n<p>Ta naturalna i wega\u0144ska mieszanka 100% jest wolna od sztucznych dodatk\u00f3w, dzi\u0119ki czemu jest bezpieczn\u0105 i zdrow\u0105 opcj\u0105 dla os\u00f3b poszukuj\u0105cych naturalnego, holistycznego sposobu na popraw\u0119 \u017cycia intymnego i popraw\u0119 nastroju.<\/p>\n<p><strong>Ostrze\u017cenie:<\/strong><\/p>\n<p>Nie stosowa\u0107 u os\u00f3b poni\u017cej 18 roku \u017cycia. Przechowywa\u0107 w miejscu niedost\u0119pnym dla dzieci. Nie zaleca si\u0119 stosowania przez osoby z problemami z nerkami lub sercem, wysokim lub niskim ci\u015bnieniem krwi, cukrzyc\u0105 lub osoby przyjmuj\u0105ce leki, alkohol lub narkotyki. Ten produkt nie jest lekiem i nie powinien by\u0107 stosowany jako taki. Jest to suplement diety i powinien by\u0107 odpowiednio stosowany. Nie kupowa\u0107, je\u015bli plomba jest uszkodzona.<\/p>","protected":false},"excerpt":{"rendered":"<p>Aphrodite Mix by Indian Elements to pot\u0119\u017cna mieszanka zi\u00f3\u0142 zaprojektowana w celu zwi\u0119kszenia dozna\u0144 intymnych i pobudzenia zmys\u0142\u00f3w. Wykonana z po\u0142\u0105czenia Damiany, Czerwonej Koniczyny, Mi\u0119ty, Nagietka i Kwiatu Pomara\u0144czy, mieszanka ta zosta\u0142a starannie opracowana, aby wspiera\u0107 libido, promowa\u0107 relaks i wywo\u0142ywa\u0107 euforyczny, podnosz\u0105cy na duchu efekt. Idealna na ekscytuj\u0105cy i nami\u0119tny wiecz\u00f3r, oferuje naturalny spos\u00f3b na zwi\u0119kszenie libido i popraw\u0119 og\u00f3lnego nastroju.<\/p>","protected":false},"featured_media":125944,"template":"","meta":[],"product_brand":[],"product_cat":[597,297,531,576,383,476],"product_tag":[],"class_list":{"0":"post-21391","1":"product","2":"type-product","3":"status-publish","4":"has-post-thumbnail","6":"product_cat-indian-elements","7":"product_cat-all-products","8":"product_cat-aphrodisiacs","9":"product_cat-sex-products-for-couples","10":"product_cat-sex-shop","11":"product_cat-smartshop","13":"first","14":"instock","15":"taxable","16":"shipping-taxable","17":"purchasable","18":"product-type-variable"},"_links":{"self":[{"href":"https:\/\/www.tatanka.nl\/pl\/wp-json\/wp\/v2\/product\/21391","targetHints":{"allow":["GET"]}}],"collection":[{"href":"https:\/\/www.tatanka.nl\/pl\/wp-json\/wp\/v2\/product"}],"about":[{"href":"https:\/\/www.tatanka.nl\/pl\/wp-json\/wp\/v2\/types\/product"}],"wp:featuredmedia":[{"embeddable":true,"href":"https:\/\/www.tatanka.nl\/pl\/wp-json\/wp\/v2\/media\/125944"}],"wp:attachment":[{"href":"https:\/\/www.tatanka.nl\/pl\/wp-json\/wp\/v2\/media?parent=21391"}],"wp:term":[{"taxonomy":"product_brand","embeddable":true,"href":"https:\/\/www.tatanka.nl\/pl\/wp-json\/wp\/v2\/product_brand?post=21391"},{"taxonomy":"product_cat","embeddable":true,"href":"https:\/\/www.tatanka.nl\/pl\/wp-json\/wp\/v2\/product_cat?post=21391"},{"taxonomy":"product_tag","embeddable":true,"href":"https:\/\/www.tatanka.nl\/pl\/wp-json\/wp\/v2\/product_tag?post=21391"}],"curies":[{"name":"wp","href":"https:\/\/api.w.org\/{rel}","templated":true}]}}