{"id":21406,"date":"2019-01-02T14:38:15","date_gmt":"2019-01-02T14:38:15","guid":{"rendered":"https:\/\/www.tatanka.nl\/?post_type=product&#038;p=21406"},"modified":"2025-05-20T10:16:21","modified_gmt":"2025-05-20T09:16:21","slug":"relax-mix-herbs","status":"publish","type":"product","link":"https:\/\/www.tatanka.nl\/pl\/relax-mix-herbs\/","title":{"rendered":"Relax Mix Herbs"},"content":{"rendered":"<h2>Co to jest Relax Mix?<\/h2>\n<p>Mieszanka Relax od Indian Elements to specjalnie opracowana mieszanka zi\u00f3\u0142, kt\u00f3ra pomaga si\u0119 zrelaksowa\u0107 i odpr\u0119\u017cy\u0107. \u0141\u0105czy w sobie trzy koj\u0105ce zio\u0142a: Passion Flower (Passiflora Incarnata), Sweet Woodruff (Asperula Odorata) i Catmint (Nepeta Cataria). Zio\u0142a te znane s\u0105 ze swoich w\u0142a\u015bciwo\u015bci uspokajaj\u0105cych, zar\u00f3wno pojedynczo, jak i w po\u0142\u0105czeniu. Stosowane razem tworz\u0105 pot\u0119\u017cn\u0105 formu\u0142\u0119, kt\u00f3ra promuje spok\u00f3j psychiczny i relaks, dzi\u0119ki czemu jest idealnym dodatkiem do rutynowej piel\u0119gnacji, szczeg\u00f3lnie po stresuj\u0105cym dniu. Opr\u00f3cz wspomagania relaksu, mieszanka ta jest powszechnie stosowana w celu poprawy snu i zdrowia uk\u0142adu trawiennego.<\/p>\n<p>Niezale\u017cnie od tego, czy chcesz poprawi\u0107 swoj\u0105 wieczorn\u0105 rutyn\u0119, czy zmniejszy\u0107 poziom stresu, mieszanka Relax oferuje naturalne rozwi\u0105zanie. Ta 50-gramowa mieszanka jest idealna dla os\u00f3b poszukuj\u0105cych koj\u0105cego, zio\u0142owego \u015brodka \u0142agodz\u0105cego niepok\u00f3j i poprawiaj\u0105cego samopoczucie. \u0141atwa w przygotowaniu, mo\u017ce by\u0107 u\u017cywana do przygotowania uspokajaj\u0105cej herbaty lub w\u0142\u0105czenia jej do swoich praktyk wellness w celu uzyskania maksymalnych korzy\u015bci.<\/p>\n<h2>Historia mieszanki Relax<\/h2>\n<p>Pocz\u0105tki mieszanki Relax le\u017c\u0105 w d\u0142ugiej historii zio\u0142owych \u015brodk\u00f3w leczniczych, kt\u00f3re by\u0142y stosowane w r\u00f3\u017cnych kulturach w celu promowania relaksu i zdrowia. Passion Flower, Sweet Woodruff i Catmint by\u0142y wykorzystywane przez wieki ze wzgl\u0119du na swoje w\u0142a\u015bciwo\u015bci terapeutyczne. Passion Flower, na przyk\u0142ad, by\u0142 u\u017cywany przez plemiona rdzennych Amerykan\u00f3w do \u0142agodzenia niepokoju i wywo\u0142ywania snu. Podobnie, Catmint, znany z \u0142agodnego dzia\u0142ania uspokajaj\u0105cego, ma bogat\u0105 tradycj\u0119 zar\u00f3wno w zio\u0142olecznictwie europejskim, jak i p\u00f3\u0142nocnoameryka\u0144skim. S\u0142odka Woodruff, r\u00f3wnie\u017c znana ze swoich w\u0142a\u015bciwo\u015bci uspokajaj\u0105cych, by\u0142a podstaw\u0105 europejskich praktyk zielarskich od czas\u00f3w \u015bredniowiecza.<\/p>\n<p>Zio\u0142a te zosta\u0142y wybrane nie tylko ze wzgl\u0119du na ich indywidualne korzy\u015bci, ale tak\u017ce ze wzgl\u0119du na ich synergi\u0119 w po\u0142\u0105czeniu. Z czasem mieszanka ta przekszta\u0142ci\u0142a si\u0119 w oferowan\u0105 obecnie mieszank\u0119 Relax, koncentruj\u0105c\u0105 si\u0119 na naturalnym i \u0142agodnym relaksie. W miar\u0119 jak coraz wi\u0119cej os\u00f3b zwraca si\u0119 ku ro\u015blinnym rozwi\u0105zaniom zapewniaj\u0105cym dobre samopoczucie, mieszanka Relax zyska\u0142a popularno\u015b\u0107 dzi\u0119ki swojej zdolno\u015bci do promowania psychicznego i fizycznego spokoju bez polegania na substancjach syntetycznych.<\/p>\n<h2>Jak u\u017cywa\u0107 Relax Mix<\/h2>\n<p>Mieszanka Relax Mix by Indian Elements mo\u017ce by\u0107 u\u017cywana na kilka sposob\u00f3w, aby promowa\u0107 relaks i spok\u00f3j umys\u0142u. Najpopularniejsz\u0105 metod\u0105 jest zaparzenie koj\u0105cej herbaty. Wystarczy zaparzy\u0107 jeden gram mieszanki zi\u00f3\u0142 w gor\u0105cej wodzie przez 5-10 minut i cieszy\u0107 si\u0119 uspokajaj\u0105cymi efektami. Jest to idealny spos\u00f3b na relaks przed snem lub po m\u0119cz\u0105cym dniu, aby pom\u00f3c zmniejszy\u0107 stres.<\/p>\n<p>Opr\u00f3cz herbaty, mieszank\u0119 Relax mo\u017cna r\u00f3wnie\u017c dodawa\u0107 do k\u0105pieli lub stosowa\u0107 jako ok\u0142ad do miejscowego odpr\u0119\u017cenia. Zio\u0142a zawarte w mieszance mog\u0105 by\u0107 r\u00f3wnie\u017c stosowane w aromaterapii, gdzie ich koj\u0105cy zapach pomaga wywo\u0142a\u0107 poczucie spokoju. Nale\u017cy pami\u0119ta\u0107, \u017ce mieszank\u0119 Relax nale\u017cy spo\u017cywa\u0107 z umiarem - zalecana dawka to jeden gram dziennie. Regularne stosowanie mo\u017ce zwi\u0119kszy\u0107 korzy\u015bci, ale nadmierne spo\u017cycie mo\u017ce prowadzi\u0107 do niepo\u017c\u0105danych skutk\u00f3w ubocznych.<\/p>\n<h2>Sk\u0142adniki mieszanki Relax<\/h2>\n<p>Mieszanka Relax sk\u0142ada si\u0119 z trzech ca\u0142kowicie naturalnych sk\u0142adnik\u00f3w ro\u015blinnych: Asperula Odorata (Sweet Woodruff), Nepeta Cataria (Catmint) i Passiflora Incarnata (Passion Flower). Ka\u017cdy z tych sk\u0142adnik\u00f3w ma sw\u00f3j w\u0142asny zestaw w\u0142a\u015bciwo\u015bci terapeutycznych. Passion Flower jest znany ze swojej zdolno\u015bci do uspokajania umys\u0142u, zmniejszania niepokoju i promowania snu. Jest on od dawna stosowany w medycynie tradycyjnej w leczeniu bezsenno\u015bci i stresu.<\/p>\n<p>Catmint, cz\u0142onek rodziny mi\u0119towatych, s\u0142ynie z uspokajaj\u0105cego dzia\u0142ania zar\u00f3wno na ludzi, jak i zwierz\u0119ta domowe. Wiadomo, \u017ce \u0142agodzi stres i przynosi ulg\u0119 w \u0142agodnych stanach l\u0119kowych. S\u0142odka Woodruff, cz\u0119sto stosowana w Europie od wiek\u00f3w, ma \u0142agodne w\u0142a\u015bciwo\u015bci uspokajaj\u0105ce i mo\u017ce pom\u00f3c z\u0142agodzi\u0107 napi\u0119cie i wspom\u00f3c relaksacj\u0119. W po\u0142\u0105czeniu te trzy zio\u0142a tworz\u0105 pot\u0119\u017cn\u0105 mieszank\u0119, kt\u00f3ra zapewnia naturaln\u0105 ulg\u0119 w stresie, niepokoju i bezsenno\u015bci.<\/p>\n<p>Ta mieszanka zio\u0142owa nie zawiera THC i jest 100% naturalna, wega\u0144ska i wolna od jakichkolwiek sztucznych dodatk\u00f3w, dzi\u0119ki czemu jest bezpieczn\u0105 i zdrow\u0105 opcj\u0105 dla os\u00f3b poszukuj\u0105cych naturalnego sposobu na relaks.<\/p>\n<p><strong>Ostrze\u017cenie:<\/strong><\/p>\n<p>Nie stosowa\u0107 u os\u00f3b poni\u017cej 18 roku \u017cycia. Przechowywa\u0107 w miejscu niedost\u0119pnym dla dzieci. Nie zaleca si\u0119 stosowania u os\u00f3b z problemami z nerkami lub sercem, wysokim lub niskim ci\u015bnieniem krwi, cukrzyc\u0105 lub przyjmuj\u0105cych leki, alkohol lub narkotyki. Zio\u0142o to nie jest lekiem i nie powinno by\u0107 stosowane jako lek. Jest to suplement diety i powinien by\u0107 odpowiednio przyjmowany. Nie kupowa\u0107, je\u015bli plomba jest uszkodzona.<\/p>","protected":false},"excerpt":{"rendered":"<p>Relax Mix by Indian Elements to uspokajaj\u0105ca mieszanka zio\u0142owa, kt\u00f3ra sprzyja relaksacji i wyciszeniu. Zawieraj\u0105ca trzy silne zio\u0142a - Passion Flower, Catmint i Sweet Woodruff - mieszanka ta jest idealna do \u0142agodzenia stresu i wspomagania spokojnego snu. Naturalne w\u0142a\u015bciwo\u015bci uspokajaj\u0105ce tych zi\u00f3\u0142 mog\u0105 pom\u00f3c w zapewnieniu spokoju i relaksu, szczeg\u00f3lnie w przypadku uczucia przyt\u0142oczenia. Mo\u017cna j\u0105 spo\u017cywa\u0107 w r\u00f3\u017cnych formach, takich jak koj\u0105ca herbata zio\u0142owa.<\/p>","protected":false},"featured_media":125941,"template":"","meta":[],"product_brand":[],"product_cat":[597,297,477,510,511,476],"product_tag":[],"class_list":{"0":"post-21406","1":"product","2":"type-product","3":"status-publish","4":"has-post-thumbnail","6":"product_cat-indian-elements","7":"product_cat-all-products","8":"product_cat-herbs","9":"product_cat-relax","10":"product_cat-relax-herbs","11":"product_cat-smartshop","13":"first","14":"instock","15":"taxable","16":"shipping-taxable","17":"purchasable","18":"product-type-variable"},"_links":{"self":[{"href":"https:\/\/www.tatanka.nl\/pl\/wp-json\/wp\/v2\/product\/21406","targetHints":{"allow":["GET"]}}],"collection":[{"href":"https:\/\/www.tatanka.nl\/pl\/wp-json\/wp\/v2\/product"}],"about":[{"href":"https:\/\/www.tatanka.nl\/pl\/wp-json\/wp\/v2\/types\/product"}],"wp:featuredmedia":[{"embeddable":true,"href":"https:\/\/www.tatanka.nl\/pl\/wp-json\/wp\/v2\/media\/125941"}],"wp:attachment":[{"href":"https:\/\/www.tatanka.nl\/pl\/wp-json\/wp\/v2\/media?parent=21406"}],"wp:term":[{"taxonomy":"product_brand","embeddable":true,"href":"https:\/\/www.tatanka.nl\/pl\/wp-json\/wp\/v2\/product_brand?post=21406"},{"taxonomy":"product_cat","embeddable":true,"href":"https:\/\/www.tatanka.nl\/pl\/wp-json\/wp\/v2\/product_cat?post=21406"},{"taxonomy":"product_tag","embeddable":true,"href":"https:\/\/www.tatanka.nl\/pl\/wp-json\/wp\/v2\/product_tag?post=21406"}],"curies":[{"name":"wp","href":"https:\/\/api.w.org\/{rel}","templated":true}]}}