{"id":21612,"date":"2016-01-22T19:15:57","date_gmt":"2016-01-22T17:15:57","guid":{"rendered":"https:\/\/www.tatanka.nl\/?post_type=product&#038;p=21612"},"modified":"2025-08-29T10:25:37","modified_gmt":"2025-08-29T09:25:37","slug":"cbd-crystals-99-hempcare","status":"publish","type":"product","link":"https:\/\/www.tatanka.nl\/pl\/cbd-crystals-99-hempcare\/","title":{"rendered":"CBD Crystals 99% - Hempcare"},"content":{"rendered":"<h2>CBD Crystals 99% - Hempcare<\/h2>\n<p>Hemp Care CBD Crystals pochodzi z konopi uprawianych w Holandii i jest ekstrahowany przy u\u017cyciu procesu ekstrakcji SuperCritical CO2 w celu zapewnienia czysto\u015bci i czysto\u015bci. Brak sk\u0142adnik\u00f3w GMO. Do uprawy nie u\u017cyto pestycyd\u00f3w.<\/p>\n<p>Istnieje wiele sposob\u00f3w korzystania z Hemp Care CBD Crystals. Niewielkie ilo\u015bci kryszta\u0142k\u00f3w mo\u017cna spo\u017cywa\u0107 bezpo\u015brednio pod j\u0119zyk. Mo\u017cna je r\u00f3wnie\u017c dodawa\u0107 do innych produkt\u00f3w, takich jak napoje, jedzenie, waporyzacja lub palenie!<\/p>\n<p>Konsystencja drobnych kryszta\u0142k\u00f3w Hemp Care CBD 99% sprawia, \u017ce niezwykle \u0142atwo doda\u0107 je do diety kannabinoidowej jako sk\u0142adnik. Kryszta\u0142ki mo\u017cna r\u00f3wnie\u017c dodawa\u0107 do dab\u00f3w lub innych produkt\u00f3w, kt\u00f3rych ju\u017c u\u017cywasz!<\/p>","protected":false},"excerpt":{"rendered":"<p>Hempcare Crystals to 99% czysty produkt CBD (kannabidiol), kryszta\u0142y zawieraj\u0105 99% CBD i 0% THC. Jest wytwarzany z organicznej ekstrakcji konopi i krystalizowany przy u\u017cyciu najbardziej zaawansowanej techniki separacji, aby zagwarantowa\u0107 czysto\u015b\u0107 CBD 99%.<\/p>","protected":false},"featured_media":126586,"template":"","meta":[],"product_brand":[],"product_cat":[601,297,542,371,483],"product_tag":[],"class_list":{"0":"post-21612","1":"product","2":"type-product","3":"status-publish","4":"has-post-thumbnail","6":"product_cat-hempcare","7":"product_cat-all-products","8":"product_cat-cbd-crystals","9":"product_cat-cbd-top-10","10":"product_cat-cbdshop","12":"first","13":"instock","14":"taxable","15":"shipping-taxable","16":"purchasable","17":"product-type-simple"},"_links":{"self":[{"href":"https:\/\/www.tatanka.nl\/pl\/wp-json\/wp\/v2\/product\/21612","targetHints":{"allow":["GET"]}}],"collection":[{"href":"https:\/\/www.tatanka.nl\/pl\/wp-json\/wp\/v2\/product"}],"about":[{"href":"https:\/\/www.tatanka.nl\/pl\/wp-json\/wp\/v2\/types\/product"}],"wp:featuredmedia":[{"embeddable":true,"href":"https:\/\/www.tatanka.nl\/pl\/wp-json\/wp\/v2\/media\/126586"}],"wp:attachment":[{"href":"https:\/\/www.tatanka.nl\/pl\/wp-json\/wp\/v2\/media?parent=21612"}],"wp:term":[{"taxonomy":"product_brand","embeddable":true,"href":"https:\/\/www.tatanka.nl\/pl\/wp-json\/wp\/v2\/product_brand?post=21612"},{"taxonomy":"product_cat","embeddable":true,"href":"https:\/\/www.tatanka.nl\/pl\/wp-json\/wp\/v2\/product_cat?post=21612"},{"taxonomy":"product_tag","embeddable":true,"href":"https:\/\/www.tatanka.nl\/pl\/wp-json\/wp\/v2\/product_tag?post=21612"}],"curies":[{"name":"wp","href":"https:\/\/api.w.org\/{rel}","templated":true}]}}