{"id":2247,"date":"2017-10-06T13:24:50","date_gmt":"2017-10-06T13:24:50","guid":{"rendered":"http:\/\/www.tatanka.nl\/?post_type=product&#038;p=2247"},"modified":"2025-05-20T11:15:48","modified_gmt":"2025-05-20T10:15:48","slug":"kanna-extract-10x-1-gram-energy-powder-party","status":"publish","type":"product","link":"https:\/\/www.tatanka.nl\/pl\/kanna-extract-10x-1-gram-energy-powder-party\/","title":{"rendered":"Kanna Ekstrakt 10x"},"content":{"rendered":"<h2 class=\"\" data-start=\"149\" data-end=\"166\">Co to jest Kanna?<\/h2>\n<p class=\"\" data-start=\"168\" data-end=\"552\">Kanna (<em data-start=\"175\" data-end=\"196\">Sceletium tortuosum<\/em>) to po\u0142udniowoafryka\u0144ska ro\u015blina znana ze swoich naturalnych w\u0142a\u015bciwo\u015bci uspokajaj\u0105cych i poprawiaj\u0105cych nastr\u00f3j. Tradycyjnie stosowana przez rdzenne plemiona, Kanna by\u0142a \u017cuta w celu z\u0142agodzenia stresu, poprawy nastroju i skupienia. W dzisiejszych czasach Kanna jest dost\u0119pny w r\u00f3\u017cnych formach, w tym <strong data-start=\"463\" data-end=\"478\">Ekstrakt 10x<\/strong>Jest to silniejsza wersja, kt\u00f3ra zapewnia bardziej zauwa\u017calne efekty w mniejszych dawkach.<\/p>\n<p class=\"\" data-start=\"554\" data-end=\"818\">Ro\u015blina ta wchodzi w interakcj\u0119 z uk\u0142adem serotoninowym m\u00f3zgu, promuj\u0105c relaksacj\u0119, jasno\u015b\u0107 umys\u0142u i \u0142agodne poczucie euforii - bez wywo\u0142ywania halucynacji. W rezultacie Kanna jest popularnym wyborem dla os\u00f3b poszukuj\u0105cych bezpiecznego, naturalnego sposobu na wsparcie dobrego samopoczucia emocjonalnego.<\/p>\n<h2 class=\"\" data-start=\"825\" data-end=\"844\">Historia Kanna<\/h2>\n<p class=\"\" data-start=\"846\" data-end=\"1111\">Stosowanie Kanna si\u0119ga wiek\u00f3w wstecz do rdzennych mieszka\u0144c\u00f3w Khoisan w Afryce Po\u0142udniowej, kt\u00f3rzy u\u017cywali tej ro\u015bliny zar\u00f3wno w celach leczniczych, jak i spo\u0142ecznych. \u017buli lub fermentowali li\u015bcie, aby cieszy\u0107 si\u0119 ich uspokajaj\u0105cym i podnosz\u0105cym na duchu dzia\u0142aniem, cz\u0119sto wykorzystuj\u0105c je w rytua\u0142ach spo\u0142ecznych i leczniczych.<\/p>\n<p class=\"\" data-start=\"1113\" data-end=\"1520\">Pod koniec XIX wieku holenderscy odkrywcy i botanicy badaj\u0105cy ten region zwr\u00f3cili uwag\u0119 na dzia\u0142anie Kanna i sprowadzili go z powrotem do Europy. Wraz ze wzrostem zainteresowania, naukowcy wyizolowali aktywne zwi\u0105zki ro\u015bliny i opracowali skoncentrowane formy, takie jak <strong data-start=\"1351\" data-end=\"1366\">Ekstrakt 10x<\/strong>dzi\u0119ki czemu jest \u0142atwiej dost\u0119pny i stosowany na ca\u0142ym \u015bwiecie. Obecnie Kanna nadal zyskuje popularno\u015b\u0107 jako wszechstronny suplement zio\u0142owy zakorzeniony w bogatej historii kultury.<\/p>\n<h2 class=\"\" data-start=\"1527\" data-end=\"1546\">Jak korzysta\u0107 z Kanna<\/h2>\n<p class=\"\" data-start=\"1548\" data-end=\"1743\">The <strong data-start=\"1552\" data-end=\"1567\">Ekstrakt 10x<\/strong> Kanna oferuje silne doznania, dlatego wa\u017cne jest, aby u\u017cywa\u0107 go ostro\u017cnie. Istnieje kilka metod konsumpcji, z kt\u00f3rych ka\u017cda oferuje nieco inny czas dzia\u0142ania i efekty:<\/p>\n<ul data-start=\"1745\" data-end=\"2205\">\n<li class=\"\" data-start=\"1745\" data-end=\"1863\">\n<p class=\"\" data-start=\"1747\" data-end=\"1863\"><strong data-start=\"1747\" data-end=\"1758\">\u017bucie<\/strong>: Tradycyjne podej\u015bcie - \u017cucie suszonych li\u015bci lub sproszkowanego ekstraktu zapewnia powolne wch\u0142anianie i sta\u0142y efekt.<\/p>\n<\/li>\n<li class=\"\" data-start=\"1864\" data-end=\"1997\">\n<p class=\"\" data-start=\"1866\" data-end=\"1997\"><strong data-start=\"1866\" data-end=\"1873\">Herbata<\/strong>: Parzenie Kanna jako herbaty zapewnia stopniowe, d\u0142ugotrwa\u0142e rezultaty. Typowa dawka ekstraktu 10x wynosi od <strong data-start=\"1982\" data-end=\"1996\">200-300 mg<\/strong>.<\/p>\n<\/li>\n<li class=\"\" data-start=\"1998\" data-end=\"2096\">\n<p class=\"\" data-start=\"2000\" data-end=\"2096\"><strong data-start=\"2000\" data-end=\"2012\">Snuffing<\/strong>: Wdychanie drobno zmielonego proszku powoduje szybszy pocz\u0105tek i bardziej natychmiastowe efekty.<\/p>\n<\/li>\n<li class=\"\" data-start=\"2097\" data-end=\"2205\">\n<p class=\"\" data-start=\"2099\" data-end=\"2205\"><strong data-start=\"2099\" data-end=\"2113\">Podj\u0119zykowo<\/strong>: Umieszczenie ekstraktu Kanna pod j\u0119zykiem pozwala na szybkie wch\u0142anianie i skuteczne dostarczanie.<\/p>\n<\/li>\n<\/ul>\n<p class=\"\" data-start=\"2207\" data-end=\"2388\">Zacznij od <strong data-start=\"2220\" data-end=\"2234\">ma\u0142a dawka<\/strong> i stopniowo dostosowywa\u0107, aby znale\u017a\u0107 ilo\u015b\u0107, kt\u00f3ra odpowiada Twoim potrzebom. Poniewa\u017c ekstrakt jest wysoce skoncentrowany, niewielkie ilo\u015bci mog\u0105 przynie\u015b\u0107 znacz\u0105ce efekty.<\/p>\n<h2 class=\"\" data-start=\"2395\" data-end=\"2425\">Sk\u0142adniki aktywne w Kanna<\/h2>\n<p class=\"\" data-start=\"2427\" data-end=\"2560\">Kanna zawdzi\u0119cza swoje dzia\u0142anie grupie <strong data-start=\"2464\" data-end=\"2477\">alkaloidy<\/strong> kt\u00f3re wp\u0142ywaj\u0105 na uk\u0142ad serotoninowy m\u00f3zgu. Do najbardziej znanych zwi\u0105zk\u00f3w nale\u017c\u0105:<\/p>\n<ul data-start=\"2562\" data-end=\"2763\">\n<li class=\"\" data-start=\"2562\" data-end=\"2629\">\n<p class=\"\" data-start=\"2564\" data-end=\"2629\"><strong data-start=\"2564\" data-end=\"2578\">Mesembrine<\/strong>: Naturalny wzmacniacz nastroju o dzia\u0142aniu przeciwl\u0119kowym.<\/p>\n<\/li>\n<li class=\"\" data-start=\"2630\" data-end=\"2695\">\n<p class=\"\" data-start=\"2632\" data-end=\"2695\"><strong data-start=\"2632\" data-end=\"2648\">Mesembrenon<\/strong>: Wspomaga \u0142agodzenie stresu i jasno\u015b\u0107 poznawcz\u0105.<\/p>\n<\/li>\n<li class=\"\" data-start=\"2696\" data-end=\"2763\">\n<p class=\"\" data-start=\"2698\" data-end=\"2763\"><strong data-start=\"2698\" data-end=\"2713\">Mesembrenol<\/strong>: Przyczynia si\u0119 do relaksu i r\u00f3wnowagi emocjonalnej.<\/p>\n<\/li>\n<\/ul>\n<p class=\"\" data-start=\"2765\" data-end=\"3047\">Alkaloidy te wsp\u00f3\u0142pracuj\u0105 ze sob\u0105, zapewniaj\u0105c uspokajaj\u0105ce, a jednocze\u015bnie skoncentrowane doznania. The <strong data-start=\"2844\" data-end=\"2859\">Ekstrakt 10x<\/strong> zawiera skoncentrowan\u0105 dawk\u0119 tych korzystnych zwi\u0105zk\u00f3w, oferuj\u0105c pot\u0119\u017cn\u0105 i naturaln\u0105 alternatyw\u0119 dla os\u00f3b poszukuj\u0105cych wsparcia emocjonalnego, redukcji stresu i zwi\u0119kszonej jasno\u015bci umys\u0142u.<\/p>\n<p data-start=\"3054\" data-end=\"3085\"><strong>Wa\u017cne informacje dotycz\u0105ce bezpiecze\u0144stwa<\/strong><\/p>\n<p class=\"\" data-start=\"3087\" data-end=\"3223\">Chocia\u017c Kanna jest og\u00f3lnie dobrze tolerowany, nale\u017cy go stosowa\u0107 ostro\u017cnie - zw\u0142aszcza w jego <strong data-start=\"3177\" data-end=\"3192\">Ekstrakt 10x<\/strong> forma. Kluczowe \u015brodki ostro\u017cno\u015bci obejmuj\u0105:<\/p>\n<ul data-start=\"3225\" data-end=\"3564\">\n<li class=\"\" data-start=\"3225\" data-end=\"3355\">\n<p class=\"\" data-start=\"3227\" data-end=\"3355\"><strong data-start=\"3227\" data-end=\"3270\">Unika\u0107 \u0142\u0105czenia Kanna z SSRI, MAOI<\/strong>lub jakichkolwiek lek\u00f3w wp\u0142ywaj\u0105cych na serotonin\u0119, poniewa\u017c mo\u017ce to prowadzi\u0107 do powa\u017cnych interakcji.<\/p>\n<\/li>\n<li class=\"\" data-start=\"3356\" data-end=\"3407\">\n<p class=\"\" data-start=\"3358\" data-end=\"3407\"><strong data-start=\"3358\" data-end=\"3407\">Nie stosowa\u0107 w okresie ci\u0105\u017cy i karmienia piersi\u0105.<\/strong><\/p>\n<\/li>\n<li class=\"\" data-start=\"3408\" data-end=\"3564\">\n<p class=\"\" data-start=\"3410\" data-end=\"3564\">Zawsze <strong data-start=\"3417\" data-end=\"3450\">skonsultowa\u0107 si\u0119 z lekarzem<\/strong> przed rozpocz\u0119ciem stosowania jakiegokolwiek nowego suplementu, zw\u0142aszcza je\u015bli cierpisz na schorzenia lub przyjmujesz leki.<\/p>\n<\/li>\n<\/ul>\n<p class=\"\" data-start=\"3566\" data-end=\"3675\">Zaczynaj\u0105c od niskiej dawki i stosuj\u0105c Kanna odpowiedzialnie, u\u017cytkownicy mog\u0105 cieszy\u0107 si\u0119 jego korzy\u015bciami bezpiecznie i skutecznie.<\/p>","protected":false},"excerpt":{"rendered":"<p><span style=\"font-size: 100%;\"><span style=\"color: #000000; font-size: 100%;\">Kanna Ekstrakt 10x z suszonej ro\u015bliny Sceletium tortuosum to tradycyjny po\u0142udniowoafryka\u0144ski \u015brodek zio\u0142owy stosowany w celu poprawy nastroju i zmniejszenia uczucia stresu i niepokoju. <\/span><\/span><\/p>\n<p><span style=\"font-size: 100%;\"><span style=\"color: #000000; font-size: 100%;\">Staniesz si\u0119 bardziej energiczny, euforyczny, towarzyski i wra\u017cliwy na dotyk. Zawiera <\/span><span style=\"color: #000000;\">1 Gram.<\/span><br \/>\n<\/span><\/p>","protected":false},"featured_media":126909,"template":"","meta":[],"product_brand":[],"product_cat":[600,297,512,508,476],"product_tag":[],"class_list":{"0":"post-2247","1":"product","2":"type-product","3":"status-publish","4":"has-post-thumbnail","6":"product_cat-mcmystic","7":"product_cat-all-products","8":"product_cat-extracts","9":"product_cat-kanna","10":"product_cat-smartshop","12":"first","13":"instock","14":"taxable","15":"shipping-taxable","16":"purchasable","17":"product-type-simple"},"_links":{"self":[{"href":"https:\/\/www.tatanka.nl\/pl\/wp-json\/wp\/v2\/product\/2247","targetHints":{"allow":["GET"]}}],"collection":[{"href":"https:\/\/www.tatanka.nl\/pl\/wp-json\/wp\/v2\/product"}],"about":[{"href":"https:\/\/www.tatanka.nl\/pl\/wp-json\/wp\/v2\/types\/product"}],"wp:featuredmedia":[{"embeddable":true,"href":"https:\/\/www.tatanka.nl\/pl\/wp-json\/wp\/v2\/media\/126909"}],"wp:attachment":[{"href":"https:\/\/www.tatanka.nl\/pl\/wp-json\/wp\/v2\/media?parent=2247"}],"wp:term":[{"taxonomy":"product_brand","embeddable":true,"href":"https:\/\/www.tatanka.nl\/pl\/wp-json\/wp\/v2\/product_brand?post=2247"},{"taxonomy":"product_cat","embeddable":true,"href":"https:\/\/www.tatanka.nl\/pl\/wp-json\/wp\/v2\/product_cat?post=2247"},{"taxonomy":"product_tag","embeddable":true,"href":"https:\/\/www.tatanka.nl\/pl\/wp-json\/wp\/v2\/product_tag?post=2247"}],"curies":[{"name":"wp","href":"https:\/\/api.w.org\/{rel}","templated":true}]}}