{"id":2248,"date":"2017-10-06T13:34:21","date_gmt":"2017-10-06T13:34:21","guid":{"rendered":"http:\/\/www.tatanka.nl\/?post_type=product&#038;p=2248"},"modified":"2025-05-20T11:15:38","modified_gmt":"2025-05-20T10:15:38","slug":"kanna-extract-20x-powder-energy-party","status":"publish","type":"product","link":"https:\/\/www.tatanka.nl\/pl\/kanna-extract-20x-powder-energy-party\/","title":{"rendered":"Kanna Ekstrakt 20x"},"content":{"rendered":"<h2 class=\"\" data-start=\"109\" data-end=\"126\">Co to jest Kanna?<\/h2>\n<p class=\"\" data-start=\"128\" data-end=\"594\">Kanna (<em data-start=\"135\" data-end=\"156\">Sceletium tortuosum<\/em>) to naturalny ekstrakt ro\u015blinny znany ze swoich w\u0142a\u015bciwo\u015bci stymuluj\u0105cych, uspokajaj\u0105cych i poprawiaj\u0105cych nastr\u00f3j. Pochodz\u0105cy z Afryki Po\u0142udniowej Kanna by\u0142 u\u017cywany przez wieki przez rdzennych mieszka\u0144c\u00f3w, kt\u00f3rzy \u017culi li\u015bcie, aby poprawi\u0107 jasno\u015b\u0107 umys\u0142u, zmniejszy\u0107 stres i podnie\u015b\u0107 nastr\u00f3j. Obecnie jest ona dost\u0119pna w r\u00f3\u017cnych nowoczesnych formach, w tym w postaci skoncentrowanych ekstrakt\u00f3w, takich jak <strong data-start=\"503\" data-end=\"518\">Wersja 20x<\/strong>kt\u00f3ry jest oko\u0142o 20 razy silniejszy ni\u017c tradycyjny susz ro\u015blinny.<\/p>\n<p class=\"\" data-start=\"596\" data-end=\"898\">Kanna jest ceniony za swoj\u0105 zdolno\u015b\u0107 do promowania dobrego samopoczucia, zmniejszania niepokoju, wspierania poziomu energii, a nawet zwi\u0119kszania libido. Jego rosn\u0105ca popularno\u015b\u0107 wynika z jego skuteczno\u015bci jako naturalnego \u015brodka wspomagaj\u0105cego r\u00f3wnowag\u0119 emocjonaln\u0105 i fizyczn\u0105 - oferuj\u0105c niehalucynogenn\u0105, ale zauwa\u017caln\u0105 popraw\u0119 nastroju i skupienia.<\/p>\n<h2 class=\"\" data-start=\"905\" data-end=\"928\">Historia Kanna<\/h2>\n<p class=\"\" data-start=\"930\" data-end=\"1185\">Tradycyjne zastosowanie Kanna si\u0119ga wiek\u00f3w wstecz w Afryce Po\u0142udniowej, gdzie by\u0142 zaufanym lekarstwem w\u015br\u00f3d rdzennych plemion. Pod koniec XIX wieku holenderscy botanicy udokumentowali ro\u015blin\u0119 i przywie\u017ali j\u0105 do Europy, gdzie jej dzia\u0142anie zyska\u0142o zainteresowanie naukowc\u00f3w.<\/p>\n<p class=\"\" data-start=\"1187\" data-end=\"1521\">W miar\u0119 rozwoju bada\u0144, Kanna zosta\u0142 udoskonalony do bardziej skoncentrowanych form, takich jak nowoczesny <strong data-start=\"1274\" data-end=\"1289\">Ekstrakt 20x<\/strong>kt\u00f3ry zapewnia szybsze i intensywniejsze dzia\u0142anie ro\u015bliny. Podczas gdy korzenie Kanna s\u0105 g\u0142\u0119boko kulturowe, jego globalny wzrost popularno\u015bci wprowadzi\u0142 to staro\u017cytne lekarstwo do szerszego grona odbiorc\u00f3w poszukuj\u0105cych naturalnych alternatyw dla dobrego samopoczucia.<\/p>\n<h2 class=\"\" data-start=\"1528\" data-end=\"1547\">Jak korzysta\u0107 z Kanna<\/h2>\n<p class=\"\" data-start=\"1549\" data-end=\"1730\">Wszechstronno\u015b\u0107 modelu Kanna sprawia, \u017ce jest on dost\u0119pny dla szerokiego grona u\u017cytkownik\u00f3w. <strong data-start=\"1623\" data-end=\"1638\">Ekstrakt 20x<\/strong> zapewnia silniejsze doznania w mniejszych dawkach. Popularne metody konsumpcji obejmuj\u0105:<\/p>\n<ul data-start=\"1732\" data-end=\"2126\">\n<li class=\"\" data-start=\"1732\" data-end=\"1872\">\n<p class=\"\" data-start=\"1734\" data-end=\"1872\"><strong data-start=\"1734\" data-end=\"1741\">Herbata<\/strong>: Powszechn\u0105 metod\u0105 jest zaparzanie ekstraktu w herbacie. Dawka pocz\u0105tkowa oko\u0142o <strong data-start=\"1818\" data-end=\"1828\">150 mg<\/strong> Zazwyczaj zapewnia \u0142agodny, energetyzuj\u0105cy spok\u00f3j.<\/p>\n<\/li>\n<li class=\"\" data-start=\"1873\" data-end=\"1995\">\n<p class=\"\" data-start=\"1875\" data-end=\"1995\"><strong data-start=\"1875\" data-end=\"1886\">\u017bucie<\/strong>: Ta tradycyjna metoda oferuje stopniowy pocz\u0105tek i jest odpowiednia dla os\u00f3b poszukuj\u0105cych bardziej autentycznego do\u015bwiadczenia.<\/p>\n<\/li>\n<li class=\"\" data-start=\"1996\" data-end=\"2126\">\n<p class=\"\" data-start=\"1998\" data-end=\"2126\"><strong data-start=\"1998\" data-end=\"2021\">Capsules lub proszki<\/strong>: Dla wygody Kanna mo\u017cna r\u00f3wnie\u017c przyjmowa\u0107 w postaci kapsu\u0142ek lub miesza\u0107 z koktajlami lub innymi substancjami.<\/p>\n<\/li>\n<\/ul>\n<p class=\"\" data-start=\"2128\" data-end=\"2398\">Poniewa\u017c ekstrakt 20x jest wysoce skoncentrowany, pocz\u0105tkuj\u0105cy powinni <strong data-start=\"2193\" data-end=\"2218\">zacz\u0105\u0107 od niskiej dawki<\/strong> i powoli zwi\u0119ksza\u0107 w razie potrzeby. Kanna nie powoduje halucynacji, dzi\u0119ki czemu jest odpowiedni dla u\u017cytkownik\u00f3w poszukuj\u0105cych \u0142agodnej zmiany nastroju, skupienia i relaksu bez efekt\u00f3w psychodelicznych.<\/p>\n<h2 class=\"\" data-start=\"2405\" data-end=\"2435\">Sk\u0142adniki aktywne w Kanna<\/h2>\n<p class=\"\" data-start=\"2437\" data-end=\"2522\">Efekty dzia\u0142ania Kanna w du\u017cej mierze wynikaj\u0105 z jego unikalnej mieszanki <strong data-start=\"2497\" data-end=\"2510\">alkaloidy<\/strong>, w tym:<\/p>\n<ul data-start=\"2524\" data-end=\"2746\">\n<li class=\"\" data-start=\"2524\" data-end=\"2606\">\n<p class=\"\" data-start=\"2526\" data-end=\"2606\"><strong data-start=\"2526\" data-end=\"2540\">Mesembrine<\/strong>: Dzia\u0142a jak naturalny SSRI, pomagaj\u0105c poprawi\u0107 nastr\u00f3j i zmniejszy\u0107 niepok\u00f3j.<\/p>\n<\/li>\n<li class=\"\" data-start=\"2607\" data-end=\"2668\">\n<p class=\"\" data-start=\"2609\" data-end=\"2668\"><strong data-start=\"2609\" data-end=\"2625\">Mesembrenon<\/strong>: Przyczynia si\u0119 do wyciszenia i skupienia umys\u0142u.<\/p>\n<\/li>\n<li class=\"\" data-start=\"2669\" data-end=\"2746\">\n<p class=\"\" data-start=\"2671\" data-end=\"2746\"><strong data-start=\"2671\" data-end=\"2687\">Tortuozamina<\/strong>: Uwa\u017ca si\u0119, \u017ce wspiera zar\u00f3wno dobre samopoczucie emocjonalne, jak i libido.<\/p>\n<\/li>\n<\/ul>\n<p class=\"\" data-start=\"2748\" data-end=\"3044\">Zwi\u0105zki te oddzia\u0142uj\u0105 na m\u00f3zg <strong data-start=\"2790\" data-end=\"2824\">uk\u0142ady serotoniny i dopaminy<\/strong>, poprawiaj\u0105c nastr\u00f3j, zwi\u0119kszaj\u0105c energi\u0119 i promuj\u0105c wewn\u0119trzny spok\u00f3j. The <strong data-start=\"2892\" data-end=\"2907\">Ekstrakt 20x<\/strong> wzmacnia te korzy\u015bci poprzez koncentracj\u0119 aktywnych alkaloid\u00f3w, zapewniaj\u0105c szybsze i silniejsze efekty ni\u017c standardowy susz Kanna.<\/p>\n<p data-start=\"3051\" data-end=\"3076\"><strong>Bezpiecze\u0144stwo i \u015brodki ostro\u017cno\u015bci<\/strong><\/p>\n<p class=\"\" data-start=\"3078\" data-end=\"3261\">Ze wzgl\u0119du na jego si\u0142\u0119 dzia\u0142ania, szczeg\u00f3lnie w formie ekstraktu, wa\u017cne jest, aby podchodzi\u0107 do Kanna ostro\u017cnie. Zacznij od <strong data-start=\"3184\" data-end=\"3198\">ma\u0142a dawka<\/strong> aby oceni\u0107 reakcj\u0119 organizmu i stopniowo dostosowywa\u0107 si\u0119 do potrzeb.<\/p>\n<p class=\"\" data-start=\"3263\" data-end=\"3561\">Kanna jest og\u00f3lnie dobrze tolerowany, ale jego si\u0142a dzia\u0142ania mo\u017ce si\u0119 r\u00f3\u017cni\u0107 w zale\u017cno\u015bci od osoby. Nale\u017cy zawsze monitorowa\u0107 swoje samopoczucie i unika\u0107 \u0142\u0105czenia Kanna z lekami wp\u0142ywaj\u0105cymi na poziom serotoniny, takimi jak leki przeciwdepresyjne. Je\u015bli jeste\u015b w ci\u0105\u017cy, karmisz piersi\u0105 lub przyjmujesz leki, przed u\u017cyciem skonsultuj si\u0119 z lekarzem.<\/p>","protected":false},"excerpt":{"rendered":"<p><span style=\"font-size: 100%; color: #333333;\"><span style=\"color: #000000;\">Ekstrakt Kanna 20x w proszku jest wytwarzany z po\u0142udniowoafryka\u0144skiej ro\u015bliny Sceletium tortuosum. Kanna 20x jest dwukrotnie silniejszy ni\u017c Kanna 10x. <\/span><\/span><\/p>\n<p><span style=\"font-size: 100%; color: #333333;\"><span style=\"color: #000000;\">Kanna daje ekscytuj\u0105ce, energiczne, szcz\u0119\u015bliwe i relaksuj\u0105ce uczucia w tym samym czasie, zmniejsza l\u0119ki i poprawia nastr\u00f3j. Zawiera 1 gram.<\/span><br \/>\n<\/span><\/p>","protected":false},"featured_media":126908,"template":"","meta":[],"product_brand":[],"product_cat":[600,297,512,508,476],"product_tag":[],"class_list":{"0":"post-2248","1":"product","2":"type-product","3":"status-publish","4":"has-post-thumbnail","6":"product_cat-mcmystic","7":"product_cat-all-products","8":"product_cat-extracts","9":"product_cat-kanna","10":"product_cat-smartshop","12":"first","13":"instock","14":"taxable","15":"shipping-taxable","16":"purchasable","17":"product-type-simple"},"_links":{"self":[{"href":"https:\/\/www.tatanka.nl\/pl\/wp-json\/wp\/v2\/product\/2248","targetHints":{"allow":["GET"]}}],"collection":[{"href":"https:\/\/www.tatanka.nl\/pl\/wp-json\/wp\/v2\/product"}],"about":[{"href":"https:\/\/www.tatanka.nl\/pl\/wp-json\/wp\/v2\/types\/product"}],"wp:featuredmedia":[{"embeddable":true,"href":"https:\/\/www.tatanka.nl\/pl\/wp-json\/wp\/v2\/media\/126908"}],"wp:attachment":[{"href":"https:\/\/www.tatanka.nl\/pl\/wp-json\/wp\/v2\/media?parent=2248"}],"wp:term":[{"taxonomy":"product_brand","embeddable":true,"href":"https:\/\/www.tatanka.nl\/pl\/wp-json\/wp\/v2\/product_brand?post=2248"},{"taxonomy":"product_cat","embeddable":true,"href":"https:\/\/www.tatanka.nl\/pl\/wp-json\/wp\/v2\/product_cat?post=2248"},{"taxonomy":"product_tag","embeddable":true,"href":"https:\/\/www.tatanka.nl\/pl\/wp-json\/wp\/v2\/product_tag?post=2248"}],"curies":[{"name":"wp","href":"https:\/\/api.w.org\/{rel}","templated":true}]}}