{"id":2249,"date":"2017-10-06T13:46:57","date_gmt":"2017-10-06T11:46:57","guid":{"rendered":"http:\/\/www.tatanka.nl\/?post_type=product&#038;p=2249"},"modified":"2026-01-20T12:48:32","modified_gmt":"2026-01-20T11:48:32","slug":"kanna-extract-40x-energy-party-euphoria-powder","status":"publish","type":"product","link":"https:\/\/www.tatanka.nl\/pl\/kanna-extract-40x-energy-party-euphoria-powder\/","title":{"rendered":"Kanna Ekstrakt 40x"},"content":{"rendered":"<h2 class=\"\" data-start=\"113\" data-end=\"130\">Co to jest Kanna?<\/h2>\n<p class=\"\" data-start=\"132\" data-end=\"558\">Kanna, lub <em data-start=\"142\" data-end=\"163\">Sceletium tortuosum<\/em>jest silnym ekstraktem zio\u0142owym znanym z unikalnego po\u0142\u0105czenia dzia\u0142ania energetyzuj\u0105cego i uspokajaj\u0105cego. Pochodz\u0105ca z Afryki Po\u0142udniowej ro\u015blina by\u0142a tradycyjnie stosowana przez wieki przez rdzennych mieszka\u0144c\u00f3w, kt\u00f3rzy \u017culi jej li\u015bcie w celu poprawy nastroju i zmniejszenia stresu. W dzisiejszych czasach Kanna jest dost\u0119pny w r\u00f3\u017cnych formach, w tym w bardzo silnym ekstrakcie 40x - czterdzie\u015bci razy silniejszym ni\u017c standardowe preparaty.<\/p>\n<p class=\"\" data-start=\"560\" data-end=\"968\">Ta skoncentrowana wersja zapewnia silniejsz\u0105 dawk\u0119 aktywnych zwi\u0105zk\u00f3w Kanna, oferuj\u0105c szeroki zakres korzy\u015bci, takich jak lepsze samopoczucie, wy\u017cszy poziom energii, zmniejszony niepok\u00f3j, a nawet zwi\u0119kszone libido. Niezale\u017cnie od tego, czy jest parzona w herbacie, czy \u017cuta w swojej naturalnej formie, Kanna pozwala u\u017cytkownikom dostosowa\u0107 swoje doznania bez ryzyka halucynacji, co czyni j\u0105 bezpieczn\u0105 i elastyczn\u0105 opcj\u0105 poprawy nastroju.<\/p>\n<h2 class=\"\" data-start=\"975\" data-end=\"998\">Historia Kanna<\/h2>\n<p class=\"\" data-start=\"1000\" data-end=\"1396\">Kanna ma g\u0142\u0119bokie korzenie historyczne, kt\u00f3re si\u0119gaj\u0105 rdzennych plemion po\u0142udniowoafryka\u0144skich. Na d\u0142ugo przed jej wprowadzeniem do \u015bwiata zachodniego, lokalne spo\u0142eczno\u015bci u\u017cywa\u0142y Kanna \u017cuj\u0105c jej li\u015bcie w celu radzenia sobie ze stresem i poprawy interakcji spo\u0142ecznych. W XIX wieku holenderscy botanicy napotkali t\u0119 ro\u015blin\u0119 i przywie\u017ali j\u0105 do Europy, gdzie zacz\u0119\u0142a zdobywa\u0107 uznanie ze wzgl\u0119du na swoje w\u0142a\u015bciwo\u015bci poprawiaj\u0105ce nastr\u00f3j.<\/p>\n<p class=\"\" data-start=\"1398\" data-end=\"1770\">Wraz ze wzrostem wiedzy na temat tej ro\u015bliny, zosta\u0142a ona ostatecznie przetworzona w bardziej wyrafinowane ekstrakty, znacznie zwi\u0119kszaj\u0105c jej moc. Ten post\u0119p pom\u00f3g\u0142 Kanna zyska\u0107 popularno\u015b\u0107 na globalnym rynku suplement\u00f3w zio\u0142owych. Dzi\u015b jego dziedzictwo \u017cyje zar\u00f3wno w tradycyjnych praktykach, jak i nowoczesnych procedurach odnowy biologicznej, celebrowanych ze wzgl\u0119du na jego zdolno\u015b\u0107 do promowania jasno\u015bci umys\u0142u i r\u00f3wnowagi emocjonalnej.<\/p>\n<h2 class=\"\" data-start=\"1777\" data-end=\"1796\">Jak korzysta\u0107 z Kanna<\/h2>\n<p class=\"\" data-start=\"1798\" data-end=\"1897\">Kanna mo\u017ce by\u0107 spo\u017cywany na wiele sposob\u00f3w, z kt\u00f3rych ka\u017cdy oferuje inny efekt w zale\u017cno\u015bci od dawki i metody:<\/p>\n<ul data-start=\"1899\" data-end=\"2372\">\n<li class=\"\" data-start=\"1899\" data-end=\"2094\">\n<p class=\"\" data-start=\"1901\" data-end=\"2094\"><strong data-start=\"1901\" data-end=\"1908\">Herbata<\/strong>: Parzenie Kanna jako herbaty jest jedn\u0105 z najpopularniejszych metod, szczeg\u00f3lnie w przypadku stosowania ekstraktu 40x. Typowa dawka pocz\u0105tkowa wynosi oko\u0142o 100 mg, co zapewnia \u0142agodne, relaksuj\u0105ce doznania.<\/p>\n<\/li>\n<li class=\"\" data-start=\"2095\" data-end=\"2262\">\n<p class=\"\" data-start=\"2097\" data-end=\"2262\"><strong data-start=\"2097\" data-end=\"2108\">\u017bucie<\/strong>: \u017bucie ekstraktu odtwarza tradycyjne u\u017cycie i cz\u0119sto daje szybsze, bardziej zauwa\u017calne efekty. Zacznij od niewielkiej ilo\u015bci, aby oceni\u0107 tolerancj\u0119.<\/p>\n<\/li>\n<li class=\"\" data-start=\"2263\" data-end=\"2372\">\n<p class=\"\" data-start=\"2265\" data-end=\"2372\"><strong data-start=\"2265\" data-end=\"2290\">Capsules lub Tinctures<\/strong>: Dla wygody Kanna mo\u017cna r\u00f3wnie\u017c przyjmowa\u0107 w postaci kapsu\u0142ek lub p\u0142ynnego ekstraktu.<\/p>\n<\/li>\n<\/ul>\n<p class=\"\" data-start=\"2374\" data-end=\"2596\">Poniewa\u017c Kanna nie jest halucynogenny, jest uwa\u017cany za bezpieczny dla os\u00f3b zainteresowanych naturalnymi wzmacniaczami nastroju. Wa\u017cne jest jednak, aby zacz\u0105\u0107 od niskich dawek i stopniowo dostosowywa\u0107, aby znale\u017a\u0107 najbardziej komfortowy i skuteczny poziom.<\/p>\n<h2 class=\"\" data-start=\"2603\" data-end=\"2633\">Sk\u0142adniki aktywne w Kanna<\/h2>\n<p class=\"\" data-start=\"2635\" data-end=\"2770\">Si\u0142a dzia\u0142ania Kanna wynika z grupy alkaloid\u00f3w, kt\u00f3re wp\u0142ywaj\u0105 na uk\u0142ad serotoninowy m\u00f3zgu. Do najwa\u017cniejszych zwi\u0105zk\u00f3w nale\u017c\u0105:<\/p>\n<ul data-start=\"2772\" data-end=\"3036\">\n<li class=\"\" data-start=\"2772\" data-end=\"2903\">\n<p class=\"\" data-start=\"2774\" data-end=\"2903\"><strong data-start=\"2774\" data-end=\"2788\">Mesembrine<\/strong>: Dzia\u0142a jak naturalny SSRI (selektywny inhibitor wychwytu zwrotnego serotoniny), pomagaj\u0105c poprawi\u0107 nastr\u00f3j i zmniejszy\u0107 niepok\u00f3j.<\/p>\n<\/li>\n<li class=\"\" data-start=\"2904\" data-end=\"2965\">\n<p class=\"\" data-start=\"2906\" data-end=\"2965\"><strong data-start=\"2906\" data-end=\"2922\">Mesembrenon<\/strong>: Przyczynia si\u0119 do skupienia umys\u0142u i spokoju.<\/p>\n<\/li>\n<li class=\"\" data-start=\"2966\" data-end=\"3036\">\n<p class=\"\" data-start=\"2968\" data-end=\"3036\"><strong data-start=\"2968\" data-end=\"2983\">Mesembrenol<\/strong>: Wzmacnia relaksuj\u0105ce i r\u00f3wnowa\u017c\u0105ce dzia\u0142anie ro\u015bliny.<\/p>\n<\/li>\n<\/ul>\n<p class=\"\" data-start=\"3038\" data-end=\"3333\">Zwi\u0105zki te s\u0105 szczeg\u00f3lnie skoncentrowane w ekstrakcie 40x, co czyni go wysoce skuteczn\u0105 opcj\u0105 dla u\u017cytkownik\u00f3w poszukuj\u0105cych silniejszych efekt\u00f3w terapeutycznych. Ta si\u0142a dzia\u0142ania pozwala na stosowanie mniejszych dawek i wi\u0119ksz\u0105 elastyczno\u015b\u0107 w sposobie stosowania suplementu, zar\u00f3wno w celu poprawy codziennego samopoczucia, jak i okazjonalnego \u0142agodzenia stresu.<\/p>\n<p data-start=\"3340\" data-end=\"3365\"><strong>Bezpiecze\u0144stwo i \u015brodki ostro\u017cno\u015bci<\/strong><\/p>\n<p class=\"\" data-start=\"3367\" data-end=\"3565\">Chocia\u017c Kanna jest og\u00f3lnie dobrze tolerowany, nale\u017cy zachowa\u0107 ostro\u017cno\u015b\u0107 - szczeg\u00f3lnie w przypadku stosowania skoncentrowanego ekstraktu 40x. Zacznij od niskiej dawki i powoli zwi\u0119kszaj j\u0105 tylko w razie potrzeby, aby unikn\u0105\u0107 skutk\u00f3w ubocznych.<\/p>\n<p class=\"\" data-start=\"3567\" data-end=\"3831\">Nale\u017cy unika\u0107 \u0142\u0105czenia Kanna z innymi substancjami wp\u0142ywaj\u0105cymi na poziom serotoniny, takimi jak leki przeciwdepresyjne, poniewa\u017c mo\u017ce to powodowa\u0107 niekorzystne interakcje. Ponadto osoby w ci\u0105\u017cy, karmi\u0105ce piersi\u0105 lub przyjmuj\u0105ce leki powinny przed u\u017cyciem skonsultowa\u0107 si\u0119 z lekarzem.<\/p>\n<p class=\"\" data-start=\"3838\" data-end=\"3915\">","protected":false},"excerpt":{"rendered":"<p><span style=\"font-size: 100%; color: #333333;\"><span style=\"color: #000000;\">Kanna Extract 40x to najsilniejszy ekstrakt z kolekcji Kanna! Wyprodukowany z po\u0142udniowoafryka\u0144skiej ro\u015bliny Sceletium tortuosum. Ekstrakt Kanna poprawia nastr\u00f3j, zmniejsza uczucie stresu i niepokoju. <\/span><\/span><\/p>\n<p><span style=\"font-size: 100%; color: #333333;\"><span style=\"color: #000000;\">Do\u015bwiadcz zwi\u0119kszonej energii, wra\u017cliwo\u015bci na dotyk i wzrostu libido! Zawiera 1 gram.<\/span><br \/>\n<\/span><\/p>","protected":false},"featured_media":126905,"template":"","meta":[],"product_brand":[],"product_cat":[600,297,512,508,476,514],"product_tag":[],"class_list":{"0":"post-2249","1":"product","2":"type-product","3":"status-publish","4":"has-post-thumbnail","6":"product_cat-mcmystic","7":"product_cat-all-products","8":"product_cat-extracts","9":"product_cat-kanna","10":"product_cat-smartshop","11":"product_cat-smartshop-top-10","13":"first","14":"instock","15":"taxable","16":"shipping-taxable","17":"purchasable","18":"product-type-simple"},"_links":{"self":[{"href":"https:\/\/www.tatanka.nl\/pl\/wp-json\/wp\/v2\/product\/2249","targetHints":{"allow":["GET"]}}],"collection":[{"href":"https:\/\/www.tatanka.nl\/pl\/wp-json\/wp\/v2\/product"}],"about":[{"href":"https:\/\/www.tatanka.nl\/pl\/wp-json\/wp\/v2\/types\/product"}],"wp:featuredmedia":[{"embeddable":true,"href":"https:\/\/www.tatanka.nl\/pl\/wp-json\/wp\/v2\/media\/126905"}],"wp:attachment":[{"href":"https:\/\/www.tatanka.nl\/pl\/wp-json\/wp\/v2\/media?parent=2249"}],"wp:term":[{"taxonomy":"product_brand","embeddable":true,"href":"https:\/\/www.tatanka.nl\/pl\/wp-json\/wp\/v2\/product_brand?post=2249"},{"taxonomy":"product_cat","embeddable":true,"href":"https:\/\/www.tatanka.nl\/pl\/wp-json\/wp\/v2\/product_cat?post=2249"},{"taxonomy":"product_tag","embeddable":true,"href":"https:\/\/www.tatanka.nl\/pl\/wp-json\/wp\/v2\/product_tag?post=2249"}],"curies":[{"name":"wp","href":"https:\/\/api.w.org\/{rel}","templated":true}]}}