{"id":2256,"date":"2017-10-06T14:44:33","date_gmt":"2017-10-06T12:44:33","guid":{"rendered":"http:\/\/www.tatanka.nl\/?post_type=product&#038;p=2256"},"modified":"2025-08-29T11:03:04","modified_gmt":"2025-08-29T10:03:04","slug":"mdaa-party-pills","status":"publish","type":"product","link":"https:\/\/www.tatanka.nl\/pl\/mdaa-party-pills\/","title":{"rendered":"MDAA"},"content":{"rendered":"<h2 dir=\"ltr\" data-pm-slice=\"1 1 []\">Czym s\u0105 nasadki MDAA Party?<\/h2>\n<p dir=\"ltr\">MDAA Party Caps to zio\u0142owe suplementy diety stworzone z my\u015bl\u0105 o wzbogaceniu do\u015bwiadcze\u0144 towarzyskich o naturalny, energetyzuj\u0105cy zastrzyk energii. Ka\u017cde opakowanie zawiera 6 kapsu\u0142ek, wype\u0142nionych sk\u0142adnikami takimi jak Lepidum Meyenii (maca), ekstrakt z guarany i L-tyrozyna, oferuj\u0105c bezpieczn\u0105 alternatyw\u0119 dla syntetycznych stymulant\u00f3w. Dostosowane do potrzeb os\u00f3b doros\u0142ych powy\u017cej 18 roku \u017cycia, kapsu\u0142ki MDAA Party Caps zapewniaj\u0105 ciep\u0142e, euforyczne uczucie, dzi\u0119ki czemu idealnie nadaj\u0105 si\u0119 na wieczorne wyj\u015bcia, nawi\u0105zywanie wi\u0119zi z przyjaci\u00f3\u0142mi lub dodawanie rado\u015bci do specjalnych okazji. Szybko dzia\u0142aj\u0105ca formu\u0142a zapewnia efekty w ci\u0105gu godziny, zapewniaj\u0105c wygod\u0119 podczas spontanicznych plan\u00f3w. Kapsu\u0142ki nie zawieraj\u0105 sztucznych dodatk\u00f3w, dzi\u0119ki czemu przypadn\u0105 do gustu osobom dbaj\u0105cym o zdrowie i poszukuj\u0105cym czystego, ro\u015blinnego zastrzyku energii. Nie zast\u0119puj\u0105c zbilansowanej diety, kapsu\u0142ki MDAA Party Caps wspieraj\u0105 trwa\u0142\u0105 energi\u0119 i szcz\u0119\u015bcie, cz\u0119sto por\u00f3wnywane do do\u015bwiadczenia podobnego do MDMA bez ostrych skutk\u00f3w ubocznych. Ich naturalny sk\u0142ad i skupienie si\u0119 na bezpiecze\u0144stwie sprawiaj\u0105, \u017ce s\u0105 one popularnym wyborem dla tych, kt\u00f3rzy chc\u0105 naturalnie podnie\u015b\u0107 towarzyskie chwile. Kapsu\u0142ki MDAA Party Caps \u0142\u0105cz\u0105 w sobie moc i jako\u015b\u0107, oferuj\u0105c niezawodny spos\u00f3b na zwi\u0119kszenie witalno\u015bci i wi\u0119zi podczas niezapomnianych wydarze\u0144.<\/p>\n<h2 dir=\"ltr\">Historia za\u015blepek MDAA Party<\/h2>\n<p dir=\"ltr\">Opracowanie kapsu\u0142ek MDAA Party Caps odzwierciedla rosn\u0105ce zapotrzebowanie na naturalne alternatywy dla syntetycznych wzmacniaczy imprezowych. Suplementy zio\u0142owe, takie jak maca i guarana, by\u0142y u\u017cywane od wiek\u00f3w w Ameryce Po\u0142udniowej w celu zwi\u0119kszenia energii i nastroju. Poniewa\u017c konsumenci poszukiwali bezpieczniejszych opcji na\u015bladowania euforycznych efekt\u00f3w substancji takich jak MDMA, wprowadzono MDAA Party Caps, aby zaspokoi\u0107 t\u0119 potrzeb\u0119. Wprowadzone na rynek jako nowoczesna formu\u0142a zio\u0142owa, kapsu\u0142ki \u0142\u0105cz\u0105 tradycyjne sk\u0142adniki ze wsp\u00f3\u0142czesnymi standardami, aby zapewni\u0107 bezpiecze\u0144stwo i skuteczno\u015b\u0107. Produkt koncentruje si\u0119 na dostarczaniu ciep\u0142ego, energetyzuj\u0105cego przyp\u0142ywu bez syntetycznych zagro\u017ce\u0144, kt\u00f3re rezonuj\u0105 z imprezowiczami i entuzjastami spotka\u0144 towarzyskich. Z biegiem czasu kapsu\u0142ki MDAA Party ewoluowa\u0142y, aby zr\u00f3wnowa\u017cy\u0107 moc z czystymi sk\u0142adnikami ro\u015blinnymi, dostosowuj\u0105c si\u0119 do trend\u00f3w w kierunku holistycznego wellness. Ich wzrost odzwierciedla szersz\u0105 zmian\u0119 w kierunku naturalnych suplement\u00f3w, kt\u00f3re poprawiaj\u0105 do\u015bwiadczenia spo\u0142eczne bez szkodliwych dla zdrowia skutk\u00f3w ubocznych. W\u0142\u0105czenie sk\u0142adnik\u00f3w takich jak L-tyrozyna i witamina B3 odzwierciedla zaanga\u017cowanie w naturalne wspieranie energii i nastroju. Kapsu\u0142ki MDAA Party sta\u0142y si\u0119 zaufanym wyborem dla os\u00f3b doros\u0142ych poszukuj\u0105cych energetyzuj\u0105cego, zio\u0142owego zastrzyku energii, zakorzenionego w sprawdzonych tradycjach i dostosowanego do wsp\u00f3\u0142czesnych warunk\u00f3w spo\u0142ecznych.<\/p>\n<h2 dir=\"ltr\">Jak u\u017cywa\u0107 nasadek MDAA Party<\/h2>\n<p dir=\"ltr\">Stosowanie kapsu\u0142ek MDAA Party Caps jest proste i zaprojektowane z my\u015bl\u0105 o szybkich, podnosz\u0105cych na duchu rezultatach. Przyjmowa\u0107 od 1 do 3 kapsu\u0142ek popijaj\u0105c szklank\u0105 wody lub soku owocowego na oko\u0142o godzin\u0119 przed po\u017c\u0105danym efektem, takim jak wieczorne wyj\u015bcie lub spotkanie towarzyskie. Zacznij od jednej kapsu\u0142ki, aby oceni\u0107 swoj\u0105 reakcj\u0119, poniewa\u017c indywidualna wra\u017cliwo\u015b\u0107 jest r\u00f3\u017cna. Nie nale\u017cy przekracza\u0107 3 kapsu\u0142ek w ci\u0105gu 24 godzin, aby unikn\u0105\u0107 nadmiernej stymulacji. Naturalne sk\u0142adniki, w tym maca i guarana, zapewniaj\u0105 ciep\u0142y, euforyczny przyp\u0142yw, zwi\u0119kszaj\u0105c energi\u0119 i poprawiaj\u0105c nastr\u00f3j. Przechowywa\u0107 MDAA Party Caps w ch\u0142odnym, suchym miejscu, aby zachowa\u0107 moc. Unikaj \u0142\u0105czenia z alkoholem, lekami lub innymi stymulantami i nie stosuj, je\u015bli masz schorzenia, takie jak wysokie ci\u015bnienie krwi lub problemy z sercem. Szybko dzia\u0142aj\u0105ca formu\u0142a zapewnia efekty w ci\u0105gu godziny, dzi\u0119ki czemu idealnie nadaje si\u0119 do spontanicznych plan\u00f3w. Zawsze przestrzegaj zalecanej dawki i skonsultuj si\u0119 z lekarzem, je\u015bli nie masz pewno\u015bci co do zgodno\u015bci. Kapsu\u0142ki MDAA Party oferuj\u0105 naturalny, wygodny spos\u00f3b na zwi\u0119kszenie witalno\u015bci, zapewniaj\u0105c bezpieczne, radosne doznania przy odpowiedzialnym stosowaniu, idealne do tworzenia radosnych, niezapomnianych chwil z przyjaci\u00f3\u0142mi lub bliskimi.<\/p>\n<h2 dir=\"ltr\">Sk\u0142adniki MDAA Party Caps<\/h2>\n<p dir=\"ltr\">Kapsu\u0142ki MDAA Party zawieraj\u0105 naturaln\u0105 mieszank\u0119 sk\u0142adnik\u00f3w energetyzuj\u0105cych, w tym witamin\u0119 B3 (niacyn\u0119), ekstrakt Lepidum Meyenii (maca), metylotetobromin\u0119, chrom (III), 2-aminoethaansulfonzuur (tauryn\u0119), ekstrakt guarany i L-tyrozyn\u0119. Maca i guarana, tradycyjne po\u0142udniowoameryka\u0144skie zio\u0142a, zwi\u0119kszaj\u0105 energi\u0119 i poprawiaj\u0105 nastr\u00f3j, a L-tyrozyna wspomaga koncentracj\u0119 umys\u0142ow\u0105. Niacyna i chrom wspomagaj\u0105 kr\u0105\u017cenie i regulacj\u0119 energii, przyczyniaj\u0105c si\u0119 do euforycznego przyp\u0142ywu energii. Tauryna i metylotiobromina zwi\u0119kszaj\u0105 witalno\u015b\u0107, wywo\u0142uj\u0105c mrowienie i podnosz\u0105c na duchu. Wolne od syntetycznych dodatk\u00f3w kapsu\u0142ki zapewniaj\u0105 czyst\u0105, ro\u015blinn\u0105 formu\u0142\u0119. Zaprojektowane z my\u015bl\u0105 o szybkim wch\u0142anianiu, efekty s\u0105 odczuwalne w ci\u0105gu godziny. Przechowywa\u0107 w ch\u0142odnym, suchym miejscu, aby zachowa\u0107 jako\u015b\u0107. Kapsu\u0142ki MDAA Party s\u0105 przeznaczone dla os\u00f3b doros\u0142ych poszukuj\u0105cych naturalnego suplementu do stosowania w sytuacjach towarzyskich. Mieszanka sk\u0142adnik\u00f3w opiera si\u0119 na tradycjach zio\u0142owych, zr\u00f3wnowa\u017conych pod k\u0105tem bezpiecze\u0144stwa i skuteczno\u015bci. U\u017cytkownicy z alergiami lub schorzeniami powinni zweryfikowa\u0107 kompatybilno\u015b\u0107. Ta formu\u0142a promuje \u017cywe, podobne do MDMA do\u015bwiadczenie bez syntetycznego ryzyka, co czyni j\u0105 idealn\u0105 na okazje towarzyskie. Prawid\u0142owe stosowanie zapewnia bezpieczne i skuteczne do\u0142adowanie, oferuj\u0105c niezawodny spos\u00f3b na zwi\u0119kszenie energii i euforii na niezapomniane noce, zgodnie z naturalnymi preferencjami dotycz\u0105cymi dobrego samopoczucia.<\/p>\n<p dir=\"ltr\"><strong>Ostrze\u017cenie<\/strong><br \/>\nKapsu\u0142ki MDAA Party s\u0105 przeznaczone wy\u0142\u0105cznie dla os\u00f3b doros\u0142ych w wieku 18 lat i starszych. Nie stosowa\u0107 w przypadku wysokiego lub niskiego ci\u015bnienia krwi, chor\u00f3b serca lub nerek, problem\u00f3w z tarczyc\u0105, cukrzycy, depresji lub nerwowo\u015bci, a tak\u017ce w przypadku ci\u0105\u017cy, karmienia piersi\u0105, przyjmowania inhibitor\u00f3w MAO lub innych lek\u00f3w. Unika\u0107 \u0142\u0105czenia z alkoholem lub innymi u\u017cywkami. Przerwa\u0107 stosowanie, je\u015bli wyst\u0105pi\u0105 dzia\u0142ania niepo\u017c\u0105dane, takie jak nerwowo\u015b\u0107, i skonsultowa\u0107 si\u0119 z lekarzem, je\u015bli nie ma pewno\u015bci co do zgodno\u015bci. Przechowywa\u0107 w miejscu niedost\u0119pnym dla dzieci, w ch\u0142odnym i suchym miejscu. Ten produkt nie zast\u0119puje zr\u00f3\u017cnicowanej diety. Na podstawie jego stosowania nie mo\u017cna wysuwa\u0107 \u017cadnych praw ani roszcze\u0144.<\/p>","protected":false},"excerpt":{"rendered":"<p dir=\"ltr\" data-pm-slice=\"1 1 []\">MDAA Party Caps to naturalne kapsu\u0142ki dodaj\u0105ce energii, kt\u00f3re zapewniaj\u0105 ciep\u0142y, euforyczny przyp\u0142yw, idealny na okazje towarzyskie. 6 kapsu\u0142ek w opakowaniu z dodatkiem guarany, maca i L-tyrozyny stanowi zio\u0142ow\u0105 alternatyw\u0119 dla os\u00f3b doros\u0142ych powy\u017cej 18 roku \u017cycia.<\/p>\n<h2 dir=\"ltr\"><\/h2>\n<p><span style=\"font-size: 100%; color: #333333;\">\u00a0<\/span><\/p>","protected":false},"featured_media":13630,"template":"","meta":[],"product_brand":[],"product_cat":[525,297,385,527,529,513,476,514],"product_tag":[],"class_list":{"0":"post-2256","1":"product","2":"type-product","3":"status-publish","4":"has-post-thumbnail","6":"product_cat-party-pills","7":"product_cat-all-products","8":"product_cat-buy-xtc","9":"product_cat-energy-pills","10":"product_cat-hpa","11":"product_cat-party","12":"product_cat-smartshop","13":"product_cat-smartshop-top-10","14":"product_shipping_class-not-allowed-group-1","16":"first","17":"instock","18":"taxable","19":"shipping-taxable","20":"purchasable","21":"product-type-variable","22":"has-default-attributes"},"_links":{"self":[{"href":"https:\/\/www.tatanka.nl\/pl\/wp-json\/wp\/v2\/product\/2256","targetHints":{"allow":["GET"]}}],"collection":[{"href":"https:\/\/www.tatanka.nl\/pl\/wp-json\/wp\/v2\/product"}],"about":[{"href":"https:\/\/www.tatanka.nl\/pl\/wp-json\/wp\/v2\/types\/product"}],"wp:featuredmedia":[{"embeddable":true,"href":"https:\/\/www.tatanka.nl\/pl\/wp-json\/wp\/v2\/media\/13630"}],"wp:attachment":[{"href":"https:\/\/www.tatanka.nl\/pl\/wp-json\/wp\/v2\/media?parent=2256"}],"wp:term":[{"taxonomy":"product_brand","embeddable":true,"href":"https:\/\/www.tatanka.nl\/pl\/wp-json\/wp\/v2\/product_brand?post=2256"},{"taxonomy":"product_cat","embeddable":true,"href":"https:\/\/www.tatanka.nl\/pl\/wp-json\/wp\/v2\/product_cat?post=2256"},{"taxonomy":"product_tag","embeddable":true,"href":"https:\/\/www.tatanka.nl\/pl\/wp-json\/wp\/v2\/product_tag?post=2256"}],"curies":[{"name":"wp","href":"https:\/\/api.w.org\/{rel}","templated":true}]}}